{"id":7194,"date":"2026-05-04T12:29:17","date_gmt":"2026-05-04T10:29:17","guid":{"rendered":"https:\/\/lavega.gr\/product\/bocadillo-de-guayaba-veleno-25g-coexito\/"},"modified":"2026-05-04T12:29:17","modified_gmt":"2026-05-04T10:29:17","slug":"bocadillo-de-guayaba-veleno-25g-coexito","status":"publish","type":"product","link":"https:\/\/lavega.gr\/es\/producto\/bocadillo-de-guayaba-veleno-25g-coexito\/","title":{"rendered":"Bocadillo de Guayaba Veleno (25g) &#8216;Coexito&#8217;"},"content":{"rendered":"<ul>\n<li>\n<p data-path-to-node=\"4,0,0\"><b data-path-to-node=\"4,0,0\" data-index-in-node=\"0\">Qu\u00e9 es<\/b>: \u00a1El dulce tradicional colombiano por excelencia! Una pasta rica, similar a una mermelada, hecha con pulpa de guayaba tropical 100% y panela. Esta versi\u00f3n se presenta en su forma m\u00e1s aut\u00e9ntica, envuelta a mano en una hoja de pl\u00e1tano seca (hoja) que conserva su aroma.  <\/p>\n<\/li>\n<li>\n<p data-path-to-node=\"4,1,0\"><b data-path-to-node=\"4,1,0\" data-index-in-node=\"0\">Modo de empleo:<\/b> Cons\u00famalo solo como un tentempi\u00e9 r\u00e1pido y energizante, c\u00f3rtelo en cubos para a\u00f1adirlo a pasteles (como los pandebonos) o disfr\u00fatelo derriti\u00e9ndose en bebidas calientes.<\/p>\n<\/li>\n<li>\n<p data-path-to-node=\"4,2,0\">\ud83d\udca1<b data-path-to-node=\"4,2,0\" data-index-in-node=\"0\"> Consejo de La Vega<\/b>: \u00a1Prepara el famoso &#8220;Casado&#8221; latinoamericano! Corta una rebanada de Bocadillo y col\u00f3cala sobre un trozo de queso blanco ligeramente salado. \u00a1La combinaci\u00f3n de dulce y salado te sorprender\u00e1!  <\/p>\n<p><strong>ATENCI\u00d3N:<\/strong> Cada compra corresponde a una sola pieza y no a la caja completa que aparece en la foto.<\/li>\n<\/ul>\n","protected":false},"excerpt":{"rendered":"<p>Qu\u00e9 es: \u00a1El dulce tradicional colombiano por excelencia! Una pasta rica, similar a una mermelada, hecha con pulpa de guayaba tropical 100% y panela. Esta versi\u00f3n se presenta en su forma m\u00e1s aut\u00e9ntica, envuelta a mano en una hoja de pl\u00e1tano seca (hoja) que conserva su aroma. Modo de empleo: Cons\u00famalo solo como un tentempi\u00e9&#8230;<\/p>\n","protected":false},"featured_media":7175,"template":"","meta":[],"product_cat":[127],"product_tag":[],"class_list":{"0":"post-7194","1":"product","2":"type-product","3":"status-publish","4":"has-post-thumbnail","6":"product_cat-snacks-y-dulces-latinos","8":"first","9":"instock","10":"taxable","11":"shipping-taxable","12":"purchasable","13":"product-type-simple"},"yoast_head":"<!-- This site is optimized with the Yoast SEO plugin v22.3 - https:\/\/yoast.com\/wordpress\/plugins\/seo\/ -->\n<title>Bocadillo de Guayaba Veleno (25g) &#039;Coexito&#039; | La Vega<\/title>\n<meta name=\"description\" content=\"Qu\u00e9 es: \u00a1El dulce tradicional colombiano por excelencia! Una pasta rica, similar a una mermelada, hecha con pulpa de guayaba tropical 100% y panela. Esta versi\u00f3n se presenta en su forma m\u00e1s aut\u00e9ntica, envuelta a mano en una hoja de pl\u00e1tano seca (hoja) que conserva su aroma.\" \/>\n<meta name=\"robots\" content=\"index, follow, max-snippet:-1, max-image-preview:large, max-video-preview:-1\" \/>\n<link rel=\"canonical\" href=\"https:\/\/lavega.gr\/es\/producto\/bocadillo-de-guayaba-veleno-25g-coexito\/\" \/>\n<meta property=\"og:locale\" content=\"es_ES\" \/>\n<meta property=\"og:type\" content=\"article\" \/>\n<meta property=\"og:title\" content=\"Bocadillo de Guayaba Veleno (25g) &#039;Coexito&#039; | La Vega\" \/>\n<meta property=\"og:description\" content=\"Qu\u00e9 es: \u00a1El dulce tradicional colombiano por excelencia! Una pasta rica, similar a una mermelada, hecha con pulpa de guayaba tropical 100% y panela. Esta versi\u00f3n se presenta en su forma m\u00e1s aut\u00e9ntica, envuelta a mano en una hoja de pl\u00e1tano seca (hoja) que conserva su aroma.\" \/>\n<meta property=\"og:url\" content=\"https:\/\/lavega.gr\/es\/producto\/bocadillo-de-guayaba-veleno-25g-coexito\/\" \/>\n<meta property=\"og:site_name\" content=\"La Vega\" \/>\n<meta property=\"og:image\" content=\"https:\/\/lavega.gr\/wp-content\/uploads\/2026\/05\/image00013.png\" \/>\n\t<meta property=\"og:image:width\" content=\"1000\" \/>\n\t<meta property=\"og:image:height\" content=\"1000\" \/>\n\t<meta property=\"og:image:type\" content=\"image\/png\" \/>\n<meta name=\"twitter:card\" content=\"summary_large_image\" \/>\n<meta name=\"twitter:label1\" content=\"Tiempo de lectura\" \/>\n\t<meta name=\"twitter:data1\" content=\"1 minuto\" \/>\n<script type=\"application\/ld+json\" class=\"yoast-schema-graph\">{\"@context\":\"https:\/\/schema.org\",\"@graph\":[{\"@type\":\"WebPage\",\"@id\":\"https:\/\/lavega.gr\/es\/producto\/bocadillo-de-guayaba-veleno-25g-coexito\/\",\"url\":\"https:\/\/lavega.gr\/es\/producto\/bocadillo-de-guayaba-veleno-25g-coexito\/\",\"name\":\"Bocadillo de Guayaba Veleno (25g) 'Coexito' | La Vega\",\"isPartOf\":{\"@id\":\"https:\/\/lavega.gr\/#website\"},\"primaryImageOfPage\":{\"@id\":\"https:\/\/lavega.gr\/es\/producto\/bocadillo-de-guayaba-veleno-25g-coexito\/#primaryimage\"},\"image\":{\"@id\":\"https:\/\/lavega.gr\/es\/producto\/bocadillo-de-guayaba-veleno-25g-coexito\/#primaryimage\"},\"thumbnailUrl\":\"https:\/\/lavega.gr\/wp-content\/uploads\/2026\/05\/image00013.png\",\"datePublished\":\"2026-05-04T10:29:17+00:00\",\"dateModified\":\"2026-05-04T10:29:17+00:00\",\"description\":\"Qu\u00e9 es: \u00a1El dulce tradicional colombiano por excelencia! Una pasta rica, similar a una mermelada, hecha con pulpa de guayaba tropical 100% y panela. Esta versi\u00f3n se presenta en su forma m\u00e1s aut\u00e9ntica, envuelta a mano en una hoja de pl\u00e1tano seca (hoja) que conserva su aroma.\",\"breadcrumb\":{\"@id\":\"https:\/\/lavega.gr\/es\/producto\/bocadillo-de-guayaba-veleno-25g-coexito\/#breadcrumb\"},\"inLanguage\":\"es\",\"potentialAction\":[{\"@type\":\"ReadAction\",\"target\":[\"https:\/\/lavega.gr\/es\/producto\/bocadillo-de-guayaba-veleno-25g-coexito\/\"]}]},{\"@type\":\"ImageObject\",\"inLanguage\":\"es\",\"@id\":\"https:\/\/lavega.gr\/es\/producto\/bocadillo-de-guayaba-veleno-25g-coexito\/#primaryimage\",\"url\":\"https:\/\/lavega.gr\/wp-content\/uploads\/2026\/05\/image00013.png\",\"contentUrl\":\"https:\/\/lavega.gr\/wp-content\/uploads\/2026\/05\/image00013.png\",\"width\":1000,\"height\":1000},{\"@type\":\"BreadcrumbList\",\"@id\":\"https:\/\/lavega.gr\/es\/producto\/bocadillo-de-guayaba-veleno-25g-coexito\/#breadcrumb\",\"itemListElement\":[{\"@type\":\"ListItem\",\"position\":1,\"name\":\"Home\",\"item\":\"https:\/\/lavega.gr\/es\/\"},{\"@type\":\"ListItem\",\"position\":2,\"name\":\"Productos\",\"item\":\"https:\/\/lavega.gr\/es\/tienda\/\"},{\"@type\":\"ListItem\",\"position\":3,\"name\":\"Bocadillo de Guayaba Veleno (25g) &#8216;Coexito&#8217;\"}]},{\"@type\":\"WebSite\",\"@id\":\"https:\/\/lavega.gr\/#website\",\"url\":\"https:\/\/lavega.gr\/\",\"name\":\"La Vega\",\"description\":\"Productos Latinos\",\"potentialAction\":[{\"@type\":\"SearchAction\",\"target\":{\"@type\":\"EntryPoint\",\"urlTemplate\":\"https:\/\/lavega.gr\/?s={search_term_string}\"},\"query-input\":\"required name=search_term_string\"}],\"inLanguage\":\"es\"}]}<\/script>\n<!-- \/ Yoast SEO plugin. -->","yoast_head_json":{"title":"Bocadillo de Guayaba Veleno (25g) 'Coexito' | La Vega","description":"Qu\u00e9 es: \u00a1El dulce tradicional colombiano por excelencia! Una pasta rica, similar a una mermelada, hecha con pulpa de guayaba tropical 100% y panela. Esta versi\u00f3n se presenta en su forma m\u00e1s aut\u00e9ntica, envuelta a mano en una hoja de pl\u00e1tano seca (hoja) que conserva su aroma.","robots":{"index":"index","follow":"follow","max-snippet":"max-snippet:-1","max-image-preview":"max-image-preview:large","max-video-preview":"max-video-preview:-1"},"canonical":"https:\/\/lavega.gr\/es\/producto\/bocadillo-de-guayaba-veleno-25g-coexito\/","og_locale":"es_ES","og_type":"article","og_title":"Bocadillo de Guayaba Veleno (25g) 'Coexito' | La Vega","og_description":"Qu\u00e9 es: \u00a1El dulce tradicional colombiano por excelencia! Una pasta rica, similar a una mermelada, hecha con pulpa de guayaba tropical 100% y panela. Esta versi\u00f3n se presenta en su forma m\u00e1s aut\u00e9ntica, envuelta a mano en una hoja de pl\u00e1tano seca (hoja) que conserva su aroma.","og_url":"https:\/\/lavega.gr\/es\/producto\/bocadillo-de-guayaba-veleno-25g-coexito\/","og_site_name":"La Vega","og_image":[{"width":1000,"height":1000,"url":"https:\/\/lavega.gr\/wp-content\/uploads\/2026\/05\/image00013.png","type":"image\/png"}],"twitter_card":"summary_large_image","twitter_misc":{"Tiempo de lectura":"1 minuto"},"schema":{"@context":"https:\/\/schema.org","@graph":[{"@type":"WebPage","@id":"https:\/\/lavega.gr\/es\/producto\/bocadillo-de-guayaba-veleno-25g-coexito\/","url":"https:\/\/lavega.gr\/es\/producto\/bocadillo-de-guayaba-veleno-25g-coexito\/","name":"Bocadillo de Guayaba Veleno (25g) 'Coexito' | La Vega","isPartOf":{"@id":"https:\/\/lavega.gr\/#website"},"primaryImageOfPage":{"@id":"https:\/\/lavega.gr\/es\/producto\/bocadillo-de-guayaba-veleno-25g-coexito\/#primaryimage"},"image":{"@id":"https:\/\/lavega.gr\/es\/producto\/bocadillo-de-guayaba-veleno-25g-coexito\/#primaryimage"},"thumbnailUrl":"https:\/\/lavega.gr\/wp-content\/uploads\/2026\/05\/image00013.png","datePublished":"2026-05-04T10:29:17+00:00","dateModified":"2026-05-04T10:29:17+00:00","description":"Qu\u00e9 es: \u00a1El dulce tradicional colombiano por excelencia! Una pasta rica, similar a una mermelada, hecha con pulpa de guayaba tropical 100% y panela. Esta versi\u00f3n se presenta en su forma m\u00e1s aut\u00e9ntica, envuelta a mano en una hoja de pl\u00e1tano seca (hoja) que conserva su aroma.","breadcrumb":{"@id":"https:\/\/lavega.gr\/es\/producto\/bocadillo-de-guayaba-veleno-25g-coexito\/#breadcrumb"},"inLanguage":"es","potentialAction":[{"@type":"ReadAction","target":["https:\/\/lavega.gr\/es\/producto\/bocadillo-de-guayaba-veleno-25g-coexito\/"]}]},{"@type":"ImageObject","inLanguage":"es","@id":"https:\/\/lavega.gr\/es\/producto\/bocadillo-de-guayaba-veleno-25g-coexito\/#primaryimage","url":"https:\/\/lavega.gr\/wp-content\/uploads\/2026\/05\/image00013.png","contentUrl":"https:\/\/lavega.gr\/wp-content\/uploads\/2026\/05\/image00013.png","width":1000,"height":1000},{"@type":"BreadcrumbList","@id":"https:\/\/lavega.gr\/es\/producto\/bocadillo-de-guayaba-veleno-25g-coexito\/#breadcrumb","itemListElement":[{"@type":"ListItem","position":1,"name":"Home","item":"https:\/\/lavega.gr\/es\/"},{"@type":"ListItem","position":2,"name":"Productos","item":"https:\/\/lavega.gr\/es\/tienda\/"},{"@type":"ListItem","position":3,"name":"Bocadillo de Guayaba Veleno (25g) &#8216;Coexito&#8217;"}]},{"@type":"WebSite","@id":"https:\/\/lavega.gr\/#website","url":"https:\/\/lavega.gr\/","name":"La Vega","description":"Productos Latinos","potentialAction":[{"@type":"SearchAction","target":{"@type":"EntryPoint","urlTemplate":"https:\/\/lavega.gr\/?s={search_term_string}"},"query-input":"required name=search_term_string"}],"inLanguage":"es"}]}},"_links":{"self":[{"href":"https:\/\/lavega.gr\/es\/wp-json\/wp\/v2\/product\/7194","targetHints":{"allow":["GET"]}}],"collection":[{"href":"https:\/\/lavega.gr\/es\/wp-json\/wp\/v2\/product"}],"about":[{"href":"https:\/\/lavega.gr\/es\/wp-json\/wp\/v2\/types\/product"}],"wp:featuredmedia":[{"embeddable":true,"href":"https:\/\/lavega.gr\/es\/wp-json\/wp\/v2\/media\/7175"}],"wp:attachment":[{"href":"https:\/\/lavega.gr\/es\/wp-json\/wp\/v2\/media?parent=7194"}],"wp:term":[{"taxonomy":"product_cat","embeddable":true,"href":"https:\/\/lavega.gr\/es\/wp-json\/wp\/v2\/product_cat?post=7194"},{"taxonomy":"product_tag","embeddable":true,"href":"https:\/\/lavega.gr\/es\/wp-json\/wp\/v2\/product_tag?post=7194"}],"curies":[{"name":"wp","href":"https:\/\/api.w.org\/{rel}","templated":true}]}}