{"id":7193,"date":"2026-05-04T12:34:57","date_gmt":"2026-05-04T10:34:57","guid":{"rendered":"https:\/\/lavega.gr\/product\/bon-bom-supercoco-360g\/"},"modified":"2026-05-04T12:34:57","modified_gmt":"2026-05-04T10:34:57","slug":"bon-bom-supercoco-360g","status":"publish","type":"product","link":"https:\/\/lavega.gr\/es\/producto\/bon-bom-supercoco-360g\/","title":{"rendered":"Bon Bom Supercoco (360g)"},"content":{"rendered":"<ul>\n<li>\n<p data-path-to-node=\"6,0,0\"><b data-path-to-node=\"6,0,0\" data-index-in-node=\"0\">Qu\u00e9 es<\/b>: El legendario dulce caribe\u00f1o que ha acompa\u00f1ado a generaciones de latinoamericanos. Un delicioso dulce masticable hecho con aut\u00e9nticos trozos de coco que libera el sabor tropical m\u00e1s intenso. <\/p>\n<\/li>\n<li>\n<p data-path-to-node=\"6,1,0\"><b data-path-to-node=\"6,1,0\" data-index-in-node=\"0\">Modo de empleo<\/b>: El postre perfecto y r\u00e1pido para cualquier momento del d\u00eda. Ideal para esos antojos tropicales repentinos o para ofrecer a tus invitados. <\/p>\n<\/li>\n<li>\n<p data-path-to-node=\"6,2,0\">\ud83d\udca1<b data-path-to-node=\"6,2,0\" data-index-in-node=\"0\"> Consejo de La Vega<\/b>: \u00a1Lleva algunos Supercoco en tu bolso para el camino o incl\u00fayelos como un &#8220;regalo sorpresa&#8221; en las Cajas de Fiesta que prepares para tus amigos!<\/p>\n<p>Cada paquete contiene 24 piezas.<\/p>\n<\/li>\n<\/ul>\n","protected":false},"excerpt":{"rendered":"<p>Qu\u00e9 es: El legendario dulce caribe\u00f1o que ha acompa\u00f1ado a generaciones de latinoamericanos. Un delicioso dulce masticable hecho con aut\u00e9nticos trozos de coco que libera el sabor tropical m\u00e1s intenso. Modo de empleo: El postre perfecto y r\u00e1pido para cualquier momento del d\u00eda. Ideal para esos antojos tropicales repentinos o para ofrecer a tus invitados&#8230;.<\/p>\n","protected":false},"featured_media":7178,"template":"","meta":[],"product_cat":[127],"product_tag":[],"class_list":{"0":"post-7193","1":"product","2":"type-product","3":"status-publish","4":"has-post-thumbnail","6":"product_cat-snacks-y-dulces-latinos","8":"first","9":"instock","10":"taxable","11":"shipping-taxable","12":"purchasable","13":"product-type-simple"},"yoast_head":"<!-- This site is optimized with the Yoast SEO plugin v22.3 - https:\/\/yoast.com\/wordpress\/plugins\/seo\/ -->\n<title>Bon Bom Supercoco (360g) | La Vega<\/title>\n<meta name=\"description\" content=\"Qu\u00e9 es: El legendario dulce caribe\u00f1o que ha acompa\u00f1ado a generaciones de latinoamericanos. Un delicioso dulce masticable hecho con aut\u00e9nticos trozos de coco que libera el sabor tropical m\u00e1s intenso.\" \/>\n<meta name=\"robots\" content=\"index, follow, max-snippet:-1, max-image-preview:large, max-video-preview:-1\" \/>\n<link rel=\"canonical\" href=\"https:\/\/lavega.gr\/es\/producto\/bon-bom-supercoco-360g\/\" \/>\n<meta property=\"og:locale\" content=\"es_ES\" \/>\n<meta property=\"og:type\" content=\"article\" \/>\n<meta property=\"og:title\" content=\"Bon Bom Supercoco (360g) | La Vega\" \/>\n<meta property=\"og:description\" content=\"Qu\u00e9 es: El legendario dulce caribe\u00f1o que ha acompa\u00f1ado a generaciones de latinoamericanos. Un delicioso dulce masticable hecho con aut\u00e9nticos trozos de coco que libera el sabor tropical m\u00e1s intenso.\" \/>\n<meta property=\"og:url\" content=\"https:\/\/lavega.gr\/es\/producto\/bon-bom-supercoco-360g\/\" \/>\n<meta property=\"og:site_name\" content=\"La Vega\" \/>\n<meta property=\"og:image\" content=\"https:\/\/lavega.gr\/wp-content\/uploads\/2026\/05\/image00001.png\" \/>\n\t<meta property=\"og:image:width\" content=\"1000\" \/>\n\t<meta property=\"og:image:height\" content=\"1000\" \/>\n\t<meta property=\"og:image:type\" content=\"image\/png\" \/>\n<meta name=\"twitter:card\" content=\"summary_large_image\" \/>\n<script type=\"application\/ld+json\" class=\"yoast-schema-graph\">{\"@context\":\"https:\/\/schema.org\",\"@graph\":[{\"@type\":\"WebPage\",\"@id\":\"https:\/\/lavega.gr\/es\/producto\/bon-bom-supercoco-360g\/\",\"url\":\"https:\/\/lavega.gr\/es\/producto\/bon-bom-supercoco-360g\/\",\"name\":\"Bon Bom Supercoco (360g) | La Vega\",\"isPartOf\":{\"@id\":\"https:\/\/lavega.gr\/#website\"},\"primaryImageOfPage\":{\"@id\":\"https:\/\/lavega.gr\/es\/producto\/bon-bom-supercoco-360g\/#primaryimage\"},\"image\":{\"@id\":\"https:\/\/lavega.gr\/es\/producto\/bon-bom-supercoco-360g\/#primaryimage\"},\"thumbnailUrl\":\"https:\/\/lavega.gr\/wp-content\/uploads\/2026\/05\/image00001.png\",\"datePublished\":\"2026-05-04T10:34:57+00:00\",\"dateModified\":\"2026-05-04T10:34:57+00:00\",\"description\":\"Qu\u00e9 es: El legendario dulce caribe\u00f1o que ha acompa\u00f1ado a generaciones de latinoamericanos. Un delicioso dulce masticable hecho con aut\u00e9nticos trozos de coco que libera el sabor tropical m\u00e1s intenso.\",\"breadcrumb\":{\"@id\":\"https:\/\/lavega.gr\/es\/producto\/bon-bom-supercoco-360g\/#breadcrumb\"},\"inLanguage\":\"es\",\"potentialAction\":[{\"@type\":\"ReadAction\",\"target\":[\"https:\/\/lavega.gr\/es\/producto\/bon-bom-supercoco-360g\/\"]}]},{\"@type\":\"ImageObject\",\"inLanguage\":\"es\",\"@id\":\"https:\/\/lavega.gr\/es\/producto\/bon-bom-supercoco-360g\/#primaryimage\",\"url\":\"https:\/\/lavega.gr\/wp-content\/uploads\/2026\/05\/image00001.png\",\"contentUrl\":\"https:\/\/lavega.gr\/wp-content\/uploads\/2026\/05\/image00001.png\",\"width\":1000,\"height\":1000},{\"@type\":\"BreadcrumbList\",\"@id\":\"https:\/\/lavega.gr\/es\/producto\/bon-bom-supercoco-360g\/#breadcrumb\",\"itemListElement\":[{\"@type\":\"ListItem\",\"position\":1,\"name\":\"Home\",\"item\":\"https:\/\/lavega.gr\/es\/\"},{\"@type\":\"ListItem\",\"position\":2,\"name\":\"Productos\",\"item\":\"https:\/\/lavega.gr\/es\/tienda\/\"},{\"@type\":\"ListItem\",\"position\":3,\"name\":\"Bon Bom Supercoco (360g)\"}]},{\"@type\":\"WebSite\",\"@id\":\"https:\/\/lavega.gr\/#website\",\"url\":\"https:\/\/lavega.gr\/\",\"name\":\"La Vega\",\"description\":\"Productos Latinos\",\"potentialAction\":[{\"@type\":\"SearchAction\",\"target\":{\"@type\":\"EntryPoint\",\"urlTemplate\":\"https:\/\/lavega.gr\/?s={search_term_string}\"},\"query-input\":\"required name=search_term_string\"}],\"inLanguage\":\"es\"}]}<\/script>\n<!-- \/ Yoast SEO plugin. -->","yoast_head_json":{"title":"Bon Bom Supercoco (360g) | La Vega","description":"Qu\u00e9 es: El legendario dulce caribe\u00f1o que ha acompa\u00f1ado a generaciones de latinoamericanos. Un delicioso dulce masticable hecho con aut\u00e9nticos trozos de coco que libera el sabor tropical m\u00e1s intenso.","robots":{"index":"index","follow":"follow","max-snippet":"max-snippet:-1","max-image-preview":"max-image-preview:large","max-video-preview":"max-video-preview:-1"},"canonical":"https:\/\/lavega.gr\/es\/producto\/bon-bom-supercoco-360g\/","og_locale":"es_ES","og_type":"article","og_title":"Bon Bom Supercoco (360g) | La Vega","og_description":"Qu\u00e9 es: El legendario dulce caribe\u00f1o que ha acompa\u00f1ado a generaciones de latinoamericanos. Un delicioso dulce masticable hecho con aut\u00e9nticos trozos de coco que libera el sabor tropical m\u00e1s intenso.","og_url":"https:\/\/lavega.gr\/es\/producto\/bon-bom-supercoco-360g\/","og_site_name":"La Vega","og_image":[{"width":1000,"height":1000,"url":"https:\/\/lavega.gr\/wp-content\/uploads\/2026\/05\/image00001.png","type":"image\/png"}],"twitter_card":"summary_large_image","schema":{"@context":"https:\/\/schema.org","@graph":[{"@type":"WebPage","@id":"https:\/\/lavega.gr\/es\/producto\/bon-bom-supercoco-360g\/","url":"https:\/\/lavega.gr\/es\/producto\/bon-bom-supercoco-360g\/","name":"Bon Bom Supercoco (360g) | La Vega","isPartOf":{"@id":"https:\/\/lavega.gr\/#website"},"primaryImageOfPage":{"@id":"https:\/\/lavega.gr\/es\/producto\/bon-bom-supercoco-360g\/#primaryimage"},"image":{"@id":"https:\/\/lavega.gr\/es\/producto\/bon-bom-supercoco-360g\/#primaryimage"},"thumbnailUrl":"https:\/\/lavega.gr\/wp-content\/uploads\/2026\/05\/image00001.png","datePublished":"2026-05-04T10:34:57+00:00","dateModified":"2026-05-04T10:34:57+00:00","description":"Qu\u00e9 es: El legendario dulce caribe\u00f1o que ha acompa\u00f1ado a generaciones de latinoamericanos. Un delicioso dulce masticable hecho con aut\u00e9nticos trozos de coco que libera el sabor tropical m\u00e1s intenso.","breadcrumb":{"@id":"https:\/\/lavega.gr\/es\/producto\/bon-bom-supercoco-360g\/#breadcrumb"},"inLanguage":"es","potentialAction":[{"@type":"ReadAction","target":["https:\/\/lavega.gr\/es\/producto\/bon-bom-supercoco-360g\/"]}]},{"@type":"ImageObject","inLanguage":"es","@id":"https:\/\/lavega.gr\/es\/producto\/bon-bom-supercoco-360g\/#primaryimage","url":"https:\/\/lavega.gr\/wp-content\/uploads\/2026\/05\/image00001.png","contentUrl":"https:\/\/lavega.gr\/wp-content\/uploads\/2026\/05\/image00001.png","width":1000,"height":1000},{"@type":"BreadcrumbList","@id":"https:\/\/lavega.gr\/es\/producto\/bon-bom-supercoco-360g\/#breadcrumb","itemListElement":[{"@type":"ListItem","position":1,"name":"Home","item":"https:\/\/lavega.gr\/es\/"},{"@type":"ListItem","position":2,"name":"Productos","item":"https:\/\/lavega.gr\/es\/tienda\/"},{"@type":"ListItem","position":3,"name":"Bon Bom Supercoco (360g)"}]},{"@type":"WebSite","@id":"https:\/\/lavega.gr\/#website","url":"https:\/\/lavega.gr\/","name":"La Vega","description":"Productos Latinos","potentialAction":[{"@type":"SearchAction","target":{"@type":"EntryPoint","urlTemplate":"https:\/\/lavega.gr\/?s={search_term_string}"},"query-input":"required name=search_term_string"}],"inLanguage":"es"}]}},"_links":{"self":[{"href":"https:\/\/lavega.gr\/es\/wp-json\/wp\/v2\/product\/7193","targetHints":{"allow":["GET"]}}],"collection":[{"href":"https:\/\/lavega.gr\/es\/wp-json\/wp\/v2\/product"}],"about":[{"href":"https:\/\/lavega.gr\/es\/wp-json\/wp\/v2\/types\/product"}],"wp:featuredmedia":[{"embeddable":true,"href":"https:\/\/lavega.gr\/es\/wp-json\/wp\/v2\/media\/7178"}],"wp:attachment":[{"href":"https:\/\/lavega.gr\/es\/wp-json\/wp\/v2\/media?parent=7193"}],"wp:term":[{"taxonomy":"product_cat","embeddable":true,"href":"https:\/\/lavega.gr\/es\/wp-json\/wp\/v2\/product_cat?post=7193"},{"taxonomy":"product_tag","embeddable":true,"href":"https:\/\/lavega.gr\/es\/wp-json\/wp\/v2\/product_tag?post=7193"}],"curies":[{"name":"wp","href":"https:\/\/api.w.org\/{rel}","templated":true}]}}