{"id":7192,"date":"2026-05-04T12:39:44","date_gmt":"2026-05-04T10:39:44","guid":{"rendered":"https:\/\/lavega.gr\/product\/dulce-de-leche-tarrina-250g-tu-arequipe\/"},"modified":"2026-05-04T12:39:44","modified_gmt":"2026-05-04T10:39:44","slug":"dulce-de-leche-tarrina-250g-tu-arequipe","status":"publish","type":"product","link":"https:\/\/lavega.gr\/es\/producto\/dulce-de-leche-tarrina-250g-tu-arequipe\/","title":{"rendered":"Dulce De Leche Tarrina (250g) &#8216;Tu Arequipe&#8217;"},"content":{"rendered":"<ul>\n<li>\n<p data-path-to-node=\"8,0,0\"><b data-path-to-node=\"8,0,0\" data-index-in-node=\"0\">Qu\u00e9 es<\/b>: El aut\u00e9ntico arequ\u00ed colombiano. Una crema aterciopelada, rica y espesa, elaborada hirviendo lentamente leche con az\u00facar. No es solo un jarabe, es una delicia cremosa inigualable.  <\/p>\n<\/li>\n<li>\n<p data-path-to-node=\"8,1,0\"><b data-path-to-node=\"8,1,0\" data-index-in-node=\"0\">Qu\u00e9 es<\/b>: El aut\u00e9ntico arequ\u00ed colombiano. Una crema aterciopelada, rica y espesa, elaborada hirviendo lentamente leche con az\u00facar. No es solo un jarabe, es una delicia cremosa inigualable&#8230;.<\/p>\n<\/li>\n<li>\n<p data-path-to-node=\"8,2,0\"><b data-path-to-node=\"8,2,0\" data-index-in-node=\"0\">\ud83d\udca1 Consejo de La Vega<\/b>: \u00bfQuieres el tentempi\u00e9 perfecto para la tarde en Bogot\u00e1? Compra las galletas &#8220;Salt\u00edn Noel&#8221; (las encontrar\u00e1s en nuestra tienda) y \u00fantales una generosa capa de arequipe. \u00a1Crujientes, saladas e incre\u00edblemente dulces!  <\/p>\n<\/li>\n<\/ul>\n","protected":false},"excerpt":{"rendered":"<p>Qu\u00e9 es: El aut\u00e9ntico arequ\u00ed colombiano. Una crema aterciopelada, rica y espesa, elaborada hirviendo lentamente leche con az\u00facar. No es solo un jarabe, es una delicia cremosa inigualable. Qu\u00e9 es: El aut\u00e9ntico arequ\u00ed colombiano. Una crema aterciopelada, rica y espesa, elaborada hirviendo lentamente leche con az\u00facar. No es solo un jarabe, es una delicia cremosa&#8230;<\/p>\n","protected":false},"featured_media":7181,"template":"","meta":[],"product_cat":[127],"product_tag":[],"class_list":{"0":"post-7192","1":"product","2":"type-product","3":"status-publish","4":"has-post-thumbnail","6":"product_cat-snacks-y-dulces-latinos","8":"first","9":"instock","10":"taxable","11":"shipping-taxable","12":"purchasable","13":"product-type-simple"},"yoast_head":"<!-- This site is optimized with the Yoast SEO plugin v22.3 - https:\/\/yoast.com\/wordpress\/plugins\/seo\/ -->\n<title>Dulce De Leche Tarrina (250g) &#039;Tu Arequipe&#039; | La Vega<\/title>\n<meta name=\"description\" content=\"Qu\u00e9 es: El aut\u00e9ntico arequ\u00ed colombiano. Una crema aterciopelada, rica y espesa, elaborada hirviendo lentamente leche con az\u00facar. No es solo un jarabe, es una delicia cremosa inigualable.\" \/>\n<meta name=\"robots\" content=\"index, follow, max-snippet:-1, max-image-preview:large, max-video-preview:-1\" \/>\n<link rel=\"canonical\" href=\"https:\/\/lavega.gr\/es\/producto\/dulce-de-leche-tarrina-250g-tu-arequipe\/\" \/>\n<meta property=\"og:locale\" content=\"es_ES\" \/>\n<meta property=\"og:type\" content=\"article\" \/>\n<meta property=\"og:title\" content=\"Dulce De Leche Tarrina (250g) &#039;Tu Arequipe&#039; | La Vega\" \/>\n<meta property=\"og:description\" content=\"Qu\u00e9 es: El aut\u00e9ntico arequ\u00ed colombiano. Una crema aterciopelada, rica y espesa, elaborada hirviendo lentamente leche con az\u00facar. No es solo un jarabe, es una delicia cremosa inigualable.\" \/>\n<meta property=\"og:url\" content=\"https:\/\/lavega.gr\/es\/producto\/dulce-de-leche-tarrina-250g-tu-arequipe\/\" \/>\n<meta property=\"og:site_name\" content=\"La Vega\" \/>\n<meta property=\"og:image\" content=\"https:\/\/lavega.gr\/wp-content\/uploads\/2026\/05\/image00010.png\" \/>\n\t<meta property=\"og:image:width\" content=\"1000\" \/>\n\t<meta property=\"og:image:height\" content=\"1000\" \/>\n\t<meta property=\"og:image:type\" content=\"image\/png\" \/>\n<meta name=\"twitter:card\" content=\"summary_large_image\" \/>\n<script type=\"application\/ld+json\" class=\"yoast-schema-graph\">{\"@context\":\"https:\/\/schema.org\",\"@graph\":[{\"@type\":\"WebPage\",\"@id\":\"https:\/\/lavega.gr\/es\/producto\/dulce-de-leche-tarrina-250g-tu-arequipe\/\",\"url\":\"https:\/\/lavega.gr\/es\/producto\/dulce-de-leche-tarrina-250g-tu-arequipe\/\",\"name\":\"Dulce De Leche Tarrina (250g) 'Tu Arequipe' | La Vega\",\"isPartOf\":{\"@id\":\"https:\/\/lavega.gr\/#website\"},\"primaryImageOfPage\":{\"@id\":\"https:\/\/lavega.gr\/es\/producto\/dulce-de-leche-tarrina-250g-tu-arequipe\/#primaryimage\"},\"image\":{\"@id\":\"https:\/\/lavega.gr\/es\/producto\/dulce-de-leche-tarrina-250g-tu-arequipe\/#primaryimage\"},\"thumbnailUrl\":\"https:\/\/lavega.gr\/wp-content\/uploads\/2026\/05\/image00010.png\",\"datePublished\":\"2026-05-04T10:39:44+00:00\",\"dateModified\":\"2026-05-04T10:39:44+00:00\",\"description\":\"Qu\u00e9 es: El aut\u00e9ntico arequ\u00ed colombiano. Una crema aterciopelada, rica y espesa, elaborada hirviendo lentamente leche con az\u00facar. No es solo un jarabe, es una delicia cremosa inigualable.\",\"breadcrumb\":{\"@id\":\"https:\/\/lavega.gr\/es\/producto\/dulce-de-leche-tarrina-250g-tu-arequipe\/#breadcrumb\"},\"inLanguage\":\"es\",\"potentialAction\":[{\"@type\":\"ReadAction\",\"target\":[\"https:\/\/lavega.gr\/es\/producto\/dulce-de-leche-tarrina-250g-tu-arequipe\/\"]}]},{\"@type\":\"ImageObject\",\"inLanguage\":\"es\",\"@id\":\"https:\/\/lavega.gr\/es\/producto\/dulce-de-leche-tarrina-250g-tu-arequipe\/#primaryimage\",\"url\":\"https:\/\/lavega.gr\/wp-content\/uploads\/2026\/05\/image00010.png\",\"contentUrl\":\"https:\/\/lavega.gr\/wp-content\/uploads\/2026\/05\/image00010.png\",\"width\":1000,\"height\":1000},{\"@type\":\"BreadcrumbList\",\"@id\":\"https:\/\/lavega.gr\/es\/producto\/dulce-de-leche-tarrina-250g-tu-arequipe\/#breadcrumb\",\"itemListElement\":[{\"@type\":\"ListItem\",\"position\":1,\"name\":\"Home\",\"item\":\"https:\/\/lavega.gr\/es\/\"},{\"@type\":\"ListItem\",\"position\":2,\"name\":\"Productos\",\"item\":\"https:\/\/lavega.gr\/es\/tienda\/\"},{\"@type\":\"ListItem\",\"position\":3,\"name\":\"Dulce De Leche Tarrina (250g) &#8216;Tu Arequipe&#8217;\"}]},{\"@type\":\"WebSite\",\"@id\":\"https:\/\/lavega.gr\/#website\",\"url\":\"https:\/\/lavega.gr\/\",\"name\":\"La Vega\",\"description\":\"Productos Latinos\",\"potentialAction\":[{\"@type\":\"SearchAction\",\"target\":{\"@type\":\"EntryPoint\",\"urlTemplate\":\"https:\/\/lavega.gr\/?s={search_term_string}\"},\"query-input\":\"required name=search_term_string\"}],\"inLanguage\":\"es\"}]}<\/script>\n<!-- \/ Yoast SEO plugin. -->","yoast_head_json":{"title":"Dulce De Leche Tarrina (250g) 'Tu Arequipe' | La Vega","description":"Qu\u00e9 es: El aut\u00e9ntico arequ\u00ed colombiano. Una crema aterciopelada, rica y espesa, elaborada hirviendo lentamente leche con az\u00facar. No es solo un jarabe, es una delicia cremosa inigualable.","robots":{"index":"index","follow":"follow","max-snippet":"max-snippet:-1","max-image-preview":"max-image-preview:large","max-video-preview":"max-video-preview:-1"},"canonical":"https:\/\/lavega.gr\/es\/producto\/dulce-de-leche-tarrina-250g-tu-arequipe\/","og_locale":"es_ES","og_type":"article","og_title":"Dulce De Leche Tarrina (250g) 'Tu Arequipe' | La Vega","og_description":"Qu\u00e9 es: El aut\u00e9ntico arequ\u00ed colombiano. Una crema aterciopelada, rica y espesa, elaborada hirviendo lentamente leche con az\u00facar. No es solo un jarabe, es una delicia cremosa inigualable.","og_url":"https:\/\/lavega.gr\/es\/producto\/dulce-de-leche-tarrina-250g-tu-arequipe\/","og_site_name":"La Vega","og_image":[{"width":1000,"height":1000,"url":"https:\/\/lavega.gr\/wp-content\/uploads\/2026\/05\/image00010.png","type":"image\/png"}],"twitter_card":"summary_large_image","schema":{"@context":"https:\/\/schema.org","@graph":[{"@type":"WebPage","@id":"https:\/\/lavega.gr\/es\/producto\/dulce-de-leche-tarrina-250g-tu-arequipe\/","url":"https:\/\/lavega.gr\/es\/producto\/dulce-de-leche-tarrina-250g-tu-arequipe\/","name":"Dulce De Leche Tarrina (250g) 'Tu Arequipe' | La Vega","isPartOf":{"@id":"https:\/\/lavega.gr\/#website"},"primaryImageOfPage":{"@id":"https:\/\/lavega.gr\/es\/producto\/dulce-de-leche-tarrina-250g-tu-arequipe\/#primaryimage"},"image":{"@id":"https:\/\/lavega.gr\/es\/producto\/dulce-de-leche-tarrina-250g-tu-arequipe\/#primaryimage"},"thumbnailUrl":"https:\/\/lavega.gr\/wp-content\/uploads\/2026\/05\/image00010.png","datePublished":"2026-05-04T10:39:44+00:00","dateModified":"2026-05-04T10:39:44+00:00","description":"Qu\u00e9 es: El aut\u00e9ntico arequ\u00ed colombiano. Una crema aterciopelada, rica y espesa, elaborada hirviendo lentamente leche con az\u00facar. No es solo un jarabe, es una delicia cremosa inigualable.","breadcrumb":{"@id":"https:\/\/lavega.gr\/es\/producto\/dulce-de-leche-tarrina-250g-tu-arequipe\/#breadcrumb"},"inLanguage":"es","potentialAction":[{"@type":"ReadAction","target":["https:\/\/lavega.gr\/es\/producto\/dulce-de-leche-tarrina-250g-tu-arequipe\/"]}]},{"@type":"ImageObject","inLanguage":"es","@id":"https:\/\/lavega.gr\/es\/producto\/dulce-de-leche-tarrina-250g-tu-arequipe\/#primaryimage","url":"https:\/\/lavega.gr\/wp-content\/uploads\/2026\/05\/image00010.png","contentUrl":"https:\/\/lavega.gr\/wp-content\/uploads\/2026\/05\/image00010.png","width":1000,"height":1000},{"@type":"BreadcrumbList","@id":"https:\/\/lavega.gr\/es\/producto\/dulce-de-leche-tarrina-250g-tu-arequipe\/#breadcrumb","itemListElement":[{"@type":"ListItem","position":1,"name":"Home","item":"https:\/\/lavega.gr\/es\/"},{"@type":"ListItem","position":2,"name":"Productos","item":"https:\/\/lavega.gr\/es\/tienda\/"},{"@type":"ListItem","position":3,"name":"Dulce De Leche Tarrina (250g) &#8216;Tu Arequipe&#8217;"}]},{"@type":"WebSite","@id":"https:\/\/lavega.gr\/#website","url":"https:\/\/lavega.gr\/","name":"La Vega","description":"Productos Latinos","potentialAction":[{"@type":"SearchAction","target":{"@type":"EntryPoint","urlTemplate":"https:\/\/lavega.gr\/?s={search_term_string}"},"query-input":"required name=search_term_string"}],"inLanguage":"es"}]}},"_links":{"self":[{"href":"https:\/\/lavega.gr\/es\/wp-json\/wp\/v2\/product\/7192","targetHints":{"allow":["GET"]}}],"collection":[{"href":"https:\/\/lavega.gr\/es\/wp-json\/wp\/v2\/product"}],"about":[{"href":"https:\/\/lavega.gr\/es\/wp-json\/wp\/v2\/types\/product"}],"wp:featuredmedia":[{"embeddable":true,"href":"https:\/\/lavega.gr\/es\/wp-json\/wp\/v2\/media\/7181"}],"wp:attachment":[{"href":"https:\/\/lavega.gr\/es\/wp-json\/wp\/v2\/media?parent=7192"}],"wp:term":[{"taxonomy":"product_cat","embeddable":true,"href":"https:\/\/lavega.gr\/es\/wp-json\/wp\/v2\/product_cat?post=7192"},{"taxonomy":"product_tag","embeddable":true,"href":"https:\/\/lavega.gr\/es\/wp-json\/wp\/v2\/product_tag?post=7192"}],"curies":[{"name":"wp","href":"https:\/\/api.w.org\/{rel}","templated":true}]}}