{"id":7191,"date":"2026-05-04T12:47:47","date_gmt":"2026-05-04T10:47:47","guid":{"rendered":"https:\/\/lavega.gr\/product\/mezcla-ajiaco-20g-el-rey\/"},"modified":"2026-05-04T12:47:47","modified_gmt":"2026-05-04T10:47:47","slug":"mezcla-ajiaco-20g-el-rey","status":"publish","type":"product","link":"https:\/\/lavega.gr\/es\/producto\/mezcla-ajiaco-20g-el-rey\/","title":{"rendered":"Mezcla Ajiaco (20g) &#8216;El Rey&#8217;"},"content":{"rendered":"<ul>\n<li>\n<p data-path-to-node=\"12,0,0\"><b data-path-to-node=\"12,0,0\" data-index-in-node=\"0\"><i data-path-to-node=\"12,0,0\" data-index-in-node=\"212\">Qu\u00e9 es:<\/i><\/b> \u00a1El &#8220;polvo&#8221; m\u00e1gico para preparar la sopa m\u00e1s famosa de Colombia! El ajiaco es una rica sopa de pollo con papas, y esta mezcla contiene la cantidad justa de hierbas (especialmente la guascas) para lograr el aut\u00e9ntico sabor terroso de Bogot\u00e1. <\/p>\n<\/li>\n<li>\n<p data-path-to-node=\"12,1,0\"><b data-path-to-node=\"12,1,0\" data-index-in-node=\"0\">Modo de empleo<\/b>: Se a\u00f1ade al caldo de la sopa de pollo con patatas durante la cocci\u00f3n, transformando inmediatamente el aroma y el sabor del plato.<\/p>\n<\/li>\n<li>\n<p data-path-to-node=\"12,2,0\"><b data-path-to-node=\"12,2,0\" data-index-in-node=\"0\">\ud83d\udca1 Consejo de La Vega<\/b>: La sopa de ajiaco no est\u00e1 completa si no le a\u00f1ades una cucharada de crema, unas alcaparras y una rodaja de aguacate fresco al servirla.<\/p>\n<\/li>\n<\/ul>\n","protected":false},"excerpt":{"rendered":"<p>Qu\u00e9 es: \u00a1El &#8220;polvo&#8221; m\u00e1gico para preparar la sopa m\u00e1s famosa de Colombia! El ajiaco es una rica sopa de pollo con papas, y esta mezcla contiene la cantidad justa de hierbas (especialmente la guascas) para lograr el aut\u00e9ntico sabor terroso de Bogot\u00e1. Modo de empleo: Se a\u00f1ade al caldo de la sopa de pollo&#8230;<\/p>\n","protected":false},"featured_media":7185,"template":"","meta":[],"product_cat":[88,130],"product_tag":[],"class_list":{"0":"post-7191","1":"product","2":"type-product","3":"status-publish","4":"has-post-thumbnail","6":"product_cat-ingredientes-autenticos","7":"product_cat-especias-salsas","9":"first","10":"instock","11":"taxable","12":"shipping-taxable","13":"purchasable","14":"product-type-simple"},"yoast_head":"<!-- This site is optimized with the Yoast SEO plugin v22.3 - https:\/\/yoast.com\/wordpress\/plugins\/seo\/ -->\n<title>Mezcla Ajiaco (20g) &#039;El Rey&#039; | La Vega<\/title>\n<meta name=\"description\" content=\"Qu\u00e9 es: \u00a1El &quot;polvo&quot; m\u00e1gico para preparar la sopa m\u00e1s famosa de Colombia! El ajiaco es una rica sopa de pollo con papas, y esta mezcla contiene la cantidad justa de hierbas (especialmente la guascas) para lograr el aut\u00e9ntico sabor terroso de Bogot\u00e1.\" \/>\n<meta name=\"robots\" content=\"index, follow, max-snippet:-1, max-image-preview:large, max-video-preview:-1\" \/>\n<link rel=\"canonical\" href=\"https:\/\/lavega.gr\/es\/producto\/mezcla-ajiaco-20g-el-rey\/\" \/>\n<meta property=\"og:locale\" content=\"es_ES\" \/>\n<meta property=\"og:type\" content=\"article\" \/>\n<meta property=\"og:title\" content=\"Mezcla Ajiaco (20g) &#039;El Rey&#039; | La Vega\" \/>\n<meta property=\"og:description\" content=\"Qu\u00e9 es: \u00a1El &quot;polvo&quot; m\u00e1gico para preparar la sopa m\u00e1s famosa de Colombia! El ajiaco es una rica sopa de pollo con papas, y esta mezcla contiene la cantidad justa de hierbas (especialmente la guascas) para lograr el aut\u00e9ntico sabor terroso de Bogot\u00e1.\" \/>\n<meta property=\"og:url\" content=\"https:\/\/lavega.gr\/es\/producto\/mezcla-ajiaco-20g-el-rey\/\" \/>\n<meta property=\"og:site_name\" content=\"La Vega\" \/>\n<meta property=\"og:image\" content=\"https:\/\/lavega.gr\/wp-content\/uploads\/2026\/05\/image00012-1.png\" \/>\n\t<meta property=\"og:image:width\" content=\"1000\" \/>\n\t<meta property=\"og:image:height\" content=\"1000\" \/>\n\t<meta property=\"og:image:type\" content=\"image\/png\" \/>\n<meta name=\"twitter:card\" content=\"summary_large_image\" \/>\n<meta name=\"twitter:label1\" content=\"Tiempo de lectura\" \/>\n\t<meta name=\"twitter:data1\" content=\"1 minuto\" \/>\n<script type=\"application\/ld+json\" class=\"yoast-schema-graph\">{\"@context\":\"https:\/\/schema.org\",\"@graph\":[{\"@type\":\"WebPage\",\"@id\":\"https:\/\/lavega.gr\/es\/producto\/mezcla-ajiaco-20g-el-rey\/\",\"url\":\"https:\/\/lavega.gr\/es\/producto\/mezcla-ajiaco-20g-el-rey\/\",\"name\":\"Mezcla Ajiaco (20g) 'El Rey' | La Vega\",\"isPartOf\":{\"@id\":\"https:\/\/lavega.gr\/#website\"},\"primaryImageOfPage\":{\"@id\":\"https:\/\/lavega.gr\/es\/producto\/mezcla-ajiaco-20g-el-rey\/#primaryimage\"},\"image\":{\"@id\":\"https:\/\/lavega.gr\/es\/producto\/mezcla-ajiaco-20g-el-rey\/#primaryimage\"},\"thumbnailUrl\":\"https:\/\/lavega.gr\/wp-content\/uploads\/2026\/05\/image00012-1.png\",\"datePublished\":\"2026-05-04T10:47:47+00:00\",\"dateModified\":\"2026-05-04T10:47:47+00:00\",\"description\":\"Qu\u00e9 es: \u00a1El \\\"polvo\\\" m\u00e1gico para preparar la sopa m\u00e1s famosa de Colombia! El ajiaco es una rica sopa de pollo con papas, y esta mezcla contiene la cantidad justa de hierbas (especialmente la guascas) para lograr el aut\u00e9ntico sabor terroso de Bogot\u00e1.\",\"breadcrumb\":{\"@id\":\"https:\/\/lavega.gr\/es\/producto\/mezcla-ajiaco-20g-el-rey\/#breadcrumb\"},\"inLanguage\":\"es\",\"potentialAction\":[{\"@type\":\"ReadAction\",\"target\":[\"https:\/\/lavega.gr\/es\/producto\/mezcla-ajiaco-20g-el-rey\/\"]}]},{\"@type\":\"ImageObject\",\"inLanguage\":\"es\",\"@id\":\"https:\/\/lavega.gr\/es\/producto\/mezcla-ajiaco-20g-el-rey\/#primaryimage\",\"url\":\"https:\/\/lavega.gr\/wp-content\/uploads\/2026\/05\/image00012-1.png\",\"contentUrl\":\"https:\/\/lavega.gr\/wp-content\/uploads\/2026\/05\/image00012-1.png\",\"width\":1000,\"height\":1000},{\"@type\":\"BreadcrumbList\",\"@id\":\"https:\/\/lavega.gr\/es\/producto\/mezcla-ajiaco-20g-el-rey\/#breadcrumb\",\"itemListElement\":[{\"@type\":\"ListItem\",\"position\":1,\"name\":\"Home\",\"item\":\"https:\/\/lavega.gr\/es\/\"},{\"@type\":\"ListItem\",\"position\":2,\"name\":\"Productos\",\"item\":\"https:\/\/lavega.gr\/es\/tienda\/\"},{\"@type\":\"ListItem\",\"position\":3,\"name\":\"Mezcla Ajiaco (20g) &#8216;El Rey&#8217;\"}]},{\"@type\":\"WebSite\",\"@id\":\"https:\/\/lavega.gr\/#website\",\"url\":\"https:\/\/lavega.gr\/\",\"name\":\"La Vega\",\"description\":\"Productos Latinos\",\"potentialAction\":[{\"@type\":\"SearchAction\",\"target\":{\"@type\":\"EntryPoint\",\"urlTemplate\":\"https:\/\/lavega.gr\/?s={search_term_string}\"},\"query-input\":\"required name=search_term_string\"}],\"inLanguage\":\"es\"}]}<\/script>\n<!-- \/ Yoast SEO plugin. -->","yoast_head_json":{"title":"Mezcla Ajiaco (20g) 'El Rey' | La Vega","description":"Qu\u00e9 es: \u00a1El \"polvo\" m\u00e1gico para preparar la sopa m\u00e1s famosa de Colombia! El ajiaco es una rica sopa de pollo con papas, y esta mezcla contiene la cantidad justa de hierbas (especialmente la guascas) para lograr el aut\u00e9ntico sabor terroso de Bogot\u00e1.","robots":{"index":"index","follow":"follow","max-snippet":"max-snippet:-1","max-image-preview":"max-image-preview:large","max-video-preview":"max-video-preview:-1"},"canonical":"https:\/\/lavega.gr\/es\/producto\/mezcla-ajiaco-20g-el-rey\/","og_locale":"es_ES","og_type":"article","og_title":"Mezcla Ajiaco (20g) 'El Rey' | La Vega","og_description":"Qu\u00e9 es: \u00a1El \"polvo\" m\u00e1gico para preparar la sopa m\u00e1s famosa de Colombia! El ajiaco es una rica sopa de pollo con papas, y esta mezcla contiene la cantidad justa de hierbas (especialmente la guascas) para lograr el aut\u00e9ntico sabor terroso de Bogot\u00e1.","og_url":"https:\/\/lavega.gr\/es\/producto\/mezcla-ajiaco-20g-el-rey\/","og_site_name":"La Vega","og_image":[{"width":1000,"height":1000,"url":"https:\/\/lavega.gr\/wp-content\/uploads\/2026\/05\/image00012-1.png","type":"image\/png"}],"twitter_card":"summary_large_image","twitter_misc":{"Tiempo de lectura":"1 minuto"},"schema":{"@context":"https:\/\/schema.org","@graph":[{"@type":"WebPage","@id":"https:\/\/lavega.gr\/es\/producto\/mezcla-ajiaco-20g-el-rey\/","url":"https:\/\/lavega.gr\/es\/producto\/mezcla-ajiaco-20g-el-rey\/","name":"Mezcla Ajiaco (20g) 'El Rey' | La Vega","isPartOf":{"@id":"https:\/\/lavega.gr\/#website"},"primaryImageOfPage":{"@id":"https:\/\/lavega.gr\/es\/producto\/mezcla-ajiaco-20g-el-rey\/#primaryimage"},"image":{"@id":"https:\/\/lavega.gr\/es\/producto\/mezcla-ajiaco-20g-el-rey\/#primaryimage"},"thumbnailUrl":"https:\/\/lavega.gr\/wp-content\/uploads\/2026\/05\/image00012-1.png","datePublished":"2026-05-04T10:47:47+00:00","dateModified":"2026-05-04T10:47:47+00:00","description":"Qu\u00e9 es: \u00a1El \"polvo\" m\u00e1gico para preparar la sopa m\u00e1s famosa de Colombia! El ajiaco es una rica sopa de pollo con papas, y esta mezcla contiene la cantidad justa de hierbas (especialmente la guascas) para lograr el aut\u00e9ntico sabor terroso de Bogot\u00e1.","breadcrumb":{"@id":"https:\/\/lavega.gr\/es\/producto\/mezcla-ajiaco-20g-el-rey\/#breadcrumb"},"inLanguage":"es","potentialAction":[{"@type":"ReadAction","target":["https:\/\/lavega.gr\/es\/producto\/mezcla-ajiaco-20g-el-rey\/"]}]},{"@type":"ImageObject","inLanguage":"es","@id":"https:\/\/lavega.gr\/es\/producto\/mezcla-ajiaco-20g-el-rey\/#primaryimage","url":"https:\/\/lavega.gr\/wp-content\/uploads\/2026\/05\/image00012-1.png","contentUrl":"https:\/\/lavega.gr\/wp-content\/uploads\/2026\/05\/image00012-1.png","width":1000,"height":1000},{"@type":"BreadcrumbList","@id":"https:\/\/lavega.gr\/es\/producto\/mezcla-ajiaco-20g-el-rey\/#breadcrumb","itemListElement":[{"@type":"ListItem","position":1,"name":"Home","item":"https:\/\/lavega.gr\/es\/"},{"@type":"ListItem","position":2,"name":"Productos","item":"https:\/\/lavega.gr\/es\/tienda\/"},{"@type":"ListItem","position":3,"name":"Mezcla Ajiaco (20g) &#8216;El Rey&#8217;"}]},{"@type":"WebSite","@id":"https:\/\/lavega.gr\/#website","url":"https:\/\/lavega.gr\/","name":"La Vega","description":"Productos Latinos","potentialAction":[{"@type":"SearchAction","target":{"@type":"EntryPoint","urlTemplate":"https:\/\/lavega.gr\/?s={search_term_string}"},"query-input":"required name=search_term_string"}],"inLanguage":"es"}]}},"_links":{"self":[{"href":"https:\/\/lavega.gr\/es\/wp-json\/wp\/v2\/product\/7191","targetHints":{"allow":["GET"]}}],"collection":[{"href":"https:\/\/lavega.gr\/es\/wp-json\/wp\/v2\/product"}],"about":[{"href":"https:\/\/lavega.gr\/es\/wp-json\/wp\/v2\/types\/product"}],"wp:featuredmedia":[{"embeddable":true,"href":"https:\/\/lavega.gr\/es\/wp-json\/wp\/v2\/media\/7185"}],"wp:attachment":[{"href":"https:\/\/lavega.gr\/es\/wp-json\/wp\/v2\/media?parent=7191"}],"wp:term":[{"taxonomy":"product_cat","embeddable":true,"href":"https:\/\/lavega.gr\/es\/wp-json\/wp\/v2\/product_cat?post=7191"},{"taxonomy":"product_tag","embeddable":true,"href":"https:\/\/lavega.gr\/es\/wp-json\/wp\/v2\/product_tag?post=7191"}],"curies":[{"name":"wp","href":"https:\/\/api.w.org\/{rel}","templated":true}]}}