{"id":7190,"date":"2026-05-04T12:53:26","date_gmt":"2026-05-04T10:53:26","guid":{"rendered":"https:\/\/lavega.gr\/product\/salsa-aji-picante-200g-185ml-coexito\/"},"modified":"2026-05-04T12:53:26","modified_gmt":"2026-05-04T10:53:26","slug":"salsa-aji-picante-200g-185ml-coexito","status":"publish","type":"product","link":"https:\/\/lavega.gr\/es\/producto\/salsa-aji-picante-200g-185ml-coexito\/","title":{"rendered":"Salsa Aji Picante (200g\/185ml) &#8216;Coexito&#8217;"},"content":{"rendered":"<ul>\n<li>\n<p data-path-to-node=\"14,0,0\"><b data-path-to-node=\"14,0,0\" data-index-in-node=\"0\">Qu\u00e9 es<\/b>: El cl\u00e1sico e imprescindible aj\u00ed latinoamericano que no puede faltar en ninguna mesa. Ofrece un toque picante, afrutado y vibrante que realza los sabores sin quemar el paladar. <\/p>\n<\/li>\n<li>\n<p data-path-to-node=\"14,1,0\"><b data-path-to-node=\"14,1,0\" data-index-in-node=\"0\">C\u00f3mo usarlo<\/b>: Roc\u00edalo sobre empanadas calientes, vi\u00e9rtelo en sopas, marina carnes a la parrilla o dale el toque perfecto a tus arepas favoritas.<\/p>\n<\/li>\n<li>\n<p data-path-to-node=\"14,2,0\">\ud83d\udca1 <b data-path-to-node=\"14,2,0\" data-index-in-node=\"0\">Consejo de La Vega<\/b>: \u00a1No puedes fre\u00edr empanadas ni pl\u00e1tanos sin tener esta salsa a mano para mojar! Su acidez contrarresta el sabor a frito y realza el sabor de la comida. <\/p>\n<\/li>\n<\/ul>\n","protected":false},"excerpt":{"rendered":"<p>Qu\u00e9 es: El cl\u00e1sico e imprescindible aj\u00ed latinoamericano que no puede faltar en ninguna mesa. Ofrece un toque picante, afrutado y vibrante que realza los sabores sin quemar el paladar. C\u00f3mo usarlo: Roc\u00edalo sobre empanadas calientes, vi\u00e9rtelo en sopas, marina carnes a la parrilla o dale el toque perfecto a tus arepas favoritas. \ud83d\udca1 Consejo&#8230;<\/p>\n","protected":false},"featured_media":7188,"template":"","meta":[],"product_cat":[88,130],"product_tag":[],"class_list":{"0":"post-7190","1":"product","2":"type-product","3":"status-publish","4":"has-post-thumbnail","6":"product_cat-ingredientes-autenticos","7":"product_cat-especias-salsas","9":"first","10":"instock","11":"taxable","12":"shipping-taxable","13":"purchasable","14":"product-type-simple"},"yoast_head":"<!-- This site is optimized with the Yoast SEO plugin v22.3 - https:\/\/yoast.com\/wordpress\/plugins\/seo\/ -->\n<title>Salsa Aji Picante (200g\/185ml) &#039;Coexito&#039; | La Vega<\/title>\n<meta name=\"description\" content=\"Qu\u00e9 es: El cl\u00e1sico e imprescindible aj\u00ed latinoamericano que no puede faltar en ninguna mesa. Ofrece un toque picante, afrutado y vibrante que realza los sabores sin quemar el paladar.\" \/>\n<meta name=\"robots\" content=\"index, follow, max-snippet:-1, max-image-preview:large, max-video-preview:-1\" \/>\n<link rel=\"canonical\" href=\"https:\/\/lavega.gr\/es\/producto\/salsa-aji-picante-200g-185ml-coexito\/\" \/>\n<meta property=\"og:locale\" content=\"es_ES\" \/>\n<meta property=\"og:type\" content=\"article\" \/>\n<meta property=\"og:title\" content=\"Salsa Aji Picante (200g\/185ml) &#039;Coexito&#039; | La Vega\" \/>\n<meta property=\"og:description\" content=\"Qu\u00e9 es: El cl\u00e1sico e imprescindible aj\u00ed latinoamericano que no puede faltar en ninguna mesa. Ofrece un toque picante, afrutado y vibrante que realza los sabores sin quemar el paladar.\" \/>\n<meta property=\"og:url\" content=\"https:\/\/lavega.gr\/es\/producto\/salsa-aji-picante-200g-185ml-coexito\/\" \/>\n<meta property=\"og:site_name\" content=\"La Vega\" \/>\n<meta property=\"og:image\" content=\"https:\/\/lavega.gr\/wp-content\/uploads\/2026\/05\/image00011.png\" \/>\n\t<meta property=\"og:image:width\" content=\"1000\" \/>\n\t<meta property=\"og:image:height\" content=\"1000\" \/>\n\t<meta property=\"og:image:type\" content=\"image\/png\" \/>\n<meta name=\"twitter:card\" content=\"summary_large_image\" \/>\n<script type=\"application\/ld+json\" class=\"yoast-schema-graph\">{\"@context\":\"https:\/\/schema.org\",\"@graph\":[{\"@type\":\"WebPage\",\"@id\":\"https:\/\/lavega.gr\/es\/producto\/salsa-aji-picante-200g-185ml-coexito\/\",\"url\":\"https:\/\/lavega.gr\/es\/producto\/salsa-aji-picante-200g-185ml-coexito\/\",\"name\":\"Salsa Aji Picante (200g\/185ml) 'Coexito' | La Vega\",\"isPartOf\":{\"@id\":\"https:\/\/lavega.gr\/#website\"},\"primaryImageOfPage\":{\"@id\":\"https:\/\/lavega.gr\/es\/producto\/salsa-aji-picante-200g-185ml-coexito\/#primaryimage\"},\"image\":{\"@id\":\"https:\/\/lavega.gr\/es\/producto\/salsa-aji-picante-200g-185ml-coexito\/#primaryimage\"},\"thumbnailUrl\":\"https:\/\/lavega.gr\/wp-content\/uploads\/2026\/05\/image00011.png\",\"datePublished\":\"2026-05-04T10:53:26+00:00\",\"dateModified\":\"2026-05-04T10:53:26+00:00\",\"description\":\"Qu\u00e9 es: El cl\u00e1sico e imprescindible aj\u00ed latinoamericano que no puede faltar en ninguna mesa. Ofrece un toque picante, afrutado y vibrante que realza los sabores sin quemar el paladar.\",\"breadcrumb\":{\"@id\":\"https:\/\/lavega.gr\/es\/producto\/salsa-aji-picante-200g-185ml-coexito\/#breadcrumb\"},\"inLanguage\":\"es\",\"potentialAction\":[{\"@type\":\"ReadAction\",\"target\":[\"https:\/\/lavega.gr\/es\/producto\/salsa-aji-picante-200g-185ml-coexito\/\"]}]},{\"@type\":\"ImageObject\",\"inLanguage\":\"es\",\"@id\":\"https:\/\/lavega.gr\/es\/producto\/salsa-aji-picante-200g-185ml-coexito\/#primaryimage\",\"url\":\"https:\/\/lavega.gr\/wp-content\/uploads\/2026\/05\/image00011.png\",\"contentUrl\":\"https:\/\/lavega.gr\/wp-content\/uploads\/2026\/05\/image00011.png\",\"width\":1000,\"height\":1000},{\"@type\":\"BreadcrumbList\",\"@id\":\"https:\/\/lavega.gr\/es\/producto\/salsa-aji-picante-200g-185ml-coexito\/#breadcrumb\",\"itemListElement\":[{\"@type\":\"ListItem\",\"position\":1,\"name\":\"Home\",\"item\":\"https:\/\/lavega.gr\/es\/\"},{\"@type\":\"ListItem\",\"position\":2,\"name\":\"Productos\",\"item\":\"https:\/\/lavega.gr\/es\/tienda\/\"},{\"@type\":\"ListItem\",\"position\":3,\"name\":\"Salsa Aji Picante (200g\/185ml) &#8216;Coexito&#8217;\"}]},{\"@type\":\"WebSite\",\"@id\":\"https:\/\/lavega.gr\/#website\",\"url\":\"https:\/\/lavega.gr\/\",\"name\":\"La Vega\",\"description\":\"Productos Latinos\",\"potentialAction\":[{\"@type\":\"SearchAction\",\"target\":{\"@type\":\"EntryPoint\",\"urlTemplate\":\"https:\/\/lavega.gr\/?s={search_term_string}\"},\"query-input\":\"required name=search_term_string\"}],\"inLanguage\":\"es\"}]}<\/script>\n<!-- \/ Yoast SEO plugin. -->","yoast_head_json":{"title":"Salsa Aji Picante (200g\/185ml) 'Coexito' | La Vega","description":"Qu\u00e9 es: El cl\u00e1sico e imprescindible aj\u00ed latinoamericano que no puede faltar en ninguna mesa. Ofrece un toque picante, afrutado y vibrante que realza los sabores sin quemar el paladar.","robots":{"index":"index","follow":"follow","max-snippet":"max-snippet:-1","max-image-preview":"max-image-preview:large","max-video-preview":"max-video-preview:-1"},"canonical":"https:\/\/lavega.gr\/es\/producto\/salsa-aji-picante-200g-185ml-coexito\/","og_locale":"es_ES","og_type":"article","og_title":"Salsa Aji Picante (200g\/185ml) 'Coexito' | La Vega","og_description":"Qu\u00e9 es: El cl\u00e1sico e imprescindible aj\u00ed latinoamericano que no puede faltar en ninguna mesa. Ofrece un toque picante, afrutado y vibrante que realza los sabores sin quemar el paladar.","og_url":"https:\/\/lavega.gr\/es\/producto\/salsa-aji-picante-200g-185ml-coexito\/","og_site_name":"La Vega","og_image":[{"width":1000,"height":1000,"url":"https:\/\/lavega.gr\/wp-content\/uploads\/2026\/05\/image00011.png","type":"image\/png"}],"twitter_card":"summary_large_image","schema":{"@context":"https:\/\/schema.org","@graph":[{"@type":"WebPage","@id":"https:\/\/lavega.gr\/es\/producto\/salsa-aji-picante-200g-185ml-coexito\/","url":"https:\/\/lavega.gr\/es\/producto\/salsa-aji-picante-200g-185ml-coexito\/","name":"Salsa Aji Picante (200g\/185ml) 'Coexito' | La Vega","isPartOf":{"@id":"https:\/\/lavega.gr\/#website"},"primaryImageOfPage":{"@id":"https:\/\/lavega.gr\/es\/producto\/salsa-aji-picante-200g-185ml-coexito\/#primaryimage"},"image":{"@id":"https:\/\/lavega.gr\/es\/producto\/salsa-aji-picante-200g-185ml-coexito\/#primaryimage"},"thumbnailUrl":"https:\/\/lavega.gr\/wp-content\/uploads\/2026\/05\/image00011.png","datePublished":"2026-05-04T10:53:26+00:00","dateModified":"2026-05-04T10:53:26+00:00","description":"Qu\u00e9 es: El cl\u00e1sico e imprescindible aj\u00ed latinoamericano que no puede faltar en ninguna mesa. Ofrece un toque picante, afrutado y vibrante que realza los sabores sin quemar el paladar.","breadcrumb":{"@id":"https:\/\/lavega.gr\/es\/producto\/salsa-aji-picante-200g-185ml-coexito\/#breadcrumb"},"inLanguage":"es","potentialAction":[{"@type":"ReadAction","target":["https:\/\/lavega.gr\/es\/producto\/salsa-aji-picante-200g-185ml-coexito\/"]}]},{"@type":"ImageObject","inLanguage":"es","@id":"https:\/\/lavega.gr\/es\/producto\/salsa-aji-picante-200g-185ml-coexito\/#primaryimage","url":"https:\/\/lavega.gr\/wp-content\/uploads\/2026\/05\/image00011.png","contentUrl":"https:\/\/lavega.gr\/wp-content\/uploads\/2026\/05\/image00011.png","width":1000,"height":1000},{"@type":"BreadcrumbList","@id":"https:\/\/lavega.gr\/es\/producto\/salsa-aji-picante-200g-185ml-coexito\/#breadcrumb","itemListElement":[{"@type":"ListItem","position":1,"name":"Home","item":"https:\/\/lavega.gr\/es\/"},{"@type":"ListItem","position":2,"name":"Productos","item":"https:\/\/lavega.gr\/es\/tienda\/"},{"@type":"ListItem","position":3,"name":"Salsa Aji Picante (200g\/185ml) &#8216;Coexito&#8217;"}]},{"@type":"WebSite","@id":"https:\/\/lavega.gr\/#website","url":"https:\/\/lavega.gr\/","name":"La Vega","description":"Productos Latinos","potentialAction":[{"@type":"SearchAction","target":{"@type":"EntryPoint","urlTemplate":"https:\/\/lavega.gr\/?s={search_term_string}"},"query-input":"required name=search_term_string"}],"inLanguage":"es"}]}},"_links":{"self":[{"href":"https:\/\/lavega.gr\/es\/wp-json\/wp\/v2\/product\/7190","targetHints":{"allow":["GET"]}}],"collection":[{"href":"https:\/\/lavega.gr\/es\/wp-json\/wp\/v2\/product"}],"about":[{"href":"https:\/\/lavega.gr\/es\/wp-json\/wp\/v2\/types\/product"}],"wp:featuredmedia":[{"embeddable":true,"href":"https:\/\/lavega.gr\/es\/wp-json\/wp\/v2\/media\/7188"}],"wp:attachment":[{"href":"https:\/\/lavega.gr\/es\/wp-json\/wp\/v2\/media?parent=7190"}],"wp:term":[{"taxonomy":"product_cat","embeddable":true,"href":"https:\/\/lavega.gr\/es\/wp-json\/wp\/v2\/product_cat?post=7190"},{"taxonomy":"product_tag","embeddable":true,"href":"https:\/\/lavega.gr\/es\/wp-json\/wp\/v2\/product_tag?post=7190"}],"curies":[{"name":"wp","href":"https:\/\/api.w.org\/{rel}","templated":true}]}}