{"id":6915,"date":"2026-02-27T13:56:27","date_gmt":"2026-02-27T11:56:27","guid":{"rendered":"https:\/\/lavega.gr\/product\/almidon-de-mandioca-1-kg-codipsa\/"},"modified":"2026-02-27T13:56:27","modified_gmt":"2026-02-27T11:56:27","slug":"almidon-de-mandioca-1-kg-codipsa","status":"publish","type":"product","link":"https:\/\/lavega.gr\/es\/producto\/almidon-de-mandioca-1-kg-codipsa\/","title":{"rendered":"Almid\u00f3n de Mandioca (1 kg) &#8216;Codipsa&#8217;"},"content":{"rendered":"<p>El almid\u00f3n de yuca, tambi\u00e9n conocido como almid\u00f3n de mandioca, es el ingrediente principal en la preparaci\u00f3n de la chipa. La chipa es un pan tradicional de la cocina paraguaya y del norte de Argentina, elaborado con almid\u00f3n de yuca, queso y otros ingredientes.<\/p>\n<p>Producto ideal para uso en embutidos, patatas fritas, confiter\u00eda y panader\u00eda por sus propiedades estabilizantes y gelificantes.<br \/>\nIdeal para dietas bajas en calor\u00edas. Apto para cel\u00edacos. Sin gluten.<br \/>\nPor 20 g<br \/>\nCalor\u00edas: 69 kcal<br \/>\nHidratos de carbono: 16,9 g<br \/>\nProte\u00ednas: 0,28 g<br \/>\nFibra diet\u00e9tica: 0,38 g<br \/>\nCantidades insignificantes de grasa y sodio<br \/>\nPeso neto: 1000 g<br \/>\nPa\u00eds de origen: Paraguay  <\/p>\n","protected":false},"excerpt":{"rendered":"<p>El almid\u00f3n de yuca, tambi\u00e9n conocido como almid\u00f3n de mandioca, es el ingrediente principal en la preparaci\u00f3n de la chipa. La chipa es un pan tradicional de la cocina paraguaya y del norte de Argentina, elaborado con almid\u00f3n de yuca, queso y otros ingredientes. Producto ideal para uso en embutidos, patatas fritas, confiter\u00eda y panader\u00eda&#8230;<\/p>\n","protected":false},"featured_media":6912,"template":"","meta":[],"product_cat":[126,88],"product_tag":[],"class_list":{"0":"post-6915","1":"product","2":"type-product","3":"status-publish","4":"has-post-thumbnail","6":"product_cat-harinas","7":"product_cat-alimentos","9":"first","10":"instock","11":"taxable","12":"shipping-taxable","13":"purchasable","14":"product-type-simple"},"yoast_head":"<!-- This site is optimized with the Yoast SEO plugin v22.3 - https:\/\/yoast.com\/wordpress\/plugins\/seo\/ -->\n<title>Almid\u00f3n de Mandioca (1 kg) &#039;Codipsa&#039; | La Vega<\/title>\n<meta name=\"description\" content=\"El almid\u00f3n de yuca, tambi\u00e9n conocido como almid\u00f3n de mandioca, es el ingrediente principal en la preparaci\u00f3n de la chipa. La chipa es un pan tradicional de la cocina paraguaya y del norte de Argentina, elaborado con almid\u00f3n de yuca, queso y otros ingredientes. Producto ideal para embutidos, papas fritas, pasteles y panader\u00edas gracias a sus propiedades estabilizantes y gelificantes. Ideal para dietas bajas en calor\u00edas. Apto para personas cel\u00edacas. Sin gluten.\" \/>\n<meta name=\"robots\" content=\"index, follow, max-snippet:-1, max-image-preview:large, max-video-preview:-1\" \/>\n<link rel=\"canonical\" href=\"https:\/\/lavega.gr\/es\/producto\/almidon-de-mandioca-1-kg-codipsa\/\" \/>\n<meta property=\"og:locale\" content=\"es_ES\" \/>\n<meta property=\"og:type\" content=\"article\" \/>\n<meta property=\"og:title\" content=\"Almid\u00f3n de Mandioca (1 kg) &#039;Codipsa&#039; | La Vega\" \/>\n<meta property=\"og:description\" content=\"El almid\u00f3n de yuca, tambi\u00e9n conocido como almid\u00f3n de mandioca, es el ingrediente principal en la preparaci\u00f3n de la chipa. La chipa es un pan tradicional de la cocina paraguaya y del norte de Argentina, elaborado con almid\u00f3n de yuca, queso y otros ingredientes. Producto ideal para embutidos, papas fritas, pasteles y panader\u00edas gracias a sus propiedades estabilizantes y gelificantes. Ideal para dietas bajas en calor\u00edas. Apto para personas cel\u00edacas. Sin gluten.\" \/>\n<meta property=\"og:url\" content=\"https:\/\/lavega.gr\/es\/producto\/almidon-de-mandioca-1-kg-codipsa\/\" \/>\n<meta property=\"og:site_name\" content=\"La Vega\" \/>\n<meta property=\"og:image\" content=\"https:\/\/lavega.gr\/wp-content\/uploads\/2026\/02\/1000013012.png\" \/>\n\t<meta property=\"og:image:width\" content=\"1440\" \/>\n\t<meta property=\"og:image:height\" content=\"2560\" \/>\n\t<meta property=\"og:image:type\" content=\"image\/png\" \/>\n<meta name=\"twitter:card\" content=\"summary_large_image\" \/>\n<meta name=\"twitter:label1\" content=\"Tiempo de lectura\" \/>\n\t<meta name=\"twitter:data1\" content=\"1 minuto\" \/>\n<script type=\"application\/ld+json\" class=\"yoast-schema-graph\">{\"@context\":\"https:\/\/schema.org\",\"@graph\":[{\"@type\":\"WebPage\",\"@id\":\"https:\/\/lavega.gr\/es\/producto\/almidon-de-mandioca-1-kg-codipsa\/\",\"url\":\"https:\/\/lavega.gr\/es\/producto\/almidon-de-mandioca-1-kg-codipsa\/\",\"name\":\"Almid\u00f3n de Mandioca (1 kg) 'Codipsa' | La Vega\",\"isPartOf\":{\"@id\":\"https:\/\/lavega.gr\/#website\"},\"primaryImageOfPage\":{\"@id\":\"https:\/\/lavega.gr\/es\/producto\/almidon-de-mandioca-1-kg-codipsa\/#primaryimage\"},\"image\":{\"@id\":\"https:\/\/lavega.gr\/es\/producto\/almidon-de-mandioca-1-kg-codipsa\/#primaryimage\"},\"thumbnailUrl\":\"https:\/\/lavega.gr\/wp-content\/uploads\/2026\/02\/1000013012.png\",\"datePublished\":\"2026-02-27T11:56:27+00:00\",\"dateModified\":\"2026-02-27T11:56:27+00:00\",\"description\":\"El almid\u00f3n de yuca, tambi\u00e9n conocido como almid\u00f3n de mandioca, es el ingrediente principal en la preparaci\u00f3n de la chipa. La chipa es un pan tradicional de la cocina paraguaya y del norte de Argentina, elaborado con almid\u00f3n de yuca, queso y otros ingredientes. Producto ideal para embutidos, papas fritas, pasteles y panader\u00edas gracias a sus propiedades estabilizantes y gelificantes. Ideal para dietas bajas en calor\u00edas. Apto para personas cel\u00edacas. Sin gluten.\",\"breadcrumb\":{\"@id\":\"https:\/\/lavega.gr\/es\/producto\/almidon-de-mandioca-1-kg-codipsa\/#breadcrumb\"},\"inLanguage\":\"es\",\"potentialAction\":[{\"@type\":\"ReadAction\",\"target\":[\"https:\/\/lavega.gr\/es\/producto\/almidon-de-mandioca-1-kg-codipsa\/\"]}]},{\"@type\":\"ImageObject\",\"inLanguage\":\"es\",\"@id\":\"https:\/\/lavega.gr\/es\/producto\/almidon-de-mandioca-1-kg-codipsa\/#primaryimage\",\"url\":\"https:\/\/lavega.gr\/wp-content\/uploads\/2026\/02\/1000013012.png\",\"contentUrl\":\"https:\/\/lavega.gr\/wp-content\/uploads\/2026\/02\/1000013012.png\",\"width\":1440,\"height\":2560},{\"@type\":\"BreadcrumbList\",\"@id\":\"https:\/\/lavega.gr\/es\/producto\/almidon-de-mandioca-1-kg-codipsa\/#breadcrumb\",\"itemListElement\":[{\"@type\":\"ListItem\",\"position\":1,\"name\":\"Home\",\"item\":\"https:\/\/lavega.gr\/es\/\"},{\"@type\":\"ListItem\",\"position\":2,\"name\":\"Productos\",\"item\":\"https:\/\/lavega.gr\/es\/tienda\/\"},{\"@type\":\"ListItem\",\"position\":3,\"name\":\"Almid\u00f3n de Mandioca (1 kg) &#8216;Codipsa&#8217;\"}]},{\"@type\":\"WebSite\",\"@id\":\"https:\/\/lavega.gr\/#website\",\"url\":\"https:\/\/lavega.gr\/\",\"name\":\"La Vega\",\"description\":\"Productos Latinos\",\"potentialAction\":[{\"@type\":\"SearchAction\",\"target\":{\"@type\":\"EntryPoint\",\"urlTemplate\":\"https:\/\/lavega.gr\/?s={search_term_string}\"},\"query-input\":\"required name=search_term_string\"}],\"inLanguage\":\"es\"}]}<\/script>\n<!-- \/ Yoast SEO plugin. -->","yoast_head_json":{"title":"Almid\u00f3n de Mandioca (1 kg) 'Codipsa' | La Vega","description":"El almid\u00f3n de yuca, tambi\u00e9n conocido como almid\u00f3n de mandioca, es el ingrediente principal en la preparaci\u00f3n de la chipa. La chipa es un pan tradicional de la cocina paraguaya y del norte de Argentina, elaborado con almid\u00f3n de yuca, queso y otros ingredientes. Producto ideal para embutidos, papas fritas, pasteles y panader\u00edas gracias a sus propiedades estabilizantes y gelificantes. Ideal para dietas bajas en calor\u00edas. Apto para personas cel\u00edacas. Sin gluten.","robots":{"index":"index","follow":"follow","max-snippet":"max-snippet:-1","max-image-preview":"max-image-preview:large","max-video-preview":"max-video-preview:-1"},"canonical":"https:\/\/lavega.gr\/es\/producto\/almidon-de-mandioca-1-kg-codipsa\/","og_locale":"es_ES","og_type":"article","og_title":"Almid\u00f3n de Mandioca (1 kg) 'Codipsa' | La Vega","og_description":"El almid\u00f3n de yuca, tambi\u00e9n conocido como almid\u00f3n de mandioca, es el ingrediente principal en la preparaci\u00f3n de la chipa. La chipa es un pan tradicional de la cocina paraguaya y del norte de Argentina, elaborado con almid\u00f3n de yuca, queso y otros ingredientes. Producto ideal para embutidos, papas fritas, pasteles y panader\u00edas gracias a sus propiedades estabilizantes y gelificantes. Ideal para dietas bajas en calor\u00edas. Apto para personas cel\u00edacas. Sin gluten.","og_url":"https:\/\/lavega.gr\/es\/producto\/almidon-de-mandioca-1-kg-codipsa\/","og_site_name":"La Vega","og_image":[{"width":1440,"height":2560,"url":"https:\/\/lavega.gr\/wp-content\/uploads\/2026\/02\/1000013012.png","type":"image\/png"}],"twitter_card":"summary_large_image","twitter_misc":{"Tiempo de lectura":"1 minuto"},"schema":{"@context":"https:\/\/schema.org","@graph":[{"@type":"WebPage","@id":"https:\/\/lavega.gr\/es\/producto\/almidon-de-mandioca-1-kg-codipsa\/","url":"https:\/\/lavega.gr\/es\/producto\/almidon-de-mandioca-1-kg-codipsa\/","name":"Almid\u00f3n de Mandioca (1 kg) 'Codipsa' | La Vega","isPartOf":{"@id":"https:\/\/lavega.gr\/#website"},"primaryImageOfPage":{"@id":"https:\/\/lavega.gr\/es\/producto\/almidon-de-mandioca-1-kg-codipsa\/#primaryimage"},"image":{"@id":"https:\/\/lavega.gr\/es\/producto\/almidon-de-mandioca-1-kg-codipsa\/#primaryimage"},"thumbnailUrl":"https:\/\/lavega.gr\/wp-content\/uploads\/2026\/02\/1000013012.png","datePublished":"2026-02-27T11:56:27+00:00","dateModified":"2026-02-27T11:56:27+00:00","description":"El almid\u00f3n de yuca, tambi\u00e9n conocido como almid\u00f3n de mandioca, es el ingrediente principal en la preparaci\u00f3n de la chipa. La chipa es un pan tradicional de la cocina paraguaya y del norte de Argentina, elaborado con almid\u00f3n de yuca, queso y otros ingredientes. Producto ideal para embutidos, papas fritas, pasteles y panader\u00edas gracias a sus propiedades estabilizantes y gelificantes. Ideal para dietas bajas en calor\u00edas. Apto para personas cel\u00edacas. Sin gluten.","breadcrumb":{"@id":"https:\/\/lavega.gr\/es\/producto\/almidon-de-mandioca-1-kg-codipsa\/#breadcrumb"},"inLanguage":"es","potentialAction":[{"@type":"ReadAction","target":["https:\/\/lavega.gr\/es\/producto\/almidon-de-mandioca-1-kg-codipsa\/"]}]},{"@type":"ImageObject","inLanguage":"es","@id":"https:\/\/lavega.gr\/es\/producto\/almidon-de-mandioca-1-kg-codipsa\/#primaryimage","url":"https:\/\/lavega.gr\/wp-content\/uploads\/2026\/02\/1000013012.png","contentUrl":"https:\/\/lavega.gr\/wp-content\/uploads\/2026\/02\/1000013012.png","width":1440,"height":2560},{"@type":"BreadcrumbList","@id":"https:\/\/lavega.gr\/es\/producto\/almidon-de-mandioca-1-kg-codipsa\/#breadcrumb","itemListElement":[{"@type":"ListItem","position":1,"name":"Home","item":"https:\/\/lavega.gr\/es\/"},{"@type":"ListItem","position":2,"name":"Productos","item":"https:\/\/lavega.gr\/es\/tienda\/"},{"@type":"ListItem","position":3,"name":"Almid\u00f3n de Mandioca (1 kg) &#8216;Codipsa&#8217;"}]},{"@type":"WebSite","@id":"https:\/\/lavega.gr\/#website","url":"https:\/\/lavega.gr\/","name":"La Vega","description":"Productos Latinos","potentialAction":[{"@type":"SearchAction","target":{"@type":"EntryPoint","urlTemplate":"https:\/\/lavega.gr\/?s={search_term_string}"},"query-input":"required name=search_term_string"}],"inLanguage":"es"}]}},"_links":{"self":[{"href":"https:\/\/lavega.gr\/es\/wp-json\/wp\/v2\/product\/6915","targetHints":{"allow":["GET"]}}],"collection":[{"href":"https:\/\/lavega.gr\/es\/wp-json\/wp\/v2\/product"}],"about":[{"href":"https:\/\/lavega.gr\/es\/wp-json\/wp\/v2\/types\/product"}],"wp:featuredmedia":[{"embeddable":true,"href":"https:\/\/lavega.gr\/es\/wp-json\/wp\/v2\/media\/6912"}],"wp:attachment":[{"href":"https:\/\/lavega.gr\/es\/wp-json\/wp\/v2\/media?parent=6915"}],"wp:term":[{"taxonomy":"product_cat","embeddable":true,"href":"https:\/\/lavega.gr\/es\/wp-json\/wp\/v2\/product_cat?post=6915"},{"taxonomy":"product_tag","embeddable":true,"href":"https:\/\/lavega.gr\/es\/wp-json\/wp\/v2\/product_tag?post=6915"}],"curies":[{"name":"wp","href":"https:\/\/api.w.org\/{rel}","templated":true}]}}