{"id":6909,"date":"2026-02-27T13:39:38","date_gmt":"2026-02-27T11:39:38","guid":{"rendered":"https:\/\/lavega.gr\/product\/lulu-en-almibar-790g-coexito\/"},"modified":"2026-03-23T14:38:07","modified_gmt":"2026-03-23T12:38:07","slug":"lulu-en-almibar-790g-coexito","status":"publish","type":"product","link":"https:\/\/lavega.gr\/es\/producto\/lulu-en-almibar-790g-coexito\/","title":{"rendered":"Lulo en Abono (790g) &#8216;Coexito&#8217;"},"content":{"rendered":"<p>Coexito Lulo en Alm\u00edbar contiene fruta de lulo conservada en alm\u00edbar dulce. El lulo es conocido por su sabor tropical, ligeramente c\u00edtrico, con una acidez refrescante. Los trozos de fruta se pueden usar en postres, como cobertura para helados o yogures, o como relleno para pasteles y reposter\u00eda. Listo para usar, a\u00f1ade un toque ex\u00f3tico a las recetas dulces.   <\/p>\n<p>Usos:<\/p>\n<p>\u2022 Preparaci\u00f3n de postres<br \/>\n\u2022 Cobertura de helado<br \/>\n\u2022 Relleno de pastel<br \/>\n\u2022 Acompa\u00f1amiento de yogur<\/p>\n<p>Valores nutricionales por 100g:<br \/>\nEnerg\u00eda 343 kJ \/ 82 kcal, Grasas 0 g, de las cuales saturadas 0 g, Hidratos de carbono 26 g, de los cuales az\u00facares 15 g, Prote\u00ednas 0 g, Sal 0,02 g.<\/p>\n<p>Pa\u00eds de origen: Colombia<br \/>\nPeso neto: 790 g<\/p>\n","protected":false},"excerpt":{"rendered":"<p>Coexito Lulo en Alm\u00edbar contiene fruta de lulo conservada en alm\u00edbar dulce. El lulo es conocido por su sabor tropical, ligeramente c\u00edtrico, con una acidez refrescante. Los trozos de fruta se pueden usar en postres, como cobertura para helados o yogures, o como relleno para pasteles y reposter\u00eda. Listo para usar, a\u00f1ade un toque ex\u00f3tico&#8230;<\/p>\n","protected":false},"featured_media":7032,"template":"","meta":[],"product_cat":[127,88],"product_tag":[],"class_list":{"0":"post-6909","1":"product","2":"type-product","3":"status-publish","4":"has-post-thumbnail","6":"product_cat-dulces-mermeladas","7":"product_cat-alimentos","9":"first","10":"instock","11":"taxable","12":"shipping-taxable","13":"purchasable","14":"product-type-simple"},"yoast_head":"<!-- This site is optimized with the Yoast SEO plugin v22.3 - https:\/\/yoast.com\/wordpress\/plugins\/seo\/ -->\n<title>Lulo en Abono (790g) &#039;Coexito&#039; | La Vega<\/title>\n<meta name=\"description\" content=\"Coexito Lulo en Alm\u00edbar contiene fruta de lulo conservada en alm\u00edbar dulce. El lulo es conocido por su sabor tropical, ligeramente c\u00edtrico, con una acidez refrescante. Los trozos de fruta se pueden usar en postres, como cobertura para helados o yogures, o como relleno para pasteles y reposter\u00eda. Listo para usar, a\u00f1ade un toque ex\u00f3tico a las recetas dulces.\" \/>\n<meta name=\"robots\" content=\"index, follow, max-snippet:-1, max-image-preview:large, max-video-preview:-1\" \/>\n<link rel=\"canonical\" href=\"https:\/\/lavega.gr\/es\/producto\/lulu-en-almibar-790g-coexito\/\" \/>\n<meta property=\"og:locale\" content=\"es_ES\" \/>\n<meta property=\"og:type\" content=\"article\" \/>\n<meta property=\"og:title\" content=\"Lulo en Abono (790g) &#039;Coexito&#039; | La Vega\" \/>\n<meta property=\"og:description\" content=\"Coexito Lulo en Alm\u00edbar contiene fruta de lulo conservada en alm\u00edbar dulce. El lulo es conocido por su sabor tropical, ligeramente c\u00edtrico, con una acidez refrescante. Los trozos de fruta se pueden usar en postres, como cobertura para helados o yogures, o como relleno para pasteles y reposter\u00eda. Listo para usar, a\u00f1ade un toque ex\u00f3tico a las recetas dulces.\" \/>\n<meta property=\"og:url\" content=\"https:\/\/lavega.gr\/es\/producto\/lulu-en-almibar-790g-coexito\/\" \/>\n<meta property=\"og:site_name\" content=\"La Vega\" \/>\n<meta property=\"article:modified_time\" content=\"2026-03-23T12:38:07+00:00\" \/>\n<meta property=\"og:image\" content=\"https:\/\/lavega.gr\/wp-content\/uploads\/2026\/02\/1000013013.png\" \/>\n\t<meta property=\"og:image:width\" content=\"1440\" \/>\n\t<meta property=\"og:image:height\" content=\"2560\" \/>\n\t<meta property=\"og:image:type\" content=\"image\/png\" \/>\n<meta name=\"twitter:card\" content=\"summary_large_image\" \/>\n<meta name=\"twitter:label1\" content=\"Tiempo de lectura\" \/>\n\t<meta name=\"twitter:data1\" content=\"1 minuto\" \/>\n<script type=\"application\/ld+json\" class=\"yoast-schema-graph\">{\"@context\":\"https:\/\/schema.org\",\"@graph\":[{\"@type\":\"WebPage\",\"@id\":\"https:\/\/lavega.gr\/es\/producto\/lulu-en-almibar-790g-coexito\/\",\"url\":\"https:\/\/lavega.gr\/es\/producto\/lulu-en-almibar-790g-coexito\/\",\"name\":\"Lulo en Abono (790g) 'Coexito' | La Vega\",\"isPartOf\":{\"@id\":\"https:\/\/lavega.gr\/#website\"},\"primaryImageOfPage\":{\"@id\":\"https:\/\/lavega.gr\/es\/producto\/lulu-en-almibar-790g-coexito\/#primaryimage\"},\"image\":{\"@id\":\"https:\/\/lavega.gr\/es\/producto\/lulu-en-almibar-790g-coexito\/#primaryimage\"},\"thumbnailUrl\":\"https:\/\/lavega.gr\/wp-content\/uploads\/2026\/02\/1000013056.png\",\"datePublished\":\"2026-02-27T11:39:38+00:00\",\"dateModified\":\"2026-03-23T12:38:07+00:00\",\"description\":\"Coexito Lulo en Alm\u00edbar contiene fruta de lulo conservada en alm\u00edbar dulce. El lulo es conocido por su sabor tropical, ligeramente c\u00edtrico, con una acidez refrescante. Los trozos de fruta se pueden usar en postres, como cobertura para helados o yogures, o como relleno para pasteles y reposter\u00eda. Listo para usar, a\u00f1ade un toque ex\u00f3tico a las recetas dulces.\",\"breadcrumb\":{\"@id\":\"https:\/\/lavega.gr\/es\/producto\/lulu-en-almibar-790g-coexito\/#breadcrumb\"},\"inLanguage\":\"es\",\"potentialAction\":[{\"@type\":\"ReadAction\",\"target\":[\"https:\/\/lavega.gr\/es\/producto\/lulu-en-almibar-790g-coexito\/\"]}]},{\"@type\":\"ImageObject\",\"inLanguage\":\"es\",\"@id\":\"https:\/\/lavega.gr\/es\/producto\/lulu-en-almibar-790g-coexito\/#primaryimage\",\"url\":\"https:\/\/lavega.gr\/wp-content\/uploads\/2026\/02\/1000013056.png\",\"contentUrl\":\"https:\/\/lavega.gr\/wp-content\/uploads\/2026\/02\/1000013056.png\",\"width\":1000,\"height\":1000},{\"@type\":\"BreadcrumbList\",\"@id\":\"https:\/\/lavega.gr\/es\/producto\/lulu-en-almibar-790g-coexito\/#breadcrumb\",\"itemListElement\":[{\"@type\":\"ListItem\",\"position\":1,\"name\":\"Home\",\"item\":\"https:\/\/lavega.gr\/es\/\"},{\"@type\":\"ListItem\",\"position\":2,\"name\":\"Productos\",\"item\":\"https:\/\/lavega.gr\/es\/tienda\/\"},{\"@type\":\"ListItem\",\"position\":3,\"name\":\"Lulo en Abono (790g) &#8216;Coexito&#8217;\"}]},{\"@type\":\"WebSite\",\"@id\":\"https:\/\/lavega.gr\/#website\",\"url\":\"https:\/\/lavega.gr\/\",\"name\":\"La Vega\",\"description\":\"Productos Latinos\",\"potentialAction\":[{\"@type\":\"SearchAction\",\"target\":{\"@type\":\"EntryPoint\",\"urlTemplate\":\"https:\/\/lavega.gr\/?s={search_term_string}\"},\"query-input\":\"required name=search_term_string\"}],\"inLanguage\":\"es\"}]}<\/script>\n<!-- \/ Yoast SEO plugin. -->","yoast_head_json":{"title":"Lulo en Abono (790g) 'Coexito' | La Vega","description":"Coexito Lulo en Alm\u00edbar contiene fruta de lulo conservada en alm\u00edbar dulce. El lulo es conocido por su sabor tropical, ligeramente c\u00edtrico, con una acidez refrescante. Los trozos de fruta se pueden usar en postres, como cobertura para helados o yogures, o como relleno para pasteles y reposter\u00eda. Listo para usar, a\u00f1ade un toque ex\u00f3tico a las recetas dulces.","robots":{"index":"index","follow":"follow","max-snippet":"max-snippet:-1","max-image-preview":"max-image-preview:large","max-video-preview":"max-video-preview:-1"},"canonical":"https:\/\/lavega.gr\/es\/producto\/lulu-en-almibar-790g-coexito\/","og_locale":"es_ES","og_type":"article","og_title":"Lulo en Abono (790g) 'Coexito' | La Vega","og_description":"Coexito Lulo en Alm\u00edbar contiene fruta de lulo conservada en alm\u00edbar dulce. El lulo es conocido por su sabor tropical, ligeramente c\u00edtrico, con una acidez refrescante. Los trozos de fruta se pueden usar en postres, como cobertura para helados o yogures, o como relleno para pasteles y reposter\u00eda. Listo para usar, a\u00f1ade un toque ex\u00f3tico a las recetas dulces.","og_url":"https:\/\/lavega.gr\/es\/producto\/lulu-en-almibar-790g-coexito\/","og_site_name":"La Vega","article_modified_time":"2026-03-23T12:38:07+00:00","og_image":[{"width":1440,"height":2560,"url":"https:\/\/lavega.gr\/wp-content\/uploads\/2026\/02\/1000013013.png","type":"image\/png"}],"twitter_card":"summary_large_image","twitter_misc":{"Tiempo de lectura":"1 minuto"},"schema":{"@context":"https:\/\/schema.org","@graph":[{"@type":"WebPage","@id":"https:\/\/lavega.gr\/es\/producto\/lulu-en-almibar-790g-coexito\/","url":"https:\/\/lavega.gr\/es\/producto\/lulu-en-almibar-790g-coexito\/","name":"Lulo en Abono (790g) 'Coexito' | La Vega","isPartOf":{"@id":"https:\/\/lavega.gr\/#website"},"primaryImageOfPage":{"@id":"https:\/\/lavega.gr\/es\/producto\/lulu-en-almibar-790g-coexito\/#primaryimage"},"image":{"@id":"https:\/\/lavega.gr\/es\/producto\/lulu-en-almibar-790g-coexito\/#primaryimage"},"thumbnailUrl":"https:\/\/lavega.gr\/wp-content\/uploads\/2026\/02\/1000013056.png","datePublished":"2026-02-27T11:39:38+00:00","dateModified":"2026-03-23T12:38:07+00:00","description":"Coexito Lulo en Alm\u00edbar contiene fruta de lulo conservada en alm\u00edbar dulce. El lulo es conocido por su sabor tropical, ligeramente c\u00edtrico, con una acidez refrescante. Los trozos de fruta se pueden usar en postres, como cobertura para helados o yogures, o como relleno para pasteles y reposter\u00eda. Listo para usar, a\u00f1ade un toque ex\u00f3tico a las recetas dulces.","breadcrumb":{"@id":"https:\/\/lavega.gr\/es\/producto\/lulu-en-almibar-790g-coexito\/#breadcrumb"},"inLanguage":"es","potentialAction":[{"@type":"ReadAction","target":["https:\/\/lavega.gr\/es\/producto\/lulu-en-almibar-790g-coexito\/"]}]},{"@type":"ImageObject","inLanguage":"es","@id":"https:\/\/lavega.gr\/es\/producto\/lulu-en-almibar-790g-coexito\/#primaryimage","url":"https:\/\/lavega.gr\/wp-content\/uploads\/2026\/02\/1000013056.png","contentUrl":"https:\/\/lavega.gr\/wp-content\/uploads\/2026\/02\/1000013056.png","width":1000,"height":1000},{"@type":"BreadcrumbList","@id":"https:\/\/lavega.gr\/es\/producto\/lulu-en-almibar-790g-coexito\/#breadcrumb","itemListElement":[{"@type":"ListItem","position":1,"name":"Home","item":"https:\/\/lavega.gr\/es\/"},{"@type":"ListItem","position":2,"name":"Productos","item":"https:\/\/lavega.gr\/es\/tienda\/"},{"@type":"ListItem","position":3,"name":"Lulo en Abono (790g) &#8216;Coexito&#8217;"}]},{"@type":"WebSite","@id":"https:\/\/lavega.gr\/#website","url":"https:\/\/lavega.gr\/","name":"La Vega","description":"Productos Latinos","potentialAction":[{"@type":"SearchAction","target":{"@type":"EntryPoint","urlTemplate":"https:\/\/lavega.gr\/?s={search_term_string}"},"query-input":"required name=search_term_string"}],"inLanguage":"es"}]}},"_links":{"self":[{"href":"https:\/\/lavega.gr\/es\/wp-json\/wp\/v2\/product\/6909","targetHints":{"allow":["GET"]}}],"collection":[{"href":"https:\/\/lavega.gr\/es\/wp-json\/wp\/v2\/product"}],"about":[{"href":"https:\/\/lavega.gr\/es\/wp-json\/wp\/v2\/types\/product"}],"wp:featuredmedia":[{"embeddable":true,"href":"https:\/\/lavega.gr\/es\/wp-json\/wp\/v2\/media\/7032"}],"wp:attachment":[{"href":"https:\/\/lavega.gr\/es\/wp-json\/wp\/v2\/media?parent=6909"}],"wp:term":[{"taxonomy":"product_cat","embeddable":true,"href":"https:\/\/lavega.gr\/es\/wp-json\/wp\/v2\/product_cat?post=6909"},{"taxonomy":"product_tag","embeddable":true,"href":"https:\/\/lavega.gr\/es\/wp-json\/wp\/v2\/product_tag?post=6909"}],"curies":[{"name":"wp","href":"https:\/\/api.w.org\/{rel}","templated":true}]}}