{"id":6764,"date":"2025-12-10T11:40:42","date_gmt":"2025-12-10T09:40:42","guid":{"rendered":"https:\/\/lavega.gr\/product\/piruletas-de-sandia-bon-bon-bum-408-g\/"},"modified":"2026-03-16T19:06:55","modified_gmt":"2026-03-16T17:06:55","slug":"piruletas-de-sandia-bon-bon-bum-408-g","status":"publish","type":"product","link":"https:\/\/lavega.gr\/es\/producto\/piruletas-de-sandia-bon-bon-bum-408-g\/","title":{"rendered":"Piruletas de sand\u00eda \u2018Bon Bon Bum\u2019 (408 g)"},"content":{"rendered":"<p>24 und<\/p>\n<p>Bon Bon Bum, \u00a1las paletas con sabor a sand\u00eda m\u00e1s famosas de Latinoam\u00e9rica!<\/p>\n<p>Su historia comenz\u00f3 en Colombia en los a\u00f1os 60, \u00a1su innovaci\u00f3n en forma de paletas gomosas fue amada por j\u00f3venes y mayores!<\/p>\n<p>Se clasifica como el cuarto chicle m\u00e1s vendido en el mundo!<\/p>\n<p>Ingredientes: Az\u00facar, jarabe de glucosa, goma base, colorantes. Puede contener cacahuetes, frutos secos, leche y gluten. <\/p>\n","protected":false},"excerpt":{"rendered":"<p>24 und Bon Bon Bum, \u00a1las paletas con sabor a sand\u00eda m\u00e1s famosas de Latinoam\u00e9rica! Su historia comenz\u00f3 en Colombia en los a\u00f1os 60, \u00a1su innovaci\u00f3n en forma de paletas gomosas fue amada por j\u00f3venes y mayores! Se clasifica como el cuarto chicle m\u00e1s vendido en el mundo! Ingredientes: Az\u00facar, jarabe de glucosa, goma base,&#8230;<\/p>\n","protected":false},"featured_media":6744,"template":"","meta":[],"product_cat":[88,127],"product_tag":[],"class_list":{"0":"post-6764","1":"product","2":"type-product","3":"status-publish","4":"has-post-thumbnail","6":"product_cat-ingredientes-autenticos-para-cocinar","7":"product_cat-dulces-mermeladas","9":"first","10":"outofstock","11":"taxable","12":"shipping-taxable","13":"purchasable","14":"product-type-simple"},"yoast_head":"<!-- This site is optimized with the Yoast SEO plugin v22.3 - https:\/\/yoast.com\/wordpress\/plugins\/seo\/ -->\n<title>Piruletas de sand\u00eda \u2018Bon Bon Bum\u2019 (408 g) | La Vega<\/title>\n<meta name=\"description\" content=\"Bon Bon Bum, \u00a1las piruletas con sabor a sand\u00eda m\u00e1s famosas de Latinoam\u00e9rica! Su historia comenz\u00f3 en Colombia en los a\u00f1os 60. Su innovaci\u00f3n como piruletas de chicle fue del agrado de j\u00f3venes y mayores. \u00a1Es la cuarta piruleta de chicle m\u00e1s vendida del mundo!\" \/>\n<meta name=\"robots\" content=\"index, follow, max-snippet:-1, max-image-preview:large, max-video-preview:-1\" \/>\n<link rel=\"canonical\" href=\"https:\/\/lavega.gr\/es\/producto\/piruletas-de-sandia-bon-bon-bum-408-g\/\" \/>\n<meta property=\"og:locale\" content=\"es_ES\" \/>\n<meta property=\"og:type\" content=\"article\" \/>\n<meta property=\"og:title\" content=\"Piruletas de sand\u00eda \u2018Bon Bon Bum\u2019 (408 g) | La Vega\" \/>\n<meta property=\"og:description\" content=\"Bon Bon Bum, \u00a1las piruletas con sabor a sand\u00eda m\u00e1s famosas de Latinoam\u00e9rica! Su historia comenz\u00f3 en Colombia en los a\u00f1os 60. Su innovaci\u00f3n como piruletas de chicle fue del agrado de j\u00f3venes y mayores. \u00a1Es la cuarta piruleta de chicle m\u00e1s vendida del mundo!\" \/>\n<meta property=\"og:url\" content=\"https:\/\/lavega.gr\/es\/producto\/piruletas-de-sandia-bon-bon-bum-408-g\/\" \/>\n<meta property=\"og:site_name\" content=\"La Vega\" \/>\n<meta property=\"article:modified_time\" content=\"2026-03-16T17:06:55+00:00\" \/>\n<meta property=\"og:image\" content=\"https:\/\/lavega.gr\/wp-content\/uploads\/2025\/12\/791f6569-03ab-485f-ab6d-b62fb9cb2ec0-1.png\" \/>\n\t<meta property=\"og:image:width\" content=\"1000\" \/>\n\t<meta property=\"og:image:height\" content=\"1000\" \/>\n\t<meta property=\"og:image:type\" content=\"image\/png\" \/>\n<meta name=\"twitter:card\" content=\"summary_large_image\" \/>\n<script type=\"application\/ld+json\" class=\"yoast-schema-graph\">{\"@context\":\"https:\/\/schema.org\",\"@graph\":[{\"@type\":\"WebPage\",\"@id\":\"https:\/\/lavega.gr\/es\/producto\/piruletas-de-sandia-bon-bon-bum-408-g\/\",\"url\":\"https:\/\/lavega.gr\/es\/producto\/piruletas-de-sandia-bon-bon-bum-408-g\/\",\"name\":\"Piruletas de sand\u00eda \u2018Bon Bon Bum\u2019 (408 g) | La Vega\",\"isPartOf\":{\"@id\":\"https:\/\/lavega.gr\/#website\"},\"primaryImageOfPage\":{\"@id\":\"https:\/\/lavega.gr\/es\/producto\/piruletas-de-sandia-bon-bon-bum-408-g\/#primaryimage\"},\"image\":{\"@id\":\"https:\/\/lavega.gr\/es\/producto\/piruletas-de-sandia-bon-bon-bum-408-g\/#primaryimage\"},\"thumbnailUrl\":\"https:\/\/lavega.gr\/wp-content\/uploads\/2025\/12\/791f6569-03ab-485f-ab6d-b62fb9cb2ec0-1.png\",\"datePublished\":\"2025-12-10T09:40:42+00:00\",\"dateModified\":\"2026-03-16T17:06:55+00:00\",\"description\":\"Bon Bon Bum, \u00a1las piruletas con sabor a sand\u00eda m\u00e1s famosas de Latinoam\u00e9rica! Su historia comenz\u00f3 en Colombia en los a\u00f1os 60. Su innovaci\u00f3n como piruletas de chicle fue del agrado de j\u00f3venes y mayores. \u00a1Es la cuarta piruleta de chicle m\u00e1s vendida del mundo!\",\"breadcrumb\":{\"@id\":\"https:\/\/lavega.gr\/es\/producto\/piruletas-de-sandia-bon-bon-bum-408-g\/#breadcrumb\"},\"inLanguage\":\"es\",\"potentialAction\":[{\"@type\":\"ReadAction\",\"target\":[\"https:\/\/lavega.gr\/es\/producto\/piruletas-de-sandia-bon-bon-bum-408-g\/\"]}]},{\"@type\":\"ImageObject\",\"inLanguage\":\"es\",\"@id\":\"https:\/\/lavega.gr\/es\/producto\/piruletas-de-sandia-bon-bon-bum-408-g\/#primaryimage\",\"url\":\"https:\/\/lavega.gr\/wp-content\/uploads\/2025\/12\/791f6569-03ab-485f-ab6d-b62fb9cb2ec0-1.png\",\"contentUrl\":\"https:\/\/lavega.gr\/wp-content\/uploads\/2025\/12\/791f6569-03ab-485f-ab6d-b62fb9cb2ec0-1.png\",\"width\":1000,\"height\":1000},{\"@type\":\"BreadcrumbList\",\"@id\":\"https:\/\/lavega.gr\/es\/producto\/piruletas-de-sandia-bon-bon-bum-408-g\/#breadcrumb\",\"itemListElement\":[{\"@type\":\"ListItem\",\"position\":1,\"name\":\"Home\",\"item\":\"https:\/\/lavega.gr\/es\/\"},{\"@type\":\"ListItem\",\"position\":2,\"name\":\"Productos\",\"item\":\"https:\/\/lavega.gr\/es\/tienda\/\"},{\"@type\":\"ListItem\",\"position\":3,\"name\":\"Piruletas de sand\u00eda \u2018Bon Bon Bum\u2019 (408 g)\"}]},{\"@type\":\"WebSite\",\"@id\":\"https:\/\/lavega.gr\/#website\",\"url\":\"https:\/\/lavega.gr\/\",\"name\":\"La Vega\",\"description\":\"Productos Latinos\",\"potentialAction\":[{\"@type\":\"SearchAction\",\"target\":{\"@type\":\"EntryPoint\",\"urlTemplate\":\"https:\/\/lavega.gr\/?s={search_term_string}\"},\"query-input\":\"required name=search_term_string\"}],\"inLanguage\":\"es\"}]}<\/script>\n<!-- \/ Yoast SEO plugin. -->","yoast_head_json":{"title":"Piruletas de sand\u00eda \u2018Bon Bon Bum\u2019 (408 g) | La Vega","description":"Bon Bon Bum, \u00a1las piruletas con sabor a sand\u00eda m\u00e1s famosas de Latinoam\u00e9rica! Su historia comenz\u00f3 en Colombia en los a\u00f1os 60. Su innovaci\u00f3n como piruletas de chicle fue del agrado de j\u00f3venes y mayores. \u00a1Es la cuarta piruleta de chicle m\u00e1s vendida del mundo!","robots":{"index":"index","follow":"follow","max-snippet":"max-snippet:-1","max-image-preview":"max-image-preview:large","max-video-preview":"max-video-preview:-1"},"canonical":"https:\/\/lavega.gr\/es\/producto\/piruletas-de-sandia-bon-bon-bum-408-g\/","og_locale":"es_ES","og_type":"article","og_title":"Piruletas de sand\u00eda \u2018Bon Bon Bum\u2019 (408 g) | La Vega","og_description":"Bon Bon Bum, \u00a1las piruletas con sabor a sand\u00eda m\u00e1s famosas de Latinoam\u00e9rica! Su historia comenz\u00f3 en Colombia en los a\u00f1os 60. Su innovaci\u00f3n como piruletas de chicle fue del agrado de j\u00f3venes y mayores. \u00a1Es la cuarta piruleta de chicle m\u00e1s vendida del mundo!","og_url":"https:\/\/lavega.gr\/es\/producto\/piruletas-de-sandia-bon-bon-bum-408-g\/","og_site_name":"La Vega","article_modified_time":"2026-03-16T17:06:55+00:00","og_image":[{"width":1000,"height":1000,"url":"https:\/\/lavega.gr\/wp-content\/uploads\/2025\/12\/791f6569-03ab-485f-ab6d-b62fb9cb2ec0-1.png","type":"image\/png"}],"twitter_card":"summary_large_image","schema":{"@context":"https:\/\/schema.org","@graph":[{"@type":"WebPage","@id":"https:\/\/lavega.gr\/es\/producto\/piruletas-de-sandia-bon-bon-bum-408-g\/","url":"https:\/\/lavega.gr\/es\/producto\/piruletas-de-sandia-bon-bon-bum-408-g\/","name":"Piruletas de sand\u00eda \u2018Bon Bon Bum\u2019 (408 g) | La Vega","isPartOf":{"@id":"https:\/\/lavega.gr\/#website"},"primaryImageOfPage":{"@id":"https:\/\/lavega.gr\/es\/producto\/piruletas-de-sandia-bon-bon-bum-408-g\/#primaryimage"},"image":{"@id":"https:\/\/lavega.gr\/es\/producto\/piruletas-de-sandia-bon-bon-bum-408-g\/#primaryimage"},"thumbnailUrl":"https:\/\/lavega.gr\/wp-content\/uploads\/2025\/12\/791f6569-03ab-485f-ab6d-b62fb9cb2ec0-1.png","datePublished":"2025-12-10T09:40:42+00:00","dateModified":"2026-03-16T17:06:55+00:00","description":"Bon Bon Bum, \u00a1las piruletas con sabor a sand\u00eda m\u00e1s famosas de Latinoam\u00e9rica! Su historia comenz\u00f3 en Colombia en los a\u00f1os 60. Su innovaci\u00f3n como piruletas de chicle fue del agrado de j\u00f3venes y mayores. \u00a1Es la cuarta piruleta de chicle m\u00e1s vendida del mundo!","breadcrumb":{"@id":"https:\/\/lavega.gr\/es\/producto\/piruletas-de-sandia-bon-bon-bum-408-g\/#breadcrumb"},"inLanguage":"es","potentialAction":[{"@type":"ReadAction","target":["https:\/\/lavega.gr\/es\/producto\/piruletas-de-sandia-bon-bon-bum-408-g\/"]}]},{"@type":"ImageObject","inLanguage":"es","@id":"https:\/\/lavega.gr\/es\/producto\/piruletas-de-sandia-bon-bon-bum-408-g\/#primaryimage","url":"https:\/\/lavega.gr\/wp-content\/uploads\/2025\/12\/791f6569-03ab-485f-ab6d-b62fb9cb2ec0-1.png","contentUrl":"https:\/\/lavega.gr\/wp-content\/uploads\/2025\/12\/791f6569-03ab-485f-ab6d-b62fb9cb2ec0-1.png","width":1000,"height":1000},{"@type":"BreadcrumbList","@id":"https:\/\/lavega.gr\/es\/producto\/piruletas-de-sandia-bon-bon-bum-408-g\/#breadcrumb","itemListElement":[{"@type":"ListItem","position":1,"name":"Home","item":"https:\/\/lavega.gr\/es\/"},{"@type":"ListItem","position":2,"name":"Productos","item":"https:\/\/lavega.gr\/es\/tienda\/"},{"@type":"ListItem","position":3,"name":"Piruletas de sand\u00eda \u2018Bon Bon Bum\u2019 (408 g)"}]},{"@type":"WebSite","@id":"https:\/\/lavega.gr\/#website","url":"https:\/\/lavega.gr\/","name":"La Vega","description":"Productos Latinos","potentialAction":[{"@type":"SearchAction","target":{"@type":"EntryPoint","urlTemplate":"https:\/\/lavega.gr\/?s={search_term_string}"},"query-input":"required name=search_term_string"}],"inLanguage":"es"}]}},"_links":{"self":[{"href":"https:\/\/lavega.gr\/es\/wp-json\/wp\/v2\/product\/6764","targetHints":{"allow":["GET"]}}],"collection":[{"href":"https:\/\/lavega.gr\/es\/wp-json\/wp\/v2\/product"}],"about":[{"href":"https:\/\/lavega.gr\/es\/wp-json\/wp\/v2\/types\/product"}],"wp:featuredmedia":[{"embeddable":true,"href":"https:\/\/lavega.gr\/es\/wp-json\/wp\/v2\/media\/6744"}],"wp:attachment":[{"href":"https:\/\/lavega.gr\/es\/wp-json\/wp\/v2\/media?parent=6764"}],"wp:term":[{"taxonomy":"product_cat","embeddable":true,"href":"https:\/\/lavega.gr\/es\/wp-json\/wp\/v2\/product_cat?post=6764"},{"taxonomy":"product_tag","embeddable":true,"href":"https:\/\/lavega.gr\/es\/wp-json\/wp\/v2\/product_tag?post=6764"}],"curies":[{"name":"wp","href":"https:\/\/api.w.org\/{rel}","templated":true}]}}