{"id":6763,"date":"2025-12-10T11:37:01","date_gmt":"2025-12-10T09:37:01","guid":{"rendered":"https:\/\/lavega.gr\/product\/yerba-mate-la-merced-500g\/"},"modified":"2025-12-10T11:37:01","modified_gmt":"2025-12-10T09:37:01","slug":"yerba-mate-la-merced-500g","status":"publish","type":"product","link":"https:\/\/lavega.gr\/es\/producto\/yerba-mate-la-merced-500g\/","title":{"rendered":"Yerba Mate &#8216;La Merced&#8217; (500g)"},"content":{"rendered":"<p>La Merced Campo Sur es una fina yerba mate de plantaciones seleccionadas conocida por su aroma equilibrado y su sabor pleno y suave.<\/p>\n<p>Maduro, arom\u00e1tico y con intensidad natural, ofrece una aut\u00e9ntica experiencia de mate para quienes buscan calidad y disfrute consistente en cada preparaci\u00f3n.<\/p>\n<p>\u00a1Es 100% natural sin conservantes artificiales ni otros productos qu\u00edmicos a\u00f1adidos!<\/p>\n<p>El mate<\/p>\n<p>se dice que tiene las propiedades del t\u00e9, la fuerza del caf\u00e9 y el placer del chocolate. Proviene de un arbusto o peque\u00f1o \u00e1rbol (Ilex paraguariensis), que crece en Argentina, Paraguay, Brasil y Uruguay.<\/p>\n<p>&nbsp;<\/p>\n","protected":false},"excerpt":{"rendered":"<p>La Merced Campo Sur es una fina yerba mate de plantaciones seleccionadas conocida por su aroma equilibrado y su sabor pleno y suave. Maduro, arom\u00e1tico y con intensidad natural, ofrece una aut\u00e9ntica experiencia de mate para quienes buscan calidad y disfrute consistente en cada preparaci\u00f3n. \u00a1Es 100% natural sin conservantes artificiales ni otros productos qu\u00edmicos&#8230;<\/p>\n","protected":false},"featured_media":6741,"template":"","meta":[],"product_cat":[124,89],"product_tag":[],"class_list":{"0":"post-6763","1":"product","2":"type-product","3":"status-publish","4":"has-post-thumbnail","6":"product_cat-cafe-te","7":"product_cat-bebidas","9":"first","10":"outofstock","11":"taxable","12":"shipping-taxable","13":"purchasable","14":"product-type-simple"},"yoast_head":"<!-- This site is optimized with the Yoast SEO plugin v22.3 - https:\/\/yoast.com\/wordpress\/plugins\/seo\/ -->\n<title>Yerba Mate &#039;La Merced&#039; (500g) | La Vega<\/title>\n<meta name=\"description\" content=\"La Merced Campo Sur es una yerba mate fina de plantaciones seleccionadas, conocida por su aroma equilibrado y sabor pleno y suave. Madura, arom\u00e1tica y con una intensidad natural, ofrece una aut\u00e9ntica experiencia mate para quienes buscan calidad y un disfrute constante en cada preparaci\u00f3n. \u00a1Es 100 % natural, sin conservantes artificiales ni otros qu\u00edmicos a\u00f1adidos!\" \/>\n<meta name=\"robots\" content=\"index, follow, max-snippet:-1, max-image-preview:large, max-video-preview:-1\" \/>\n<link rel=\"canonical\" href=\"https:\/\/lavega.gr\/es\/producto\/yerba-mate-la-merced-500g\/\" \/>\n<meta property=\"og:locale\" content=\"es_ES\" \/>\n<meta property=\"og:type\" content=\"article\" \/>\n<meta property=\"og:title\" content=\"Yerba Mate &#039;La Merced&#039; (500g) | La Vega\" \/>\n<meta property=\"og:description\" content=\"La Merced Campo Sur es una yerba mate fina de plantaciones seleccionadas, conocida por su aroma equilibrado y sabor pleno y suave. Madura, arom\u00e1tica y con una intensidad natural, ofrece una aut\u00e9ntica experiencia mate para quienes buscan calidad y un disfrute constante en cada preparaci\u00f3n. \u00a1Es 100 % natural, sin conservantes artificiales ni otros qu\u00edmicos a\u00f1adidos!\" \/>\n<meta property=\"og:url\" content=\"https:\/\/lavega.gr\/es\/producto\/yerba-mate-la-merced-500g\/\" \/>\n<meta property=\"og:site_name\" content=\"La Vega\" \/>\n<meta property=\"og:image\" content=\"https:\/\/lavega.gr\/wp-content\/uploads\/2025\/12\/754b33bf-eaa9-4baa-af19-78b9dbf09c8a-1.png\" \/>\n\t<meta property=\"og:image:width\" content=\"1000\" \/>\n\t<meta property=\"og:image:height\" content=\"1000\" \/>\n\t<meta property=\"og:image:type\" content=\"image\/png\" \/>\n<meta name=\"twitter:card\" content=\"summary_large_image\" \/>\n<script type=\"application\/ld+json\" class=\"yoast-schema-graph\">{\"@context\":\"https:\/\/schema.org\",\"@graph\":[{\"@type\":\"WebPage\",\"@id\":\"https:\/\/lavega.gr\/es\/producto\/yerba-mate-la-merced-500g\/\",\"url\":\"https:\/\/lavega.gr\/es\/producto\/yerba-mate-la-merced-500g\/\",\"name\":\"Yerba Mate 'La Merced' (500g) | La Vega\",\"isPartOf\":{\"@id\":\"https:\/\/lavega.gr\/#website\"},\"primaryImageOfPage\":{\"@id\":\"https:\/\/lavega.gr\/es\/producto\/yerba-mate-la-merced-500g\/#primaryimage\"},\"image\":{\"@id\":\"https:\/\/lavega.gr\/es\/producto\/yerba-mate-la-merced-500g\/#primaryimage\"},\"thumbnailUrl\":\"https:\/\/lavega.gr\/wp-content\/uploads\/2025\/12\/754b33bf-eaa9-4baa-af19-78b9dbf09c8a-1.png\",\"datePublished\":\"2025-12-10T09:37:01+00:00\",\"dateModified\":\"2025-12-10T09:37:01+00:00\",\"description\":\"La Merced Campo Sur es una yerba mate fina de plantaciones seleccionadas, conocida por su aroma equilibrado y sabor pleno y suave. Madura, arom\u00e1tica y con una intensidad natural, ofrece una aut\u00e9ntica experiencia mate para quienes buscan calidad y un disfrute constante en cada preparaci\u00f3n. \u00a1Es 100 % natural, sin conservantes artificiales ni otros qu\u00edmicos a\u00f1adidos!\",\"breadcrumb\":{\"@id\":\"https:\/\/lavega.gr\/es\/producto\/yerba-mate-la-merced-500g\/#breadcrumb\"},\"inLanguage\":\"es\",\"potentialAction\":[{\"@type\":\"ReadAction\",\"target\":[\"https:\/\/lavega.gr\/es\/producto\/yerba-mate-la-merced-500g\/\"]}]},{\"@type\":\"ImageObject\",\"inLanguage\":\"es\",\"@id\":\"https:\/\/lavega.gr\/es\/producto\/yerba-mate-la-merced-500g\/#primaryimage\",\"url\":\"https:\/\/lavega.gr\/wp-content\/uploads\/2025\/12\/754b33bf-eaa9-4baa-af19-78b9dbf09c8a-1.png\",\"contentUrl\":\"https:\/\/lavega.gr\/wp-content\/uploads\/2025\/12\/754b33bf-eaa9-4baa-af19-78b9dbf09c8a-1.png\",\"width\":1000,\"height\":1000},{\"@type\":\"BreadcrumbList\",\"@id\":\"https:\/\/lavega.gr\/es\/producto\/yerba-mate-la-merced-500g\/#breadcrumb\",\"itemListElement\":[{\"@type\":\"ListItem\",\"position\":1,\"name\":\"Home\",\"item\":\"https:\/\/lavega.gr\/es\/\"},{\"@type\":\"ListItem\",\"position\":2,\"name\":\"Productos\",\"item\":\"https:\/\/lavega.gr\/es\/tienda\/\"},{\"@type\":\"ListItem\",\"position\":3,\"name\":\"Yerba Mate &#8216;La Merced&#8217; (500g)\"}]},{\"@type\":\"WebSite\",\"@id\":\"https:\/\/lavega.gr\/#website\",\"url\":\"https:\/\/lavega.gr\/\",\"name\":\"La Vega\",\"description\":\"Productos Latinos\",\"potentialAction\":[{\"@type\":\"SearchAction\",\"target\":{\"@type\":\"EntryPoint\",\"urlTemplate\":\"https:\/\/lavega.gr\/?s={search_term_string}\"},\"query-input\":\"required name=search_term_string\"}],\"inLanguage\":\"es\"}]}<\/script>\n<!-- \/ Yoast SEO plugin. -->","yoast_head_json":{"title":"Yerba Mate 'La Merced' (500g) | La Vega","description":"La Merced Campo Sur es una yerba mate fina de plantaciones seleccionadas, conocida por su aroma equilibrado y sabor pleno y suave. Madura, arom\u00e1tica y con una intensidad natural, ofrece una aut\u00e9ntica experiencia mate para quienes buscan calidad y un disfrute constante en cada preparaci\u00f3n. \u00a1Es 100 % natural, sin conservantes artificiales ni otros qu\u00edmicos a\u00f1adidos!","robots":{"index":"index","follow":"follow","max-snippet":"max-snippet:-1","max-image-preview":"max-image-preview:large","max-video-preview":"max-video-preview:-1"},"canonical":"https:\/\/lavega.gr\/es\/producto\/yerba-mate-la-merced-500g\/","og_locale":"es_ES","og_type":"article","og_title":"Yerba Mate 'La Merced' (500g) | La Vega","og_description":"La Merced Campo Sur es una yerba mate fina de plantaciones seleccionadas, conocida por su aroma equilibrado y sabor pleno y suave. Madura, arom\u00e1tica y con una intensidad natural, ofrece una aut\u00e9ntica experiencia mate para quienes buscan calidad y un disfrute constante en cada preparaci\u00f3n. \u00a1Es 100 % natural, sin conservantes artificiales ni otros qu\u00edmicos a\u00f1adidos!","og_url":"https:\/\/lavega.gr\/es\/producto\/yerba-mate-la-merced-500g\/","og_site_name":"La Vega","og_image":[{"width":1000,"height":1000,"url":"https:\/\/lavega.gr\/wp-content\/uploads\/2025\/12\/754b33bf-eaa9-4baa-af19-78b9dbf09c8a-1.png","type":"image\/png"}],"twitter_card":"summary_large_image","schema":{"@context":"https:\/\/schema.org","@graph":[{"@type":"WebPage","@id":"https:\/\/lavega.gr\/es\/producto\/yerba-mate-la-merced-500g\/","url":"https:\/\/lavega.gr\/es\/producto\/yerba-mate-la-merced-500g\/","name":"Yerba Mate 'La Merced' (500g) | La Vega","isPartOf":{"@id":"https:\/\/lavega.gr\/#website"},"primaryImageOfPage":{"@id":"https:\/\/lavega.gr\/es\/producto\/yerba-mate-la-merced-500g\/#primaryimage"},"image":{"@id":"https:\/\/lavega.gr\/es\/producto\/yerba-mate-la-merced-500g\/#primaryimage"},"thumbnailUrl":"https:\/\/lavega.gr\/wp-content\/uploads\/2025\/12\/754b33bf-eaa9-4baa-af19-78b9dbf09c8a-1.png","datePublished":"2025-12-10T09:37:01+00:00","dateModified":"2025-12-10T09:37:01+00:00","description":"La Merced Campo Sur es una yerba mate fina de plantaciones seleccionadas, conocida por su aroma equilibrado y sabor pleno y suave. Madura, arom\u00e1tica y con una intensidad natural, ofrece una aut\u00e9ntica experiencia mate para quienes buscan calidad y un disfrute constante en cada preparaci\u00f3n. \u00a1Es 100 % natural, sin conservantes artificiales ni otros qu\u00edmicos a\u00f1adidos!","breadcrumb":{"@id":"https:\/\/lavega.gr\/es\/producto\/yerba-mate-la-merced-500g\/#breadcrumb"},"inLanguage":"es","potentialAction":[{"@type":"ReadAction","target":["https:\/\/lavega.gr\/es\/producto\/yerba-mate-la-merced-500g\/"]}]},{"@type":"ImageObject","inLanguage":"es","@id":"https:\/\/lavega.gr\/es\/producto\/yerba-mate-la-merced-500g\/#primaryimage","url":"https:\/\/lavega.gr\/wp-content\/uploads\/2025\/12\/754b33bf-eaa9-4baa-af19-78b9dbf09c8a-1.png","contentUrl":"https:\/\/lavega.gr\/wp-content\/uploads\/2025\/12\/754b33bf-eaa9-4baa-af19-78b9dbf09c8a-1.png","width":1000,"height":1000},{"@type":"BreadcrumbList","@id":"https:\/\/lavega.gr\/es\/producto\/yerba-mate-la-merced-500g\/#breadcrumb","itemListElement":[{"@type":"ListItem","position":1,"name":"Home","item":"https:\/\/lavega.gr\/es\/"},{"@type":"ListItem","position":2,"name":"Productos","item":"https:\/\/lavega.gr\/es\/tienda\/"},{"@type":"ListItem","position":3,"name":"Yerba Mate &#8216;La Merced&#8217; (500g)"}]},{"@type":"WebSite","@id":"https:\/\/lavega.gr\/#website","url":"https:\/\/lavega.gr\/","name":"La Vega","description":"Productos Latinos","potentialAction":[{"@type":"SearchAction","target":{"@type":"EntryPoint","urlTemplate":"https:\/\/lavega.gr\/?s={search_term_string}"},"query-input":"required name=search_term_string"}],"inLanguage":"es"}]}},"_links":{"self":[{"href":"https:\/\/lavega.gr\/es\/wp-json\/wp\/v2\/product\/6763","targetHints":{"allow":["GET"]}}],"collection":[{"href":"https:\/\/lavega.gr\/es\/wp-json\/wp\/v2\/product"}],"about":[{"href":"https:\/\/lavega.gr\/es\/wp-json\/wp\/v2\/types\/product"}],"wp:featuredmedia":[{"embeddable":true,"href":"https:\/\/lavega.gr\/es\/wp-json\/wp\/v2\/media\/6741"}],"wp:attachment":[{"href":"https:\/\/lavega.gr\/es\/wp-json\/wp\/v2\/media?parent=6763"}],"wp:term":[{"taxonomy":"product_cat","embeddable":true,"href":"https:\/\/lavega.gr\/es\/wp-json\/wp\/v2\/product_cat?post=6763"},{"taxonomy":"product_tag","embeddable":true,"href":"https:\/\/lavega.gr\/es\/wp-json\/wp\/v2\/product_tag?post=6763"}],"curies":[{"name":"wp","href":"https:\/\/api.w.org\/{rel}","templated":true}]}}