{"id":6593,"date":"2025-10-09T08:02:25","date_gmt":"2025-10-09T06:02:25","guid":{"rendered":"https:\/\/lavega.gr\/product\/yuca-1kg\/"},"modified":"2026-05-04T14:14:22","modified_gmt":"2026-05-04T12:14:22","slug":"yuca-1kg","status":"publish","type":"product","link":"https:\/\/lavega.gr\/es\/producto\/yuca-1kg\/","title":{"rendered":"Yuca (1kg)"},"content":{"rendered":"<p data-path-to-node=\"7,0\"><b data-path-to-node=\"7,0\" data-index-in-node=\"0\">Yuca : La alternativa perfecta a la patata! \ud83c\udf60 <\/b><\/p>\n<ul data-path-to-node=\"7,1\">\n<li>\n<p data-path-to-node=\"7,1,0,0\"><b data-path-to-node=\"7,1,0,0\" data-index-in-node=\"0\">Qu\u00e9 es<\/b>: La famosa ra\u00edz tropical que constituye un alimento b\u00e1sico en la dieta latinoamericana. Tiene una pulpa blanca y almidonada, es 100% libre de gluten y posee una textura m\u00e1s consistente y mantecosa que la papa cl\u00e1sica. <\/p>\n<\/li>\n<li>\n<p data-path-to-node=\"7,1,1,0\"><b data-path-to-node=\"7,1,1,0\" data-index-in-node=\"0\">Consejo de La Vega<\/b>: C\u00f3rtala en bastones y fr\u00edela (Yuca frita) para obtener las patatas fritas m\u00e1s crujientes que hayas probado. O bien, hi\u00e9rvela hasta que est\u00e9 blanda y roc\u00edala con aceite y mucho ajo (Yuca con Mojo). <\/p>\n<\/li>\n<\/ul>\n<p>&nbsp;<\/p>\n<p>\u26a0\ufe0f ATENCI\u00d3N <strong>!<\/strong><\/p>\n<p><em><strong>La yuca debe prepararse adecuadamente, ya que su forma cruda contiene sustancias naturales que pueden ser t\u00f3xicas si no se cocina completamente.<\/strong><\/em><\/p>\n<p>\u27a1\ufe0f Instrucciones de seguridad:<\/p>\n<ol>\n<li>Pele la ra\u00edz con cuidado.<\/li>\n<li>Hervir la yuca hasta que est\u00e9 completamente tierna (se pueda pinchar f\u00e1cilmente con un tenedor).<\/li>\n<li>Si no est\u00e1 seguro sobre el m\u00e9todo de preparaci\u00f3n o tiene alguna pregunta, comun\u00edquese con nosotros.<\/li>\n<\/ol>\n<p>&nbsp;<\/p>\n<p>\ud83d\udca1 Consejo extra:<br \/>\nNo confundas la yuca con la yuca, que es una planta ornamental con hojas puntiagudas. \u00a1Es una especie completamente diferente!<\/p>\n<p>&nbsp;<\/p>\n<p><em>\u2696\ufe0f Descargo de responsabilidad<\/em><br \/>\n<em>La informaci\u00f3n anterior se proporciona s\u00f3lo con fines informativos.<\/em><br \/>\n<em>La yuca s\u00f3lo debe consumirse despu\u00e9s de estar completamente cocida seg\u00fan las instrucciones.<\/em><br \/>\n<em>El productor o distribuidor (La Vega Deli) no asume ninguna responsabilidad por cualquier da\u00f1o o molestia que resulte de una manipulaci\u00f3n o consumo incorrecto de la ra\u00edz cruda.<\/em><\/p>\n<p>&nbsp;<\/p>\n<div class=\"kXPUVc gsrt wp-ms\">\n<div class=\"sz3HNe PJI6ge BpSt9 adDDi\"><em><span class=\"mgAbYb RES9jf pb3iw JGD2rd\" role=\"heading\" aria-level=\"3\">Informaci\u00f3n nutricional:<\/span><\/em><\/div>\n<\/div>\n<div>\n<div class=\"wDYxhc NFQFxe\" data-attrid=\"kc:\/food\/food:energy\" data-md=\"37\" data-ved=\"2ahUKEwi3ksTevZaQAxUTSTABHVKeNzwQkCl6BAgdEAA\">\n<div class=\"eEL8Qd\">\n<div class=\"MtTKIc\"><\/div>\n<div class=\"GFE33c\" data-ved=\"2ahUKEwi3ksTevZaQAxUTSTABHVKeNzwQ1ih6BAgdEAQ\">\n<p>Yuca 159 Calor\u00edas (kcal) &#8211; 100 g<\/p>\n<\/div>\n<\/div>\n<\/div>\n<div class=\"wDYxhc NFQFxe\" data-attrid=\"kc:\/food\/food:nutrition\" data-md=\"38\" data-ved=\"2ahUKEwi3ksTevZaQAxUTSTABHVKeNzwQkCl6BAgeEAA\">\n<div class=\"eEL8Qd\">\n<div class=\"PZPZlf\" role=\"list\" data-ved=\"2ahUKEwi3ksTevZaQAxUTSTABHVKeNzwQ1CgoAHoECB4QAQ\">\n<table class=\"E8nBEd\" style=\"height: 259px;\" width=\"1071\">\n<colgroup>\n<col><\/colgroup>\n<tbody>\n<tr class=\"w1Esgb\">\n<td class=\"RZzkcb\">Nutriente<\/td>\n<td class=\"P3WAmc\">Cantidad (g)<\/td>\n<td class=\"fooDZe\">VD (%)<\/td>\n<\/tr>\n<tr role=\"listitem\" data-mid=\"\/m\/04k8n\">\n<td class=\"ellip RZzkcb\">L\u00edpidos<\/td>\n<td class=\"ellip P3WAmc\">0,3 g<\/td>\n<td class=\"ellip fooDZe\"><\/td>\n<\/tr>\n<tr role=\"listitem\" data-mid=\"\/m\/01w_3\">\n<td class=\"ellip RZzkcb\">Colesterol<\/td>\n<td class=\"ellip P3WAmc\">0 mg<\/td>\n<td class=\"ellip fooDZe\"><\/td>\n<\/tr>\n<tr role=\"listitem\" data-mid=\"\/m\/025sf0_\">\n<td class=\"ellip RZzkcb\">Sodio<\/td>\n<td class=\"ellip P3WAmc\">14 mg<\/td>\n<td class=\"ellip fooDZe\"><\/td>\n<\/tr>\n<tr role=\"listitem\" data-mid=\"\/m\/025s7j4\">\n<td class=\"ellip RZzkcb\">Potasio<\/td>\n<td class=\"ellip P3WAmc\">271 mg<\/td>\n<td class=\"ellip fooDZe\"><\/td>\n<\/tr>\n<tr role=\"listitem\" data-mid=\"\/m\/01sh2\">\n<td class=\"ellip RZzkcb\">Carbohidratos<\/td>\n<td class=\"ellip P3WAmc\">38 g<\/td>\n<td class=\"ellip fooDZe\"><\/td>\n<\/tr>\n<tr role=\"listitem\" data-mid=\"\/m\/05wvs\">\n<td class=\"ellip RZzkcb\">Prote\u00ednas<\/td>\n<td class=\"ellip P3WAmc\">1,4 g<\/td>\n<td class=\"ellip fooDZe\"><\/td>\n<\/tr>\n<\/tbody>\n<\/table>\n<\/div>\n<\/div>\n<\/div>\n<\/div>\n","protected":false},"excerpt":{"rendered":"<p>Yuca : La alternativa perfecta a la patata! \ud83c\udf60 Qu\u00e9 es: La famosa ra\u00edz tropical que constituye un alimento b\u00e1sico en la dieta latinoamericana. Tiene una pulpa blanca y almidonada, es 100% libre de gluten y posee una textura m\u00e1s consistente y mantecosa que la papa cl\u00e1sica. Consejo de La Vega: C\u00f3rtala en bastones y&#8230;<\/p>\n","protected":false},"featured_media":6592,"template":"","meta":[],"product_cat":[125],"product_tag":[],"class_list":{"0":"post-6593","1":"product","2":"type-product","3":"status-publish","4":"has-post-thumbnail","6":"product_cat-productos-frescos","8":"first","9":"instock","10":"taxable","11":"shipping-taxable","12":"purchasable","13":"product-type-simple"},"yoast_head":"<!-- This site is optimized with the Yoast SEO plugin v22.3 - https:\/\/yoast.com\/wordpress\/plugins\/seo\/ -->\n<title>Yuca (1kg) | La Vega<\/title>\n<meta name=\"description\" content=\"La famosa ra\u00edz tropical, alimento b\u00e1sico en la dieta latinoamericana. Tiene una pulpa blanca y almidonada, es 100% libre de gluten y posee una textura m\u00e1s untuosa y mantecosa que la papa tradicional.\" \/>\n<meta name=\"robots\" content=\"index, follow, max-snippet:-1, max-image-preview:large, max-video-preview:-1\" \/>\n<link rel=\"canonical\" href=\"https:\/\/lavega.gr\/es\/producto\/yuca-1kg\/\" \/>\n<meta property=\"og:locale\" content=\"es_ES\" \/>\n<meta property=\"og:type\" content=\"article\" \/>\n<meta property=\"og:title\" content=\"Yuca (1kg) | La Vega\" \/>\n<meta property=\"og:description\" content=\"La famosa ra\u00edz tropical, alimento b\u00e1sico en la dieta latinoamericana. Tiene una pulpa blanca y almidonada, es 100% libre de gluten y posee una textura m\u00e1s untuosa y mantecosa que la papa tradicional.\" \/>\n<meta property=\"og:url\" content=\"https:\/\/lavega.gr\/es\/producto\/yuca-1kg\/\" \/>\n<meta property=\"og:site_name\" content=\"La Vega\" \/>\n<meta property=\"article:modified_time\" content=\"2026-05-04T12:14:22+00:00\" \/>\n<meta property=\"og:image\" content=\"https:\/\/lavega.gr\/wp-content\/uploads\/2025\/10\/YUCA-1.png\" \/>\n\t<meta property=\"og:image:width\" content=\"1000\" \/>\n\t<meta property=\"og:image:height\" content=\"1000\" \/>\n\t<meta property=\"og:image:type\" content=\"image\/png\" \/>\n<meta name=\"twitter:card\" content=\"summary_large_image\" \/>\n<meta name=\"twitter:label1\" content=\"Tiempo de lectura\" \/>\n\t<meta name=\"twitter:data1\" content=\"1 minuto\" \/>\n<script type=\"application\/ld+json\" class=\"yoast-schema-graph\">{\"@context\":\"https:\/\/schema.org\",\"@graph\":[{\"@type\":\"WebPage\",\"@id\":\"https:\/\/lavega.gr\/es\/producto\/yuca-1kg\/\",\"url\":\"https:\/\/lavega.gr\/es\/producto\/yuca-1kg\/\",\"name\":\"Yuca (1kg) | La Vega\",\"isPartOf\":{\"@id\":\"https:\/\/lavega.gr\/#website\"},\"primaryImageOfPage\":{\"@id\":\"https:\/\/lavega.gr\/es\/producto\/yuca-1kg\/#primaryimage\"},\"image\":{\"@id\":\"https:\/\/lavega.gr\/es\/producto\/yuca-1kg\/#primaryimage\"},\"thumbnailUrl\":\"https:\/\/lavega.gr\/wp-content\/uploads\/2025\/10\/YUCA-1.png\",\"datePublished\":\"2025-10-09T06:02:25+00:00\",\"dateModified\":\"2026-05-04T12:14:22+00:00\",\"description\":\"La famosa ra\u00edz tropical, alimento b\u00e1sico en la dieta latinoamericana. Tiene una pulpa blanca y almidonada, es 100% libre de gluten y posee una textura m\u00e1s untuosa y mantecosa que la papa tradicional.\",\"breadcrumb\":{\"@id\":\"https:\/\/lavega.gr\/es\/producto\/yuca-1kg\/#breadcrumb\"},\"inLanguage\":\"es\",\"potentialAction\":[{\"@type\":\"ReadAction\",\"target\":[\"https:\/\/lavega.gr\/es\/producto\/yuca-1kg\/\"]}]},{\"@type\":\"ImageObject\",\"inLanguage\":\"es\",\"@id\":\"https:\/\/lavega.gr\/es\/producto\/yuca-1kg\/#primaryimage\",\"url\":\"https:\/\/lavega.gr\/wp-content\/uploads\/2025\/10\/YUCA-1.png\",\"contentUrl\":\"https:\/\/lavega.gr\/wp-content\/uploads\/2025\/10\/YUCA-1.png\",\"width\":1000,\"height\":1000},{\"@type\":\"BreadcrumbList\",\"@id\":\"https:\/\/lavega.gr\/es\/producto\/yuca-1kg\/#breadcrumb\",\"itemListElement\":[{\"@type\":\"ListItem\",\"position\":1,\"name\":\"Home\",\"item\":\"https:\/\/lavega.gr\/es\/\"},{\"@type\":\"ListItem\",\"position\":2,\"name\":\"Productos\",\"item\":\"https:\/\/lavega.gr\/es\/tienda\/\"},{\"@type\":\"ListItem\",\"position\":3,\"name\":\"Yuca (1kg)\"}]},{\"@type\":\"WebSite\",\"@id\":\"https:\/\/lavega.gr\/#website\",\"url\":\"https:\/\/lavega.gr\/\",\"name\":\"La Vega\",\"description\":\"Productos Latinos\",\"potentialAction\":[{\"@type\":\"SearchAction\",\"target\":{\"@type\":\"EntryPoint\",\"urlTemplate\":\"https:\/\/lavega.gr\/?s={search_term_string}\"},\"query-input\":\"required name=search_term_string\"}],\"inLanguage\":\"es\"}]}<\/script>\n<!-- \/ Yoast SEO plugin. -->","yoast_head_json":{"title":"Yuca (1kg) | La Vega","description":"La famosa ra\u00edz tropical, alimento b\u00e1sico en la dieta latinoamericana. Tiene una pulpa blanca y almidonada, es 100% libre de gluten y posee una textura m\u00e1s untuosa y mantecosa que la papa tradicional.","robots":{"index":"index","follow":"follow","max-snippet":"max-snippet:-1","max-image-preview":"max-image-preview:large","max-video-preview":"max-video-preview:-1"},"canonical":"https:\/\/lavega.gr\/es\/producto\/yuca-1kg\/","og_locale":"es_ES","og_type":"article","og_title":"Yuca (1kg) | La Vega","og_description":"La famosa ra\u00edz tropical, alimento b\u00e1sico en la dieta latinoamericana. Tiene una pulpa blanca y almidonada, es 100% libre de gluten y posee una textura m\u00e1s untuosa y mantecosa que la papa tradicional.","og_url":"https:\/\/lavega.gr\/es\/producto\/yuca-1kg\/","og_site_name":"La Vega","article_modified_time":"2026-05-04T12:14:22+00:00","og_image":[{"width":1000,"height":1000,"url":"https:\/\/lavega.gr\/wp-content\/uploads\/2025\/10\/YUCA-1.png","type":"image\/png"}],"twitter_card":"summary_large_image","twitter_misc":{"Tiempo de lectura":"1 minuto"},"schema":{"@context":"https:\/\/schema.org","@graph":[{"@type":"WebPage","@id":"https:\/\/lavega.gr\/es\/producto\/yuca-1kg\/","url":"https:\/\/lavega.gr\/es\/producto\/yuca-1kg\/","name":"Yuca (1kg) | La Vega","isPartOf":{"@id":"https:\/\/lavega.gr\/#website"},"primaryImageOfPage":{"@id":"https:\/\/lavega.gr\/es\/producto\/yuca-1kg\/#primaryimage"},"image":{"@id":"https:\/\/lavega.gr\/es\/producto\/yuca-1kg\/#primaryimage"},"thumbnailUrl":"https:\/\/lavega.gr\/wp-content\/uploads\/2025\/10\/YUCA-1.png","datePublished":"2025-10-09T06:02:25+00:00","dateModified":"2026-05-04T12:14:22+00:00","description":"La famosa ra\u00edz tropical, alimento b\u00e1sico en la dieta latinoamericana. Tiene una pulpa blanca y almidonada, es 100% libre de gluten y posee una textura m\u00e1s untuosa y mantecosa que la papa tradicional.","breadcrumb":{"@id":"https:\/\/lavega.gr\/es\/producto\/yuca-1kg\/#breadcrumb"},"inLanguage":"es","potentialAction":[{"@type":"ReadAction","target":["https:\/\/lavega.gr\/es\/producto\/yuca-1kg\/"]}]},{"@type":"ImageObject","inLanguage":"es","@id":"https:\/\/lavega.gr\/es\/producto\/yuca-1kg\/#primaryimage","url":"https:\/\/lavega.gr\/wp-content\/uploads\/2025\/10\/YUCA-1.png","contentUrl":"https:\/\/lavega.gr\/wp-content\/uploads\/2025\/10\/YUCA-1.png","width":1000,"height":1000},{"@type":"BreadcrumbList","@id":"https:\/\/lavega.gr\/es\/producto\/yuca-1kg\/#breadcrumb","itemListElement":[{"@type":"ListItem","position":1,"name":"Home","item":"https:\/\/lavega.gr\/es\/"},{"@type":"ListItem","position":2,"name":"Productos","item":"https:\/\/lavega.gr\/es\/tienda\/"},{"@type":"ListItem","position":3,"name":"Yuca (1kg)"}]},{"@type":"WebSite","@id":"https:\/\/lavega.gr\/#website","url":"https:\/\/lavega.gr\/","name":"La Vega","description":"Productos Latinos","potentialAction":[{"@type":"SearchAction","target":{"@type":"EntryPoint","urlTemplate":"https:\/\/lavega.gr\/?s={search_term_string}"},"query-input":"required name=search_term_string"}],"inLanguage":"es"}]}},"_links":{"self":[{"href":"https:\/\/lavega.gr\/es\/wp-json\/wp\/v2\/product\/6593","targetHints":{"allow":["GET"]}}],"collection":[{"href":"https:\/\/lavega.gr\/es\/wp-json\/wp\/v2\/product"}],"about":[{"href":"https:\/\/lavega.gr\/es\/wp-json\/wp\/v2\/types\/product"}],"wp:featuredmedia":[{"embeddable":true,"href":"https:\/\/lavega.gr\/es\/wp-json\/wp\/v2\/media\/6592"}],"wp:attachment":[{"href":"https:\/\/lavega.gr\/es\/wp-json\/wp\/v2\/media?parent=6593"}],"wp:term":[{"taxonomy":"product_cat","embeddable":true,"href":"https:\/\/lavega.gr\/es\/wp-json\/wp\/v2\/product_cat?post=6593"},{"taxonomy":"product_tag","embeddable":true,"href":"https:\/\/lavega.gr\/es\/wp-json\/wp\/v2\/product_tag?post=6593"}],"curies":[{"name":"wp","href":"https:\/\/api.w.org\/{rel}","templated":true}]}}