{"id":6517,"date":"2025-09-05T15:41:31","date_gmt":"2025-09-05T13:41:31","guid":{"rendered":"https:\/\/lavega.gr\/?post_type=product&#038;p=6517"},"modified":"2026-03-19T11:49:34","modified_gmt":"2026-03-19T09:49:34","slug":"harina-para-cachapas-coexito-400g","status":"publish","type":"product","link":"https:\/\/lavega.gr\/es\/producto\/harina-para-cachapas-coexito-400g\/","title":{"rendered":"Harina de Ma\u00edz Dulce &#8216;Coexito&#8217; (400g)"},"content":{"rendered":"<p>\u00a1Harina Pan Dulce (Cachapas) es la primera y m\u00e1s grande marca de ma\u00edz en Am\u00e9rica Latina!<\/p>\n<p>Es una mezcla de ma\u00edz dulce con vitaminas y oligoelementos de excelente calidad y sabor, utilizada para preparar recetas como Cachapas, Arepas, Empanadas, Tortillas, etc.<\/p>\n<p>Ingredientes: ma\u00edz, az\u00facar de ma\u00edz, sal, soja <\/p>\n<p>Por 100 gramos Valor energ\u00e9tico: 366kcal Grasa: 7g Carbohidratos: 83,3g Az\u00facar: 16,7g Prote\u00ednas: 6,6g Sal: 5,3g Pa\u00eds de origen: Colombia Peso neto: 400g<\/p>\n","protected":false},"excerpt":{"rendered":"<p>\u00a1Harina Pan Dulce (Cachapas) es la primera y m\u00e1s grande marca de ma\u00edz en Am\u00e9rica Latina! Es una mezcla de ma\u00edz dulce con vitaminas y oligoelementos de excelente calidad y sabor, utilizada para preparar recetas como Cachapas, Arepas, Empanadas, Tortillas, etc. Ingredientes: ma\u00edz, az\u00facar de ma\u00edz, sal, soja Por 100 gramos Valor energ\u00e9tico: 366kcal Grasa:&#8230;<\/p>\n","protected":false},"featured_media":6516,"template":"","meta":[],"product_cat":[126,88],"product_tag":[],"class_list":{"0":"post-6517","1":"product","2":"type-product","3":"status-publish","4":"has-post-thumbnail","6":"product_cat-harinas","7":"product_cat-alimentos","9":"first","10":"outofstock","11":"taxable","12":"shipping-taxable","13":"purchasable","14":"product-type-simple"},"yoast_head":"<!-- This site is optimized with the Yoast SEO plugin v22.3 - https:\/\/yoast.com\/wordpress\/plugins\/seo\/ -->\n<title>Harina de Ma\u00edz Dulce &#039;Coexito&#039; (400g) | La Vega<\/title>\n<meta name=\"description\" content=\"\u00a1Harina Pan Dulce (Cachapas) es la primera y m\u00e1s grande marca de ma\u00edz en Am\u00e9rica Latina! Es una mezcla de ma\u00edz dulce con vitaminas y oligoelementos de excelente calidad y sabor, utilizada para preparar recetas como Cachapas, Arepas, Empanadas, Tortillas, etc.\" \/>\n<meta name=\"robots\" content=\"index, follow, max-snippet:-1, max-image-preview:large, max-video-preview:-1\" \/>\n<link rel=\"canonical\" href=\"https:\/\/lavega.gr\/es\/producto\/harina-para-cachapas-coexito-400g\/\" \/>\n<meta property=\"og:locale\" content=\"es_ES\" \/>\n<meta property=\"og:type\" content=\"article\" \/>\n<meta property=\"og:title\" content=\"Harina de Ma\u00edz Dulce &#039;Coexito&#039; (400g) | La Vega\" \/>\n<meta property=\"og:description\" content=\"\u00a1Harina Pan Dulce (Cachapas) es la primera y m\u00e1s grande marca de ma\u00edz en Am\u00e9rica Latina! Es una mezcla de ma\u00edz dulce con vitaminas y oligoelementos de excelente calidad y sabor, utilizada para preparar recetas como Cachapas, Arepas, Empanadas, Tortillas, etc.\" \/>\n<meta property=\"og:url\" content=\"https:\/\/lavega.gr\/es\/producto\/harina-para-cachapas-coexito-400g\/\" \/>\n<meta property=\"og:site_name\" content=\"La Vega\" \/>\n<meta property=\"article:modified_time\" content=\"2026-03-19T09:49:34+00:00\" \/>\n<meta property=\"og:image\" content=\"https:\/\/lavega.gr\/wp-content\/uploads\/2025\/09\/1757079528415.png\" \/>\n\t<meta property=\"og:image:width\" content=\"1000\" \/>\n\t<meta property=\"og:image:height\" content=\"1000\" \/>\n\t<meta property=\"og:image:type\" content=\"image\/png\" \/>\n<meta name=\"twitter:card\" content=\"summary_large_image\" \/>\n<meta name=\"twitter:label1\" content=\"Tiempo de lectura\" \/>\n\t<meta name=\"twitter:data1\" content=\"1 minuto\" \/>\n<script type=\"application\/ld+json\" class=\"yoast-schema-graph\">{\"@context\":\"https:\/\/schema.org\",\"@graph\":[{\"@type\":\"WebPage\",\"@id\":\"https:\/\/lavega.gr\/es\/producto\/harina-para-cachapas-coexito-400g\/\",\"url\":\"https:\/\/lavega.gr\/es\/producto\/harina-para-cachapas-coexito-400g\/\",\"name\":\"Harina de Ma\u00edz Dulce 'Coexito' (400g) | La Vega\",\"isPartOf\":{\"@id\":\"https:\/\/lavega.gr\/#website\"},\"primaryImageOfPage\":{\"@id\":\"https:\/\/lavega.gr\/es\/producto\/harina-para-cachapas-coexito-400g\/#primaryimage\"},\"image\":{\"@id\":\"https:\/\/lavega.gr\/es\/producto\/harina-para-cachapas-coexito-400g\/#primaryimage\"},\"thumbnailUrl\":\"https:\/\/lavega.gr\/wp-content\/uploads\/2025\/09\/1757079528415.png\",\"datePublished\":\"2025-09-05T13:41:31+00:00\",\"dateModified\":\"2026-03-19T09:49:34+00:00\",\"description\":\"\u00a1Harina Pan Dulce (Cachapas) es la primera y m\u00e1s grande marca de ma\u00edz en Am\u00e9rica Latina! Es una mezcla de ma\u00edz dulce con vitaminas y oligoelementos de excelente calidad y sabor, utilizada para preparar recetas como Cachapas, Arepas, Empanadas, Tortillas, etc.\",\"breadcrumb\":{\"@id\":\"https:\/\/lavega.gr\/es\/producto\/harina-para-cachapas-coexito-400g\/#breadcrumb\"},\"inLanguage\":\"es\",\"potentialAction\":[{\"@type\":\"ReadAction\",\"target\":[\"https:\/\/lavega.gr\/es\/producto\/harina-para-cachapas-coexito-400g\/\"]}]},{\"@type\":\"ImageObject\",\"inLanguage\":\"es\",\"@id\":\"https:\/\/lavega.gr\/es\/producto\/harina-para-cachapas-coexito-400g\/#primaryimage\",\"url\":\"https:\/\/lavega.gr\/wp-content\/uploads\/2025\/09\/1757079528415.png\",\"contentUrl\":\"https:\/\/lavega.gr\/wp-content\/uploads\/2025\/09\/1757079528415.png\",\"width\":1000,\"height\":1000},{\"@type\":\"BreadcrumbList\",\"@id\":\"https:\/\/lavega.gr\/es\/producto\/harina-para-cachapas-coexito-400g\/#breadcrumb\",\"itemListElement\":[{\"@type\":\"ListItem\",\"position\":1,\"name\":\"Home\",\"item\":\"https:\/\/lavega.gr\/es\/\"},{\"@type\":\"ListItem\",\"position\":2,\"name\":\"Productos\",\"item\":\"https:\/\/lavega.gr\/es\/tienda\/\"},{\"@type\":\"ListItem\",\"position\":3,\"name\":\"Harina de Ma\u00edz Dulce &#8216;Coexito&#8217; (400g)\"}]},{\"@type\":\"WebSite\",\"@id\":\"https:\/\/lavega.gr\/#website\",\"url\":\"https:\/\/lavega.gr\/\",\"name\":\"La Vega\",\"description\":\"Productos Latinos\",\"potentialAction\":[{\"@type\":\"SearchAction\",\"target\":{\"@type\":\"EntryPoint\",\"urlTemplate\":\"https:\/\/lavega.gr\/?s={search_term_string}\"},\"query-input\":\"required name=search_term_string\"}],\"inLanguage\":\"es\"}]}<\/script>\n<!-- \/ Yoast SEO plugin. -->","yoast_head_json":{"title":"Harina de Ma\u00edz Dulce 'Coexito' (400g) | La Vega","description":"\u00a1Harina Pan Dulce (Cachapas) es la primera y m\u00e1s grande marca de ma\u00edz en Am\u00e9rica Latina! Es una mezcla de ma\u00edz dulce con vitaminas y oligoelementos de excelente calidad y sabor, utilizada para preparar recetas como Cachapas, Arepas, Empanadas, Tortillas, etc.","robots":{"index":"index","follow":"follow","max-snippet":"max-snippet:-1","max-image-preview":"max-image-preview:large","max-video-preview":"max-video-preview:-1"},"canonical":"https:\/\/lavega.gr\/es\/producto\/harina-para-cachapas-coexito-400g\/","og_locale":"es_ES","og_type":"article","og_title":"Harina de Ma\u00edz Dulce 'Coexito' (400g) | La Vega","og_description":"\u00a1Harina Pan Dulce (Cachapas) es la primera y m\u00e1s grande marca de ma\u00edz en Am\u00e9rica Latina! Es una mezcla de ma\u00edz dulce con vitaminas y oligoelementos de excelente calidad y sabor, utilizada para preparar recetas como Cachapas, Arepas, Empanadas, Tortillas, etc.","og_url":"https:\/\/lavega.gr\/es\/producto\/harina-para-cachapas-coexito-400g\/","og_site_name":"La Vega","article_modified_time":"2026-03-19T09:49:34+00:00","og_image":[{"width":1000,"height":1000,"url":"https:\/\/lavega.gr\/wp-content\/uploads\/2025\/09\/1757079528415.png","type":"image\/png"}],"twitter_card":"summary_large_image","twitter_misc":{"Tiempo de lectura":"1 minuto"},"schema":{"@context":"https:\/\/schema.org","@graph":[{"@type":"WebPage","@id":"https:\/\/lavega.gr\/es\/producto\/harina-para-cachapas-coexito-400g\/","url":"https:\/\/lavega.gr\/es\/producto\/harina-para-cachapas-coexito-400g\/","name":"Harina de Ma\u00edz Dulce 'Coexito' (400g) | La Vega","isPartOf":{"@id":"https:\/\/lavega.gr\/#website"},"primaryImageOfPage":{"@id":"https:\/\/lavega.gr\/es\/producto\/harina-para-cachapas-coexito-400g\/#primaryimage"},"image":{"@id":"https:\/\/lavega.gr\/es\/producto\/harina-para-cachapas-coexito-400g\/#primaryimage"},"thumbnailUrl":"https:\/\/lavega.gr\/wp-content\/uploads\/2025\/09\/1757079528415.png","datePublished":"2025-09-05T13:41:31+00:00","dateModified":"2026-03-19T09:49:34+00:00","description":"\u00a1Harina Pan Dulce (Cachapas) es la primera y m\u00e1s grande marca de ma\u00edz en Am\u00e9rica Latina! Es una mezcla de ma\u00edz dulce con vitaminas y oligoelementos de excelente calidad y sabor, utilizada para preparar recetas como Cachapas, Arepas, Empanadas, Tortillas, etc.","breadcrumb":{"@id":"https:\/\/lavega.gr\/es\/producto\/harina-para-cachapas-coexito-400g\/#breadcrumb"},"inLanguage":"es","potentialAction":[{"@type":"ReadAction","target":["https:\/\/lavega.gr\/es\/producto\/harina-para-cachapas-coexito-400g\/"]}]},{"@type":"ImageObject","inLanguage":"es","@id":"https:\/\/lavega.gr\/es\/producto\/harina-para-cachapas-coexito-400g\/#primaryimage","url":"https:\/\/lavega.gr\/wp-content\/uploads\/2025\/09\/1757079528415.png","contentUrl":"https:\/\/lavega.gr\/wp-content\/uploads\/2025\/09\/1757079528415.png","width":1000,"height":1000},{"@type":"BreadcrumbList","@id":"https:\/\/lavega.gr\/es\/producto\/harina-para-cachapas-coexito-400g\/#breadcrumb","itemListElement":[{"@type":"ListItem","position":1,"name":"Home","item":"https:\/\/lavega.gr\/es\/"},{"@type":"ListItem","position":2,"name":"Productos","item":"https:\/\/lavega.gr\/es\/tienda\/"},{"@type":"ListItem","position":3,"name":"Harina de Ma\u00edz Dulce &#8216;Coexito&#8217; (400g)"}]},{"@type":"WebSite","@id":"https:\/\/lavega.gr\/#website","url":"https:\/\/lavega.gr\/","name":"La Vega","description":"Productos Latinos","potentialAction":[{"@type":"SearchAction","target":{"@type":"EntryPoint","urlTemplate":"https:\/\/lavega.gr\/?s={search_term_string}"},"query-input":"required name=search_term_string"}],"inLanguage":"es"}]}},"_links":{"self":[{"href":"https:\/\/lavega.gr\/es\/wp-json\/wp\/v2\/product\/6517","targetHints":{"allow":["GET"]}}],"collection":[{"href":"https:\/\/lavega.gr\/es\/wp-json\/wp\/v2\/product"}],"about":[{"href":"https:\/\/lavega.gr\/es\/wp-json\/wp\/v2\/types\/product"}],"wp:featuredmedia":[{"embeddable":true,"href":"https:\/\/lavega.gr\/es\/wp-json\/wp\/v2\/media\/6516"}],"wp:attachment":[{"href":"https:\/\/lavega.gr\/es\/wp-json\/wp\/v2\/media?parent=6517"}],"wp:term":[{"taxonomy":"product_cat","embeddable":true,"href":"https:\/\/lavega.gr\/es\/wp-json\/wp\/v2\/product_cat?post=6517"},{"taxonomy":"product_tag","embeddable":true,"href":"https:\/\/lavega.gr\/es\/wp-json\/wp\/v2\/product_tag?post=6517"}],"curies":[{"name":"wp","href":"https:\/\/api.w.org\/{rel}","templated":true}]}}