{"id":6486,"date":"2025-08-29T15:40:58","date_gmt":"2025-08-29T13:40:58","guid":{"rendered":"https:\/\/lavega.gr\/?post_type=product&#038;p=6486"},"modified":"2026-04-23T11:50:18","modified_gmt":"2026-04-23T09:50:18","slug":"motas-de-guanabana-790g-coexito","status":"publish","type":"product","link":"https:\/\/lavega.gr\/es\/producto\/motas-de-guanabana-790g-coexito\/","title":{"rendered":"Guan\u00e1bana en Abono (790g) &#8216;Coexito&#8217;"},"content":{"rendered":"<p><strong>La &#8220;crema&#8221; de las frutas tropicales! <\/strong><\/p>\n<p><strong>Que es:<\/strong> La famosa fruta de guan\u00e1bana en alm\u00edbar ligero. Tiene una textura incre\u00edblemente cremosa y un sabor que recuerda a la fresa, la pi\u00f1a, el coco y el pl\u00e1tano, todo en uno!<\/p>\n<p><strong>Como usarlo:<\/strong> Es la base perfecta para deliciosos y espesos batidos (Batidos) o para servirlo solo como un postre ligero y tropical.<\/p>\n<p><strong>Consejo de La Vega<\/strong>: Lic\u00faa la guan\u00e1bana en una licuadora con leche helada y un poco de hielo. Acabas de preparar &#8220;Batido de Guan\u00e1bana&#8221;, \u00a1probablemente el batido m\u00e1s delicioso que hayas probado jam\u00e1s!<\/p>\n","protected":false},"excerpt":{"rendered":"<p>La &#8220;crema&#8221; de las frutas tropicales! Que es: La famosa fruta de guan\u00e1bana en alm\u00edbar ligero. Tiene una textura incre\u00edblemente cremosa y un sabor que recuerda a la fresa, la pi\u00f1a, el coco y el pl\u00e1tano, todo en uno! Como usarlo: Es la base perfecta para deliciosos y espesos batidos (Batidos) o para servirlo solo&#8230;<\/p>\n","protected":false},"featured_media":6485,"template":"","meta":[],"product_cat":[127,88],"product_tag":[],"class_list":{"0":"post-6486","1":"product","2":"type-product","3":"status-publish","4":"has-post-thumbnail","6":"product_cat-dulces-mermeladas","7":"product_cat-alimentos","9":"first","10":"instock","11":"taxable","12":"shipping-taxable","13":"purchasable","14":"product-type-simple"},"yoast_head":"<!-- This site is optimized with the Yoast SEO plugin v22.3 - https:\/\/yoast.com\/wordpress\/plugins\/seo\/ -->\n<title>Guan\u00e1bana en Abono (790g) &#039;Coexito&#039; | La Vega<\/title>\n<meta name=\"description\" content=\"La guan\u00e1bana es una de las frutas ex\u00f3ticas m\u00e1s populares de Am\u00e9rica Latina que vuelve locos a grandes y peque\u00f1os. Excelente fuente de vitamina C y fuente de vitaminas B1, B2, B3, B5, B6, hierro, magnesio y potasio.\" \/>\n<meta name=\"robots\" content=\"index, follow, max-snippet:-1, max-image-preview:large, max-video-preview:-1\" \/>\n<link rel=\"canonical\" href=\"https:\/\/lavega.gr\/es\/producto\/motas-de-guanabana-790g-coexito\/\" \/>\n<meta property=\"og:locale\" content=\"es_ES\" \/>\n<meta property=\"og:type\" content=\"article\" \/>\n<meta property=\"og:title\" content=\"Guan\u00e1bana en Abono (790g) &#039;Coexito&#039; | La Vega\" \/>\n<meta property=\"og:description\" content=\"La guan\u00e1bana es una de las frutas ex\u00f3ticas m\u00e1s populares de Am\u00e9rica Latina que vuelve locos a grandes y peque\u00f1os. Excelente fuente de vitamina C y fuente de vitaminas B1, B2, B3, B5, B6, hierro, magnesio y potasio.\" \/>\n<meta property=\"og:url\" content=\"https:\/\/lavega.gr\/es\/producto\/motas-de-guanabana-790g-coexito\/\" \/>\n<meta property=\"og:site_name\" content=\"La Vega\" \/>\n<meta property=\"article:modified_time\" content=\"2026-04-23T09:50:18+00:00\" \/>\n<meta property=\"og:image\" content=\"https:\/\/lavega.gr\/wp-content\/uploads\/2025\/08\/1756474049118.png\" \/>\n\t<meta property=\"og:image:width\" content=\"1000\" \/>\n\t<meta property=\"og:image:height\" content=\"1000\" \/>\n\t<meta property=\"og:image:type\" content=\"image\/png\" \/>\n<meta name=\"twitter:card\" content=\"summary_large_image\" \/>\n<meta name=\"twitter:label1\" content=\"Tiempo de lectura\" \/>\n\t<meta name=\"twitter:data1\" content=\"1 minuto\" \/>\n<script type=\"application\/ld+json\" class=\"yoast-schema-graph\">{\"@context\":\"https:\/\/schema.org\",\"@graph\":[{\"@type\":\"WebPage\",\"@id\":\"https:\/\/lavega.gr\/es\/producto\/motas-de-guanabana-790g-coexito\/\",\"url\":\"https:\/\/lavega.gr\/es\/producto\/motas-de-guanabana-790g-coexito\/\",\"name\":\"Guan\u00e1bana en Abono (790g) 'Coexito' | La Vega\",\"isPartOf\":{\"@id\":\"https:\/\/lavega.gr\/#website\"},\"primaryImageOfPage\":{\"@id\":\"https:\/\/lavega.gr\/es\/producto\/motas-de-guanabana-790g-coexito\/#primaryimage\"},\"image\":{\"@id\":\"https:\/\/lavega.gr\/es\/producto\/motas-de-guanabana-790g-coexito\/#primaryimage\"},\"thumbnailUrl\":\"https:\/\/lavega.gr\/wp-content\/uploads\/2025\/08\/1756474049118.png\",\"datePublished\":\"2025-08-29T13:40:58+00:00\",\"dateModified\":\"2026-04-23T09:50:18+00:00\",\"description\":\"La guan\u00e1bana es una de las frutas ex\u00f3ticas m\u00e1s populares de Am\u00e9rica Latina que vuelve locos a grandes y peque\u00f1os. Excelente fuente de vitamina C y fuente de vitaminas B1, B2, B3, B5, B6, hierro, magnesio y potasio.\",\"breadcrumb\":{\"@id\":\"https:\/\/lavega.gr\/es\/producto\/motas-de-guanabana-790g-coexito\/#breadcrumb\"},\"inLanguage\":\"es\",\"potentialAction\":[{\"@type\":\"ReadAction\",\"target\":[\"https:\/\/lavega.gr\/es\/producto\/motas-de-guanabana-790g-coexito\/\"]}]},{\"@type\":\"ImageObject\",\"inLanguage\":\"es\",\"@id\":\"https:\/\/lavega.gr\/es\/producto\/motas-de-guanabana-790g-coexito\/#primaryimage\",\"url\":\"https:\/\/lavega.gr\/wp-content\/uploads\/2025\/08\/1756474049118.png\",\"contentUrl\":\"https:\/\/lavega.gr\/wp-content\/uploads\/2025\/08\/1756474049118.png\",\"width\":1000,\"height\":1000},{\"@type\":\"BreadcrumbList\",\"@id\":\"https:\/\/lavega.gr\/es\/producto\/motas-de-guanabana-790g-coexito\/#breadcrumb\",\"itemListElement\":[{\"@type\":\"ListItem\",\"position\":1,\"name\":\"Home\",\"item\":\"https:\/\/lavega.gr\/es\/\"},{\"@type\":\"ListItem\",\"position\":2,\"name\":\"Productos\",\"item\":\"https:\/\/lavega.gr\/es\/tienda\/\"},{\"@type\":\"ListItem\",\"position\":3,\"name\":\"Guan\u00e1bana en Abono (790g) &#8216;Coexito&#8217;\"}]},{\"@type\":\"WebSite\",\"@id\":\"https:\/\/lavega.gr\/#website\",\"url\":\"https:\/\/lavega.gr\/\",\"name\":\"La Vega\",\"description\":\"Productos Latinos\",\"potentialAction\":[{\"@type\":\"SearchAction\",\"target\":{\"@type\":\"EntryPoint\",\"urlTemplate\":\"https:\/\/lavega.gr\/?s={search_term_string}\"},\"query-input\":\"required name=search_term_string\"}],\"inLanguage\":\"es\"}]}<\/script>\n<!-- \/ Yoast SEO plugin. -->","yoast_head_json":{"title":"Guan\u00e1bana en Abono (790g) 'Coexito' | La Vega","description":"La guan\u00e1bana es una de las frutas ex\u00f3ticas m\u00e1s populares de Am\u00e9rica Latina que vuelve locos a grandes y peque\u00f1os. Excelente fuente de vitamina C y fuente de vitaminas B1, B2, B3, B5, B6, hierro, magnesio y potasio.","robots":{"index":"index","follow":"follow","max-snippet":"max-snippet:-1","max-image-preview":"max-image-preview:large","max-video-preview":"max-video-preview:-1"},"canonical":"https:\/\/lavega.gr\/es\/producto\/motas-de-guanabana-790g-coexito\/","og_locale":"es_ES","og_type":"article","og_title":"Guan\u00e1bana en Abono (790g) 'Coexito' | La Vega","og_description":"La guan\u00e1bana es una de las frutas ex\u00f3ticas m\u00e1s populares de Am\u00e9rica Latina que vuelve locos a grandes y peque\u00f1os. Excelente fuente de vitamina C y fuente de vitaminas B1, B2, B3, B5, B6, hierro, magnesio y potasio.","og_url":"https:\/\/lavega.gr\/es\/producto\/motas-de-guanabana-790g-coexito\/","og_site_name":"La Vega","article_modified_time":"2026-04-23T09:50:18+00:00","og_image":[{"width":1000,"height":1000,"url":"https:\/\/lavega.gr\/wp-content\/uploads\/2025\/08\/1756474049118.png","type":"image\/png"}],"twitter_card":"summary_large_image","twitter_misc":{"Tiempo de lectura":"1 minuto"},"schema":{"@context":"https:\/\/schema.org","@graph":[{"@type":"WebPage","@id":"https:\/\/lavega.gr\/es\/producto\/motas-de-guanabana-790g-coexito\/","url":"https:\/\/lavega.gr\/es\/producto\/motas-de-guanabana-790g-coexito\/","name":"Guan\u00e1bana en Abono (790g) 'Coexito' | La Vega","isPartOf":{"@id":"https:\/\/lavega.gr\/#website"},"primaryImageOfPage":{"@id":"https:\/\/lavega.gr\/es\/producto\/motas-de-guanabana-790g-coexito\/#primaryimage"},"image":{"@id":"https:\/\/lavega.gr\/es\/producto\/motas-de-guanabana-790g-coexito\/#primaryimage"},"thumbnailUrl":"https:\/\/lavega.gr\/wp-content\/uploads\/2025\/08\/1756474049118.png","datePublished":"2025-08-29T13:40:58+00:00","dateModified":"2026-04-23T09:50:18+00:00","description":"La guan\u00e1bana es una de las frutas ex\u00f3ticas m\u00e1s populares de Am\u00e9rica Latina que vuelve locos a grandes y peque\u00f1os. Excelente fuente de vitamina C y fuente de vitaminas B1, B2, B3, B5, B6, hierro, magnesio y potasio.","breadcrumb":{"@id":"https:\/\/lavega.gr\/es\/producto\/motas-de-guanabana-790g-coexito\/#breadcrumb"},"inLanguage":"es","potentialAction":[{"@type":"ReadAction","target":["https:\/\/lavega.gr\/es\/producto\/motas-de-guanabana-790g-coexito\/"]}]},{"@type":"ImageObject","inLanguage":"es","@id":"https:\/\/lavega.gr\/es\/producto\/motas-de-guanabana-790g-coexito\/#primaryimage","url":"https:\/\/lavega.gr\/wp-content\/uploads\/2025\/08\/1756474049118.png","contentUrl":"https:\/\/lavega.gr\/wp-content\/uploads\/2025\/08\/1756474049118.png","width":1000,"height":1000},{"@type":"BreadcrumbList","@id":"https:\/\/lavega.gr\/es\/producto\/motas-de-guanabana-790g-coexito\/#breadcrumb","itemListElement":[{"@type":"ListItem","position":1,"name":"Home","item":"https:\/\/lavega.gr\/es\/"},{"@type":"ListItem","position":2,"name":"Productos","item":"https:\/\/lavega.gr\/es\/tienda\/"},{"@type":"ListItem","position":3,"name":"Guan\u00e1bana en Abono (790g) &#8216;Coexito&#8217;"}]},{"@type":"WebSite","@id":"https:\/\/lavega.gr\/#website","url":"https:\/\/lavega.gr\/","name":"La Vega","description":"Productos Latinos","potentialAction":[{"@type":"SearchAction","target":{"@type":"EntryPoint","urlTemplate":"https:\/\/lavega.gr\/?s={search_term_string}"},"query-input":"required name=search_term_string"}],"inLanguage":"es"}]}},"_links":{"self":[{"href":"https:\/\/lavega.gr\/es\/wp-json\/wp\/v2\/product\/6486","targetHints":{"allow":["GET"]}}],"collection":[{"href":"https:\/\/lavega.gr\/es\/wp-json\/wp\/v2\/product"}],"about":[{"href":"https:\/\/lavega.gr\/es\/wp-json\/wp\/v2\/types\/product"}],"wp:featuredmedia":[{"embeddable":true,"href":"https:\/\/lavega.gr\/es\/wp-json\/wp\/v2\/media\/6485"}],"wp:attachment":[{"href":"https:\/\/lavega.gr\/es\/wp-json\/wp\/v2\/media?parent=6486"}],"wp:term":[{"taxonomy":"product_cat","embeddable":true,"href":"https:\/\/lavega.gr\/es\/wp-json\/wp\/v2\/product_cat?post=6486"},{"taxonomy":"product_tag","embeddable":true,"href":"https:\/\/lavega.gr\/es\/wp-json\/wp\/v2\/product_tag?post=6486"}],"curies":[{"name":"wp","href":"https:\/\/api.w.org\/{rel}","templated":true}]}}