{"id":6325,"date":"2025-06-03T15:16:52","date_gmt":"2025-06-03T13:16:52","guid":{"rendered":"https:\/\/lavega.gr\/product\/zumo-de-maracuya-foco-350ml\/"},"modified":"2026-05-05T13:57:47","modified_gmt":"2026-05-05T11:57:47","slug":"zumo-de-maracuya-foco-350ml","status":"publish","type":"product","link":"https:\/\/lavega.gr\/es\/producto\/zumo-de-maracuya-foco-350ml\/","title":{"rendered":"Jugo de Maracuy\u00e1 &#8216;Foco&#8217; (350ml)"},"content":{"rendered":"<p><strong>La m\u00e1xima explosi\u00f3n de pasi\u00f3n! \ud83d\udc9b <\/strong><\/p>\n<p><strong>Que es:<\/strong> Jugo de la famosa maracuy\u00e1 (fruta de la pasi\u00f3n). Es intenso, incre\u00edblemente arom\u00e1tico, ligeramente \u00e1cido y lleno de vitalidad tropical. <\/p>\n<p><strong>Como usarlo<\/strong>: Ideal para &#8220;despertar&#8221; tus sentidos por la ma\u00f1ana o como base perfecta para refrescantes c\u00f3cteles sin alcohol para ti y tus invitados.<\/p>\n<p><strong>Consejo de La Vega<\/strong>: Mezcla jugo de maracuy\u00e1 con un poco de refresco (o Sprite) y hojas de menta fresca. \u00a1Tendr\u00e1s la bebida ex\u00f3tica perfecta en un instante! <\/p>\n","protected":false},"excerpt":{"rendered":"<p>La m\u00e1xima explosi\u00f3n de pasi\u00f3n! \ud83d\udc9b Que es: Jugo de la famosa maracuy\u00e1 (fruta de la pasi\u00f3n). Es intenso, incre\u00edblemente arom\u00e1tico, ligeramente \u00e1cido y lleno de vitalidad tropical. Como usarlo: Ideal para &#8220;despertar&#8221; tus sentidos por la ma\u00f1ana o como base perfecta para refrescantes c\u00f3cteles sin alcohol para ti y tus invitados. Consejo de La&#8230;<\/p>\n","protected":false},"featured_media":7161,"template":"","meta":[],"product_cat":[89],"product_tag":[],"class_list":{"0":"post-6325","1":"product","2":"type-product","3":"status-publish","4":"has-post-thumbnail","6":"product_cat-bebidas-tropicales-y-cafe","8":"first","9":"outofstock","10":"taxable","11":"shipping-taxable","12":"purchasable","13":"product-type-simple"},"yoast_head":"<!-- This site is optimized with the Yoast SEO plugin v22.3 - https:\/\/yoast.com\/wordpress\/plugins\/seo\/ -->\n<title>Jugo de Maracuy\u00e1 &#039;Foco&#039; (350ml) | La Vega<\/title>\n<meta name=\"description\" content=\"Jugo de la famosa maracuy\u00e1 (fruta de la pasi\u00f3n). Es intenso, incre\u00edblemente arom\u00e1tico, ligeramente \u00e1cido y rebosante de vitalidad tropical.\" \/>\n<meta name=\"robots\" content=\"index, follow, max-snippet:-1, max-image-preview:large, max-video-preview:-1\" \/>\n<link rel=\"canonical\" href=\"https:\/\/lavega.gr\/es\/producto\/zumo-de-maracuya-foco-350ml\/\" \/>\n<meta property=\"og:locale\" content=\"es_ES\" \/>\n<meta property=\"og:type\" content=\"article\" \/>\n<meta property=\"og:title\" content=\"Jugo de Maracuy\u00e1 &#039;Foco&#039; (350ml) | La Vega\" \/>\n<meta property=\"og:description\" content=\"Jugo de la famosa maracuy\u00e1 (fruta de la pasi\u00f3n). Es intenso, incre\u00edblemente arom\u00e1tico, ligeramente \u00e1cido y rebosante de vitalidad tropical.\" \/>\n<meta property=\"og:url\" content=\"https:\/\/lavega.gr\/es\/producto\/zumo-de-maracuya-foco-350ml\/\" \/>\n<meta property=\"og:site_name\" content=\"La Vega\" \/>\n<meta property=\"article:modified_time\" content=\"2026-05-05T11:57:47+00:00\" \/>\n<meta property=\"og:image\" content=\"https:\/\/lavega.gr\/wp-content\/uploads\/2025\/06\/image00009.png\" \/>\n\t<meta property=\"og:image:width\" content=\"1000\" \/>\n\t<meta property=\"og:image:height\" content=\"1000\" \/>\n\t<meta property=\"og:image:type\" content=\"image\/png\" \/>\n<meta name=\"twitter:card\" content=\"summary_large_image\" \/>\n<meta name=\"twitter:label1\" content=\"Tiempo de lectura\" \/>\n\t<meta name=\"twitter:data1\" content=\"1 minuto\" \/>\n<script type=\"application\/ld+json\" class=\"yoast-schema-graph\">{\"@context\":\"https:\/\/schema.org\",\"@graph\":[{\"@type\":\"WebPage\",\"@id\":\"https:\/\/lavega.gr\/es\/producto\/zumo-de-maracuya-foco-350ml\/\",\"url\":\"https:\/\/lavega.gr\/es\/producto\/zumo-de-maracuya-foco-350ml\/\",\"name\":\"Jugo de Maracuy\u00e1 'Foco' (350ml) | La Vega\",\"isPartOf\":{\"@id\":\"https:\/\/lavega.gr\/#website\"},\"primaryImageOfPage\":{\"@id\":\"https:\/\/lavega.gr\/es\/producto\/zumo-de-maracuya-foco-350ml\/#primaryimage\"},\"image\":{\"@id\":\"https:\/\/lavega.gr\/es\/producto\/zumo-de-maracuya-foco-350ml\/#primaryimage\"},\"thumbnailUrl\":\"https:\/\/lavega.gr\/wp-content\/uploads\/2025\/06\/image00009.png\",\"datePublished\":\"2025-06-03T13:16:52+00:00\",\"dateModified\":\"2026-05-05T11:57:47+00:00\",\"description\":\"Jugo de la famosa maracuy\u00e1 (fruta de la pasi\u00f3n). Es intenso, incre\u00edblemente arom\u00e1tico, ligeramente \u00e1cido y rebosante de vitalidad tropical.\",\"breadcrumb\":{\"@id\":\"https:\/\/lavega.gr\/es\/producto\/zumo-de-maracuya-foco-350ml\/#breadcrumb\"},\"inLanguage\":\"es\",\"potentialAction\":[{\"@type\":\"ReadAction\",\"target\":[\"https:\/\/lavega.gr\/es\/producto\/zumo-de-maracuya-foco-350ml\/\"]}]},{\"@type\":\"ImageObject\",\"inLanguage\":\"es\",\"@id\":\"https:\/\/lavega.gr\/es\/producto\/zumo-de-maracuya-foco-350ml\/#primaryimage\",\"url\":\"https:\/\/lavega.gr\/wp-content\/uploads\/2025\/06\/image00009.png\",\"contentUrl\":\"https:\/\/lavega.gr\/wp-content\/uploads\/2025\/06\/image00009.png\",\"width\":1000,\"height\":1000},{\"@type\":\"BreadcrumbList\",\"@id\":\"https:\/\/lavega.gr\/es\/producto\/zumo-de-maracuya-foco-350ml\/#breadcrumb\",\"itemListElement\":[{\"@type\":\"ListItem\",\"position\":1,\"name\":\"Home\",\"item\":\"https:\/\/lavega.gr\/es\/\"},{\"@type\":\"ListItem\",\"position\":2,\"name\":\"Productos\",\"item\":\"https:\/\/lavega.gr\/es\/tienda\/\"},{\"@type\":\"ListItem\",\"position\":3,\"name\":\"Jugo de Maracuy\u00e1 &#8216;Foco&#8217; (350ml)\"}]},{\"@type\":\"WebSite\",\"@id\":\"https:\/\/lavega.gr\/#website\",\"url\":\"https:\/\/lavega.gr\/\",\"name\":\"La Vega\",\"description\":\"Productos Latinos\",\"potentialAction\":[{\"@type\":\"SearchAction\",\"target\":{\"@type\":\"EntryPoint\",\"urlTemplate\":\"https:\/\/lavega.gr\/?s={search_term_string}\"},\"query-input\":\"required name=search_term_string\"}],\"inLanguage\":\"es\"}]}<\/script>\n<!-- \/ Yoast SEO plugin. -->","yoast_head_json":{"title":"Jugo de Maracuy\u00e1 'Foco' (350ml) | La Vega","description":"Jugo de la famosa maracuy\u00e1 (fruta de la pasi\u00f3n). Es intenso, incre\u00edblemente arom\u00e1tico, ligeramente \u00e1cido y rebosante de vitalidad tropical.","robots":{"index":"index","follow":"follow","max-snippet":"max-snippet:-1","max-image-preview":"max-image-preview:large","max-video-preview":"max-video-preview:-1"},"canonical":"https:\/\/lavega.gr\/es\/producto\/zumo-de-maracuya-foco-350ml\/","og_locale":"es_ES","og_type":"article","og_title":"Jugo de Maracuy\u00e1 'Foco' (350ml) | La Vega","og_description":"Jugo de la famosa maracuy\u00e1 (fruta de la pasi\u00f3n). Es intenso, incre\u00edblemente arom\u00e1tico, ligeramente \u00e1cido y rebosante de vitalidad tropical.","og_url":"https:\/\/lavega.gr\/es\/producto\/zumo-de-maracuya-foco-350ml\/","og_site_name":"La Vega","article_modified_time":"2026-05-05T11:57:47+00:00","og_image":[{"width":1000,"height":1000,"url":"https:\/\/lavega.gr\/wp-content\/uploads\/2025\/06\/image00009.png","type":"image\/png"}],"twitter_card":"summary_large_image","twitter_misc":{"Tiempo de lectura":"1 minuto"},"schema":{"@context":"https:\/\/schema.org","@graph":[{"@type":"WebPage","@id":"https:\/\/lavega.gr\/es\/producto\/zumo-de-maracuya-foco-350ml\/","url":"https:\/\/lavega.gr\/es\/producto\/zumo-de-maracuya-foco-350ml\/","name":"Jugo de Maracuy\u00e1 'Foco' (350ml) | La Vega","isPartOf":{"@id":"https:\/\/lavega.gr\/#website"},"primaryImageOfPage":{"@id":"https:\/\/lavega.gr\/es\/producto\/zumo-de-maracuya-foco-350ml\/#primaryimage"},"image":{"@id":"https:\/\/lavega.gr\/es\/producto\/zumo-de-maracuya-foco-350ml\/#primaryimage"},"thumbnailUrl":"https:\/\/lavega.gr\/wp-content\/uploads\/2025\/06\/image00009.png","datePublished":"2025-06-03T13:16:52+00:00","dateModified":"2026-05-05T11:57:47+00:00","description":"Jugo de la famosa maracuy\u00e1 (fruta de la pasi\u00f3n). Es intenso, incre\u00edblemente arom\u00e1tico, ligeramente \u00e1cido y rebosante de vitalidad tropical.","breadcrumb":{"@id":"https:\/\/lavega.gr\/es\/producto\/zumo-de-maracuya-foco-350ml\/#breadcrumb"},"inLanguage":"es","potentialAction":[{"@type":"ReadAction","target":["https:\/\/lavega.gr\/es\/producto\/zumo-de-maracuya-foco-350ml\/"]}]},{"@type":"ImageObject","inLanguage":"es","@id":"https:\/\/lavega.gr\/es\/producto\/zumo-de-maracuya-foco-350ml\/#primaryimage","url":"https:\/\/lavega.gr\/wp-content\/uploads\/2025\/06\/image00009.png","contentUrl":"https:\/\/lavega.gr\/wp-content\/uploads\/2025\/06\/image00009.png","width":1000,"height":1000},{"@type":"BreadcrumbList","@id":"https:\/\/lavega.gr\/es\/producto\/zumo-de-maracuya-foco-350ml\/#breadcrumb","itemListElement":[{"@type":"ListItem","position":1,"name":"Home","item":"https:\/\/lavega.gr\/es\/"},{"@type":"ListItem","position":2,"name":"Productos","item":"https:\/\/lavega.gr\/es\/tienda\/"},{"@type":"ListItem","position":3,"name":"Jugo de Maracuy\u00e1 &#8216;Foco&#8217; (350ml)"}]},{"@type":"WebSite","@id":"https:\/\/lavega.gr\/#website","url":"https:\/\/lavega.gr\/","name":"La Vega","description":"Productos Latinos","potentialAction":[{"@type":"SearchAction","target":{"@type":"EntryPoint","urlTemplate":"https:\/\/lavega.gr\/?s={search_term_string}"},"query-input":"required name=search_term_string"}],"inLanguage":"es"}]}},"_links":{"self":[{"href":"https:\/\/lavega.gr\/es\/wp-json\/wp\/v2\/product\/6325","targetHints":{"allow":["GET"]}}],"collection":[{"href":"https:\/\/lavega.gr\/es\/wp-json\/wp\/v2\/product"}],"about":[{"href":"https:\/\/lavega.gr\/es\/wp-json\/wp\/v2\/types\/product"}],"wp:featuredmedia":[{"embeddable":true,"href":"https:\/\/lavega.gr\/es\/wp-json\/wp\/v2\/media\/7161"}],"wp:attachment":[{"href":"https:\/\/lavega.gr\/es\/wp-json\/wp\/v2\/media?parent=6325"}],"wp:term":[{"taxonomy":"product_cat","embeddable":true,"href":"https:\/\/lavega.gr\/es\/wp-json\/wp\/v2\/product_cat?post=6325"},{"taxonomy":"product_tag","embeddable":true,"href":"https:\/\/lavega.gr\/es\/wp-json\/wp\/v2\/product_tag?post=6325"}],"curies":[{"name":"wp","href":"https:\/\/api.w.org\/{rel}","templated":true}]}}