{"id":6321,"date":"2025-06-03T14:45:36","date_gmt":"2025-06-03T12:45:36","guid":{"rendered":"https:\/\/lavega.gr\/?post_type=product&#038;p=6321"},"modified":"2026-04-02T16:11:52","modified_gmt":"2026-04-02T14:11:52","slug":"frijoles-negros-coexito-500g","status":"publish","type":"product","link":"https:\/\/lavega.gr\/es\/producto\/frijoles-negros-coexito-500g\/","title":{"rendered":"Frijoles negros &#8216;Coexito&#8217; (500g)"},"content":{"rendered":"<p>Los frijoles negros nunca faltan en la cocina de platos tradicionales latinoamericanos, como los frijoles en la olla o en la olla o el arroz con frijoles!<\/p>\n<p>Su alto porcentaje de prote\u00edna y acompa\u00f1ado de arroz o cualquier otro complemento de tu elecci\u00f3n, lo convierte en una comida sumamente nutritiva. Es baja en grasas, libre de grasas saturadas, rica en fibra, buena fuente de hierro y potasio.<\/p>\n<p>Tambi\u00e9n tienen un gran efecto de antienvejecimiento gracias a su alto contenido en antioxidantes.<\/p>\n<p>Pa\u00eds de origen: Per\u00fa<br \/>\nPeso neto: 500g<\/p>\n<p><img decoding=\"async\" class=\"emoji\" role=\"img\" draggable=\"false\" src=\"https:\/\/s.w.org\/images\/core\/emoji\/15.0.3\/svg\/2714.svg\" alt=\"\u2714\ufe0f\"> Sin gluten (Gluten Free)<\/p>\n","protected":false},"excerpt":{"rendered":"<p>Los frijoles negros nunca faltan en la cocina de platos tradicionales latinoamericanos, como los frijoles en la olla o en la olla o el arroz con frijoles! Su alto porcentaje de prote\u00edna y acompa\u00f1ado de arroz o cualquier otro complemento de tu elecci\u00f3n, lo convierte en una comida sumamente nutritiva. Es baja en grasas, libre&#8230;<\/p>\n","protected":false},"featured_media":6319,"template":"","meta":[],"product_cat":[129,88],"product_tag":[],"class_list":{"0":"post-6321","1":"product","2":"type-product","3":"status-publish","4":"has-post-thumbnail","6":"product_cat-legumbres-y-especialidades","7":"product_cat-alimentos","9":"first","10":"instock","11":"taxable","12":"shipping-taxable","13":"purchasable","14":"product-type-simple"},"yoast_head":"<!-- This site is optimized with the Yoast SEO plugin v22.3 - https:\/\/yoast.com\/wordpress\/plugins\/seo\/ -->\n<title>Frijoles negros &#039;Coexito&#039; (500g) | La Vega<\/title>\n<meta name=\"description\" content=\"Los frijoles negros nunca faltan en la cocina de platos tradicionales latinoamericanos, como los frijoles en la olla o en la olla o el arroz con frijoles! Su alto porcentaje de prote\u00ednas y acompa\u00f1ado de arroz o cualquier otro complemento de tu elecci\u00f3n, lo convierte en una comida sumamente nutritiva. Es bajo en grasas, libre de grasas saturadas, rico en fibra, una buena fuente de hierro y potasio.\" \/>\n<meta name=\"robots\" content=\"index, follow, max-snippet:-1, max-image-preview:large, max-video-preview:-1\" \/>\n<link rel=\"canonical\" href=\"https:\/\/lavega.gr\/es\/producto\/frijoles-negros-coexito-500g\/\" \/>\n<meta property=\"og:locale\" content=\"es_ES\" \/>\n<meta property=\"og:type\" content=\"article\" \/>\n<meta property=\"og:title\" content=\"Frijoles negros &#039;Coexito&#039; (500g) | La Vega\" \/>\n<meta property=\"og:description\" content=\"Los frijoles negros nunca faltan en la cocina de platos tradicionales latinoamericanos, como los frijoles en la olla o en la olla o el arroz con frijoles! Su alto porcentaje de prote\u00ednas y acompa\u00f1ado de arroz o cualquier otro complemento de tu elecci\u00f3n, lo convierte en una comida sumamente nutritiva. Es bajo en grasas, libre de grasas saturadas, rico en fibra, una buena fuente de hierro y potasio.\" \/>\n<meta property=\"og:url\" content=\"https:\/\/lavega.gr\/es\/producto\/frijoles-negros-coexito-500g\/\" \/>\n<meta property=\"og:site_name\" content=\"La Vega\" \/>\n<meta property=\"article:modified_time\" content=\"2026-04-02T14:11:52+00:00\" \/>\n<meta property=\"og:image\" content=\"https:\/\/lavega.gr\/wp-content\/uploads\/2025\/06\/1748873825012.png\" \/>\n\t<meta property=\"og:image:width\" content=\"1000\" \/>\n\t<meta property=\"og:image:height\" content=\"1000\" \/>\n\t<meta property=\"og:image:type\" content=\"image\/png\" \/>\n<meta name=\"twitter:card\" content=\"summary_large_image\" \/>\n<meta name=\"twitter:label1\" content=\"Tiempo de lectura\" \/>\n\t<meta name=\"twitter:data1\" content=\"1 minuto\" \/>\n<script type=\"application\/ld+json\" class=\"yoast-schema-graph\">{\"@context\":\"https:\/\/schema.org\",\"@graph\":[{\"@type\":\"WebPage\",\"@id\":\"https:\/\/lavega.gr\/es\/producto\/frijoles-negros-coexito-500g\/\",\"url\":\"https:\/\/lavega.gr\/es\/producto\/frijoles-negros-coexito-500g\/\",\"name\":\"Frijoles negros 'Coexito' (500g) | La Vega\",\"isPartOf\":{\"@id\":\"https:\/\/lavega.gr\/#website\"},\"primaryImageOfPage\":{\"@id\":\"https:\/\/lavega.gr\/es\/producto\/frijoles-negros-coexito-500g\/#primaryimage\"},\"image\":{\"@id\":\"https:\/\/lavega.gr\/es\/producto\/frijoles-negros-coexito-500g\/#primaryimage\"},\"thumbnailUrl\":\"https:\/\/lavega.gr\/wp-content\/uploads\/2025\/06\/1748873825012.png\",\"datePublished\":\"2025-06-03T12:45:36+00:00\",\"dateModified\":\"2026-04-02T14:11:52+00:00\",\"description\":\"Los frijoles negros nunca faltan en la cocina de platos tradicionales latinoamericanos, como los frijoles en la olla o en la olla o el arroz con frijoles! Su alto porcentaje de prote\u00ednas y acompa\u00f1ado de arroz o cualquier otro complemento de tu elecci\u00f3n, lo convierte en una comida sumamente nutritiva. Es bajo en grasas, libre de grasas saturadas, rico en fibra, una buena fuente de hierro y potasio.\",\"breadcrumb\":{\"@id\":\"https:\/\/lavega.gr\/es\/producto\/frijoles-negros-coexito-500g\/#breadcrumb\"},\"inLanguage\":\"es\",\"potentialAction\":[{\"@type\":\"ReadAction\",\"target\":[\"https:\/\/lavega.gr\/es\/producto\/frijoles-negros-coexito-500g\/\"]}]},{\"@type\":\"ImageObject\",\"inLanguage\":\"es\",\"@id\":\"https:\/\/lavega.gr\/es\/producto\/frijoles-negros-coexito-500g\/#primaryimage\",\"url\":\"https:\/\/lavega.gr\/wp-content\/uploads\/2025\/06\/1748873825012.png\",\"contentUrl\":\"https:\/\/lavega.gr\/wp-content\/uploads\/2025\/06\/1748873825012.png\",\"width\":1000,\"height\":1000},{\"@type\":\"BreadcrumbList\",\"@id\":\"https:\/\/lavega.gr\/es\/producto\/frijoles-negros-coexito-500g\/#breadcrumb\",\"itemListElement\":[{\"@type\":\"ListItem\",\"position\":1,\"name\":\"Home\",\"item\":\"https:\/\/lavega.gr\/es\/\"},{\"@type\":\"ListItem\",\"position\":2,\"name\":\"Productos\",\"item\":\"https:\/\/lavega.gr\/es\/tienda\/\"},{\"@type\":\"ListItem\",\"position\":3,\"name\":\"Frijoles negros &#8216;Coexito&#8217; (500g)\"}]},{\"@type\":\"WebSite\",\"@id\":\"https:\/\/lavega.gr\/#website\",\"url\":\"https:\/\/lavega.gr\/\",\"name\":\"La Vega\",\"description\":\"Productos Latinos\",\"potentialAction\":[{\"@type\":\"SearchAction\",\"target\":{\"@type\":\"EntryPoint\",\"urlTemplate\":\"https:\/\/lavega.gr\/?s={search_term_string}\"},\"query-input\":\"required name=search_term_string\"}],\"inLanguage\":\"es\"}]}<\/script>\n<!-- \/ Yoast SEO plugin. -->","yoast_head_json":{"title":"Frijoles negros 'Coexito' (500g) | La Vega","description":"Los frijoles negros nunca faltan en la cocina de platos tradicionales latinoamericanos, como los frijoles en la olla o en la olla o el arroz con frijoles! Su alto porcentaje de prote\u00ednas y acompa\u00f1ado de arroz o cualquier otro complemento de tu elecci\u00f3n, lo convierte en una comida sumamente nutritiva. Es bajo en grasas, libre de grasas saturadas, rico en fibra, una buena fuente de hierro y potasio.","robots":{"index":"index","follow":"follow","max-snippet":"max-snippet:-1","max-image-preview":"max-image-preview:large","max-video-preview":"max-video-preview:-1"},"canonical":"https:\/\/lavega.gr\/es\/producto\/frijoles-negros-coexito-500g\/","og_locale":"es_ES","og_type":"article","og_title":"Frijoles negros 'Coexito' (500g) | La Vega","og_description":"Los frijoles negros nunca faltan en la cocina de platos tradicionales latinoamericanos, como los frijoles en la olla o en la olla o el arroz con frijoles! Su alto porcentaje de prote\u00ednas y acompa\u00f1ado de arroz o cualquier otro complemento de tu elecci\u00f3n, lo convierte en una comida sumamente nutritiva. Es bajo en grasas, libre de grasas saturadas, rico en fibra, una buena fuente de hierro y potasio.","og_url":"https:\/\/lavega.gr\/es\/producto\/frijoles-negros-coexito-500g\/","og_site_name":"La Vega","article_modified_time":"2026-04-02T14:11:52+00:00","og_image":[{"width":1000,"height":1000,"url":"https:\/\/lavega.gr\/wp-content\/uploads\/2025\/06\/1748873825012.png","type":"image\/png"}],"twitter_card":"summary_large_image","twitter_misc":{"Tiempo de lectura":"1 minuto"},"schema":{"@context":"https:\/\/schema.org","@graph":[{"@type":"WebPage","@id":"https:\/\/lavega.gr\/es\/producto\/frijoles-negros-coexito-500g\/","url":"https:\/\/lavega.gr\/es\/producto\/frijoles-negros-coexito-500g\/","name":"Frijoles negros 'Coexito' (500g) | La Vega","isPartOf":{"@id":"https:\/\/lavega.gr\/#website"},"primaryImageOfPage":{"@id":"https:\/\/lavega.gr\/es\/producto\/frijoles-negros-coexito-500g\/#primaryimage"},"image":{"@id":"https:\/\/lavega.gr\/es\/producto\/frijoles-negros-coexito-500g\/#primaryimage"},"thumbnailUrl":"https:\/\/lavega.gr\/wp-content\/uploads\/2025\/06\/1748873825012.png","datePublished":"2025-06-03T12:45:36+00:00","dateModified":"2026-04-02T14:11:52+00:00","description":"Los frijoles negros nunca faltan en la cocina de platos tradicionales latinoamericanos, como los frijoles en la olla o en la olla o el arroz con frijoles! Su alto porcentaje de prote\u00ednas y acompa\u00f1ado de arroz o cualquier otro complemento de tu elecci\u00f3n, lo convierte en una comida sumamente nutritiva. Es bajo en grasas, libre de grasas saturadas, rico en fibra, una buena fuente de hierro y potasio.","breadcrumb":{"@id":"https:\/\/lavega.gr\/es\/producto\/frijoles-negros-coexito-500g\/#breadcrumb"},"inLanguage":"es","potentialAction":[{"@type":"ReadAction","target":["https:\/\/lavega.gr\/es\/producto\/frijoles-negros-coexito-500g\/"]}]},{"@type":"ImageObject","inLanguage":"es","@id":"https:\/\/lavega.gr\/es\/producto\/frijoles-negros-coexito-500g\/#primaryimage","url":"https:\/\/lavega.gr\/wp-content\/uploads\/2025\/06\/1748873825012.png","contentUrl":"https:\/\/lavega.gr\/wp-content\/uploads\/2025\/06\/1748873825012.png","width":1000,"height":1000},{"@type":"BreadcrumbList","@id":"https:\/\/lavega.gr\/es\/producto\/frijoles-negros-coexito-500g\/#breadcrumb","itemListElement":[{"@type":"ListItem","position":1,"name":"Home","item":"https:\/\/lavega.gr\/es\/"},{"@type":"ListItem","position":2,"name":"Productos","item":"https:\/\/lavega.gr\/es\/tienda\/"},{"@type":"ListItem","position":3,"name":"Frijoles negros &#8216;Coexito&#8217; (500g)"}]},{"@type":"WebSite","@id":"https:\/\/lavega.gr\/#website","url":"https:\/\/lavega.gr\/","name":"La Vega","description":"Productos Latinos","potentialAction":[{"@type":"SearchAction","target":{"@type":"EntryPoint","urlTemplate":"https:\/\/lavega.gr\/?s={search_term_string}"},"query-input":"required name=search_term_string"}],"inLanguage":"es"}]}},"_links":{"self":[{"href":"https:\/\/lavega.gr\/es\/wp-json\/wp\/v2\/product\/6321","targetHints":{"allow":["GET"]}}],"collection":[{"href":"https:\/\/lavega.gr\/es\/wp-json\/wp\/v2\/product"}],"about":[{"href":"https:\/\/lavega.gr\/es\/wp-json\/wp\/v2\/types\/product"}],"wp:featuredmedia":[{"embeddable":true,"href":"https:\/\/lavega.gr\/es\/wp-json\/wp\/v2\/media\/6319"}],"wp:attachment":[{"href":"https:\/\/lavega.gr\/es\/wp-json\/wp\/v2\/media?parent=6321"}],"wp:term":[{"taxonomy":"product_cat","embeddable":true,"href":"https:\/\/lavega.gr\/es\/wp-json\/wp\/v2\/product_cat?post=6321"},{"taxonomy":"product_tag","embeddable":true,"href":"https:\/\/lavega.gr\/es\/wp-json\/wp\/v2\/product_tag?post=6321"}],"curies":[{"name":"wp","href":"https:\/\/api.w.org\/{rel}","templated":true}]}}