{"id":6227,"date":"2025-05-08T16:21:53","date_gmt":"2025-05-08T14:21:53","guid":{"rendered":"https:\/\/lavega.gr\/?post_type=product&#038;p=6227"},"modified":"2026-04-23T16:10:12","modified_gmt":"2026-04-23T14:10:12","slug":"maiz-tostar-cancha-500g","status":"publish","type":"product","link":"https:\/\/lavega.gr\/es\/producto\/maiz-tostar-cancha-500g\/","title":{"rendered":"Cancha Maiz (500g)"},"content":{"rendered":"<p><strong>Las mejores palomitas de ma\u00edz latinoamericanas! \ud83c\udf3d <\/strong><\/p>\n<p><strong>Que es:<\/strong> Una variedad especial de ma\u00edz peruano con granos grandes y duros, destinada exclusivamente a fre\u00edrse en sart\u00e9n. No se abre como las palomitas de ma\u00edz cl\u00e1sicas, sino que se infla. <\/p>\n<p><strong>Como usarlo<\/strong>: Es el snack crujiente perfecto! Calienta un poco de aceite en una sart\u00e9n, agrega el ma\u00edz, tapa y revuelve agitando la sart\u00e9n hasta que los granos est\u00e9n dorados. <\/p>\n<p><strong>Consejo de La Vega<\/strong>: Espolvor\u00e9alo con sal gruesa mientras a\u00fan est\u00e9 caliente. Es un acompa\u00f1amiento tradicional del ceviche, \u00a1pero es simplemente m\u00e1gico junto a una cerveza bien fr\u00eda por la noche! <\/p>\n","protected":false},"excerpt":{"rendered":"<p>Las mejores palomitas de ma\u00edz latinoamericanas! \ud83c\udf3d Que es: Una variedad especial de ma\u00edz peruano con granos grandes y duros, destinada exclusivamente a fre\u00edrse en sart\u00e9n. No se abre como las palomitas de ma\u00edz cl\u00e1sicas, sino que se infla. Como usarlo: Es el snack crujiente perfecto! Calienta un poco de aceite en una sart\u00e9n, agrega&#8230;<\/p>\n","protected":false},"featured_media":7050,"template":"","meta":[],"product_cat":[88,131],"product_tag":[],"class_list":{"0":"post-6227","1":"product","2":"type-product","3":"status-publish","4":"has-post-thumbnail","6":"product_cat-ingredientes-autenticos-cocinar","7":"product_cat-snacks-productos-salados","9":"first","10":"instock","11":"taxable","12":"shipping-taxable","13":"purchasable","14":"product-type-simple"},"yoast_head":"<!-- This site is optimized with the Yoast SEO plugin v22.3 - https:\/\/yoast.com\/wordpress\/plugins\/seo\/ -->\n<title>Cancha Maiz (500g) | La Vega<\/title>\n<meta name=\"description\" content=\"\u039c\u03b9\u03b1 \u03b5\u03b9\u03b4\u03b9\u03ba\u03ae \u03c0\u03bf\u03b9\u03ba\u03b9\u03bb\u03af\u03b1 \u03c0\u03b5\u03c1\u03bf\u03c5\u03b2\u03b9\u03b1\u03bd\u03bf\u03cd \u03ba\u03b1\u03bb\u03b1\u03bc\u03c0\u03bf\u03ba\u03b9\u03bf\u03cd \u03bc\u03b5 \u03bc\u03b5\u03b3\u03ac\u03bb\u03bf\u03c5\u03c2, \u03c3\u03ba\u03bb\u03b7\u03c1\u03bf\u03cd\u03c2 \u03ba\u03cc\u03ba\u03ba\u03bf\u03c5\u03c2, \u03c0\u03bf\u03c5 \u03c0\u03c1\u03bf\u03bf\u03c1\u03af\u03b6\u03b5\u03c4\u03b1\u03b9 \u03b1\u03c0\u03bf\u03ba\u03bb\u03b5\u03b9\u03c3\u03c4\u03b9\u03ba\u03ac \u03b3\u03b9\u03b1 \u03ba\u03b1\u03b2\u03bf\u03cd\u03c1\u03b4\u03b9\u03c3\u03bc\u03b1 \u03c3\u03c4\u03bf \u03c4\u03b7\u03b3\u03ac\u03bd\u03b9. \u0394\u03b5\u03bd &quot;\u03c3\u03ba\u03ac\u03b5\u03b9&quot; \u03b1\u03bd\u03bf\u03af\u03b3\u03bf\u03bd\u03c4\u03b1\u03c2 \u03c3\u03b1\u03bd \u03c4\u03bf \u03ba\u03bb\u03b1\u03c3\u03b9\u03ba\u03cc \u03c0\u03bf\u03c0-\u03ba\u03bf\u03c1\u03bd, \u03b1\u03bb\u03bb\u03ac \u03c6\u03bf\u03c5\u03c3\u03ba\u03ce\u03bd\u03b5\u03b9.\" \/>\n<meta name=\"robots\" content=\"index, follow, max-snippet:-1, max-image-preview:large, max-video-preview:-1\" \/>\n<link rel=\"canonical\" href=\"https:\/\/lavega.gr\/es\/producto\/maiz-tostar-cancha-500g\/\" \/>\n<meta property=\"og:locale\" content=\"es_ES\" \/>\n<meta property=\"og:type\" content=\"article\" \/>\n<meta property=\"og:title\" content=\"Cancha Maiz (500g) | La Vega\" \/>\n<meta property=\"og:description\" content=\"\u039c\u03b9\u03b1 \u03b5\u03b9\u03b4\u03b9\u03ba\u03ae \u03c0\u03bf\u03b9\u03ba\u03b9\u03bb\u03af\u03b1 \u03c0\u03b5\u03c1\u03bf\u03c5\u03b2\u03b9\u03b1\u03bd\u03bf\u03cd \u03ba\u03b1\u03bb\u03b1\u03bc\u03c0\u03bf\u03ba\u03b9\u03bf\u03cd \u03bc\u03b5 \u03bc\u03b5\u03b3\u03ac\u03bb\u03bf\u03c5\u03c2, \u03c3\u03ba\u03bb\u03b7\u03c1\u03bf\u03cd\u03c2 \u03ba\u03cc\u03ba\u03ba\u03bf\u03c5\u03c2, \u03c0\u03bf\u03c5 \u03c0\u03c1\u03bf\u03bf\u03c1\u03af\u03b6\u03b5\u03c4\u03b1\u03b9 \u03b1\u03c0\u03bf\u03ba\u03bb\u03b5\u03b9\u03c3\u03c4\u03b9\u03ba\u03ac \u03b3\u03b9\u03b1 \u03ba\u03b1\u03b2\u03bf\u03cd\u03c1\u03b4\u03b9\u03c3\u03bc\u03b1 \u03c3\u03c4\u03bf \u03c4\u03b7\u03b3\u03ac\u03bd\u03b9. \u0394\u03b5\u03bd &quot;\u03c3\u03ba\u03ac\u03b5\u03b9&quot; \u03b1\u03bd\u03bf\u03af\u03b3\u03bf\u03bd\u03c4\u03b1\u03c2 \u03c3\u03b1\u03bd \u03c4\u03bf \u03ba\u03bb\u03b1\u03c3\u03b9\u03ba\u03cc \u03c0\u03bf\u03c0-\u03ba\u03bf\u03c1\u03bd, \u03b1\u03bb\u03bb\u03ac \u03c6\u03bf\u03c5\u03c3\u03ba\u03ce\u03bd\u03b5\u03b9.\" \/>\n<meta property=\"og:url\" content=\"https:\/\/lavega.gr\/es\/producto\/maiz-tostar-cancha-500g\/\" \/>\n<meta property=\"og:site_name\" content=\"La Vega\" \/>\n<meta property=\"article:modified_time\" content=\"2026-04-23T14:10:12+00:00\" \/>\n<meta property=\"og:image\" content=\"https:\/\/lavega.gr\/wp-content\/uploads\/2025\/05\/1000013060.png\" \/>\n\t<meta property=\"og:image:width\" content=\"1000\" \/>\n\t<meta property=\"og:image:height\" content=\"1000\" \/>\n\t<meta property=\"og:image:type\" content=\"image\/png\" \/>\n<meta name=\"twitter:card\" content=\"summary_large_image\" \/>\n<meta name=\"twitter:label1\" content=\"Tiempo de lectura\" \/>\n\t<meta name=\"twitter:data1\" content=\"1 minuto\" \/>\n<script type=\"application\/ld+json\" class=\"yoast-schema-graph\">{\"@context\":\"https:\/\/schema.org\",\"@graph\":[{\"@type\":\"WebPage\",\"@id\":\"https:\/\/lavega.gr\/es\/producto\/maiz-tostar-cancha-500g\/\",\"url\":\"https:\/\/lavega.gr\/es\/producto\/maiz-tostar-cancha-500g\/\",\"name\":\"Cancha Maiz (500g) | La Vega\",\"isPartOf\":{\"@id\":\"https:\/\/lavega.gr\/#website\"},\"primaryImageOfPage\":{\"@id\":\"https:\/\/lavega.gr\/es\/producto\/maiz-tostar-cancha-500g\/#primaryimage\"},\"image\":{\"@id\":\"https:\/\/lavega.gr\/es\/producto\/maiz-tostar-cancha-500g\/#primaryimage\"},\"thumbnailUrl\":\"https:\/\/lavega.gr\/wp-content\/uploads\/2025\/05\/1000013060.png\",\"datePublished\":\"2025-05-08T14:21:53+00:00\",\"dateModified\":\"2026-04-23T14:10:12+00:00\",\"description\":\"\u039c\u03b9\u03b1 \u03b5\u03b9\u03b4\u03b9\u03ba\u03ae \u03c0\u03bf\u03b9\u03ba\u03b9\u03bb\u03af\u03b1 \u03c0\u03b5\u03c1\u03bf\u03c5\u03b2\u03b9\u03b1\u03bd\u03bf\u03cd \u03ba\u03b1\u03bb\u03b1\u03bc\u03c0\u03bf\u03ba\u03b9\u03bf\u03cd \u03bc\u03b5 \u03bc\u03b5\u03b3\u03ac\u03bb\u03bf\u03c5\u03c2, \u03c3\u03ba\u03bb\u03b7\u03c1\u03bf\u03cd\u03c2 \u03ba\u03cc\u03ba\u03ba\u03bf\u03c5\u03c2, \u03c0\u03bf\u03c5 \u03c0\u03c1\u03bf\u03bf\u03c1\u03af\u03b6\u03b5\u03c4\u03b1\u03b9 \u03b1\u03c0\u03bf\u03ba\u03bb\u03b5\u03b9\u03c3\u03c4\u03b9\u03ba\u03ac \u03b3\u03b9\u03b1 \u03ba\u03b1\u03b2\u03bf\u03cd\u03c1\u03b4\u03b9\u03c3\u03bc\u03b1 \u03c3\u03c4\u03bf \u03c4\u03b7\u03b3\u03ac\u03bd\u03b9. \u0394\u03b5\u03bd \\\"\u03c3\u03ba\u03ac\u03b5\u03b9\\\" \u03b1\u03bd\u03bf\u03af\u03b3\u03bf\u03bd\u03c4\u03b1\u03c2 \u03c3\u03b1\u03bd \u03c4\u03bf \u03ba\u03bb\u03b1\u03c3\u03b9\u03ba\u03cc \u03c0\u03bf\u03c0-\u03ba\u03bf\u03c1\u03bd, \u03b1\u03bb\u03bb\u03ac \u03c6\u03bf\u03c5\u03c3\u03ba\u03ce\u03bd\u03b5\u03b9.\",\"breadcrumb\":{\"@id\":\"https:\/\/lavega.gr\/es\/producto\/maiz-tostar-cancha-500g\/#breadcrumb\"},\"inLanguage\":\"es\",\"potentialAction\":[{\"@type\":\"ReadAction\",\"target\":[\"https:\/\/lavega.gr\/es\/producto\/maiz-tostar-cancha-500g\/\"]}]},{\"@type\":\"ImageObject\",\"inLanguage\":\"es\",\"@id\":\"https:\/\/lavega.gr\/es\/producto\/maiz-tostar-cancha-500g\/#primaryimage\",\"url\":\"https:\/\/lavega.gr\/wp-content\/uploads\/2025\/05\/1000013060.png\",\"contentUrl\":\"https:\/\/lavega.gr\/wp-content\/uploads\/2025\/05\/1000013060.png\",\"width\":1000,\"height\":1000},{\"@type\":\"BreadcrumbList\",\"@id\":\"https:\/\/lavega.gr\/es\/producto\/maiz-tostar-cancha-500g\/#breadcrumb\",\"itemListElement\":[{\"@type\":\"ListItem\",\"position\":1,\"name\":\"Home\",\"item\":\"https:\/\/lavega.gr\/es\/\"},{\"@type\":\"ListItem\",\"position\":2,\"name\":\"Productos\",\"item\":\"https:\/\/lavega.gr\/es\/tienda\/\"},{\"@type\":\"ListItem\",\"position\":3,\"name\":\"Cancha Maiz (500g)\"}]},{\"@type\":\"WebSite\",\"@id\":\"https:\/\/lavega.gr\/#website\",\"url\":\"https:\/\/lavega.gr\/\",\"name\":\"La Vega\",\"description\":\"Productos Latinos\",\"potentialAction\":[{\"@type\":\"SearchAction\",\"target\":{\"@type\":\"EntryPoint\",\"urlTemplate\":\"https:\/\/lavega.gr\/?s={search_term_string}\"},\"query-input\":\"required name=search_term_string\"}],\"inLanguage\":\"es\"}]}<\/script>\n<!-- \/ Yoast SEO plugin. -->","yoast_head_json":{"title":"Cancha Maiz (500g) | La Vega","description":"\u039c\u03b9\u03b1 \u03b5\u03b9\u03b4\u03b9\u03ba\u03ae \u03c0\u03bf\u03b9\u03ba\u03b9\u03bb\u03af\u03b1 \u03c0\u03b5\u03c1\u03bf\u03c5\u03b2\u03b9\u03b1\u03bd\u03bf\u03cd \u03ba\u03b1\u03bb\u03b1\u03bc\u03c0\u03bf\u03ba\u03b9\u03bf\u03cd \u03bc\u03b5 \u03bc\u03b5\u03b3\u03ac\u03bb\u03bf\u03c5\u03c2, \u03c3\u03ba\u03bb\u03b7\u03c1\u03bf\u03cd\u03c2 \u03ba\u03cc\u03ba\u03ba\u03bf\u03c5\u03c2, \u03c0\u03bf\u03c5 \u03c0\u03c1\u03bf\u03bf\u03c1\u03af\u03b6\u03b5\u03c4\u03b1\u03b9 \u03b1\u03c0\u03bf\u03ba\u03bb\u03b5\u03b9\u03c3\u03c4\u03b9\u03ba\u03ac \u03b3\u03b9\u03b1 \u03ba\u03b1\u03b2\u03bf\u03cd\u03c1\u03b4\u03b9\u03c3\u03bc\u03b1 \u03c3\u03c4\u03bf \u03c4\u03b7\u03b3\u03ac\u03bd\u03b9. \u0394\u03b5\u03bd \"\u03c3\u03ba\u03ac\u03b5\u03b9\" \u03b1\u03bd\u03bf\u03af\u03b3\u03bf\u03bd\u03c4\u03b1\u03c2 \u03c3\u03b1\u03bd \u03c4\u03bf \u03ba\u03bb\u03b1\u03c3\u03b9\u03ba\u03cc \u03c0\u03bf\u03c0-\u03ba\u03bf\u03c1\u03bd, \u03b1\u03bb\u03bb\u03ac \u03c6\u03bf\u03c5\u03c3\u03ba\u03ce\u03bd\u03b5\u03b9.","robots":{"index":"index","follow":"follow","max-snippet":"max-snippet:-1","max-image-preview":"max-image-preview:large","max-video-preview":"max-video-preview:-1"},"canonical":"https:\/\/lavega.gr\/es\/producto\/maiz-tostar-cancha-500g\/","og_locale":"es_ES","og_type":"article","og_title":"Cancha Maiz (500g) | La Vega","og_description":"\u039c\u03b9\u03b1 \u03b5\u03b9\u03b4\u03b9\u03ba\u03ae \u03c0\u03bf\u03b9\u03ba\u03b9\u03bb\u03af\u03b1 \u03c0\u03b5\u03c1\u03bf\u03c5\u03b2\u03b9\u03b1\u03bd\u03bf\u03cd \u03ba\u03b1\u03bb\u03b1\u03bc\u03c0\u03bf\u03ba\u03b9\u03bf\u03cd \u03bc\u03b5 \u03bc\u03b5\u03b3\u03ac\u03bb\u03bf\u03c5\u03c2, \u03c3\u03ba\u03bb\u03b7\u03c1\u03bf\u03cd\u03c2 \u03ba\u03cc\u03ba\u03ba\u03bf\u03c5\u03c2, \u03c0\u03bf\u03c5 \u03c0\u03c1\u03bf\u03bf\u03c1\u03af\u03b6\u03b5\u03c4\u03b1\u03b9 \u03b1\u03c0\u03bf\u03ba\u03bb\u03b5\u03b9\u03c3\u03c4\u03b9\u03ba\u03ac \u03b3\u03b9\u03b1 \u03ba\u03b1\u03b2\u03bf\u03cd\u03c1\u03b4\u03b9\u03c3\u03bc\u03b1 \u03c3\u03c4\u03bf \u03c4\u03b7\u03b3\u03ac\u03bd\u03b9. \u0394\u03b5\u03bd \"\u03c3\u03ba\u03ac\u03b5\u03b9\" \u03b1\u03bd\u03bf\u03af\u03b3\u03bf\u03bd\u03c4\u03b1\u03c2 \u03c3\u03b1\u03bd \u03c4\u03bf \u03ba\u03bb\u03b1\u03c3\u03b9\u03ba\u03cc \u03c0\u03bf\u03c0-\u03ba\u03bf\u03c1\u03bd, \u03b1\u03bb\u03bb\u03ac \u03c6\u03bf\u03c5\u03c3\u03ba\u03ce\u03bd\u03b5\u03b9.","og_url":"https:\/\/lavega.gr\/es\/producto\/maiz-tostar-cancha-500g\/","og_site_name":"La Vega","article_modified_time":"2026-04-23T14:10:12+00:00","og_image":[{"width":1000,"height":1000,"url":"https:\/\/lavega.gr\/wp-content\/uploads\/2025\/05\/1000013060.png","type":"image\/png"}],"twitter_card":"summary_large_image","twitter_misc":{"Tiempo de lectura":"1 minuto"},"schema":{"@context":"https:\/\/schema.org","@graph":[{"@type":"WebPage","@id":"https:\/\/lavega.gr\/es\/producto\/maiz-tostar-cancha-500g\/","url":"https:\/\/lavega.gr\/es\/producto\/maiz-tostar-cancha-500g\/","name":"Cancha Maiz (500g) | La Vega","isPartOf":{"@id":"https:\/\/lavega.gr\/#website"},"primaryImageOfPage":{"@id":"https:\/\/lavega.gr\/es\/producto\/maiz-tostar-cancha-500g\/#primaryimage"},"image":{"@id":"https:\/\/lavega.gr\/es\/producto\/maiz-tostar-cancha-500g\/#primaryimage"},"thumbnailUrl":"https:\/\/lavega.gr\/wp-content\/uploads\/2025\/05\/1000013060.png","datePublished":"2025-05-08T14:21:53+00:00","dateModified":"2026-04-23T14:10:12+00:00","description":"\u039c\u03b9\u03b1 \u03b5\u03b9\u03b4\u03b9\u03ba\u03ae \u03c0\u03bf\u03b9\u03ba\u03b9\u03bb\u03af\u03b1 \u03c0\u03b5\u03c1\u03bf\u03c5\u03b2\u03b9\u03b1\u03bd\u03bf\u03cd \u03ba\u03b1\u03bb\u03b1\u03bc\u03c0\u03bf\u03ba\u03b9\u03bf\u03cd \u03bc\u03b5 \u03bc\u03b5\u03b3\u03ac\u03bb\u03bf\u03c5\u03c2, \u03c3\u03ba\u03bb\u03b7\u03c1\u03bf\u03cd\u03c2 \u03ba\u03cc\u03ba\u03ba\u03bf\u03c5\u03c2, \u03c0\u03bf\u03c5 \u03c0\u03c1\u03bf\u03bf\u03c1\u03af\u03b6\u03b5\u03c4\u03b1\u03b9 \u03b1\u03c0\u03bf\u03ba\u03bb\u03b5\u03b9\u03c3\u03c4\u03b9\u03ba\u03ac \u03b3\u03b9\u03b1 \u03ba\u03b1\u03b2\u03bf\u03cd\u03c1\u03b4\u03b9\u03c3\u03bc\u03b1 \u03c3\u03c4\u03bf \u03c4\u03b7\u03b3\u03ac\u03bd\u03b9. \u0394\u03b5\u03bd \"\u03c3\u03ba\u03ac\u03b5\u03b9\" \u03b1\u03bd\u03bf\u03af\u03b3\u03bf\u03bd\u03c4\u03b1\u03c2 \u03c3\u03b1\u03bd \u03c4\u03bf \u03ba\u03bb\u03b1\u03c3\u03b9\u03ba\u03cc \u03c0\u03bf\u03c0-\u03ba\u03bf\u03c1\u03bd, \u03b1\u03bb\u03bb\u03ac \u03c6\u03bf\u03c5\u03c3\u03ba\u03ce\u03bd\u03b5\u03b9.","breadcrumb":{"@id":"https:\/\/lavega.gr\/es\/producto\/maiz-tostar-cancha-500g\/#breadcrumb"},"inLanguage":"es","potentialAction":[{"@type":"ReadAction","target":["https:\/\/lavega.gr\/es\/producto\/maiz-tostar-cancha-500g\/"]}]},{"@type":"ImageObject","inLanguage":"es","@id":"https:\/\/lavega.gr\/es\/producto\/maiz-tostar-cancha-500g\/#primaryimage","url":"https:\/\/lavega.gr\/wp-content\/uploads\/2025\/05\/1000013060.png","contentUrl":"https:\/\/lavega.gr\/wp-content\/uploads\/2025\/05\/1000013060.png","width":1000,"height":1000},{"@type":"BreadcrumbList","@id":"https:\/\/lavega.gr\/es\/producto\/maiz-tostar-cancha-500g\/#breadcrumb","itemListElement":[{"@type":"ListItem","position":1,"name":"Home","item":"https:\/\/lavega.gr\/es\/"},{"@type":"ListItem","position":2,"name":"Productos","item":"https:\/\/lavega.gr\/es\/tienda\/"},{"@type":"ListItem","position":3,"name":"Cancha Maiz (500g)"}]},{"@type":"WebSite","@id":"https:\/\/lavega.gr\/#website","url":"https:\/\/lavega.gr\/","name":"La Vega","description":"Productos Latinos","potentialAction":[{"@type":"SearchAction","target":{"@type":"EntryPoint","urlTemplate":"https:\/\/lavega.gr\/?s={search_term_string}"},"query-input":"required name=search_term_string"}],"inLanguage":"es"}]}},"_links":{"self":[{"href":"https:\/\/lavega.gr\/es\/wp-json\/wp\/v2\/product\/6227","targetHints":{"allow":["GET"]}}],"collection":[{"href":"https:\/\/lavega.gr\/es\/wp-json\/wp\/v2\/product"}],"about":[{"href":"https:\/\/lavega.gr\/es\/wp-json\/wp\/v2\/types\/product"}],"wp:featuredmedia":[{"embeddable":true,"href":"https:\/\/lavega.gr\/es\/wp-json\/wp\/v2\/media\/7050"}],"wp:attachment":[{"href":"https:\/\/lavega.gr\/es\/wp-json\/wp\/v2\/media?parent=6227"}],"wp:term":[{"taxonomy":"product_cat","embeddable":true,"href":"https:\/\/lavega.gr\/es\/wp-json\/wp\/v2\/product_cat?post=6227"},{"taxonomy":"product_tag","embeddable":true,"href":"https:\/\/lavega.gr\/es\/wp-json\/wp\/v2\/product_tag?post=6227"}],"curies":[{"name":"wp","href":"https:\/\/api.w.org\/{rel}","templated":true}]}}