{"id":6165,"date":"2025-04-15T16:02:48","date_gmt":"2025-04-15T14:02:48","guid":{"rendered":"https:\/\/lavega.gr\/?post_type=product&#038;p=6165"},"modified":"2026-04-23T16:10:29","modified_gmt":"2026-04-23T14:10:29","slug":"pasta-de-huacatay-coexito-220g","status":"publish","type":"product","link":"https:\/\/lavega.gr\/es\/producto\/pasta-de-huacatay-coexito-220g\/","title":{"rendered":"Pasta De Huacatay &#8216;Coexito&#8217; (220g)"},"content":{"rendered":"<p><strong>Pasta de Huacatay: El &#8220;Oro Negro&#8221; de los Andes! \ud83c\udf3f <\/strong><\/p>\n<p><strong>Qu\u00e9 es:<\/strong> una pasta de la &#8220;menta negra&#8221; peruana. Tiene un sabor fresco y \u00fanico que recuerda a una combinaci\u00f3n de menta, cilantro y albahaca. <\/p>\n<p><strong>Consejo de La Vega:<\/strong> La base de la famosa salsa &#8220;Ocopa&#8221; (para patatas) y el adobo &#8220;secreto&#8221; definitivo para el pollo asado a la brasa.<\/p>\n","protected":false},"excerpt":{"rendered":"<p>Pasta de Huacatay: El &#8220;Oro Negro&#8221; de los Andes! \ud83c\udf3f Qu\u00e9 es: una pasta de la &#8220;menta negra&#8221; peruana. Tiene un sabor fresco y \u00fanico que recuerda a una combinaci\u00f3n de menta, cilantro y albahaca. Consejo de La Vega: La base de la famosa salsa &#8220;Ocopa&#8221; (para patatas) y el adobo &#8220;secreto&#8221; definitivo para el&#8230;<\/p>\n","protected":false},"featured_media":6164,"template":"","meta":[],"product_cat":[88,130],"product_tag":[],"class_list":{"0":"post-6165","1":"product","2":"type-product","3":"status-publish","4":"has-post-thumbnail","6":"product_cat-ingredientes-autenticos-cocinar","7":"product_cat-salsas-pastas","9":"first","10":"instock","11":"taxable","12":"shipping-taxable","13":"purchasable","14":"product-type-simple"},"yoast_head":"<!-- This site is optimized with the Yoast SEO plugin v22.3 - https:\/\/yoast.com\/wordpress\/plugins\/seo\/ -->\n<title>Pasta De Huacatay &#039;Coexito&#039; (220g) | La Vega<\/title>\n<meta name=\"description\" content=\"Qu\u00e9 es: una pasta de la &quot;menta negra&quot; peruana. Tiene un sabor fresco y \u00fanico que recuerda a una combinaci\u00f3n de menta, cilantro y albahaca.\" \/>\n<meta name=\"robots\" content=\"index, follow, max-snippet:-1, max-image-preview:large, max-video-preview:-1\" \/>\n<link rel=\"canonical\" href=\"https:\/\/lavega.gr\/es\/producto\/pasta-de-huacatay-coexito-220g\/\" \/>\n<meta property=\"og:locale\" content=\"es_ES\" \/>\n<meta property=\"og:type\" content=\"article\" \/>\n<meta property=\"og:title\" content=\"Pasta De Huacatay &#039;Coexito&#039; (220g) | La Vega\" \/>\n<meta property=\"og:description\" content=\"Qu\u00e9 es: una pasta de la &quot;menta negra&quot; peruana. Tiene un sabor fresco y \u00fanico que recuerda a una combinaci\u00f3n de menta, cilantro y albahaca.\" \/>\n<meta property=\"og:url\" content=\"https:\/\/lavega.gr\/es\/producto\/pasta-de-huacatay-coexito-220g\/\" \/>\n<meta property=\"og:site_name\" content=\"La Vega\" \/>\n<meta property=\"article:modified_time\" content=\"2026-04-23T14:10:29+00:00\" \/>\n<meta property=\"og:image\" content=\"https:\/\/lavega.gr\/wp-content\/uploads\/2025\/04\/1744725704006.png\" \/>\n\t<meta property=\"og:image:width\" content=\"1000\" \/>\n\t<meta property=\"og:image:height\" content=\"1000\" \/>\n\t<meta property=\"og:image:type\" content=\"image\/png\" \/>\n<meta name=\"twitter:card\" content=\"summary_large_image\" \/>\n<meta name=\"twitter:label1\" content=\"Tiempo de lectura\" \/>\n\t<meta name=\"twitter:data1\" content=\"1 minuto\" \/>\n<script type=\"application\/ld+json\" class=\"yoast-schema-graph\">{\"@context\":\"https:\/\/schema.org\",\"@graph\":[{\"@type\":\"WebPage\",\"@id\":\"https:\/\/lavega.gr\/es\/producto\/pasta-de-huacatay-coexito-220g\/\",\"url\":\"https:\/\/lavega.gr\/es\/producto\/pasta-de-huacatay-coexito-220g\/\",\"name\":\"Pasta De Huacatay 'Coexito' (220g) | La Vega\",\"isPartOf\":{\"@id\":\"https:\/\/lavega.gr\/#website\"},\"primaryImageOfPage\":{\"@id\":\"https:\/\/lavega.gr\/es\/producto\/pasta-de-huacatay-coexito-220g\/#primaryimage\"},\"image\":{\"@id\":\"https:\/\/lavega.gr\/es\/producto\/pasta-de-huacatay-coexito-220g\/#primaryimage\"},\"thumbnailUrl\":\"https:\/\/lavega.gr\/wp-content\/uploads\/2025\/04\/1744725704006.png\",\"datePublished\":\"2025-04-15T14:02:48+00:00\",\"dateModified\":\"2026-04-23T14:10:29+00:00\",\"description\":\"Qu\u00e9 es: una pasta de la \\\"menta negra\\\" peruana. Tiene un sabor fresco y \u00fanico que recuerda a una combinaci\u00f3n de menta, cilantro y albahaca.\",\"breadcrumb\":{\"@id\":\"https:\/\/lavega.gr\/es\/producto\/pasta-de-huacatay-coexito-220g\/#breadcrumb\"},\"inLanguage\":\"es\",\"potentialAction\":[{\"@type\":\"ReadAction\",\"target\":[\"https:\/\/lavega.gr\/es\/producto\/pasta-de-huacatay-coexito-220g\/\"]}]},{\"@type\":\"ImageObject\",\"inLanguage\":\"es\",\"@id\":\"https:\/\/lavega.gr\/es\/producto\/pasta-de-huacatay-coexito-220g\/#primaryimage\",\"url\":\"https:\/\/lavega.gr\/wp-content\/uploads\/2025\/04\/1744725704006.png\",\"contentUrl\":\"https:\/\/lavega.gr\/wp-content\/uploads\/2025\/04\/1744725704006.png\",\"width\":1000,\"height\":1000},{\"@type\":\"BreadcrumbList\",\"@id\":\"https:\/\/lavega.gr\/es\/producto\/pasta-de-huacatay-coexito-220g\/#breadcrumb\",\"itemListElement\":[{\"@type\":\"ListItem\",\"position\":1,\"name\":\"Home\",\"item\":\"https:\/\/lavega.gr\/es\/\"},{\"@type\":\"ListItem\",\"position\":2,\"name\":\"Productos\",\"item\":\"https:\/\/lavega.gr\/es\/tienda\/\"},{\"@type\":\"ListItem\",\"position\":3,\"name\":\"Pasta De Huacatay &#8216;Coexito&#8217; (220g)\"}]},{\"@type\":\"WebSite\",\"@id\":\"https:\/\/lavega.gr\/#website\",\"url\":\"https:\/\/lavega.gr\/\",\"name\":\"La Vega\",\"description\":\"Productos Latinos\",\"potentialAction\":[{\"@type\":\"SearchAction\",\"target\":{\"@type\":\"EntryPoint\",\"urlTemplate\":\"https:\/\/lavega.gr\/?s={search_term_string}\"},\"query-input\":\"required name=search_term_string\"}],\"inLanguage\":\"es\"}]}<\/script>\n<!-- \/ Yoast SEO plugin. -->","yoast_head_json":{"title":"Pasta De Huacatay 'Coexito' (220g) | La Vega","description":"Qu\u00e9 es: una pasta de la \"menta negra\" peruana. Tiene un sabor fresco y \u00fanico que recuerda a una combinaci\u00f3n de menta, cilantro y albahaca.","robots":{"index":"index","follow":"follow","max-snippet":"max-snippet:-1","max-image-preview":"max-image-preview:large","max-video-preview":"max-video-preview:-1"},"canonical":"https:\/\/lavega.gr\/es\/producto\/pasta-de-huacatay-coexito-220g\/","og_locale":"es_ES","og_type":"article","og_title":"Pasta De Huacatay 'Coexito' (220g) | La Vega","og_description":"Qu\u00e9 es: una pasta de la \"menta negra\" peruana. Tiene un sabor fresco y \u00fanico que recuerda a una combinaci\u00f3n de menta, cilantro y albahaca.","og_url":"https:\/\/lavega.gr\/es\/producto\/pasta-de-huacatay-coexito-220g\/","og_site_name":"La Vega","article_modified_time":"2026-04-23T14:10:29+00:00","og_image":[{"width":1000,"height":1000,"url":"https:\/\/lavega.gr\/wp-content\/uploads\/2025\/04\/1744725704006.png","type":"image\/png"}],"twitter_card":"summary_large_image","twitter_misc":{"Tiempo de lectura":"1 minuto"},"schema":{"@context":"https:\/\/schema.org","@graph":[{"@type":"WebPage","@id":"https:\/\/lavega.gr\/es\/producto\/pasta-de-huacatay-coexito-220g\/","url":"https:\/\/lavega.gr\/es\/producto\/pasta-de-huacatay-coexito-220g\/","name":"Pasta De Huacatay 'Coexito' (220g) | La Vega","isPartOf":{"@id":"https:\/\/lavega.gr\/#website"},"primaryImageOfPage":{"@id":"https:\/\/lavega.gr\/es\/producto\/pasta-de-huacatay-coexito-220g\/#primaryimage"},"image":{"@id":"https:\/\/lavega.gr\/es\/producto\/pasta-de-huacatay-coexito-220g\/#primaryimage"},"thumbnailUrl":"https:\/\/lavega.gr\/wp-content\/uploads\/2025\/04\/1744725704006.png","datePublished":"2025-04-15T14:02:48+00:00","dateModified":"2026-04-23T14:10:29+00:00","description":"Qu\u00e9 es: una pasta de la \"menta negra\" peruana. Tiene un sabor fresco y \u00fanico que recuerda a una combinaci\u00f3n de menta, cilantro y albahaca.","breadcrumb":{"@id":"https:\/\/lavega.gr\/es\/producto\/pasta-de-huacatay-coexito-220g\/#breadcrumb"},"inLanguage":"es","potentialAction":[{"@type":"ReadAction","target":["https:\/\/lavega.gr\/es\/producto\/pasta-de-huacatay-coexito-220g\/"]}]},{"@type":"ImageObject","inLanguage":"es","@id":"https:\/\/lavega.gr\/es\/producto\/pasta-de-huacatay-coexito-220g\/#primaryimage","url":"https:\/\/lavega.gr\/wp-content\/uploads\/2025\/04\/1744725704006.png","contentUrl":"https:\/\/lavega.gr\/wp-content\/uploads\/2025\/04\/1744725704006.png","width":1000,"height":1000},{"@type":"BreadcrumbList","@id":"https:\/\/lavega.gr\/es\/producto\/pasta-de-huacatay-coexito-220g\/#breadcrumb","itemListElement":[{"@type":"ListItem","position":1,"name":"Home","item":"https:\/\/lavega.gr\/es\/"},{"@type":"ListItem","position":2,"name":"Productos","item":"https:\/\/lavega.gr\/es\/tienda\/"},{"@type":"ListItem","position":3,"name":"Pasta De Huacatay &#8216;Coexito&#8217; (220g)"}]},{"@type":"WebSite","@id":"https:\/\/lavega.gr\/#website","url":"https:\/\/lavega.gr\/","name":"La Vega","description":"Productos Latinos","potentialAction":[{"@type":"SearchAction","target":{"@type":"EntryPoint","urlTemplate":"https:\/\/lavega.gr\/?s={search_term_string}"},"query-input":"required name=search_term_string"}],"inLanguage":"es"}]}},"_links":{"self":[{"href":"https:\/\/lavega.gr\/es\/wp-json\/wp\/v2\/product\/6165","targetHints":{"allow":["GET"]}}],"collection":[{"href":"https:\/\/lavega.gr\/es\/wp-json\/wp\/v2\/product"}],"about":[{"href":"https:\/\/lavega.gr\/es\/wp-json\/wp\/v2\/types\/product"}],"wp:featuredmedia":[{"embeddable":true,"href":"https:\/\/lavega.gr\/es\/wp-json\/wp\/v2\/media\/6164"}],"wp:attachment":[{"href":"https:\/\/lavega.gr\/es\/wp-json\/wp\/v2\/media?parent=6165"}],"wp:term":[{"taxonomy":"product_cat","embeddable":true,"href":"https:\/\/lavega.gr\/es\/wp-json\/wp\/v2\/product_cat?post=6165"},{"taxonomy":"product_tag","embeddable":true,"href":"https:\/\/lavega.gr\/es\/wp-json\/wp\/v2\/product_tag?post=6165"}],"curies":[{"name":"wp","href":"https:\/\/api.w.org\/{rel}","templated":true}]}}