{"id":6094,"date":"2025-04-10T16:25:47","date_gmt":"2025-04-10T14:25:47","guid":{"rendered":"https:\/\/lavega.gr\/?post_type=product&#038;p=6094"},"modified":"2026-04-23T16:11:45","modified_gmt":"2026-04-23T14:11:45","slug":"marmelada-de-mango-goya-420g","status":"publish","type":"product","link":"https:\/\/lavega.gr\/es\/producto\/marmelada-de-mango-goya-420g\/","title":{"rendered":"Mermelada de mango &#8216;Goya&#8217; (420 g)"},"content":{"rendered":"<p><strong>Qu\u00e9 es<\/strong>: La mermelada de mango es una rica mermelada tropical hecha con mangos 100% maduros y jugosos. Su textura aterciopelada y el dulzor intenso y natural de la fruta la distinguen de cualquier otra mermelada que hayas probado. <\/p>\n<p><b data-path-to-node=\"8\" data-index-in-node=\"252\">Consejo de La Vega<\/b>: Adem\u00e1s de para el pan de desayuno, pru\u00e9balo como cobertura para tarta de queso o m\u00e9zclalo con yogur y frutos secos.<\/p>\n","protected":false},"excerpt":{"rendered":"<p>Qu\u00e9 es: La mermelada de mango es una rica mermelada tropical hecha con mangos 100% maduros y jugosos. Su textura aterciopelada y el dulzor intenso y natural de la fruta la distinguen de cualquier otra mermelada que hayas probado. Consejo de La Vega: Adem\u00e1s de para el pan de desayuno, pru\u00e9balo como cobertura para tarta&#8230;<\/p>\n","protected":false},"featured_media":6085,"template":"","meta":[],"product_cat":[88,127],"product_tag":[],"class_list":{"0":"post-6094","1":"product","2":"type-product","3":"status-publish","4":"has-post-thumbnail","6":"product_cat-ingredientes-autenticos-cocinar","7":"product_cat-dulces-mermeladas","9":"first","10":"outofstock","11":"taxable","12":"shipping-taxable","13":"purchasable","14":"product-type-simple"},"yoast_head":"<!-- This site is optimized with the Yoast SEO plugin v22.3 - https:\/\/yoast.com\/wordpress\/plugins\/seo\/ -->\n<title>Mermelada de mango &#039;Goya&#039; (420 g) | La Vega<\/title>\n<meta name=\"description\" content=\"La mermelada de mango es una rica mermelada tropical elaborada con mangos 100% maduros y jugosos. Su textura aterciopelada y el dulzor intenso y natural de la fruta la distinguen de cualquier otra mermelada que hayas probado.\" \/>\n<meta name=\"robots\" content=\"index, follow, max-snippet:-1, max-image-preview:large, max-video-preview:-1\" \/>\n<link rel=\"canonical\" href=\"https:\/\/lavega.gr\/es\/producto\/marmelada-de-mango-goya-420g\/\" \/>\n<meta property=\"og:locale\" content=\"es_ES\" \/>\n<meta property=\"og:type\" content=\"article\" \/>\n<meta property=\"og:title\" content=\"Mermelada de mango &#039;Goya&#039; (420 g) | La Vega\" \/>\n<meta property=\"og:description\" content=\"La mermelada de mango es una rica mermelada tropical elaborada con mangos 100% maduros y jugosos. Su textura aterciopelada y el dulzor intenso y natural de la fruta la distinguen de cualquier otra mermelada que hayas probado.\" \/>\n<meta property=\"og:url\" content=\"https:\/\/lavega.gr\/es\/producto\/marmelada-de-mango-goya-420g\/\" \/>\n<meta property=\"og:site_name\" content=\"La Vega\" \/>\n<meta property=\"article:modified_time\" content=\"2026-04-23T14:11:45+00:00\" \/>\n<meta property=\"og:image\" content=\"https:\/\/lavega.gr\/wp-content\/uploads\/2025\/04\/1744290742345.png\" \/>\n\t<meta property=\"og:image:width\" content=\"1000\" \/>\n\t<meta property=\"og:image:height\" content=\"1000\" \/>\n\t<meta property=\"og:image:type\" content=\"image\/png\" \/>\n<meta name=\"twitter:card\" content=\"summary_large_image\" \/>\n<meta name=\"twitter:label1\" content=\"Tiempo de lectura\" \/>\n\t<meta name=\"twitter:data1\" content=\"1 minuto\" \/>\n<script type=\"application\/ld+json\" class=\"yoast-schema-graph\">{\"@context\":\"https:\/\/schema.org\",\"@graph\":[{\"@type\":\"WebPage\",\"@id\":\"https:\/\/lavega.gr\/es\/producto\/marmelada-de-mango-goya-420g\/\",\"url\":\"https:\/\/lavega.gr\/es\/producto\/marmelada-de-mango-goya-420g\/\",\"name\":\"Mermelada de mango 'Goya' (420 g) | La Vega\",\"isPartOf\":{\"@id\":\"https:\/\/lavega.gr\/#website\"},\"primaryImageOfPage\":{\"@id\":\"https:\/\/lavega.gr\/es\/producto\/marmelada-de-mango-goya-420g\/#primaryimage\"},\"image\":{\"@id\":\"https:\/\/lavega.gr\/es\/producto\/marmelada-de-mango-goya-420g\/#primaryimage\"},\"thumbnailUrl\":\"https:\/\/lavega.gr\/wp-content\/uploads\/2025\/04\/1744290742345.png\",\"datePublished\":\"2025-04-10T14:25:47+00:00\",\"dateModified\":\"2026-04-23T14:11:45+00:00\",\"description\":\"La mermelada de mango es una rica mermelada tropical elaborada con mangos 100% maduros y jugosos. Su textura aterciopelada y el dulzor intenso y natural de la fruta la distinguen de cualquier otra mermelada que hayas probado.\",\"breadcrumb\":{\"@id\":\"https:\/\/lavega.gr\/es\/producto\/marmelada-de-mango-goya-420g\/#breadcrumb\"},\"inLanguage\":\"es\",\"potentialAction\":[{\"@type\":\"ReadAction\",\"target\":[\"https:\/\/lavega.gr\/es\/producto\/marmelada-de-mango-goya-420g\/\"]}]},{\"@type\":\"ImageObject\",\"inLanguage\":\"es\",\"@id\":\"https:\/\/lavega.gr\/es\/producto\/marmelada-de-mango-goya-420g\/#primaryimage\",\"url\":\"https:\/\/lavega.gr\/wp-content\/uploads\/2025\/04\/1744290742345.png\",\"contentUrl\":\"https:\/\/lavega.gr\/wp-content\/uploads\/2025\/04\/1744290742345.png\",\"width\":1000,\"height\":1000},{\"@type\":\"BreadcrumbList\",\"@id\":\"https:\/\/lavega.gr\/es\/producto\/marmelada-de-mango-goya-420g\/#breadcrumb\",\"itemListElement\":[{\"@type\":\"ListItem\",\"position\":1,\"name\":\"Home\",\"item\":\"https:\/\/lavega.gr\/es\/\"},{\"@type\":\"ListItem\",\"position\":2,\"name\":\"Productos\",\"item\":\"https:\/\/lavega.gr\/es\/tienda\/\"},{\"@type\":\"ListItem\",\"position\":3,\"name\":\"Mermelada de mango &#8216;Goya&#8217; (420 g)\"}]},{\"@type\":\"WebSite\",\"@id\":\"https:\/\/lavega.gr\/#website\",\"url\":\"https:\/\/lavega.gr\/\",\"name\":\"La Vega\",\"description\":\"Productos Latinos\",\"potentialAction\":[{\"@type\":\"SearchAction\",\"target\":{\"@type\":\"EntryPoint\",\"urlTemplate\":\"https:\/\/lavega.gr\/?s={search_term_string}\"},\"query-input\":\"required name=search_term_string\"}],\"inLanguage\":\"es\"}]}<\/script>\n<!-- \/ Yoast SEO plugin. -->","yoast_head_json":{"title":"Mermelada de mango 'Goya' (420 g) | La Vega","description":"La mermelada de mango es una rica mermelada tropical elaborada con mangos 100% maduros y jugosos. Su textura aterciopelada y el dulzor intenso y natural de la fruta la distinguen de cualquier otra mermelada que hayas probado.","robots":{"index":"index","follow":"follow","max-snippet":"max-snippet:-1","max-image-preview":"max-image-preview:large","max-video-preview":"max-video-preview:-1"},"canonical":"https:\/\/lavega.gr\/es\/producto\/marmelada-de-mango-goya-420g\/","og_locale":"es_ES","og_type":"article","og_title":"Mermelada de mango 'Goya' (420 g) | La Vega","og_description":"La mermelada de mango es una rica mermelada tropical elaborada con mangos 100% maduros y jugosos. Su textura aterciopelada y el dulzor intenso y natural de la fruta la distinguen de cualquier otra mermelada que hayas probado.","og_url":"https:\/\/lavega.gr\/es\/producto\/marmelada-de-mango-goya-420g\/","og_site_name":"La Vega","article_modified_time":"2026-04-23T14:11:45+00:00","og_image":[{"width":1000,"height":1000,"url":"https:\/\/lavega.gr\/wp-content\/uploads\/2025\/04\/1744290742345.png","type":"image\/png"}],"twitter_card":"summary_large_image","twitter_misc":{"Tiempo de lectura":"1 minuto"},"schema":{"@context":"https:\/\/schema.org","@graph":[{"@type":"WebPage","@id":"https:\/\/lavega.gr\/es\/producto\/marmelada-de-mango-goya-420g\/","url":"https:\/\/lavega.gr\/es\/producto\/marmelada-de-mango-goya-420g\/","name":"Mermelada de mango 'Goya' (420 g) | La Vega","isPartOf":{"@id":"https:\/\/lavega.gr\/#website"},"primaryImageOfPage":{"@id":"https:\/\/lavega.gr\/es\/producto\/marmelada-de-mango-goya-420g\/#primaryimage"},"image":{"@id":"https:\/\/lavega.gr\/es\/producto\/marmelada-de-mango-goya-420g\/#primaryimage"},"thumbnailUrl":"https:\/\/lavega.gr\/wp-content\/uploads\/2025\/04\/1744290742345.png","datePublished":"2025-04-10T14:25:47+00:00","dateModified":"2026-04-23T14:11:45+00:00","description":"La mermelada de mango es una rica mermelada tropical elaborada con mangos 100% maduros y jugosos. Su textura aterciopelada y el dulzor intenso y natural de la fruta la distinguen de cualquier otra mermelada que hayas probado.","breadcrumb":{"@id":"https:\/\/lavega.gr\/es\/producto\/marmelada-de-mango-goya-420g\/#breadcrumb"},"inLanguage":"es","potentialAction":[{"@type":"ReadAction","target":["https:\/\/lavega.gr\/es\/producto\/marmelada-de-mango-goya-420g\/"]}]},{"@type":"ImageObject","inLanguage":"es","@id":"https:\/\/lavega.gr\/es\/producto\/marmelada-de-mango-goya-420g\/#primaryimage","url":"https:\/\/lavega.gr\/wp-content\/uploads\/2025\/04\/1744290742345.png","contentUrl":"https:\/\/lavega.gr\/wp-content\/uploads\/2025\/04\/1744290742345.png","width":1000,"height":1000},{"@type":"BreadcrumbList","@id":"https:\/\/lavega.gr\/es\/producto\/marmelada-de-mango-goya-420g\/#breadcrumb","itemListElement":[{"@type":"ListItem","position":1,"name":"Home","item":"https:\/\/lavega.gr\/es\/"},{"@type":"ListItem","position":2,"name":"Productos","item":"https:\/\/lavega.gr\/es\/tienda\/"},{"@type":"ListItem","position":3,"name":"Mermelada de mango &#8216;Goya&#8217; (420 g)"}]},{"@type":"WebSite","@id":"https:\/\/lavega.gr\/#website","url":"https:\/\/lavega.gr\/","name":"La Vega","description":"Productos Latinos","potentialAction":[{"@type":"SearchAction","target":{"@type":"EntryPoint","urlTemplate":"https:\/\/lavega.gr\/?s={search_term_string}"},"query-input":"required name=search_term_string"}],"inLanguage":"es"}]}},"_links":{"self":[{"href":"https:\/\/lavega.gr\/es\/wp-json\/wp\/v2\/product\/6094","targetHints":{"allow":["GET"]}}],"collection":[{"href":"https:\/\/lavega.gr\/es\/wp-json\/wp\/v2\/product"}],"about":[{"href":"https:\/\/lavega.gr\/es\/wp-json\/wp\/v2\/types\/product"}],"wp:featuredmedia":[{"embeddable":true,"href":"https:\/\/lavega.gr\/es\/wp-json\/wp\/v2\/media\/6085"}],"wp:attachment":[{"href":"https:\/\/lavega.gr\/es\/wp-json\/wp\/v2\/media?parent=6094"}],"wp:term":[{"taxonomy":"product_cat","embeddable":true,"href":"https:\/\/lavega.gr\/es\/wp-json\/wp\/v2\/product_cat?post=6094"},{"taxonomy":"product_tag","embeddable":true,"href":"https:\/\/lavega.gr\/es\/wp-json\/wp\/v2\/product_tag?post=6094"}],"curies":[{"name":"wp","href":"https:\/\/api.w.org\/{rel}","templated":true}]}}