{"id":6025,"date":"2025-03-19T17:42:41","date_gmt":"2025-03-19T15:42:41","guid":{"rendered":"https:\/\/lavega.gr\/?post_type=product&#038;p=6025"},"modified":"2026-05-05T14:03:50","modified_gmt":"2026-05-05T12:03:50","slug":"te-guarani-20-bolsitas-003g","status":"publish","type":"product","link":"https:\/\/lavega.gr\/es\/producto\/te-guarani-20-bolsitas-003g\/","title":{"rendered":"T\u00e9 Guaran\u00ed (Plan 30 D\u00edas) (75g)"},"content":{"rendered":"<p><strong>El secreto de desintoxicaci\u00f3n de Sudam\u00e9rica! \u2615  <\/strong><\/p>\n<p>Qu\u00e9 es: Una mezcla de hierbas 100% naturales (a base de Sen y Peumus Boldus), tradicionalmente conocida en Paraguay por sus propiedades desintoxicantes y digestivas.<\/p>\n<p><strong>Por qu\u00e9 elegirlo<\/strong>: Ayuda con la funci\u00f3n intestinal normal y alivia la hinchaz\u00f3n.<\/p>\n<p><strong>Consejo de La Vega<\/strong>: Bebe una taza despu\u00e9s de una comida copiosa (o antes de acostarte) para sentirte ligero al d\u00eda siguiente!<\/p>\n","protected":false},"excerpt":{"rendered":"<p>El secreto de desintoxicaci\u00f3n de Sudam\u00e9rica! \u2615 Qu\u00e9 es: Una mezcla de hierbas 100% naturales (a base de Sen y Peumus Boldus), tradicionalmente conocida en Paraguay por sus propiedades desintoxicantes y digestivas. Por qu\u00e9 elegirlo: Ayuda con la funci\u00f3n intestinal normal y alivia la hinchaz\u00f3n. Consejo de La Vega: Bebe una taza despu\u00e9s de una&#8230;<\/p>\n","protected":false},"featured_media":6023,"template":"","meta":[],"product_cat":[89],"product_tag":[],"class_list":{"0":"post-6025","1":"product","2":"type-product","3":"status-publish","4":"has-post-thumbnail","6":"product_cat-bebidas-tropicales-y-cafe","8":"first","9":"outofstock","10":"taxable","11":"shipping-taxable","12":"purchasable","13":"product-type-simple"},"yoast_head":"<!-- This site is optimized with the Yoast SEO plugin v22.3 - https:\/\/yoast.com\/wordpress\/plugins\/seo\/ -->\n<title>T\u00e9 Guaran\u00ed (Plan 30 D\u00edas) (75g) | La Vega<\/title>\n<meta name=\"description\" content=\"Mezcla de hierbas 100% naturales (a base de Sen y Peumus Boldus), tradicionalmente conocida en Paraguay por sus propiedades desintoxicantes y digestivas.\" \/>\n<meta name=\"robots\" content=\"index, follow, max-snippet:-1, max-image-preview:large, max-video-preview:-1\" \/>\n<link rel=\"canonical\" href=\"https:\/\/lavega.gr\/es\/producto\/te-guarani-20-bolsitas-003g\/\" \/>\n<meta property=\"og:locale\" content=\"es_ES\" \/>\n<meta property=\"og:type\" content=\"article\" \/>\n<meta property=\"og:title\" content=\"T\u00e9 Guaran\u00ed (Plan 30 D\u00edas) (75g) | La Vega\" \/>\n<meta property=\"og:description\" content=\"Mezcla de hierbas 100% naturales (a base de Sen y Peumus Boldus), tradicionalmente conocida en Paraguay por sus propiedades desintoxicantes y digestivas.\" \/>\n<meta property=\"og:url\" content=\"https:\/\/lavega.gr\/es\/producto\/te-guarani-20-bolsitas-003g\/\" \/>\n<meta property=\"og:site_name\" content=\"La Vega\" \/>\n<meta property=\"article:modified_time\" content=\"2026-05-05T12:03:50+00:00\" \/>\n<meta property=\"og:image\" content=\"https:\/\/lavega.gr\/wp-content\/uploads\/2025\/03\/1742310939550.png\" \/>\n\t<meta property=\"og:image:width\" content=\"1000\" \/>\n\t<meta property=\"og:image:height\" content=\"1000\" \/>\n\t<meta property=\"og:image:type\" content=\"image\/png\" \/>\n<meta name=\"twitter:card\" content=\"summary_large_image\" \/>\n<meta name=\"twitter:label1\" content=\"Tiempo de lectura\" \/>\n\t<meta name=\"twitter:data1\" content=\"2 minutos\" \/>\n<script type=\"application\/ld+json\" class=\"yoast-schema-graph\">{\"@context\":\"https:\/\/schema.org\",\"@graph\":[{\"@type\":\"WebPage\",\"@id\":\"https:\/\/lavega.gr\/es\/producto\/te-guarani-20-bolsitas-003g\/\",\"url\":\"https:\/\/lavega.gr\/es\/producto\/te-guarani-20-bolsitas-003g\/\",\"name\":\"T\u00e9 Guaran\u00ed (Plan 30 D\u00edas) (75g) | La Vega\",\"isPartOf\":{\"@id\":\"https:\/\/lavega.gr\/#website\"},\"primaryImageOfPage\":{\"@id\":\"https:\/\/lavega.gr\/es\/producto\/te-guarani-20-bolsitas-003g\/#primaryimage\"},\"image\":{\"@id\":\"https:\/\/lavega.gr\/es\/producto\/te-guarani-20-bolsitas-003g\/#primaryimage\"},\"thumbnailUrl\":\"https:\/\/lavega.gr\/wp-content\/uploads\/2025\/03\/1742310939550.png\",\"datePublished\":\"2025-03-19T15:42:41+00:00\",\"dateModified\":\"2026-05-05T12:03:50+00:00\",\"description\":\"Mezcla de hierbas 100% naturales (a base de Sen y Peumus Boldus), tradicionalmente conocida en Paraguay por sus propiedades desintoxicantes y digestivas.\",\"breadcrumb\":{\"@id\":\"https:\/\/lavega.gr\/es\/producto\/te-guarani-20-bolsitas-003g\/#breadcrumb\"},\"inLanguage\":\"es\",\"potentialAction\":[{\"@type\":\"ReadAction\",\"target\":[\"https:\/\/lavega.gr\/es\/producto\/te-guarani-20-bolsitas-003g\/\"]}]},{\"@type\":\"ImageObject\",\"inLanguage\":\"es\",\"@id\":\"https:\/\/lavega.gr\/es\/producto\/te-guarani-20-bolsitas-003g\/#primaryimage\",\"url\":\"https:\/\/lavega.gr\/wp-content\/uploads\/2025\/03\/1742310939550.png\",\"contentUrl\":\"https:\/\/lavega.gr\/wp-content\/uploads\/2025\/03\/1742310939550.png\",\"width\":1000,\"height\":1000},{\"@type\":\"BreadcrumbList\",\"@id\":\"https:\/\/lavega.gr\/es\/producto\/te-guarani-20-bolsitas-003g\/#breadcrumb\",\"itemListElement\":[{\"@type\":\"ListItem\",\"position\":1,\"name\":\"Home\",\"item\":\"https:\/\/lavega.gr\/es\/\"},{\"@type\":\"ListItem\",\"position\":2,\"name\":\"Productos\",\"item\":\"https:\/\/lavega.gr\/es\/tienda\/\"},{\"@type\":\"ListItem\",\"position\":3,\"name\":\"T\u00e9 Guaran\u00ed (Plan 30 D\u00edas) (75g)\"}]},{\"@type\":\"WebSite\",\"@id\":\"https:\/\/lavega.gr\/#website\",\"url\":\"https:\/\/lavega.gr\/\",\"name\":\"La Vega\",\"description\":\"Productos Latinos\",\"potentialAction\":[{\"@type\":\"SearchAction\",\"target\":{\"@type\":\"EntryPoint\",\"urlTemplate\":\"https:\/\/lavega.gr\/?s={search_term_string}\"},\"query-input\":\"required name=search_term_string\"}],\"inLanguage\":\"es\"}]}<\/script>\n<!-- \/ Yoast SEO plugin. -->","yoast_head_json":{"title":"T\u00e9 Guaran\u00ed (Plan 30 D\u00edas) (75g) | La Vega","description":"Mezcla de hierbas 100% naturales (a base de Sen y Peumus Boldus), tradicionalmente conocida en Paraguay por sus propiedades desintoxicantes y digestivas.","robots":{"index":"index","follow":"follow","max-snippet":"max-snippet:-1","max-image-preview":"max-image-preview:large","max-video-preview":"max-video-preview:-1"},"canonical":"https:\/\/lavega.gr\/es\/producto\/te-guarani-20-bolsitas-003g\/","og_locale":"es_ES","og_type":"article","og_title":"T\u00e9 Guaran\u00ed (Plan 30 D\u00edas) (75g) | La Vega","og_description":"Mezcla de hierbas 100% naturales (a base de Sen y Peumus Boldus), tradicionalmente conocida en Paraguay por sus propiedades desintoxicantes y digestivas.","og_url":"https:\/\/lavega.gr\/es\/producto\/te-guarani-20-bolsitas-003g\/","og_site_name":"La Vega","article_modified_time":"2026-05-05T12:03:50+00:00","og_image":[{"width":1000,"height":1000,"url":"https:\/\/lavega.gr\/wp-content\/uploads\/2025\/03\/1742310939550.png","type":"image\/png"}],"twitter_card":"summary_large_image","twitter_misc":{"Tiempo de lectura":"2 minutos"},"schema":{"@context":"https:\/\/schema.org","@graph":[{"@type":"WebPage","@id":"https:\/\/lavega.gr\/es\/producto\/te-guarani-20-bolsitas-003g\/","url":"https:\/\/lavega.gr\/es\/producto\/te-guarani-20-bolsitas-003g\/","name":"T\u00e9 Guaran\u00ed (Plan 30 D\u00edas) (75g) | La Vega","isPartOf":{"@id":"https:\/\/lavega.gr\/#website"},"primaryImageOfPage":{"@id":"https:\/\/lavega.gr\/es\/producto\/te-guarani-20-bolsitas-003g\/#primaryimage"},"image":{"@id":"https:\/\/lavega.gr\/es\/producto\/te-guarani-20-bolsitas-003g\/#primaryimage"},"thumbnailUrl":"https:\/\/lavega.gr\/wp-content\/uploads\/2025\/03\/1742310939550.png","datePublished":"2025-03-19T15:42:41+00:00","dateModified":"2026-05-05T12:03:50+00:00","description":"Mezcla de hierbas 100% naturales (a base de Sen y Peumus Boldus), tradicionalmente conocida en Paraguay por sus propiedades desintoxicantes y digestivas.","breadcrumb":{"@id":"https:\/\/lavega.gr\/es\/producto\/te-guarani-20-bolsitas-003g\/#breadcrumb"},"inLanguage":"es","potentialAction":[{"@type":"ReadAction","target":["https:\/\/lavega.gr\/es\/producto\/te-guarani-20-bolsitas-003g\/"]}]},{"@type":"ImageObject","inLanguage":"es","@id":"https:\/\/lavega.gr\/es\/producto\/te-guarani-20-bolsitas-003g\/#primaryimage","url":"https:\/\/lavega.gr\/wp-content\/uploads\/2025\/03\/1742310939550.png","contentUrl":"https:\/\/lavega.gr\/wp-content\/uploads\/2025\/03\/1742310939550.png","width":1000,"height":1000},{"@type":"BreadcrumbList","@id":"https:\/\/lavega.gr\/es\/producto\/te-guarani-20-bolsitas-003g\/#breadcrumb","itemListElement":[{"@type":"ListItem","position":1,"name":"Home","item":"https:\/\/lavega.gr\/es\/"},{"@type":"ListItem","position":2,"name":"Productos","item":"https:\/\/lavega.gr\/es\/tienda\/"},{"@type":"ListItem","position":3,"name":"T\u00e9 Guaran\u00ed (Plan 30 D\u00edas) (75g)"}]},{"@type":"WebSite","@id":"https:\/\/lavega.gr\/#website","url":"https:\/\/lavega.gr\/","name":"La Vega","description":"Productos Latinos","potentialAction":[{"@type":"SearchAction","target":{"@type":"EntryPoint","urlTemplate":"https:\/\/lavega.gr\/?s={search_term_string}"},"query-input":"required name=search_term_string"}],"inLanguage":"es"}]}},"_links":{"self":[{"href":"https:\/\/lavega.gr\/es\/wp-json\/wp\/v2\/product\/6025","targetHints":{"allow":["GET"]}}],"collection":[{"href":"https:\/\/lavega.gr\/es\/wp-json\/wp\/v2\/product"}],"about":[{"href":"https:\/\/lavega.gr\/es\/wp-json\/wp\/v2\/types\/product"}],"wp:featuredmedia":[{"embeddable":true,"href":"https:\/\/lavega.gr\/es\/wp-json\/wp\/v2\/media\/6023"}],"wp:attachment":[{"href":"https:\/\/lavega.gr\/es\/wp-json\/wp\/v2\/media?parent=6025"}],"wp:term":[{"taxonomy":"product_cat","embeddable":true,"href":"https:\/\/lavega.gr\/es\/wp-json\/wp\/v2\/product_cat?post=6025"},{"taxonomy":"product_tag","embeddable":true,"href":"https:\/\/lavega.gr\/es\/wp-json\/wp\/v2\/product_tag?post=6025"}],"curies":[{"name":"wp","href":"https:\/\/api.w.org\/{rel}","templated":true}]}}