{"id":5997,"date":"2025-03-19T15:44:29","date_gmt":"2025-03-19T13:44:29","guid":{"rendered":"https:\/\/lavega.gr\/?post_type=product&#038;p=5997"},"modified":"2025-07-24T15:05:10","modified_gmt":"2025-07-24T13:05:10","slug":"oregano-ranchero-baldom-090g","status":"publish","type":"product","link":"https:\/\/lavega.gr\/es\/producto\/oregano-ranchero-baldom-090g\/","title":{"rendered":"Or\u00e9gano &#8216;B\u00e1lsamo Ranchero&#8217; (0.90g)"},"content":{"rendered":"<p>Or\u00e9gano Ranchero Baldom de Rep\u00fablica Dominicana, es una hierba b\u00e1sica en la cocina dominicana, conocida por su intenso sabor. A diferencia de muchas hierbas, las hojas secas de or\u00e9gano ofrecen un sabor m\u00e1s fuerte que sus hom\u00f3logas frescas, lo que las convierte en un ingrediente esencial en una variedad de platos.<\/p>\n<p>\u00a1Mejora tu cocina con esta hierba arom\u00e1tica y trae el aut\u00e9ntico sabor dominicano a tu cocina!<\/p>\n<p><em><strong>Ingredientes<\/strong><\/em>: or\u00e9gano molido<\/p>\n<p>Por 100 gramos<\/p>\n<p>Calor\u00edas: 265kcal<br \/>\nGrasa: 4,3<br \/>\nCarbohidratos: 68,9 g<br \/>\nFibra diet\u00e9tica: 42,5 g<br \/>\nProte\u00ednas: 9g<br \/>\nSal: 0,1g<\/p>\n<p>Pa\u00eds de origen: Rep\u00fablica Dominicana<br \/>\nPeso neto: 90g<\/p>\n","protected":false},"excerpt":{"rendered":"<p>Or\u00e9gano Ranchero Baldom de Rep\u00fablica Dominicana, es una hierba b\u00e1sica en la cocina dominicana, conocida por su intenso sabor. A diferencia de muchas hierbas, las hojas secas de or\u00e9gano ofrecen un sabor m\u00e1s fuerte que sus hom\u00f3logas frescas, lo que las convierte en un ingrediente esencial en una variedad de platos. \u00a1Mejora tu cocina con&#8230;<\/p>\n","protected":false},"featured_media":5996,"template":"","meta":[],"product_cat":[128,88],"product_tag":[],"class_list":{"0":"post-5997","1":"product","2":"type-product","3":"status-publish","4":"has-post-thumbnail","6":"product_cat-especias-condimentos","7":"product_cat-alimentos","9":"first","10":"instock","11":"taxable","12":"shipping-taxable","13":"purchasable","14":"product-type-simple"},"yoast_head":"<!-- This site is optimized with the Yoast SEO plugin v22.3 - https:\/\/yoast.com\/wordpress\/plugins\/seo\/ -->\n<title>Or\u00e9gano &#039;B\u00e1lsamo Ranchero&#039; (0.90g) | La Vega<\/title>\n<meta name=\"description\" content=\"Or\u00e9gano Ranchero Baldom de Rep\u00fablica Dominicana, es una hierba b\u00e1sica en la cocina dominicana, conocida por su intenso sabor. A diferencia de muchas hierbas, las hojas secas de or\u00e9gano ofrecen un sabor m\u00e1s fuerte que sus hom\u00f3logas frescas, lo que las convierte en un ingrediente esencial en una variedad de platos.\" \/>\n<meta name=\"robots\" content=\"index, follow, max-snippet:-1, max-image-preview:large, max-video-preview:-1\" \/>\n<link rel=\"canonical\" href=\"https:\/\/lavega.gr\/es\/producto\/oregano-ranchero-baldom-090g\/\" \/>\n<meta property=\"og:locale\" content=\"es_ES\" \/>\n<meta property=\"og:type\" content=\"article\" \/>\n<meta property=\"og:title\" content=\"Or\u00e9gano &#039;B\u00e1lsamo Ranchero&#039; (0.90g) | La Vega\" \/>\n<meta property=\"og:description\" content=\"Or\u00e9gano Ranchero Baldom de Rep\u00fablica Dominicana, es una hierba b\u00e1sica en la cocina dominicana, conocida por su intenso sabor. A diferencia de muchas hierbas, las hojas secas de or\u00e9gano ofrecen un sabor m\u00e1s fuerte que sus hom\u00f3logas frescas, lo que las convierte en un ingrediente esencial en una variedad de platos.\" \/>\n<meta property=\"og:url\" content=\"https:\/\/lavega.gr\/es\/producto\/oregano-ranchero-baldom-090g\/\" \/>\n<meta property=\"og:site_name\" content=\"La Vega\" \/>\n<meta property=\"article:modified_time\" content=\"2025-07-24T13:05:10+00:00\" \/>\n<meta property=\"og:image\" content=\"https:\/\/lavega.gr\/wp-content\/uploads\/2025\/03\/1742310939556.png\" \/>\n\t<meta property=\"og:image:width\" content=\"1000\" \/>\n\t<meta property=\"og:image:height\" content=\"1000\" \/>\n\t<meta property=\"og:image:type\" content=\"image\/png\" \/>\n<meta name=\"twitter:card\" content=\"summary_large_image\" \/>\n<meta name=\"twitter:label1\" content=\"Tiempo de lectura\" \/>\n\t<meta name=\"twitter:data1\" content=\"1 minuto\" \/>\n<script type=\"application\/ld+json\" class=\"yoast-schema-graph\">{\"@context\":\"https:\/\/schema.org\",\"@graph\":[{\"@type\":\"WebPage\",\"@id\":\"https:\/\/lavega.gr\/es\/producto\/oregano-ranchero-baldom-090g\/\",\"url\":\"https:\/\/lavega.gr\/es\/producto\/oregano-ranchero-baldom-090g\/\",\"name\":\"Or\u00e9gano 'B\u00e1lsamo Ranchero' (0.90g) | La Vega\",\"isPartOf\":{\"@id\":\"https:\/\/lavega.gr\/#website\"},\"primaryImageOfPage\":{\"@id\":\"https:\/\/lavega.gr\/es\/producto\/oregano-ranchero-baldom-090g\/#primaryimage\"},\"image\":{\"@id\":\"https:\/\/lavega.gr\/es\/producto\/oregano-ranchero-baldom-090g\/#primaryimage\"},\"thumbnailUrl\":\"https:\/\/lavega.gr\/wp-content\/uploads\/2025\/03\/1742310939556.png\",\"datePublished\":\"2025-03-19T13:44:29+00:00\",\"dateModified\":\"2025-07-24T13:05:10+00:00\",\"description\":\"Or\u00e9gano Ranchero Baldom de Rep\u00fablica Dominicana, es una hierba b\u00e1sica en la cocina dominicana, conocida por su intenso sabor. A diferencia de muchas hierbas, las hojas secas de or\u00e9gano ofrecen un sabor m\u00e1s fuerte que sus hom\u00f3logas frescas, lo que las convierte en un ingrediente esencial en una variedad de platos.\",\"breadcrumb\":{\"@id\":\"https:\/\/lavega.gr\/es\/producto\/oregano-ranchero-baldom-090g\/#breadcrumb\"},\"inLanguage\":\"es\",\"potentialAction\":[{\"@type\":\"ReadAction\",\"target\":[\"https:\/\/lavega.gr\/es\/producto\/oregano-ranchero-baldom-090g\/\"]}]},{\"@type\":\"ImageObject\",\"inLanguage\":\"es\",\"@id\":\"https:\/\/lavega.gr\/es\/producto\/oregano-ranchero-baldom-090g\/#primaryimage\",\"url\":\"https:\/\/lavega.gr\/wp-content\/uploads\/2025\/03\/1742310939556.png\",\"contentUrl\":\"https:\/\/lavega.gr\/wp-content\/uploads\/2025\/03\/1742310939556.png\",\"width\":1000,\"height\":1000},{\"@type\":\"BreadcrumbList\",\"@id\":\"https:\/\/lavega.gr\/es\/producto\/oregano-ranchero-baldom-090g\/#breadcrumb\",\"itemListElement\":[{\"@type\":\"ListItem\",\"position\":1,\"name\":\"Home\",\"item\":\"https:\/\/lavega.gr\/es\/\"},{\"@type\":\"ListItem\",\"position\":2,\"name\":\"Productos\",\"item\":\"https:\/\/lavega.gr\/es\/tienda\/\"},{\"@type\":\"ListItem\",\"position\":3,\"name\":\"Or\u00e9gano &#8216;B\u00e1lsamo Ranchero&#8217; (0.90g)\"}]},{\"@type\":\"WebSite\",\"@id\":\"https:\/\/lavega.gr\/#website\",\"url\":\"https:\/\/lavega.gr\/\",\"name\":\"La Vega\",\"description\":\"Productos Latinos\",\"potentialAction\":[{\"@type\":\"SearchAction\",\"target\":{\"@type\":\"EntryPoint\",\"urlTemplate\":\"https:\/\/lavega.gr\/?s={search_term_string}\"},\"query-input\":\"required name=search_term_string\"}],\"inLanguage\":\"es\"}]}<\/script>\n<!-- \/ Yoast SEO plugin. -->","yoast_head_json":{"title":"Or\u00e9gano 'B\u00e1lsamo Ranchero' (0.90g) | La Vega","description":"Or\u00e9gano Ranchero Baldom de Rep\u00fablica Dominicana, es una hierba b\u00e1sica en la cocina dominicana, conocida por su intenso sabor. A diferencia de muchas hierbas, las hojas secas de or\u00e9gano ofrecen un sabor m\u00e1s fuerte que sus hom\u00f3logas frescas, lo que las convierte en un ingrediente esencial en una variedad de platos.","robots":{"index":"index","follow":"follow","max-snippet":"max-snippet:-1","max-image-preview":"max-image-preview:large","max-video-preview":"max-video-preview:-1"},"canonical":"https:\/\/lavega.gr\/es\/producto\/oregano-ranchero-baldom-090g\/","og_locale":"es_ES","og_type":"article","og_title":"Or\u00e9gano 'B\u00e1lsamo Ranchero' (0.90g) | La Vega","og_description":"Or\u00e9gano Ranchero Baldom de Rep\u00fablica Dominicana, es una hierba b\u00e1sica en la cocina dominicana, conocida por su intenso sabor. A diferencia de muchas hierbas, las hojas secas de or\u00e9gano ofrecen un sabor m\u00e1s fuerte que sus hom\u00f3logas frescas, lo que las convierte en un ingrediente esencial en una variedad de platos.","og_url":"https:\/\/lavega.gr\/es\/producto\/oregano-ranchero-baldom-090g\/","og_site_name":"La Vega","article_modified_time":"2025-07-24T13:05:10+00:00","og_image":[{"width":1000,"height":1000,"url":"https:\/\/lavega.gr\/wp-content\/uploads\/2025\/03\/1742310939556.png","type":"image\/png"}],"twitter_card":"summary_large_image","twitter_misc":{"Tiempo de lectura":"1 minuto"},"schema":{"@context":"https:\/\/schema.org","@graph":[{"@type":"WebPage","@id":"https:\/\/lavega.gr\/es\/producto\/oregano-ranchero-baldom-090g\/","url":"https:\/\/lavega.gr\/es\/producto\/oregano-ranchero-baldom-090g\/","name":"Or\u00e9gano 'B\u00e1lsamo Ranchero' (0.90g) | La Vega","isPartOf":{"@id":"https:\/\/lavega.gr\/#website"},"primaryImageOfPage":{"@id":"https:\/\/lavega.gr\/es\/producto\/oregano-ranchero-baldom-090g\/#primaryimage"},"image":{"@id":"https:\/\/lavega.gr\/es\/producto\/oregano-ranchero-baldom-090g\/#primaryimage"},"thumbnailUrl":"https:\/\/lavega.gr\/wp-content\/uploads\/2025\/03\/1742310939556.png","datePublished":"2025-03-19T13:44:29+00:00","dateModified":"2025-07-24T13:05:10+00:00","description":"Or\u00e9gano Ranchero Baldom de Rep\u00fablica Dominicana, es una hierba b\u00e1sica en la cocina dominicana, conocida por su intenso sabor. A diferencia de muchas hierbas, las hojas secas de or\u00e9gano ofrecen un sabor m\u00e1s fuerte que sus hom\u00f3logas frescas, lo que las convierte en un ingrediente esencial en una variedad de platos.","breadcrumb":{"@id":"https:\/\/lavega.gr\/es\/producto\/oregano-ranchero-baldom-090g\/#breadcrumb"},"inLanguage":"es","potentialAction":[{"@type":"ReadAction","target":["https:\/\/lavega.gr\/es\/producto\/oregano-ranchero-baldom-090g\/"]}]},{"@type":"ImageObject","inLanguage":"es","@id":"https:\/\/lavega.gr\/es\/producto\/oregano-ranchero-baldom-090g\/#primaryimage","url":"https:\/\/lavega.gr\/wp-content\/uploads\/2025\/03\/1742310939556.png","contentUrl":"https:\/\/lavega.gr\/wp-content\/uploads\/2025\/03\/1742310939556.png","width":1000,"height":1000},{"@type":"BreadcrumbList","@id":"https:\/\/lavega.gr\/es\/producto\/oregano-ranchero-baldom-090g\/#breadcrumb","itemListElement":[{"@type":"ListItem","position":1,"name":"Home","item":"https:\/\/lavega.gr\/es\/"},{"@type":"ListItem","position":2,"name":"Productos","item":"https:\/\/lavega.gr\/es\/tienda\/"},{"@type":"ListItem","position":3,"name":"Or\u00e9gano &#8216;B\u00e1lsamo Ranchero&#8217; (0.90g)"}]},{"@type":"WebSite","@id":"https:\/\/lavega.gr\/#website","url":"https:\/\/lavega.gr\/","name":"La Vega","description":"Productos Latinos","potentialAction":[{"@type":"SearchAction","target":{"@type":"EntryPoint","urlTemplate":"https:\/\/lavega.gr\/?s={search_term_string}"},"query-input":"required name=search_term_string"}],"inLanguage":"es"}]}},"_links":{"self":[{"href":"https:\/\/lavega.gr\/es\/wp-json\/wp\/v2\/product\/5997","targetHints":{"allow":["GET"]}}],"collection":[{"href":"https:\/\/lavega.gr\/es\/wp-json\/wp\/v2\/product"}],"about":[{"href":"https:\/\/lavega.gr\/es\/wp-json\/wp\/v2\/types\/product"}],"wp:featuredmedia":[{"embeddable":true,"href":"https:\/\/lavega.gr\/es\/wp-json\/wp\/v2\/media\/5996"}],"wp:attachment":[{"href":"https:\/\/lavega.gr\/es\/wp-json\/wp\/v2\/media?parent=5997"}],"wp:term":[{"taxonomy":"product_cat","embeddable":true,"href":"https:\/\/lavega.gr\/es\/wp-json\/wp\/v2\/product_cat?post=5997"},{"taxonomy":"product_tag","embeddable":true,"href":"https:\/\/lavega.gr\/es\/wp-json\/wp\/v2\/product_tag?post=5997"}],"curies":[{"name":"wp","href":"https:\/\/api.w.org\/{rel}","templated":true}]}}