{"id":5984,"date":"2025-03-18T17:29:25","date_gmt":"2025-03-18T15:29:25","guid":{"rendered":"https:\/\/lavega.gr\/?post_type=product&#038;p=5984"},"modified":"2025-07-24T15:08:28","modified_gmt":"2025-07-24T13:08:28","slug":"triguisar-70g","status":"publish","type":"product","link":"https:\/\/lavega.gr\/es\/producto\/triguisar-70g\/","title":{"rendered":"Condimento &#8216;Triguisar&#8217; (70g)"},"content":{"rendered":"<p>La especia Triguisar no es s\u00f3lo una especia, es el s\u00edmbolo de Colombia. Su sabor y aroma ha ido creciendo generaci\u00f3n y generaci\u00f3n y sigue siendo la especia n\u00famero uno del pa\u00eds. <\/p>\n<p>TRIGUISAR es el condimento perfecto para sopas, sancocho, tamales, empanadas y platos de carne. El ayudante ideal de la cocina colombiana. <\/p>\n<p><em><strong>Ingredientes<\/strong><\/em>: Comino, almid\u00f3n de ma\u00edz, almid\u00f3n de arroz, pimienta, colorante E102, sal, ajo.<\/p>\n<p>Puede contener trazas de soja, apio y mostaza.<\/p>\n<p>Por 100 gramos<\/p>\n<p>Calor\u00edas: 215kcal<br \/>\nGrasa: 11g<br \/>\nCarbohidratos: 16g<br \/>\nProte\u00ednas: 12g<br \/>\nSal: 2,1g<\/p>\n<p>Pa\u00eds de origen: Colombia<br \/>\nPeso neto: 70g<\/p>\n","protected":false},"excerpt":{"rendered":"<p>La especia Triguisar no es s\u00f3lo una especia, es el s\u00edmbolo de Colombia. Su sabor y aroma ha ido creciendo generaci\u00f3n y generaci\u00f3n y sigue siendo la especia n\u00famero uno del pa\u00eds. TRIGUISAR es el condimento perfecto para sopas, sancocho, tamales, empanadas y platos de carne. El ayudante ideal de la cocina colombiana. Ingredientes: Comino,&#8230;<\/p>\n","protected":false},"featured_media":5983,"template":"","meta":[],"product_cat":[128,88],"product_tag":[],"class_list":{"0":"post-5984","1":"product","2":"type-product","3":"status-publish","4":"has-post-thumbnail","6":"product_cat-especias-condimentos","7":"product_cat-alimentos","9":"first","10":"instock","11":"taxable","12":"shipping-taxable","13":"purchasable","14":"product-type-simple"},"yoast_head":"<!-- This site is optimized with the Yoast SEO plugin v22.3 - https:\/\/yoast.com\/wordpress\/plugins\/seo\/ -->\n<title>Condimento &#039;Triguisar&#039; (70g) | La Vega<\/title>\n<meta name=\"description\" content=\"La especia Triguisar no es s\u00f3lo una especia, es el s\u00edmbolo de Colombia. Su sabor y aroma ha ido creciendo generaci\u00f3n y generaci\u00f3n y sigue siendo la especia n\u00famero uno del pa\u00eds.\" \/>\n<meta name=\"robots\" content=\"index, follow, max-snippet:-1, max-image-preview:large, max-video-preview:-1\" \/>\n<link rel=\"canonical\" href=\"https:\/\/lavega.gr\/es\/producto\/triguisar-70g\/\" \/>\n<meta property=\"og:locale\" content=\"es_ES\" \/>\n<meta property=\"og:type\" content=\"article\" \/>\n<meta property=\"og:title\" content=\"Condimento &#039;Triguisar&#039; (70g) | La Vega\" \/>\n<meta property=\"og:description\" content=\"La especia Triguisar no es s\u00f3lo una especia, es el s\u00edmbolo de Colombia. Su sabor y aroma ha ido creciendo generaci\u00f3n y generaci\u00f3n y sigue siendo la especia n\u00famero uno del pa\u00eds.\" \/>\n<meta property=\"og:url\" content=\"https:\/\/lavega.gr\/es\/producto\/triguisar-70g\/\" \/>\n<meta property=\"og:site_name\" content=\"La Vega\" \/>\n<meta property=\"article:modified_time\" content=\"2025-07-24T13:08:28+00:00\" \/>\n<meta property=\"og:image\" content=\"https:\/\/lavega.gr\/wp-content\/uploads\/2025\/03\/1742310939576.png\" \/>\n\t<meta property=\"og:image:width\" content=\"1000\" \/>\n\t<meta property=\"og:image:height\" content=\"1000\" \/>\n\t<meta property=\"og:image:type\" content=\"image\/png\" \/>\n<meta name=\"twitter:card\" content=\"summary_large_image\" \/>\n<meta name=\"twitter:label1\" content=\"Tiempo de lectura\" \/>\n\t<meta name=\"twitter:data1\" content=\"1 minuto\" \/>\n<script type=\"application\/ld+json\" class=\"yoast-schema-graph\">{\"@context\":\"https:\/\/schema.org\",\"@graph\":[{\"@type\":\"WebPage\",\"@id\":\"https:\/\/lavega.gr\/es\/producto\/triguisar-70g\/\",\"url\":\"https:\/\/lavega.gr\/es\/producto\/triguisar-70g\/\",\"name\":\"Condimento 'Triguisar' (70g) | La Vega\",\"isPartOf\":{\"@id\":\"https:\/\/lavega.gr\/#website\"},\"primaryImageOfPage\":{\"@id\":\"https:\/\/lavega.gr\/es\/producto\/triguisar-70g\/#primaryimage\"},\"image\":{\"@id\":\"https:\/\/lavega.gr\/es\/producto\/triguisar-70g\/#primaryimage\"},\"thumbnailUrl\":\"https:\/\/lavega.gr\/wp-content\/uploads\/2025\/03\/1742310939576.png\",\"datePublished\":\"2025-03-18T15:29:25+00:00\",\"dateModified\":\"2025-07-24T13:08:28+00:00\",\"description\":\"La especia Triguisar no es s\u00f3lo una especia, es el s\u00edmbolo de Colombia. Su sabor y aroma ha ido creciendo generaci\u00f3n y generaci\u00f3n y sigue siendo la especia n\u00famero uno del pa\u00eds.\",\"breadcrumb\":{\"@id\":\"https:\/\/lavega.gr\/es\/producto\/triguisar-70g\/#breadcrumb\"},\"inLanguage\":\"es\",\"potentialAction\":[{\"@type\":\"ReadAction\",\"target\":[\"https:\/\/lavega.gr\/es\/producto\/triguisar-70g\/\"]}]},{\"@type\":\"ImageObject\",\"inLanguage\":\"es\",\"@id\":\"https:\/\/lavega.gr\/es\/producto\/triguisar-70g\/#primaryimage\",\"url\":\"https:\/\/lavega.gr\/wp-content\/uploads\/2025\/03\/1742310939576.png\",\"contentUrl\":\"https:\/\/lavega.gr\/wp-content\/uploads\/2025\/03\/1742310939576.png\",\"width\":1000,\"height\":1000},{\"@type\":\"BreadcrumbList\",\"@id\":\"https:\/\/lavega.gr\/es\/producto\/triguisar-70g\/#breadcrumb\",\"itemListElement\":[{\"@type\":\"ListItem\",\"position\":1,\"name\":\"Home\",\"item\":\"https:\/\/lavega.gr\/es\/\"},{\"@type\":\"ListItem\",\"position\":2,\"name\":\"Productos\",\"item\":\"https:\/\/lavega.gr\/es\/tienda\/\"},{\"@type\":\"ListItem\",\"position\":3,\"name\":\"Condimento &#8216;Triguisar&#8217; (70g)\"}]},{\"@type\":\"WebSite\",\"@id\":\"https:\/\/lavega.gr\/#website\",\"url\":\"https:\/\/lavega.gr\/\",\"name\":\"La Vega\",\"description\":\"Productos Latinos\",\"potentialAction\":[{\"@type\":\"SearchAction\",\"target\":{\"@type\":\"EntryPoint\",\"urlTemplate\":\"https:\/\/lavega.gr\/?s={search_term_string}\"},\"query-input\":\"required name=search_term_string\"}],\"inLanguage\":\"es\"}]}<\/script>\n<!-- \/ Yoast SEO plugin. -->","yoast_head_json":{"title":"Condimento 'Triguisar' (70g) | La Vega","description":"La especia Triguisar no es s\u00f3lo una especia, es el s\u00edmbolo de Colombia. Su sabor y aroma ha ido creciendo generaci\u00f3n y generaci\u00f3n y sigue siendo la especia n\u00famero uno del pa\u00eds.","robots":{"index":"index","follow":"follow","max-snippet":"max-snippet:-1","max-image-preview":"max-image-preview:large","max-video-preview":"max-video-preview:-1"},"canonical":"https:\/\/lavega.gr\/es\/producto\/triguisar-70g\/","og_locale":"es_ES","og_type":"article","og_title":"Condimento 'Triguisar' (70g) | La Vega","og_description":"La especia Triguisar no es s\u00f3lo una especia, es el s\u00edmbolo de Colombia. Su sabor y aroma ha ido creciendo generaci\u00f3n y generaci\u00f3n y sigue siendo la especia n\u00famero uno del pa\u00eds.","og_url":"https:\/\/lavega.gr\/es\/producto\/triguisar-70g\/","og_site_name":"La Vega","article_modified_time":"2025-07-24T13:08:28+00:00","og_image":[{"width":1000,"height":1000,"url":"https:\/\/lavega.gr\/wp-content\/uploads\/2025\/03\/1742310939576.png","type":"image\/png"}],"twitter_card":"summary_large_image","twitter_misc":{"Tiempo de lectura":"1 minuto"},"schema":{"@context":"https:\/\/schema.org","@graph":[{"@type":"WebPage","@id":"https:\/\/lavega.gr\/es\/producto\/triguisar-70g\/","url":"https:\/\/lavega.gr\/es\/producto\/triguisar-70g\/","name":"Condimento 'Triguisar' (70g) | La Vega","isPartOf":{"@id":"https:\/\/lavega.gr\/#website"},"primaryImageOfPage":{"@id":"https:\/\/lavega.gr\/es\/producto\/triguisar-70g\/#primaryimage"},"image":{"@id":"https:\/\/lavega.gr\/es\/producto\/triguisar-70g\/#primaryimage"},"thumbnailUrl":"https:\/\/lavega.gr\/wp-content\/uploads\/2025\/03\/1742310939576.png","datePublished":"2025-03-18T15:29:25+00:00","dateModified":"2025-07-24T13:08:28+00:00","description":"La especia Triguisar no es s\u00f3lo una especia, es el s\u00edmbolo de Colombia. Su sabor y aroma ha ido creciendo generaci\u00f3n y generaci\u00f3n y sigue siendo la especia n\u00famero uno del pa\u00eds.","breadcrumb":{"@id":"https:\/\/lavega.gr\/es\/producto\/triguisar-70g\/#breadcrumb"},"inLanguage":"es","potentialAction":[{"@type":"ReadAction","target":["https:\/\/lavega.gr\/es\/producto\/triguisar-70g\/"]}]},{"@type":"ImageObject","inLanguage":"es","@id":"https:\/\/lavega.gr\/es\/producto\/triguisar-70g\/#primaryimage","url":"https:\/\/lavega.gr\/wp-content\/uploads\/2025\/03\/1742310939576.png","contentUrl":"https:\/\/lavega.gr\/wp-content\/uploads\/2025\/03\/1742310939576.png","width":1000,"height":1000},{"@type":"BreadcrumbList","@id":"https:\/\/lavega.gr\/es\/producto\/triguisar-70g\/#breadcrumb","itemListElement":[{"@type":"ListItem","position":1,"name":"Home","item":"https:\/\/lavega.gr\/es\/"},{"@type":"ListItem","position":2,"name":"Productos","item":"https:\/\/lavega.gr\/es\/tienda\/"},{"@type":"ListItem","position":3,"name":"Condimento &#8216;Triguisar&#8217; (70g)"}]},{"@type":"WebSite","@id":"https:\/\/lavega.gr\/#website","url":"https:\/\/lavega.gr\/","name":"La Vega","description":"Productos Latinos","potentialAction":[{"@type":"SearchAction","target":{"@type":"EntryPoint","urlTemplate":"https:\/\/lavega.gr\/?s={search_term_string}"},"query-input":"required name=search_term_string"}],"inLanguage":"es"}]}},"_links":{"self":[{"href":"https:\/\/lavega.gr\/es\/wp-json\/wp\/v2\/product\/5984","targetHints":{"allow":["GET"]}}],"collection":[{"href":"https:\/\/lavega.gr\/es\/wp-json\/wp\/v2\/product"}],"about":[{"href":"https:\/\/lavega.gr\/es\/wp-json\/wp\/v2\/types\/product"}],"wp:featuredmedia":[{"embeddable":true,"href":"https:\/\/lavega.gr\/es\/wp-json\/wp\/v2\/media\/5983"}],"wp:attachment":[{"href":"https:\/\/lavega.gr\/es\/wp-json\/wp\/v2\/media?parent=5984"}],"wp:term":[{"taxonomy":"product_cat","embeddable":true,"href":"https:\/\/lavega.gr\/es\/wp-json\/wp\/v2\/product_cat?post=5984"},{"taxonomy":"product_tag","embeddable":true,"href":"https:\/\/lavega.gr\/es\/wp-json\/wp\/v2\/product_tag?post=5984"}],"curies":[{"name":"wp","href":"https:\/\/api.w.org\/{rel}","templated":true}]}}