{"id":5910,"date":"2025-02-17T16:51:03","date_gmt":"2025-02-17T14:51:03","guid":{"rendered":"https:\/\/lavega.gr\/?post_type=product&#038;p=5910"},"modified":"2026-04-23T16:15:59","modified_gmt":"2026-04-23T14:15:59","slug":"refresco-la-colombiana-500ml","status":"publish","type":"product","link":"https:\/\/lavega.gr\/es\/producto\/refresco-la-colombiana-500ml\/","title":{"rendered":"Gaseosa &#8216;La Colombiana&#8217; (500 ml)"},"content":{"rendered":"<p data-path-to-node=\"11\"><strong>Qu\u00e9 es<\/strong>: El refresco &#8220;dorado&#8221; de Colombia! Gaseosa La Colombiana tiene un sabor \u00fanico que recuerda al champ\u00e1n de frutas (champ\u00e1n de cola). Es el acompa\u00f1amiento perfecto para cualquier comida colombiana y la mejor manera de calmar la sed con un toque tropical.  <\/p>\n<p><b data-path-to-node=\"11\" data-index-in-node=\"263\">Consejo de La Vega<\/b>: Hay que tomarlo fr\u00edo! Combina a la perfecci\u00f3n con empanadas, pandebonos y todo tipo de comida callejera latinoamericana. <\/p>\n<p data-path-to-node=\"12\">\n","protected":false},"excerpt":{"rendered":"<p>Qu\u00e9 es: El refresco &#8220;dorado&#8221; de Colombia! Gaseosa La Colombiana tiene un sabor \u00fanico que recuerda al champ\u00e1n de frutas (champ\u00e1n de cola). Es el acompa\u00f1amiento perfecto para cualquier comida colombiana y la mejor manera de calmar la sed con un toque tropical. Consejo de La Vega: Hay que tomarlo fr\u00edo! Combina a la perfecci\u00f3n&#8230;<\/p>\n","protected":false},"featured_media":5911,"template":"","meta":[],"product_cat":[89],"product_tag":[],"class_list":{"0":"post-5910","1":"product","2":"type-product","3":"status-publish","4":"has-post-thumbnail","6":"product_cat-bebidas-tropicales-y-cafe","8":"first","9":"instock","10":"taxable","11":"shipping-taxable","12":"purchasable","13":"product-type-simple"},"yoast_head":"<!-- This site is optimized with the Yoast SEO plugin v22.3 - https:\/\/yoast.com\/wordpress\/plugins\/seo\/ -->\n<title>Gaseosa &#039;La Colombiana&#039; (500 ml) | La Vega<\/title>\n<meta name=\"description\" content=\"El refresco dorado de Colombia! Gaseosa La Colombiana tiene un sabor \u00fanico que recuerda al champ\u00e1n de frutas (champ\u00e1n de cola). Es el acompa\u00f1amiento perfecto para cualquier comida colombiana y la mejor manera de calmar la sed con un toque tropical.\" \/>\n<meta name=\"robots\" content=\"index, follow, max-snippet:-1, max-image-preview:large, max-video-preview:-1\" \/>\n<link rel=\"canonical\" href=\"https:\/\/lavega.gr\/es\/producto\/refresco-la-colombiana-500ml\/\" \/>\n<meta property=\"og:locale\" content=\"es_ES\" \/>\n<meta property=\"og:type\" content=\"article\" \/>\n<meta property=\"og:title\" content=\"Gaseosa &#039;La Colombiana&#039; (500 ml) | La Vega\" \/>\n<meta property=\"og:description\" content=\"El refresco dorado de Colombia! Gaseosa La Colombiana tiene un sabor \u00fanico que recuerda al champ\u00e1n de frutas (champ\u00e1n de cola). Es el acompa\u00f1amiento perfecto para cualquier comida colombiana y la mejor manera de calmar la sed con un toque tropical.\" \/>\n<meta property=\"og:url\" content=\"https:\/\/lavega.gr\/es\/producto\/refresco-la-colombiana-500ml\/\" \/>\n<meta property=\"og:site_name\" content=\"La Vega\" \/>\n<meta property=\"article:modified_time\" content=\"2026-04-23T14:15:59+00:00\" \/>\n<meta property=\"og:image\" content=\"https:\/\/lavega.gr\/wp-content\/uploads\/2025\/02\/1739803840094.png\" \/>\n\t<meta property=\"og:image:width\" content=\"1000\" \/>\n\t<meta property=\"og:image:height\" content=\"1000\" \/>\n\t<meta property=\"og:image:type\" content=\"image\/png\" \/>\n<meta name=\"twitter:card\" content=\"summary_large_image\" \/>\n<meta name=\"twitter:label1\" content=\"Tiempo de lectura\" \/>\n\t<meta name=\"twitter:data1\" content=\"1 minuto\" \/>\n<script type=\"application\/ld+json\" class=\"yoast-schema-graph\">{\"@context\":\"https:\/\/schema.org\",\"@graph\":[{\"@type\":\"WebPage\",\"@id\":\"https:\/\/lavega.gr\/es\/producto\/refresco-la-colombiana-500ml\/\",\"url\":\"https:\/\/lavega.gr\/es\/producto\/refresco-la-colombiana-500ml\/\",\"name\":\"Gaseosa 'La Colombiana' (500 ml) | La Vega\",\"isPartOf\":{\"@id\":\"https:\/\/lavega.gr\/#website\"},\"primaryImageOfPage\":{\"@id\":\"https:\/\/lavega.gr\/es\/producto\/refresco-la-colombiana-500ml\/#primaryimage\"},\"image\":{\"@id\":\"https:\/\/lavega.gr\/es\/producto\/refresco-la-colombiana-500ml\/#primaryimage\"},\"thumbnailUrl\":\"https:\/\/lavega.gr\/wp-content\/uploads\/2025\/02\/1739803840094.png\",\"datePublished\":\"2025-02-17T14:51:03+00:00\",\"dateModified\":\"2026-04-23T14:15:59+00:00\",\"description\":\"El refresco dorado de Colombia! Gaseosa La Colombiana tiene un sabor \u00fanico que recuerda al champ\u00e1n de frutas (champ\u00e1n de cola). Es el acompa\u00f1amiento perfecto para cualquier comida colombiana y la mejor manera de calmar la sed con un toque tropical.\",\"breadcrumb\":{\"@id\":\"https:\/\/lavega.gr\/es\/producto\/refresco-la-colombiana-500ml\/#breadcrumb\"},\"inLanguage\":\"es\",\"potentialAction\":[{\"@type\":\"ReadAction\",\"target\":[\"https:\/\/lavega.gr\/es\/producto\/refresco-la-colombiana-500ml\/\"]}]},{\"@type\":\"ImageObject\",\"inLanguage\":\"es\",\"@id\":\"https:\/\/lavega.gr\/es\/producto\/refresco-la-colombiana-500ml\/#primaryimage\",\"url\":\"https:\/\/lavega.gr\/wp-content\/uploads\/2025\/02\/1739803840094.png\",\"contentUrl\":\"https:\/\/lavega.gr\/wp-content\/uploads\/2025\/02\/1739803840094.png\",\"width\":1000,\"height\":1000},{\"@type\":\"BreadcrumbList\",\"@id\":\"https:\/\/lavega.gr\/es\/producto\/refresco-la-colombiana-500ml\/#breadcrumb\",\"itemListElement\":[{\"@type\":\"ListItem\",\"position\":1,\"name\":\"Home\",\"item\":\"https:\/\/lavega.gr\/es\/\"},{\"@type\":\"ListItem\",\"position\":2,\"name\":\"Productos\",\"item\":\"https:\/\/lavega.gr\/es\/tienda\/\"},{\"@type\":\"ListItem\",\"position\":3,\"name\":\"Gaseosa &#8216;La Colombiana&#8217; (500 ml)\"}]},{\"@type\":\"WebSite\",\"@id\":\"https:\/\/lavega.gr\/#website\",\"url\":\"https:\/\/lavega.gr\/\",\"name\":\"La Vega\",\"description\":\"Productos Latinos\",\"potentialAction\":[{\"@type\":\"SearchAction\",\"target\":{\"@type\":\"EntryPoint\",\"urlTemplate\":\"https:\/\/lavega.gr\/?s={search_term_string}\"},\"query-input\":\"required name=search_term_string\"}],\"inLanguage\":\"es\"}]}<\/script>\n<!-- \/ Yoast SEO plugin. -->","yoast_head_json":{"title":"Gaseosa 'La Colombiana' (500 ml) | La Vega","description":"El refresco dorado de Colombia! Gaseosa La Colombiana tiene un sabor \u00fanico que recuerda al champ\u00e1n de frutas (champ\u00e1n de cola). Es el acompa\u00f1amiento perfecto para cualquier comida colombiana y la mejor manera de calmar la sed con un toque tropical.","robots":{"index":"index","follow":"follow","max-snippet":"max-snippet:-1","max-image-preview":"max-image-preview:large","max-video-preview":"max-video-preview:-1"},"canonical":"https:\/\/lavega.gr\/es\/producto\/refresco-la-colombiana-500ml\/","og_locale":"es_ES","og_type":"article","og_title":"Gaseosa 'La Colombiana' (500 ml) | La Vega","og_description":"El refresco dorado de Colombia! Gaseosa La Colombiana tiene un sabor \u00fanico que recuerda al champ\u00e1n de frutas (champ\u00e1n de cola). Es el acompa\u00f1amiento perfecto para cualquier comida colombiana y la mejor manera de calmar la sed con un toque tropical.","og_url":"https:\/\/lavega.gr\/es\/producto\/refresco-la-colombiana-500ml\/","og_site_name":"La Vega","article_modified_time":"2026-04-23T14:15:59+00:00","og_image":[{"width":1000,"height":1000,"url":"https:\/\/lavega.gr\/wp-content\/uploads\/2025\/02\/1739803840094.png","type":"image\/png"}],"twitter_card":"summary_large_image","twitter_misc":{"Tiempo de lectura":"1 minuto"},"schema":{"@context":"https:\/\/schema.org","@graph":[{"@type":"WebPage","@id":"https:\/\/lavega.gr\/es\/producto\/refresco-la-colombiana-500ml\/","url":"https:\/\/lavega.gr\/es\/producto\/refresco-la-colombiana-500ml\/","name":"Gaseosa 'La Colombiana' (500 ml) | La Vega","isPartOf":{"@id":"https:\/\/lavega.gr\/#website"},"primaryImageOfPage":{"@id":"https:\/\/lavega.gr\/es\/producto\/refresco-la-colombiana-500ml\/#primaryimage"},"image":{"@id":"https:\/\/lavega.gr\/es\/producto\/refresco-la-colombiana-500ml\/#primaryimage"},"thumbnailUrl":"https:\/\/lavega.gr\/wp-content\/uploads\/2025\/02\/1739803840094.png","datePublished":"2025-02-17T14:51:03+00:00","dateModified":"2026-04-23T14:15:59+00:00","description":"El refresco dorado de Colombia! Gaseosa La Colombiana tiene un sabor \u00fanico que recuerda al champ\u00e1n de frutas (champ\u00e1n de cola). Es el acompa\u00f1amiento perfecto para cualquier comida colombiana y la mejor manera de calmar la sed con un toque tropical.","breadcrumb":{"@id":"https:\/\/lavega.gr\/es\/producto\/refresco-la-colombiana-500ml\/#breadcrumb"},"inLanguage":"es","potentialAction":[{"@type":"ReadAction","target":["https:\/\/lavega.gr\/es\/producto\/refresco-la-colombiana-500ml\/"]}]},{"@type":"ImageObject","inLanguage":"es","@id":"https:\/\/lavega.gr\/es\/producto\/refresco-la-colombiana-500ml\/#primaryimage","url":"https:\/\/lavega.gr\/wp-content\/uploads\/2025\/02\/1739803840094.png","contentUrl":"https:\/\/lavega.gr\/wp-content\/uploads\/2025\/02\/1739803840094.png","width":1000,"height":1000},{"@type":"BreadcrumbList","@id":"https:\/\/lavega.gr\/es\/producto\/refresco-la-colombiana-500ml\/#breadcrumb","itemListElement":[{"@type":"ListItem","position":1,"name":"Home","item":"https:\/\/lavega.gr\/es\/"},{"@type":"ListItem","position":2,"name":"Productos","item":"https:\/\/lavega.gr\/es\/tienda\/"},{"@type":"ListItem","position":3,"name":"Gaseosa &#8216;La Colombiana&#8217; (500 ml)"}]},{"@type":"WebSite","@id":"https:\/\/lavega.gr\/#website","url":"https:\/\/lavega.gr\/","name":"La Vega","description":"Productos Latinos","potentialAction":[{"@type":"SearchAction","target":{"@type":"EntryPoint","urlTemplate":"https:\/\/lavega.gr\/?s={search_term_string}"},"query-input":"required name=search_term_string"}],"inLanguage":"es"}]}},"_links":{"self":[{"href":"https:\/\/lavega.gr\/es\/wp-json\/wp\/v2\/product\/5910","targetHints":{"allow":["GET"]}}],"collection":[{"href":"https:\/\/lavega.gr\/es\/wp-json\/wp\/v2\/product"}],"about":[{"href":"https:\/\/lavega.gr\/es\/wp-json\/wp\/v2\/types\/product"}],"wp:featuredmedia":[{"embeddable":true,"href":"https:\/\/lavega.gr\/es\/wp-json\/wp\/v2\/media\/5911"}],"wp:attachment":[{"href":"https:\/\/lavega.gr\/es\/wp-json\/wp\/v2\/media?parent=5910"}],"wp:term":[{"taxonomy":"product_cat","embeddable":true,"href":"https:\/\/lavega.gr\/es\/wp-json\/wp\/v2\/product_cat?post=5910"},{"taxonomy":"product_tag","embeddable":true,"href":"https:\/\/lavega.gr\/es\/wp-json\/wp\/v2\/product_tag?post=5910"}],"curies":[{"name":"wp","href":"https:\/\/api.w.org\/{rel}","templated":true}]}}