{"id":5861,"date":"2025-01-22T14:49:03","date_gmt":"2025-01-22T12:49:03","guid":{"rendered":"https:\/\/lavega.gr\/?post_type=product&#038;p=5861"},"modified":"2026-04-23T16:17:16","modified_gmt":"2026-04-23T14:17:16","slug":"inca-kola-625ml","status":"publish","type":"product","link":"https:\/\/lavega.gr\/es\/producto\/inca-kola-625ml\/","title":{"rendered":"Refresco \u2018Inca Kola\u2019 (300 ml)"},"content":{"rendered":"<p><strong>Qu\u00e9 es:<\/strong> El legendario refresco peruano de color dorado inconfundible! Inca Kola tiene un sabor \u00fanico que recuerda al chicle y la verbena, y es el \u00fanico refresco del mundo que ha superado a Coca-Cola en ventas en su pa\u00eds. <\/p>\n<p><b data-path-to-node=\"14\" data-index-in-node=\"245\">Consejo de La Vega<\/b>: Se considera el acompa\u00f1amiento ideal y tradicional para el ceviche peruano y los platillos chifa (cocina peruano-china). \u00a1Tienes que probarlo! <\/p>\n","protected":false},"excerpt":{"rendered":"<p>Qu\u00e9 es: El legendario refresco peruano de color dorado inconfundible! Inca Kola tiene un sabor \u00fanico que recuerda al chicle y la verbena, y es el \u00fanico refresco del mundo que ha superado a Coca-Cola en ventas en su pa\u00eds. Consejo de La Vega: Se considera el acompa\u00f1amiento ideal y tradicional para el ceviche peruano&#8230;<\/p>\n","protected":false},"featured_media":6886,"template":"","meta":[],"product_cat":[89],"product_tag":[],"class_list":{"0":"post-5861","1":"product","2":"type-product","3":"status-publish","4":"has-post-thumbnail","6":"product_cat-bebidas-tropicales-y-cafe","8":"first","9":"instock","10":"taxable","11":"shipping-taxable","12":"purchasable","13":"product-type-simple"},"yoast_head":"<!-- This site is optimized with the Yoast SEO plugin v22.3 - https:\/\/yoast.com\/wordpress\/plugins\/seo\/ -->\n<title>Refresco \u2018Inca Kola\u2019 (300 ml) | La Vega<\/title>\n<meta name=\"description\" content=\"El legendario refresco peruano de color dorado caracter\u00edstico! Inca Kola tiene un sabor \u00fanico que recuerda al chicle y la verbena, y es el \u00fanico refresco del mundo que supera a Coca-Cola en ventas en su pa\u00eds.\" \/>\n<meta name=\"robots\" content=\"index, follow, max-snippet:-1, max-image-preview:large, max-video-preview:-1\" \/>\n<link rel=\"canonical\" href=\"https:\/\/lavega.gr\/es\/producto\/inca-kola-625ml\/\" \/>\n<meta property=\"og:locale\" content=\"es_ES\" \/>\n<meta property=\"og:type\" content=\"article\" \/>\n<meta property=\"og:title\" content=\"Refresco \u2018Inca Kola\u2019 (300 ml) | La Vega\" \/>\n<meta property=\"og:description\" content=\"El legendario refresco peruano de color dorado caracter\u00edstico! Inca Kola tiene un sabor \u00fanico que recuerda al chicle y la verbena, y es el \u00fanico refresco del mundo que supera a Coca-Cola en ventas en su pa\u00eds.\" \/>\n<meta property=\"og:url\" content=\"https:\/\/lavega.gr\/es\/producto\/inca-kola-625ml\/\" \/>\n<meta property=\"og:site_name\" content=\"La Vega\" \/>\n<meta property=\"article:modified_time\" content=\"2026-04-23T14:17:16+00:00\" \/>\n<meta property=\"og:image\" content=\"https:\/\/lavega.gr\/wp-content\/uploads\/2025\/01\/1770728498493-scaled.png\" \/>\n\t<meta property=\"og:image:width\" content=\"1440\" \/>\n\t<meta property=\"og:image:height\" content=\"2560\" \/>\n\t<meta property=\"og:image:type\" content=\"image\/png\" \/>\n<meta name=\"twitter:card\" content=\"summary_large_image\" \/>\n<meta name=\"twitter:label1\" content=\"Tiempo de lectura\" \/>\n\t<meta name=\"twitter:data1\" content=\"1 minuto\" \/>\n<script type=\"application\/ld+json\" class=\"yoast-schema-graph\">{\"@context\":\"https:\/\/schema.org\",\"@graph\":[{\"@type\":\"WebPage\",\"@id\":\"https:\/\/lavega.gr\/es\/producto\/inca-kola-625ml\/\",\"url\":\"https:\/\/lavega.gr\/es\/producto\/inca-kola-625ml\/\",\"name\":\"Refresco \u2018Inca Kola\u2019 (300 ml) | La Vega\",\"isPartOf\":{\"@id\":\"https:\/\/lavega.gr\/#website\"},\"primaryImageOfPage\":{\"@id\":\"https:\/\/lavega.gr\/es\/producto\/inca-kola-625ml\/#primaryimage\"},\"image\":{\"@id\":\"https:\/\/lavega.gr\/es\/producto\/inca-kola-625ml\/#primaryimage\"},\"thumbnailUrl\":\"https:\/\/lavega.gr\/wp-content\/uploads\/2025\/01\/1770728498493-scaled.png\",\"datePublished\":\"2025-01-22T12:49:03+00:00\",\"dateModified\":\"2026-04-23T14:17:16+00:00\",\"description\":\"El legendario refresco peruano de color dorado caracter\u00edstico! Inca Kola tiene un sabor \u00fanico que recuerda al chicle y la verbena, y es el \u00fanico refresco del mundo que supera a Coca-Cola en ventas en su pa\u00eds.\",\"breadcrumb\":{\"@id\":\"https:\/\/lavega.gr\/es\/producto\/inca-kola-625ml\/#breadcrumb\"},\"inLanguage\":\"es\",\"potentialAction\":[{\"@type\":\"ReadAction\",\"target\":[\"https:\/\/lavega.gr\/es\/producto\/inca-kola-625ml\/\"]}]},{\"@type\":\"ImageObject\",\"inLanguage\":\"es\",\"@id\":\"https:\/\/lavega.gr\/es\/producto\/inca-kola-625ml\/#primaryimage\",\"url\":\"https:\/\/lavega.gr\/wp-content\/uploads\/2025\/01\/1770728498493-scaled.png\",\"contentUrl\":\"https:\/\/lavega.gr\/wp-content\/uploads\/2025\/01\/1770728498493-scaled.png\",\"width\":1440,\"height\":2560},{\"@type\":\"BreadcrumbList\",\"@id\":\"https:\/\/lavega.gr\/es\/producto\/inca-kola-625ml\/#breadcrumb\",\"itemListElement\":[{\"@type\":\"ListItem\",\"position\":1,\"name\":\"Home\",\"item\":\"https:\/\/lavega.gr\/es\/\"},{\"@type\":\"ListItem\",\"position\":2,\"name\":\"Productos\",\"item\":\"https:\/\/lavega.gr\/es\/tienda\/\"},{\"@type\":\"ListItem\",\"position\":3,\"name\":\"Refresco \u2018Inca Kola\u2019 (300 ml)\"}]},{\"@type\":\"WebSite\",\"@id\":\"https:\/\/lavega.gr\/#website\",\"url\":\"https:\/\/lavega.gr\/\",\"name\":\"La Vega\",\"description\":\"Productos Latinos\",\"potentialAction\":[{\"@type\":\"SearchAction\",\"target\":{\"@type\":\"EntryPoint\",\"urlTemplate\":\"https:\/\/lavega.gr\/?s={search_term_string}\"},\"query-input\":\"required name=search_term_string\"}],\"inLanguage\":\"es\"}]}<\/script>\n<!-- \/ Yoast SEO plugin. -->","yoast_head_json":{"title":"Refresco \u2018Inca Kola\u2019 (300 ml) | La Vega","description":"El legendario refresco peruano de color dorado caracter\u00edstico! Inca Kola tiene un sabor \u00fanico que recuerda al chicle y la verbena, y es el \u00fanico refresco del mundo que supera a Coca-Cola en ventas en su pa\u00eds.","robots":{"index":"index","follow":"follow","max-snippet":"max-snippet:-1","max-image-preview":"max-image-preview:large","max-video-preview":"max-video-preview:-1"},"canonical":"https:\/\/lavega.gr\/es\/producto\/inca-kola-625ml\/","og_locale":"es_ES","og_type":"article","og_title":"Refresco \u2018Inca Kola\u2019 (300 ml) | La Vega","og_description":"El legendario refresco peruano de color dorado caracter\u00edstico! Inca Kola tiene un sabor \u00fanico que recuerda al chicle y la verbena, y es el \u00fanico refresco del mundo que supera a Coca-Cola en ventas en su pa\u00eds.","og_url":"https:\/\/lavega.gr\/es\/producto\/inca-kola-625ml\/","og_site_name":"La Vega","article_modified_time":"2026-04-23T14:17:16+00:00","og_image":[{"width":1440,"height":2560,"url":"https:\/\/lavega.gr\/wp-content\/uploads\/2025\/01\/1770728498493-scaled.png","type":"image\/png"}],"twitter_card":"summary_large_image","twitter_misc":{"Tiempo de lectura":"1 minuto"},"schema":{"@context":"https:\/\/schema.org","@graph":[{"@type":"WebPage","@id":"https:\/\/lavega.gr\/es\/producto\/inca-kola-625ml\/","url":"https:\/\/lavega.gr\/es\/producto\/inca-kola-625ml\/","name":"Refresco \u2018Inca Kola\u2019 (300 ml) | La Vega","isPartOf":{"@id":"https:\/\/lavega.gr\/#website"},"primaryImageOfPage":{"@id":"https:\/\/lavega.gr\/es\/producto\/inca-kola-625ml\/#primaryimage"},"image":{"@id":"https:\/\/lavega.gr\/es\/producto\/inca-kola-625ml\/#primaryimage"},"thumbnailUrl":"https:\/\/lavega.gr\/wp-content\/uploads\/2025\/01\/1770728498493-scaled.png","datePublished":"2025-01-22T12:49:03+00:00","dateModified":"2026-04-23T14:17:16+00:00","description":"El legendario refresco peruano de color dorado caracter\u00edstico! Inca Kola tiene un sabor \u00fanico que recuerda al chicle y la verbena, y es el \u00fanico refresco del mundo que supera a Coca-Cola en ventas en su pa\u00eds.","breadcrumb":{"@id":"https:\/\/lavega.gr\/es\/producto\/inca-kola-625ml\/#breadcrumb"},"inLanguage":"es","potentialAction":[{"@type":"ReadAction","target":["https:\/\/lavega.gr\/es\/producto\/inca-kola-625ml\/"]}]},{"@type":"ImageObject","inLanguage":"es","@id":"https:\/\/lavega.gr\/es\/producto\/inca-kola-625ml\/#primaryimage","url":"https:\/\/lavega.gr\/wp-content\/uploads\/2025\/01\/1770728498493-scaled.png","contentUrl":"https:\/\/lavega.gr\/wp-content\/uploads\/2025\/01\/1770728498493-scaled.png","width":1440,"height":2560},{"@type":"BreadcrumbList","@id":"https:\/\/lavega.gr\/es\/producto\/inca-kola-625ml\/#breadcrumb","itemListElement":[{"@type":"ListItem","position":1,"name":"Home","item":"https:\/\/lavega.gr\/es\/"},{"@type":"ListItem","position":2,"name":"Productos","item":"https:\/\/lavega.gr\/es\/tienda\/"},{"@type":"ListItem","position":3,"name":"Refresco \u2018Inca Kola\u2019 (300 ml)"}]},{"@type":"WebSite","@id":"https:\/\/lavega.gr\/#website","url":"https:\/\/lavega.gr\/","name":"La Vega","description":"Productos Latinos","potentialAction":[{"@type":"SearchAction","target":{"@type":"EntryPoint","urlTemplate":"https:\/\/lavega.gr\/?s={search_term_string}"},"query-input":"required name=search_term_string"}],"inLanguage":"es"}]}},"_links":{"self":[{"href":"https:\/\/lavega.gr\/es\/wp-json\/wp\/v2\/product\/5861","targetHints":{"allow":["GET"]}}],"collection":[{"href":"https:\/\/lavega.gr\/es\/wp-json\/wp\/v2\/product"}],"about":[{"href":"https:\/\/lavega.gr\/es\/wp-json\/wp\/v2\/types\/product"}],"wp:featuredmedia":[{"embeddable":true,"href":"https:\/\/lavega.gr\/es\/wp-json\/wp\/v2\/media\/6886"}],"wp:attachment":[{"href":"https:\/\/lavega.gr\/es\/wp-json\/wp\/v2\/media?parent=5861"}],"wp:term":[{"taxonomy":"product_cat","embeddable":true,"href":"https:\/\/lavega.gr\/es\/wp-json\/wp\/v2\/product_cat?post=5861"},{"taxonomy":"product_tag","embeddable":true,"href":"https:\/\/lavega.gr\/es\/wp-json\/wp\/v2\/product_tag?post=5861"}],"curies":[{"name":"wp","href":"https:\/\/api.w.org\/{rel}","templated":true}]}}