{"id":5842,"date":"2025-01-22T12:04:19","date_gmt":"2025-01-22T10:04:19","guid":{"rendered":"https:\/\/lavega.gr\/?post_type=product&#038;p=5842"},"modified":"2026-04-23T16:17:44","modified_gmt":"2026-04-23T14:17:44","slug":"frutto-de-palma-chontaduro-790g","status":"publish","type":"product","link":"https:\/\/lavega.gr\/es\/producto\/frutto-de-palma-chontaduro-790g\/","title":{"rendered":"Chontaduro (790g)"},"content":{"rendered":"<p><strong>El &#8220;tesoro energ\u00e9tico&#8221; del Pac\u00edfico! \ud83c\udf34 <\/strong><\/p>\n<p><strong>Que es<\/strong>: El fruto de la palmera colombiana, hervido y conservado en alm\u00edbar. Tiene una textura muy especial, almidonada (que recuerda a la casta\u00f1a o al boniato), y se considera un superalimento rico en prote\u00ednas. <\/p>\n<p><strong>C\u00f3mo disfrutarlo<\/strong>: Cons\u00famalo directamente del frasco como un tentempi\u00e9 muy saciante y energizante.<\/p>\n<p><strong>Consejo de La Vega<\/strong>: Escurre el alm\u00edbar, c\u00f3rtalo por la mitad y haz lo que les encanta a los colombianos: Espolvor\u00e9alo con un poco de sal y roc\u00edalo con miel!<\/p>\n","protected":false},"excerpt":{"rendered":"<p>El &#8220;tesoro energ\u00e9tico&#8221; del Pac\u00edfico! \ud83c\udf34 Que es: El fruto de la palmera colombiana, hervido y conservado en alm\u00edbar. Tiene una textura muy especial, almidonada (que recuerda a la casta\u00f1a o al boniato), y se considera un superalimento rico en prote\u00ednas. C\u00f3mo disfrutarlo: Cons\u00famalo directamente del frasco como un tentempi\u00e9 muy saciante y energizante. Consejo&#8230;<\/p>\n","protected":false},"featured_media":5844,"template":"","meta":[],"product_cat":[88,129],"product_tag":[],"class_list":{"0":"post-5842","1":"product","2":"type-product","3":"status-publish","4":"has-post-thumbnail","6":"product_cat-ingredientes-autenticos-cocinar","7":"product_cat-legumbres-y-especialidades","9":"first","10":"instock","11":"taxable","12":"shipping-taxable","13":"purchasable","14":"product-type-simple"},"yoast_head":"<!-- This site is optimized with the Yoast SEO plugin v22.3 - https:\/\/yoast.com\/wordpress\/plugins\/seo\/ -->\n<title>Chontaduro (790g) | La Vega<\/title>\n<meta name=\"description\" content=\"El fruto de la palmera colombiana, hervido y conservado en alm\u00edbar. Tiene una textura muy especial, almidonada (que recuerda a las casta\u00f1as o al boniato), y se considera un superalimento rico en prote\u00ednas.\" \/>\n<meta name=\"robots\" content=\"index, follow, max-snippet:-1, max-image-preview:large, max-video-preview:-1\" \/>\n<link rel=\"canonical\" href=\"https:\/\/lavega.gr\/es\/producto\/frutto-de-palma-chontaduro-790g\/\" \/>\n<meta property=\"og:locale\" content=\"es_ES\" \/>\n<meta property=\"og:type\" content=\"article\" \/>\n<meta property=\"og:title\" content=\"Chontaduro (790g) | La Vega\" \/>\n<meta property=\"og:description\" content=\"El fruto de la palmera colombiana, hervido y conservado en alm\u00edbar. Tiene una textura muy especial, almidonada (que recuerda a las casta\u00f1as o al boniato), y se considera un superalimento rico en prote\u00ednas.\" \/>\n<meta property=\"og:url\" content=\"https:\/\/lavega.gr\/es\/producto\/frutto-de-palma-chontaduro-790g\/\" \/>\n<meta property=\"og:site_name\" content=\"La Vega\" \/>\n<meta property=\"article:modified_time\" content=\"2026-04-23T14:17:44+00:00\" \/>\n<meta property=\"og:image\" content=\"https:\/\/lavega.gr\/wp-content\/uploads\/2025\/01\/1737541412388.png\" \/>\n\t<meta property=\"og:image:width\" content=\"1000\" \/>\n\t<meta property=\"og:image:height\" content=\"1000\" \/>\n\t<meta property=\"og:image:type\" content=\"image\/png\" \/>\n<meta name=\"twitter:card\" content=\"summary_large_image\" \/>\n<meta name=\"twitter:label1\" content=\"Tiempo de lectura\" \/>\n\t<meta name=\"twitter:data1\" content=\"1 minuto\" \/>\n<script type=\"application\/ld+json\" class=\"yoast-schema-graph\">{\"@context\":\"https:\/\/schema.org\",\"@graph\":[{\"@type\":\"WebPage\",\"@id\":\"https:\/\/lavega.gr\/es\/producto\/frutto-de-palma-chontaduro-790g\/\",\"url\":\"https:\/\/lavega.gr\/es\/producto\/frutto-de-palma-chontaduro-790g\/\",\"name\":\"Chontaduro (790g) | La Vega\",\"isPartOf\":{\"@id\":\"https:\/\/lavega.gr\/#website\"},\"primaryImageOfPage\":{\"@id\":\"https:\/\/lavega.gr\/es\/producto\/frutto-de-palma-chontaduro-790g\/#primaryimage\"},\"image\":{\"@id\":\"https:\/\/lavega.gr\/es\/producto\/frutto-de-palma-chontaduro-790g\/#primaryimage\"},\"thumbnailUrl\":\"https:\/\/lavega.gr\/wp-content\/uploads\/2025\/01\/1737541412388.png\",\"datePublished\":\"2025-01-22T10:04:19+00:00\",\"dateModified\":\"2026-04-23T14:17:44+00:00\",\"description\":\"El fruto de la palmera colombiana, hervido y conservado en alm\u00edbar. Tiene una textura muy especial, almidonada (que recuerda a las casta\u00f1as o al boniato), y se considera un superalimento rico en prote\u00ednas.\",\"breadcrumb\":{\"@id\":\"https:\/\/lavega.gr\/es\/producto\/frutto-de-palma-chontaduro-790g\/#breadcrumb\"},\"inLanguage\":\"es\",\"potentialAction\":[{\"@type\":\"ReadAction\",\"target\":[\"https:\/\/lavega.gr\/es\/producto\/frutto-de-palma-chontaduro-790g\/\"]}]},{\"@type\":\"ImageObject\",\"inLanguage\":\"es\",\"@id\":\"https:\/\/lavega.gr\/es\/producto\/frutto-de-palma-chontaduro-790g\/#primaryimage\",\"url\":\"https:\/\/lavega.gr\/wp-content\/uploads\/2025\/01\/1737541412388.png\",\"contentUrl\":\"https:\/\/lavega.gr\/wp-content\/uploads\/2025\/01\/1737541412388.png\",\"width\":1000,\"height\":1000},{\"@type\":\"BreadcrumbList\",\"@id\":\"https:\/\/lavega.gr\/es\/producto\/frutto-de-palma-chontaduro-790g\/#breadcrumb\",\"itemListElement\":[{\"@type\":\"ListItem\",\"position\":1,\"name\":\"Home\",\"item\":\"https:\/\/lavega.gr\/es\/\"},{\"@type\":\"ListItem\",\"position\":2,\"name\":\"Productos\",\"item\":\"https:\/\/lavega.gr\/es\/tienda\/\"},{\"@type\":\"ListItem\",\"position\":3,\"name\":\"Chontaduro (790g)\"}]},{\"@type\":\"WebSite\",\"@id\":\"https:\/\/lavega.gr\/#website\",\"url\":\"https:\/\/lavega.gr\/\",\"name\":\"La Vega\",\"description\":\"Productos Latinos\",\"potentialAction\":[{\"@type\":\"SearchAction\",\"target\":{\"@type\":\"EntryPoint\",\"urlTemplate\":\"https:\/\/lavega.gr\/?s={search_term_string}\"},\"query-input\":\"required name=search_term_string\"}],\"inLanguage\":\"es\"}]}<\/script>\n<!-- \/ Yoast SEO plugin. -->","yoast_head_json":{"title":"Chontaduro (790g) | La Vega","description":"El fruto de la palmera colombiana, hervido y conservado en alm\u00edbar. Tiene una textura muy especial, almidonada (que recuerda a las casta\u00f1as o al boniato), y se considera un superalimento rico en prote\u00ednas.","robots":{"index":"index","follow":"follow","max-snippet":"max-snippet:-1","max-image-preview":"max-image-preview:large","max-video-preview":"max-video-preview:-1"},"canonical":"https:\/\/lavega.gr\/es\/producto\/frutto-de-palma-chontaduro-790g\/","og_locale":"es_ES","og_type":"article","og_title":"Chontaduro (790g) | La Vega","og_description":"El fruto de la palmera colombiana, hervido y conservado en alm\u00edbar. Tiene una textura muy especial, almidonada (que recuerda a las casta\u00f1as o al boniato), y se considera un superalimento rico en prote\u00ednas.","og_url":"https:\/\/lavega.gr\/es\/producto\/frutto-de-palma-chontaduro-790g\/","og_site_name":"La Vega","article_modified_time":"2026-04-23T14:17:44+00:00","og_image":[{"width":1000,"height":1000,"url":"https:\/\/lavega.gr\/wp-content\/uploads\/2025\/01\/1737541412388.png","type":"image\/png"}],"twitter_card":"summary_large_image","twitter_misc":{"Tiempo de lectura":"1 minuto"},"schema":{"@context":"https:\/\/schema.org","@graph":[{"@type":"WebPage","@id":"https:\/\/lavega.gr\/es\/producto\/frutto-de-palma-chontaduro-790g\/","url":"https:\/\/lavega.gr\/es\/producto\/frutto-de-palma-chontaduro-790g\/","name":"Chontaduro (790g) | La Vega","isPartOf":{"@id":"https:\/\/lavega.gr\/#website"},"primaryImageOfPage":{"@id":"https:\/\/lavega.gr\/es\/producto\/frutto-de-palma-chontaduro-790g\/#primaryimage"},"image":{"@id":"https:\/\/lavega.gr\/es\/producto\/frutto-de-palma-chontaduro-790g\/#primaryimage"},"thumbnailUrl":"https:\/\/lavega.gr\/wp-content\/uploads\/2025\/01\/1737541412388.png","datePublished":"2025-01-22T10:04:19+00:00","dateModified":"2026-04-23T14:17:44+00:00","description":"El fruto de la palmera colombiana, hervido y conservado en alm\u00edbar. Tiene una textura muy especial, almidonada (que recuerda a las casta\u00f1as o al boniato), y se considera un superalimento rico en prote\u00ednas.","breadcrumb":{"@id":"https:\/\/lavega.gr\/es\/producto\/frutto-de-palma-chontaduro-790g\/#breadcrumb"},"inLanguage":"es","potentialAction":[{"@type":"ReadAction","target":["https:\/\/lavega.gr\/es\/producto\/frutto-de-palma-chontaduro-790g\/"]}]},{"@type":"ImageObject","inLanguage":"es","@id":"https:\/\/lavega.gr\/es\/producto\/frutto-de-palma-chontaduro-790g\/#primaryimage","url":"https:\/\/lavega.gr\/wp-content\/uploads\/2025\/01\/1737541412388.png","contentUrl":"https:\/\/lavega.gr\/wp-content\/uploads\/2025\/01\/1737541412388.png","width":1000,"height":1000},{"@type":"BreadcrumbList","@id":"https:\/\/lavega.gr\/es\/producto\/frutto-de-palma-chontaduro-790g\/#breadcrumb","itemListElement":[{"@type":"ListItem","position":1,"name":"Home","item":"https:\/\/lavega.gr\/es\/"},{"@type":"ListItem","position":2,"name":"Productos","item":"https:\/\/lavega.gr\/es\/tienda\/"},{"@type":"ListItem","position":3,"name":"Chontaduro (790g)"}]},{"@type":"WebSite","@id":"https:\/\/lavega.gr\/#website","url":"https:\/\/lavega.gr\/","name":"La Vega","description":"Productos Latinos","potentialAction":[{"@type":"SearchAction","target":{"@type":"EntryPoint","urlTemplate":"https:\/\/lavega.gr\/?s={search_term_string}"},"query-input":"required name=search_term_string"}],"inLanguage":"es"}]}},"_links":{"self":[{"href":"https:\/\/lavega.gr\/es\/wp-json\/wp\/v2\/product\/5842","targetHints":{"allow":["GET"]}}],"collection":[{"href":"https:\/\/lavega.gr\/es\/wp-json\/wp\/v2\/product"}],"about":[{"href":"https:\/\/lavega.gr\/es\/wp-json\/wp\/v2\/types\/product"}],"wp:featuredmedia":[{"embeddable":true,"href":"https:\/\/lavega.gr\/es\/wp-json\/wp\/v2\/media\/5844"}],"wp:attachment":[{"href":"https:\/\/lavega.gr\/es\/wp-json\/wp\/v2\/media?parent=5842"}],"wp:term":[{"taxonomy":"product_cat","embeddable":true,"href":"https:\/\/lavega.gr\/es\/wp-json\/wp\/v2\/product_cat?post=5842"},{"taxonomy":"product_tag","embeddable":true,"href":"https:\/\/lavega.gr\/es\/wp-json\/wp\/v2\/product_tag?post=5842"}],"curies":[{"name":"wp","href":"https:\/\/api.w.org\/{rel}","templated":true}]}}