{"id":5553,"date":"2024-09-18T15:26:55","date_gmt":"2024-09-18T13:26:55","guid":{"rendered":"https:\/\/lavega.gr\/product\/salsa-china-150ml\/"},"modified":"2026-04-23T16:20:07","modified_gmt":"2026-04-23T14:20:07","slug":"salsa-china-150ml","status":"publish","type":"product","link":"https:\/\/lavega.gr\/es\/producto\/salsa-china-150ml\/","title":{"rendered":"Salsa China (150ml)"},"content":{"rendered":"<p><strong>El &#8220;oscuro&#8221; secreto del Caribe<\/strong><\/p>\n<p><strong>Qu\u00e9 es<\/strong>: La versi\u00f3n latinoamericana de la cl\u00e1sica Salsa de Soja. Se diferencia de los asi\u00e1ticos porque suele ser m\u00e1s espeso, ligeramente m\u00e1s dulce y con una sal m\u00e1s equilibrada, perfectamente adaptada a los gustos de Santo Domingo.<\/p>\n<p><strong>C\u00f3mo usarlo: <\/strong>Es el ingrediente definitivo para dar un color profundo y caramelizado y un rico sabor (umami) a tus carnes (pollo, cerdo, ternera). Adem\u00e1s, es la base del famoso &#8220;Chofan&#8221; (arroz frito) dominicano!<\/p>\n<p><strong>Consejo de La Vega<\/strong>: M\u00e9zclalo con un poco de ajo derretido y un chorrito de jugo de lima para marinar la carne 30 minutos antes de asar. El resultado te dejar\u00e1 boquiabierto!<\/p>\n","protected":false},"excerpt":{"rendered":"<p>El &#8220;oscuro&#8221; secreto del Caribe Qu\u00e9 es: La versi\u00f3n latinoamericana de la cl\u00e1sica Salsa de Soja. Se diferencia de los asi\u00e1ticos porque suele ser m\u00e1s espeso, ligeramente m\u00e1s dulce y con una sal m\u00e1s equilibrada, perfectamente adaptada a los gustos de Santo Domingo. C\u00f3mo usarlo: Es el ingrediente definitivo para dar un color profundo y&#8230;<\/p>\n","protected":false},"featured_media":5509,"template":"","meta":[],"product_cat":[88,130],"product_tag":[],"class_list":{"0":"post-5553","1":"product","2":"type-product","3":"status-publish","4":"has-post-thumbnail","6":"product_cat-ingredientes-autenticos","7":"product_cat-especias-salsas","9":"first","10":"instock","11":"taxable","12":"shipping-taxable","13":"purchasable","14":"product-type-simple"},"yoast_head":"<!-- This site is optimized with the Yoast SEO plugin v22.3 - https:\/\/yoast.com\/wordpress\/plugins\/seo\/ -->\n<title>Salsa China (150ml) | La Vega<\/title>\n<meta name=\"description\" content=\"La versi\u00f3n latinoamericana de la cl\u00e1sica salsa de soja. Se diferencia de los asi\u00e1ticos porque suele ser m\u00e1s espeso, ligeramente m\u00e1s dulce y con una sal m\u00e1s equilibrada, perfectamente adaptada a los gustos de Santo Domingo.\" \/>\n<meta name=\"robots\" content=\"index, follow, max-snippet:-1, max-image-preview:large, max-video-preview:-1\" \/>\n<link rel=\"canonical\" href=\"https:\/\/lavega.gr\/es\/producto\/salsa-china-150ml\/\" \/>\n<meta property=\"og:locale\" content=\"es_ES\" \/>\n<meta property=\"og:type\" content=\"article\" \/>\n<meta property=\"og:title\" content=\"Salsa China (150ml) | La Vega\" \/>\n<meta property=\"og:description\" content=\"La versi\u00f3n latinoamericana de la cl\u00e1sica salsa de soja. Se diferencia de los asi\u00e1ticos porque suele ser m\u00e1s espeso, ligeramente m\u00e1s dulce y con una sal m\u00e1s equilibrada, perfectamente adaptada a los gustos de Santo Domingo.\" \/>\n<meta property=\"og:url\" content=\"https:\/\/lavega.gr\/es\/producto\/salsa-china-150ml\/\" \/>\n<meta property=\"og:site_name\" content=\"La Vega\" \/>\n<meta property=\"article:modified_time\" content=\"2026-04-23T14:20:07+00:00\" \/>\n<meta property=\"og:image\" content=\"https:\/\/lavega.gr\/wp-content\/uploads\/2024\/09\/1726582705835.png\" \/>\n\t<meta property=\"og:image:width\" content=\"1000\" \/>\n\t<meta property=\"og:image:height\" content=\"1000\" \/>\n\t<meta property=\"og:image:type\" content=\"image\/png\" \/>\n<meta name=\"twitter:card\" content=\"summary_large_image\" \/>\n<meta name=\"twitter:label1\" content=\"Tiempo de lectura\" \/>\n\t<meta name=\"twitter:data1\" content=\"1 minuto\" \/>\n<script type=\"application\/ld+json\" class=\"yoast-schema-graph\">{\"@context\":\"https:\/\/schema.org\",\"@graph\":[{\"@type\":\"WebPage\",\"@id\":\"https:\/\/lavega.gr\/es\/producto\/salsa-china-150ml\/\",\"url\":\"https:\/\/lavega.gr\/es\/producto\/salsa-china-150ml\/\",\"name\":\"Salsa China (150ml) | La Vega\",\"isPartOf\":{\"@id\":\"https:\/\/lavega.gr\/#website\"},\"primaryImageOfPage\":{\"@id\":\"https:\/\/lavega.gr\/es\/producto\/salsa-china-150ml\/#primaryimage\"},\"image\":{\"@id\":\"https:\/\/lavega.gr\/es\/producto\/salsa-china-150ml\/#primaryimage\"},\"thumbnailUrl\":\"https:\/\/lavega.gr\/wp-content\/uploads\/2024\/09\/1726582705835.png\",\"datePublished\":\"2024-09-18T13:26:55+00:00\",\"dateModified\":\"2026-04-23T14:20:07+00:00\",\"description\":\"La versi\u00f3n latinoamericana de la cl\u00e1sica salsa de soja. Se diferencia de los asi\u00e1ticos porque suele ser m\u00e1s espeso, ligeramente m\u00e1s dulce y con una sal m\u00e1s equilibrada, perfectamente adaptada a los gustos de Santo Domingo.\",\"breadcrumb\":{\"@id\":\"https:\/\/lavega.gr\/es\/producto\/salsa-china-150ml\/#breadcrumb\"},\"inLanguage\":\"es\",\"potentialAction\":[{\"@type\":\"ReadAction\",\"target\":[\"https:\/\/lavega.gr\/es\/producto\/salsa-china-150ml\/\"]}]},{\"@type\":\"ImageObject\",\"inLanguage\":\"es\",\"@id\":\"https:\/\/lavega.gr\/es\/producto\/salsa-china-150ml\/#primaryimage\",\"url\":\"https:\/\/lavega.gr\/wp-content\/uploads\/2024\/09\/1726582705835.png\",\"contentUrl\":\"https:\/\/lavega.gr\/wp-content\/uploads\/2024\/09\/1726582705835.png\",\"width\":1000,\"height\":1000},{\"@type\":\"BreadcrumbList\",\"@id\":\"https:\/\/lavega.gr\/es\/producto\/salsa-china-150ml\/#breadcrumb\",\"itemListElement\":[{\"@type\":\"ListItem\",\"position\":1,\"name\":\"Home\",\"item\":\"https:\/\/lavega.gr\/es\/\"},{\"@type\":\"ListItem\",\"position\":2,\"name\":\"Productos\",\"item\":\"https:\/\/lavega.gr\/es\/tienda\/\"},{\"@type\":\"ListItem\",\"position\":3,\"name\":\"Salsa China (150ml)\"}]},{\"@type\":\"WebSite\",\"@id\":\"https:\/\/lavega.gr\/#website\",\"url\":\"https:\/\/lavega.gr\/\",\"name\":\"La Vega\",\"description\":\"Productos Latinos\",\"potentialAction\":[{\"@type\":\"SearchAction\",\"target\":{\"@type\":\"EntryPoint\",\"urlTemplate\":\"https:\/\/lavega.gr\/?s={search_term_string}\"},\"query-input\":\"required name=search_term_string\"}],\"inLanguage\":\"es\"}]}<\/script>\n<!-- \/ Yoast SEO plugin. -->","yoast_head_json":{"title":"Salsa China (150ml) | La Vega","description":"La versi\u00f3n latinoamericana de la cl\u00e1sica salsa de soja. Se diferencia de los asi\u00e1ticos porque suele ser m\u00e1s espeso, ligeramente m\u00e1s dulce y con una sal m\u00e1s equilibrada, perfectamente adaptada a los gustos de Santo Domingo.","robots":{"index":"index","follow":"follow","max-snippet":"max-snippet:-1","max-image-preview":"max-image-preview:large","max-video-preview":"max-video-preview:-1"},"canonical":"https:\/\/lavega.gr\/es\/producto\/salsa-china-150ml\/","og_locale":"es_ES","og_type":"article","og_title":"Salsa China (150ml) | La Vega","og_description":"La versi\u00f3n latinoamericana de la cl\u00e1sica salsa de soja. Se diferencia de los asi\u00e1ticos porque suele ser m\u00e1s espeso, ligeramente m\u00e1s dulce y con una sal m\u00e1s equilibrada, perfectamente adaptada a los gustos de Santo Domingo.","og_url":"https:\/\/lavega.gr\/es\/producto\/salsa-china-150ml\/","og_site_name":"La Vega","article_modified_time":"2026-04-23T14:20:07+00:00","og_image":[{"width":1000,"height":1000,"url":"https:\/\/lavega.gr\/wp-content\/uploads\/2024\/09\/1726582705835.png","type":"image\/png"}],"twitter_card":"summary_large_image","twitter_misc":{"Tiempo de lectura":"1 minuto"},"schema":{"@context":"https:\/\/schema.org","@graph":[{"@type":"WebPage","@id":"https:\/\/lavega.gr\/es\/producto\/salsa-china-150ml\/","url":"https:\/\/lavega.gr\/es\/producto\/salsa-china-150ml\/","name":"Salsa China (150ml) | La Vega","isPartOf":{"@id":"https:\/\/lavega.gr\/#website"},"primaryImageOfPage":{"@id":"https:\/\/lavega.gr\/es\/producto\/salsa-china-150ml\/#primaryimage"},"image":{"@id":"https:\/\/lavega.gr\/es\/producto\/salsa-china-150ml\/#primaryimage"},"thumbnailUrl":"https:\/\/lavega.gr\/wp-content\/uploads\/2024\/09\/1726582705835.png","datePublished":"2024-09-18T13:26:55+00:00","dateModified":"2026-04-23T14:20:07+00:00","description":"La versi\u00f3n latinoamericana de la cl\u00e1sica salsa de soja. Se diferencia de los asi\u00e1ticos porque suele ser m\u00e1s espeso, ligeramente m\u00e1s dulce y con una sal m\u00e1s equilibrada, perfectamente adaptada a los gustos de Santo Domingo.","breadcrumb":{"@id":"https:\/\/lavega.gr\/es\/producto\/salsa-china-150ml\/#breadcrumb"},"inLanguage":"es","potentialAction":[{"@type":"ReadAction","target":["https:\/\/lavega.gr\/es\/producto\/salsa-china-150ml\/"]}]},{"@type":"ImageObject","inLanguage":"es","@id":"https:\/\/lavega.gr\/es\/producto\/salsa-china-150ml\/#primaryimage","url":"https:\/\/lavega.gr\/wp-content\/uploads\/2024\/09\/1726582705835.png","contentUrl":"https:\/\/lavega.gr\/wp-content\/uploads\/2024\/09\/1726582705835.png","width":1000,"height":1000},{"@type":"BreadcrumbList","@id":"https:\/\/lavega.gr\/es\/producto\/salsa-china-150ml\/#breadcrumb","itemListElement":[{"@type":"ListItem","position":1,"name":"Home","item":"https:\/\/lavega.gr\/es\/"},{"@type":"ListItem","position":2,"name":"Productos","item":"https:\/\/lavega.gr\/es\/tienda\/"},{"@type":"ListItem","position":3,"name":"Salsa China (150ml)"}]},{"@type":"WebSite","@id":"https:\/\/lavega.gr\/#website","url":"https:\/\/lavega.gr\/","name":"La Vega","description":"Productos Latinos","potentialAction":[{"@type":"SearchAction","target":{"@type":"EntryPoint","urlTemplate":"https:\/\/lavega.gr\/?s={search_term_string}"},"query-input":"required name=search_term_string"}],"inLanguage":"es"}]}},"_links":{"self":[{"href":"https:\/\/lavega.gr\/es\/wp-json\/wp\/v2\/product\/5553","targetHints":{"allow":["GET"]}}],"collection":[{"href":"https:\/\/lavega.gr\/es\/wp-json\/wp\/v2\/product"}],"about":[{"href":"https:\/\/lavega.gr\/es\/wp-json\/wp\/v2\/types\/product"}],"wp:featuredmedia":[{"embeddable":true,"href":"https:\/\/lavega.gr\/es\/wp-json\/wp\/v2\/media\/5509"}],"wp:attachment":[{"href":"https:\/\/lavega.gr\/es\/wp-json\/wp\/v2\/media?parent=5553"}],"wp:term":[{"taxonomy":"product_cat","embeddable":true,"href":"https:\/\/lavega.gr\/es\/wp-json\/wp\/v2\/product_cat?post=5553"},{"taxonomy":"product_tag","embeddable":true,"href":"https:\/\/lavega.gr\/es\/wp-json\/wp\/v2\/product_tag?post=5553"}],"curies":[{"name":"wp","href":"https:\/\/api.w.org\/{rel}","templated":true}]}}