{"id":5548,"date":"2024-09-17T16:52:13","date_gmt":"2024-09-17T14:52:13","guid":{"rendered":"https:\/\/lavega.gr\/product\/jugo-de-mango\/"},"modified":"2025-12-17T15:24:57","modified_gmt":"2025-12-17T13:24:57","slug":"jugo-de-mango","status":"publish","type":"product","link":"https:\/\/lavega.gr\/es\/producto\/jugo-de-mango\/","title":{"rendered":"Zumo de Mango &#8216;Hit Mango&#8217; (237ml)"},"content":{"rendered":"<p>El jugo de mango es un jugo particularmente refrescante con un rico sabor y es una de las frutas tropicales m\u00e1s deliciosas y queridas para consumir. De hecho, en varias regiones se le llama el &#8220;rey de las frutas&#8221;, ya que no solo es sabroso sino tambi\u00e9n extremadamente nutritivo.<\/p>\n<p>Contiene multitud de nutrientes que apoyan el mantenimiento de la salud del organismo, al mismo tiempo que contribuye a la prevenci\u00f3n de estados patol\u00f3gicos. Espec\u00edficamente, los estudios han demostrado que su consumo regular est\u00e1 asociado con una mejor salud inmunol\u00f3gica, una mejor salud digestiva y visi\u00f3n, cabello y piel saludables, \u00a1as\u00ed como una mayor protecci\u00f3n antioxidante!<\/p>\n<p>\u00a1Servido fr\u00edo!<\/p>\n","protected":false},"excerpt":{"rendered":"<p>El jugo de mango es un jugo particularmente refrescante con un rico sabor y es una de las frutas tropicales m\u00e1s deliciosas y queridas para consumir. De hecho, en varias regiones se le llama el &#8220;rey de las frutas&#8221;, ya que no solo es sabroso sino tambi\u00e9n extremadamente nutritivo. Contiene multitud de nutrientes que apoyan&#8230;<\/p>\n","protected":false},"featured_media":5517,"template":"","meta":[],"product_cat":[94,122,89],"product_tag":[],"class_list":{"0":"post-5548","1":"product","2":"type-product","3":"status-publish","4":"has-post-thumbnail","6":"product_cat-bebidas-es-2","7":"product_cat-refrescos-jugos","8":"product_cat-bebidas","10":"first","11":"instock","12":"taxable","13":"shipping-taxable","14":"purchasable","15":"product-type-simple"},"yoast_head":"<!-- This site is optimized with the Yoast SEO plugin v22.3 - https:\/\/yoast.com\/wordpress\/plugins\/seo\/ -->\n<title>Zumo de Mango &#039;Hit Mango&#039; (237ml) | La Vega<\/title>\n<meta name=\"description\" content=\"\u00a1Un jugo de mango particularmente refrescante con un rico sabor! Se le llama el &quot;rey de las frutas&quot;, ya que no solo es sabroso sino tambi\u00e9n extremadamente nutritivo.\" \/>\n<meta name=\"robots\" content=\"index, follow, max-snippet:-1, max-image-preview:large, max-video-preview:-1\" \/>\n<link rel=\"canonical\" href=\"https:\/\/lavega.gr\/producto\/\u03c7\u03cd\u03bc\u03bf\u03c2-\u03bc\u03ac\u03bd\u03b3\u03ba\u03bf\/\" \/>\n<meta property=\"og:locale\" content=\"es_ES\" \/>\n<meta property=\"og:type\" content=\"article\" \/>\n<meta property=\"og:title\" content=\"Zumo de Mango &#039;Hit Mango&#039; (237ml) | La Vega\" \/>\n<meta property=\"og:description\" content=\"\u00a1Un jugo de mango particularmente refrescante con un rico sabor! Se le llama el &quot;rey de las frutas&quot;, ya que no solo es sabroso sino tambi\u00e9n extremadamente nutritivo.\" \/>\n<meta property=\"og:url\" content=\"https:\/\/lavega.gr\/producto\/\u03c7\u03cd\u03bc\u03bf\u03c2-\u03bc\u03ac\u03bd\u03b3\u03ba\u03bf\/\" \/>\n<meta property=\"og:site_name\" content=\"La Vega\" \/>\n<meta property=\"article:modified_time\" content=\"2025-12-17T13:24:57+00:00\" \/>\n<meta property=\"og:image\" content=\"https:\/\/lavega.gr\/wp-content\/uploads\/2024\/09\/1726582705798.png\" \/>\n\t<meta property=\"og:image:width\" content=\"1000\" \/>\n\t<meta property=\"og:image:height\" content=\"1000\" \/>\n\t<meta property=\"og:image:type\" content=\"image\/png\" \/>\n<meta name=\"twitter:card\" content=\"summary_large_image\" \/>\n<meta name=\"twitter:label1\" content=\"Tiempo de lectura\" \/>\n\t<meta name=\"twitter:data1\" content=\"1 minuto\" \/>\n<script type=\"application\/ld+json\" class=\"yoast-schema-graph\">{\"@context\":\"https:\/\/schema.org\",\"@graph\":[{\"@type\":\"WebPage\",\"@id\":\"https:\/\/lavega.gr\/producto\/%cf%87%cf%8d%ce%bc%ce%bf%cf%82-%ce%bc%ce%ac%ce%bd%ce%b3%ce%ba%ce%bf\/\",\"url\":\"https:\/\/lavega.gr\/producto\/%cf%87%cf%8d%ce%bc%ce%bf%cf%82-%ce%bc%ce%ac%ce%bd%ce%b3%ce%ba%ce%bf\/\",\"name\":\"Zumo de Mango 'Hit Mango' (237ml) | La Vega\",\"isPartOf\":{\"@id\":\"https:\/\/lavega.gr\/#website\"},\"primaryImageOfPage\":{\"@id\":\"https:\/\/lavega.gr\/producto\/%cf%87%cf%8d%ce%bc%ce%bf%cf%82-%ce%bc%ce%ac%ce%bd%ce%b3%ce%ba%ce%bf\/#primaryimage\"},\"image\":{\"@id\":\"https:\/\/lavega.gr\/producto\/%cf%87%cf%8d%ce%bc%ce%bf%cf%82-%ce%bc%ce%ac%ce%bd%ce%b3%ce%ba%ce%bf\/#primaryimage\"},\"thumbnailUrl\":\"https:\/\/lavega.gr\/wp-content\/uploads\/2024\/09\/1726582705798.png\",\"datePublished\":\"2024-09-17T14:52:13+00:00\",\"dateModified\":\"2025-12-17T13:24:57+00:00\",\"description\":\"\u00a1Un jugo de mango particularmente refrescante con un rico sabor! Se le llama el \\\"rey de las frutas\\\", ya que no solo es sabroso sino tambi\u00e9n extremadamente nutritivo.\",\"breadcrumb\":{\"@id\":\"https:\/\/lavega.gr\/producto\/%cf%87%cf%8d%ce%bc%ce%bf%cf%82-%ce%bc%ce%ac%ce%bd%ce%b3%ce%ba%ce%bf\/#breadcrumb\"},\"inLanguage\":\"es\",\"potentialAction\":[{\"@type\":\"ReadAction\",\"target\":[\"https:\/\/lavega.gr\/producto\/%cf%87%cf%8d%ce%bc%ce%bf%cf%82-%ce%bc%ce%ac%ce%bd%ce%b3%ce%ba%ce%bf\/\"]}]},{\"@type\":\"ImageObject\",\"inLanguage\":\"es\",\"@id\":\"https:\/\/lavega.gr\/producto\/%cf%87%cf%8d%ce%bc%ce%bf%cf%82-%ce%bc%ce%ac%ce%bd%ce%b3%ce%ba%ce%bf\/#primaryimage\",\"url\":\"https:\/\/lavega.gr\/wp-content\/uploads\/2024\/09\/1726582705798.png\",\"contentUrl\":\"https:\/\/lavega.gr\/wp-content\/uploads\/2024\/09\/1726582705798.png\",\"width\":1000,\"height\":1000},{\"@type\":\"BreadcrumbList\",\"@id\":\"https:\/\/lavega.gr\/producto\/%cf%87%cf%8d%ce%bc%ce%bf%cf%82-%ce%bc%ce%ac%ce%bd%ce%b3%ce%ba%ce%bf\/#breadcrumb\",\"itemListElement\":[{\"@type\":\"ListItem\",\"position\":1,\"name\":\"Home\",\"item\":\"https:\/\/lavega.gr\/es\/\"},{\"@type\":\"ListItem\",\"position\":2,\"name\":\"Productos\",\"item\":\"https:\/\/lavega.gr\/es\/tienda\/\"},{\"@type\":\"ListItem\",\"position\":3,\"name\":\"Zumo de Mango &#8216;Hit Mango&#8217; (237ml)\"}]},{\"@type\":\"WebSite\",\"@id\":\"https:\/\/lavega.gr\/#website\",\"url\":\"https:\/\/lavega.gr\/\",\"name\":\"La Vega\",\"description\":\"Productos Latinos\",\"potentialAction\":[{\"@type\":\"SearchAction\",\"target\":{\"@type\":\"EntryPoint\",\"urlTemplate\":\"https:\/\/lavega.gr\/?s={search_term_string}\"},\"query-input\":\"required name=search_term_string\"}],\"inLanguage\":\"es\"}]}<\/script>\n<!-- \/ Yoast SEO plugin. -->","yoast_head_json":{"title":"Zumo de Mango 'Hit Mango' (237ml) | La Vega","description":"\u00a1Un jugo de mango particularmente refrescante con un rico sabor! Se le llama el \"rey de las frutas\", ya que no solo es sabroso sino tambi\u00e9n extremadamente nutritivo.","robots":{"index":"index","follow":"follow","max-snippet":"max-snippet:-1","max-image-preview":"max-image-preview:large","max-video-preview":"max-video-preview:-1"},"canonical":"https:\/\/lavega.gr\/producto\/\u03c7\u03cd\u03bc\u03bf\u03c2-\u03bc\u03ac\u03bd\u03b3\u03ba\u03bf\/","og_locale":"es_ES","og_type":"article","og_title":"Zumo de Mango 'Hit Mango' (237ml) | La Vega","og_description":"\u00a1Un jugo de mango particularmente refrescante con un rico sabor! Se le llama el \"rey de las frutas\", ya que no solo es sabroso sino tambi\u00e9n extremadamente nutritivo.","og_url":"https:\/\/lavega.gr\/producto\/\u03c7\u03cd\u03bc\u03bf\u03c2-\u03bc\u03ac\u03bd\u03b3\u03ba\u03bf\/","og_site_name":"La Vega","article_modified_time":"2025-12-17T13:24:57+00:00","og_image":[{"width":1000,"height":1000,"url":"https:\/\/lavega.gr\/wp-content\/uploads\/2024\/09\/1726582705798.png","type":"image\/png"}],"twitter_card":"summary_large_image","twitter_misc":{"Tiempo de lectura":"1 minuto"},"schema":{"@context":"https:\/\/schema.org","@graph":[{"@type":"WebPage","@id":"https:\/\/lavega.gr\/producto\/%cf%87%cf%8d%ce%bc%ce%bf%cf%82-%ce%bc%ce%ac%ce%bd%ce%b3%ce%ba%ce%bf\/","url":"https:\/\/lavega.gr\/producto\/%cf%87%cf%8d%ce%bc%ce%bf%cf%82-%ce%bc%ce%ac%ce%bd%ce%b3%ce%ba%ce%bf\/","name":"Zumo de Mango 'Hit Mango' (237ml) | La Vega","isPartOf":{"@id":"https:\/\/lavega.gr\/#website"},"primaryImageOfPage":{"@id":"https:\/\/lavega.gr\/producto\/%cf%87%cf%8d%ce%bc%ce%bf%cf%82-%ce%bc%ce%ac%ce%bd%ce%b3%ce%ba%ce%bf\/#primaryimage"},"image":{"@id":"https:\/\/lavega.gr\/producto\/%cf%87%cf%8d%ce%bc%ce%bf%cf%82-%ce%bc%ce%ac%ce%bd%ce%b3%ce%ba%ce%bf\/#primaryimage"},"thumbnailUrl":"https:\/\/lavega.gr\/wp-content\/uploads\/2024\/09\/1726582705798.png","datePublished":"2024-09-17T14:52:13+00:00","dateModified":"2025-12-17T13:24:57+00:00","description":"\u00a1Un jugo de mango particularmente refrescante con un rico sabor! Se le llama el \"rey de las frutas\", ya que no solo es sabroso sino tambi\u00e9n extremadamente nutritivo.","breadcrumb":{"@id":"https:\/\/lavega.gr\/producto\/%cf%87%cf%8d%ce%bc%ce%bf%cf%82-%ce%bc%ce%ac%ce%bd%ce%b3%ce%ba%ce%bf\/#breadcrumb"},"inLanguage":"es","potentialAction":[{"@type":"ReadAction","target":["https:\/\/lavega.gr\/producto\/%cf%87%cf%8d%ce%bc%ce%bf%cf%82-%ce%bc%ce%ac%ce%bd%ce%b3%ce%ba%ce%bf\/"]}]},{"@type":"ImageObject","inLanguage":"es","@id":"https:\/\/lavega.gr\/producto\/%cf%87%cf%8d%ce%bc%ce%bf%cf%82-%ce%bc%ce%ac%ce%bd%ce%b3%ce%ba%ce%bf\/#primaryimage","url":"https:\/\/lavega.gr\/wp-content\/uploads\/2024\/09\/1726582705798.png","contentUrl":"https:\/\/lavega.gr\/wp-content\/uploads\/2024\/09\/1726582705798.png","width":1000,"height":1000},{"@type":"BreadcrumbList","@id":"https:\/\/lavega.gr\/producto\/%cf%87%cf%8d%ce%bc%ce%bf%cf%82-%ce%bc%ce%ac%ce%bd%ce%b3%ce%ba%ce%bf\/#breadcrumb","itemListElement":[{"@type":"ListItem","position":1,"name":"Home","item":"https:\/\/lavega.gr\/es\/"},{"@type":"ListItem","position":2,"name":"Productos","item":"https:\/\/lavega.gr\/es\/tienda\/"},{"@type":"ListItem","position":3,"name":"Zumo de Mango &#8216;Hit Mango&#8217; (237ml)"}]},{"@type":"WebSite","@id":"https:\/\/lavega.gr\/#website","url":"https:\/\/lavega.gr\/","name":"La Vega","description":"Productos Latinos","potentialAction":[{"@type":"SearchAction","target":{"@type":"EntryPoint","urlTemplate":"https:\/\/lavega.gr\/?s={search_term_string}"},"query-input":"required name=search_term_string"}],"inLanguage":"es"}]}},"_links":{"self":[{"href":"https:\/\/lavega.gr\/es\/wp-json\/wp\/v2\/product\/5548","targetHints":{"allow":["GET"]}}],"collection":[{"href":"https:\/\/lavega.gr\/es\/wp-json\/wp\/v2\/product"}],"about":[{"href":"https:\/\/lavega.gr\/es\/wp-json\/wp\/v2\/types\/product"}],"wp:featuredmedia":[{"embeddable":true,"href":"https:\/\/lavega.gr\/es\/wp-json\/wp\/v2\/media\/5517"}],"wp:attachment":[{"href":"https:\/\/lavega.gr\/es\/wp-json\/wp\/v2\/media?parent=5548"}],"wp:term":[{"taxonomy":"product_cat","embeddable":true,"href":"https:\/\/lavega.gr\/es\/wp-json\/wp\/v2\/product_cat?post=5548"},{"taxonomy":"product_tag","embeddable":true,"href":"https:\/\/lavega.gr\/es\/wp-json\/wp\/v2\/product_tag?post=5548"}],"curies":[{"name":"wp","href":"https:\/\/api.w.org\/{rel}","templated":true}]}}