{"id":5380,"date":"2024-07-06T12:24:46","date_gmt":"2024-07-06T10:24:46","guid":{"rendered":"https:\/\/lavega.gr\/?post_type=product&#038;p=5380"},"modified":"2026-04-23T16:26:25","modified_gmt":"2026-04-23T14:26:25","slug":"alfachor-con-caramelo-de-leche-y-cobertura-de-chocolate-blanco-y-negro-havanna-306g","status":"publish","type":"product","link":"https:\/\/lavega.gr\/es\/producto\/alfachor-con-caramelo-de-leche-y-cobertura-de-chocolate-blanco-y-negro-havanna-306g\/","title":{"rendered":"Alfajor con caramelo de leche y cobertura de chocolate blanco y negro \u2018Havanna\u2019 (306 g)"},"content":{"rendered":"<p><strong>Qu\u00e9 son<\/strong>: Los alfajores son las galletas &#8220;reales&#8221; de Latinoam\u00e9rica. Son dos galletas suaves y esponjosas que se deshacen en la boca, unidas por una rica capa de dulce de leche y a menudo espolvoreadas con coco rallado o az\u00facar glas. <\/p>\n<p><b data-path-to-node=\"15\" data-index-in-node=\"258\">Consejo de La Vega<\/b>: El acompa\u00f1amiento perfecto para tu caf\u00e9 de la tarde o para el tradicional mate. Advertencia: \u00a1Es imposible comer solo uno! <\/p>\n","protected":false},"excerpt":{"rendered":"<p>Qu\u00e9 son: Los alfajores son las galletas &#8220;reales&#8221; de Latinoam\u00e9rica. Son dos galletas suaves y esponjosas que se deshacen en la boca, unidas por una rica capa de dulce de leche y a menudo espolvoreadas con coco rallado o az\u00facar glas. Consejo de La Vega: El acompa\u00f1amiento perfecto para tu caf\u00e9 de la tarde o&#8230;<\/p>\n","protected":false},"featured_media":5390,"template":"","meta":[],"product_cat":[88,127,98],"product_tag":[],"class_list":{"0":"post-5380","1":"product","2":"type-product","3":"status-publish","4":"has-post-thumbnail","6":"product_cat-ingredientes-autenticos-cocinar","7":"product_cat-dulces-mermeladas","8":"product_cat-depende-la-situacion","10":"first","11":"outofstock","12":"taxable","13":"shipping-taxable","14":"purchasable","15":"product-type-simple"},"yoast_head":"<!-- This site is optimized with the Yoast SEO plugin v22.3 - https:\/\/yoast.com\/wordpress\/plugins\/seo\/ -->\n<title>Alfajor con caramelo de leche y cobertura de chocolate blanco y negro \u2018Havanna\u2019 (306 g) | La Vega<\/title>\n<meta name=\"description\" content=\"Los alfajores son las galletas &quot;reales&quot; de Latinoam\u00e9rica. Son dos galletas suaves y esponjosas que se deshacen en la boca, unidas por una rica capa de dulce de leche y a menudo espolvoreadas con coco rallado o az\u00facar glas.\" \/>\n<meta name=\"robots\" content=\"index, follow, max-snippet:-1, max-image-preview:large, max-video-preview:-1\" \/>\n<link rel=\"canonical\" href=\"https:\/\/lavega.gr\/es\/producto\/alfachor-con-caramelo-de-leche-y-cobertura-de-chocolate-blanco-y-negro-havanna-306g\/\" \/>\n<meta property=\"og:locale\" content=\"es_ES\" \/>\n<meta property=\"og:type\" content=\"article\" \/>\n<meta property=\"og:title\" content=\"Alfajor con caramelo de leche y cobertura de chocolate blanco y negro \u2018Havanna\u2019 (306 g) | La Vega\" \/>\n<meta property=\"og:description\" content=\"Los alfajores son las galletas &quot;reales&quot; de Latinoam\u00e9rica. Son dos galletas suaves y esponjosas que se deshacen en la boca, unidas por una rica capa de dulce de leche y a menudo espolvoreadas con coco rallado o az\u00facar glas.\" \/>\n<meta property=\"og:url\" content=\"https:\/\/lavega.gr\/es\/producto\/alfachor-con-caramelo-de-leche-y-cobertura-de-chocolate-blanco-y-negro-havanna-306g\/\" \/>\n<meta property=\"og:site_name\" content=\"La Vega\" \/>\n<meta property=\"article:modified_time\" content=\"2026-04-23T14:26:25+00:00\" \/>\n<meta property=\"og:image\" content=\"https:\/\/lavega.gr\/wp-content\/uploads\/2024\/07\/Alfajores-Havanna.png\" \/>\n\t<meta property=\"og:image:width\" content=\"1000\" \/>\n\t<meta property=\"og:image:height\" content=\"1000\" \/>\n\t<meta property=\"og:image:type\" content=\"image\/png\" \/>\n<meta name=\"twitter:card\" content=\"summary_large_image\" \/>\n<meta name=\"twitter:label1\" content=\"Tiempo de lectura\" \/>\n\t<meta name=\"twitter:data1\" content=\"1 minuto\" \/>\n<script type=\"application\/ld+json\" class=\"yoast-schema-graph\">{\"@context\":\"https:\/\/schema.org\",\"@graph\":[{\"@type\":\"WebPage\",\"@id\":\"https:\/\/lavega.gr\/es\/producto\/alfachor-con-caramelo-de-leche-y-cobertura-de-chocolate-blanco-y-negro-havanna-306g\/\",\"url\":\"https:\/\/lavega.gr\/es\/producto\/alfachor-con-caramelo-de-leche-y-cobertura-de-chocolate-blanco-y-negro-havanna-306g\/\",\"name\":\"Alfajor con caramelo de leche y cobertura de chocolate blanco y negro \u2018Havanna\u2019 (306 g) | La Vega\",\"isPartOf\":{\"@id\":\"https:\/\/lavega.gr\/#website\"},\"primaryImageOfPage\":{\"@id\":\"https:\/\/lavega.gr\/es\/producto\/alfachor-con-caramelo-de-leche-y-cobertura-de-chocolate-blanco-y-negro-havanna-306g\/#primaryimage\"},\"image\":{\"@id\":\"https:\/\/lavega.gr\/es\/producto\/alfachor-con-caramelo-de-leche-y-cobertura-de-chocolate-blanco-y-negro-havanna-306g\/#primaryimage\"},\"thumbnailUrl\":\"https:\/\/lavega.gr\/wp-content\/uploads\/2024\/07\/Alfajores-Havanna.png\",\"datePublished\":\"2024-07-06T10:24:46+00:00\",\"dateModified\":\"2026-04-23T14:26:25+00:00\",\"description\":\"Los alfajores son las galletas \\\"reales\\\" de Latinoam\u00e9rica. Son dos galletas suaves y esponjosas que se deshacen en la boca, unidas por una rica capa de dulce de leche y a menudo espolvoreadas con coco rallado o az\u00facar glas.\",\"breadcrumb\":{\"@id\":\"https:\/\/lavega.gr\/es\/producto\/alfachor-con-caramelo-de-leche-y-cobertura-de-chocolate-blanco-y-negro-havanna-306g\/#breadcrumb\"},\"inLanguage\":\"es\",\"potentialAction\":[{\"@type\":\"ReadAction\",\"target\":[\"https:\/\/lavega.gr\/es\/producto\/alfachor-con-caramelo-de-leche-y-cobertura-de-chocolate-blanco-y-negro-havanna-306g\/\"]}]},{\"@type\":\"ImageObject\",\"inLanguage\":\"es\",\"@id\":\"https:\/\/lavega.gr\/es\/producto\/alfachor-con-caramelo-de-leche-y-cobertura-de-chocolate-blanco-y-negro-havanna-306g\/#primaryimage\",\"url\":\"https:\/\/lavega.gr\/wp-content\/uploads\/2024\/07\/Alfajores-Havanna.png\",\"contentUrl\":\"https:\/\/lavega.gr\/wp-content\/uploads\/2024\/07\/Alfajores-Havanna.png\",\"width\":1000,\"height\":1000},{\"@type\":\"BreadcrumbList\",\"@id\":\"https:\/\/lavega.gr\/es\/producto\/alfachor-con-caramelo-de-leche-y-cobertura-de-chocolate-blanco-y-negro-havanna-306g\/#breadcrumb\",\"itemListElement\":[{\"@type\":\"ListItem\",\"position\":1,\"name\":\"Home\",\"item\":\"https:\/\/lavega.gr\/es\/\"},{\"@type\":\"ListItem\",\"position\":2,\"name\":\"Productos\",\"item\":\"https:\/\/lavega.gr\/es\/tienda\/\"},{\"@type\":\"ListItem\",\"position\":3,\"name\":\"Alfajor con caramelo de leche y cobertura de chocolate blanco y negro \u2018Havanna\u2019 (306 g)\"}]},{\"@type\":\"WebSite\",\"@id\":\"https:\/\/lavega.gr\/#website\",\"url\":\"https:\/\/lavega.gr\/\",\"name\":\"La Vega\",\"description\":\"Productos Latinos\",\"potentialAction\":[{\"@type\":\"SearchAction\",\"target\":{\"@type\":\"EntryPoint\",\"urlTemplate\":\"https:\/\/lavega.gr\/?s={search_term_string}\"},\"query-input\":\"required name=search_term_string\"}],\"inLanguage\":\"es\"}]}<\/script>\n<!-- \/ Yoast SEO plugin. -->","yoast_head_json":{"title":"Alfajor con caramelo de leche y cobertura de chocolate blanco y negro \u2018Havanna\u2019 (306 g) | La Vega","description":"Los alfajores son las galletas \"reales\" de Latinoam\u00e9rica. Son dos galletas suaves y esponjosas que se deshacen en la boca, unidas por una rica capa de dulce de leche y a menudo espolvoreadas con coco rallado o az\u00facar glas.","robots":{"index":"index","follow":"follow","max-snippet":"max-snippet:-1","max-image-preview":"max-image-preview:large","max-video-preview":"max-video-preview:-1"},"canonical":"https:\/\/lavega.gr\/es\/producto\/alfachor-con-caramelo-de-leche-y-cobertura-de-chocolate-blanco-y-negro-havanna-306g\/","og_locale":"es_ES","og_type":"article","og_title":"Alfajor con caramelo de leche y cobertura de chocolate blanco y negro \u2018Havanna\u2019 (306 g) | La Vega","og_description":"Los alfajores son las galletas \"reales\" de Latinoam\u00e9rica. Son dos galletas suaves y esponjosas que se deshacen en la boca, unidas por una rica capa de dulce de leche y a menudo espolvoreadas con coco rallado o az\u00facar glas.","og_url":"https:\/\/lavega.gr\/es\/producto\/alfachor-con-caramelo-de-leche-y-cobertura-de-chocolate-blanco-y-negro-havanna-306g\/","og_site_name":"La Vega","article_modified_time":"2026-04-23T14:26:25+00:00","og_image":[{"width":1000,"height":1000,"url":"https:\/\/lavega.gr\/wp-content\/uploads\/2024\/07\/Alfajores-Havanna.png","type":"image\/png"}],"twitter_card":"summary_large_image","twitter_misc":{"Tiempo de lectura":"1 minuto"},"schema":{"@context":"https:\/\/schema.org","@graph":[{"@type":"WebPage","@id":"https:\/\/lavega.gr\/es\/producto\/alfachor-con-caramelo-de-leche-y-cobertura-de-chocolate-blanco-y-negro-havanna-306g\/","url":"https:\/\/lavega.gr\/es\/producto\/alfachor-con-caramelo-de-leche-y-cobertura-de-chocolate-blanco-y-negro-havanna-306g\/","name":"Alfajor con caramelo de leche y cobertura de chocolate blanco y negro \u2018Havanna\u2019 (306 g) | La Vega","isPartOf":{"@id":"https:\/\/lavega.gr\/#website"},"primaryImageOfPage":{"@id":"https:\/\/lavega.gr\/es\/producto\/alfachor-con-caramelo-de-leche-y-cobertura-de-chocolate-blanco-y-negro-havanna-306g\/#primaryimage"},"image":{"@id":"https:\/\/lavega.gr\/es\/producto\/alfachor-con-caramelo-de-leche-y-cobertura-de-chocolate-blanco-y-negro-havanna-306g\/#primaryimage"},"thumbnailUrl":"https:\/\/lavega.gr\/wp-content\/uploads\/2024\/07\/Alfajores-Havanna.png","datePublished":"2024-07-06T10:24:46+00:00","dateModified":"2026-04-23T14:26:25+00:00","description":"Los alfajores son las galletas \"reales\" de Latinoam\u00e9rica. Son dos galletas suaves y esponjosas que se deshacen en la boca, unidas por una rica capa de dulce de leche y a menudo espolvoreadas con coco rallado o az\u00facar glas.","breadcrumb":{"@id":"https:\/\/lavega.gr\/es\/producto\/alfachor-con-caramelo-de-leche-y-cobertura-de-chocolate-blanco-y-negro-havanna-306g\/#breadcrumb"},"inLanguage":"es","potentialAction":[{"@type":"ReadAction","target":["https:\/\/lavega.gr\/es\/producto\/alfachor-con-caramelo-de-leche-y-cobertura-de-chocolate-blanco-y-negro-havanna-306g\/"]}]},{"@type":"ImageObject","inLanguage":"es","@id":"https:\/\/lavega.gr\/es\/producto\/alfachor-con-caramelo-de-leche-y-cobertura-de-chocolate-blanco-y-negro-havanna-306g\/#primaryimage","url":"https:\/\/lavega.gr\/wp-content\/uploads\/2024\/07\/Alfajores-Havanna.png","contentUrl":"https:\/\/lavega.gr\/wp-content\/uploads\/2024\/07\/Alfajores-Havanna.png","width":1000,"height":1000},{"@type":"BreadcrumbList","@id":"https:\/\/lavega.gr\/es\/producto\/alfachor-con-caramelo-de-leche-y-cobertura-de-chocolate-blanco-y-negro-havanna-306g\/#breadcrumb","itemListElement":[{"@type":"ListItem","position":1,"name":"Home","item":"https:\/\/lavega.gr\/es\/"},{"@type":"ListItem","position":2,"name":"Productos","item":"https:\/\/lavega.gr\/es\/tienda\/"},{"@type":"ListItem","position":3,"name":"Alfajor con caramelo de leche y cobertura de chocolate blanco y negro \u2018Havanna\u2019 (306 g)"}]},{"@type":"WebSite","@id":"https:\/\/lavega.gr\/#website","url":"https:\/\/lavega.gr\/","name":"La Vega","description":"Productos Latinos","potentialAction":[{"@type":"SearchAction","target":{"@type":"EntryPoint","urlTemplate":"https:\/\/lavega.gr\/?s={search_term_string}"},"query-input":"required name=search_term_string"}],"inLanguage":"es"}]}},"_links":{"self":[{"href":"https:\/\/lavega.gr\/es\/wp-json\/wp\/v2\/product\/5380","targetHints":{"allow":["GET"]}}],"collection":[{"href":"https:\/\/lavega.gr\/es\/wp-json\/wp\/v2\/product"}],"about":[{"href":"https:\/\/lavega.gr\/es\/wp-json\/wp\/v2\/types\/product"}],"wp:featuredmedia":[{"embeddable":true,"href":"https:\/\/lavega.gr\/es\/wp-json\/wp\/v2\/media\/5390"}],"wp:attachment":[{"href":"https:\/\/lavega.gr\/es\/wp-json\/wp\/v2\/media?parent=5380"}],"wp:term":[{"taxonomy":"product_cat","embeddable":true,"href":"https:\/\/lavega.gr\/es\/wp-json\/wp\/v2\/product_cat?post=5380"},{"taxonomy":"product_tag","embeddable":true,"href":"https:\/\/lavega.gr\/es\/wp-json\/wp\/v2\/product_tag?post=5380"}],"curies":[{"name":"wp","href":"https:\/\/api.w.org\/{rel}","templated":true}]}}