{"id":5376,"date":"2024-07-06T10:29:45","date_gmt":"2024-07-06T08:29:45","guid":{"rendered":"https:\/\/lavega.gr\/?post_type=product&#038;p=5376"},"modified":"2025-08-20T09:27:08","modified_gmt":"2025-08-20T07:27:08","slug":"jugo-de-lulo-hit-237ml","status":"publish","type":"product","link":"https:\/\/lavega.gr\/es\/producto\/jugo-de-lulo-hit-237ml\/","title":{"rendered":"Jugo de Lulo &#8216;Hit Lulo&#8217; (237ml)"},"content":{"rendered":"<p>El jugo de lulo es el fruto de un arbusto caribe\u00f1o (familia Solanaceae \u2013 Nombre bot\u00e1nico: Solanum quitoense), de grandes hojas verdes. \u00a1El n\u00e9ctar verde tenue natural tiene un incre\u00edble sabor a pi\u00f1a y fresa! Los latinos tambi\u00e9n la llaman &#8220;naranjilla&#8221;, o naranja peque\u00f1a.  <\/p>\n<p>\u00a1Este jugo en particular nos llega desde Colombia y es una de las bebidas m\u00e1s refrescantes que puedes probar!<br \/>\n\u00a1Su sabor afrutado y ex\u00f3tico har\u00e1 que quieras disfrutarlo en cualquier momento del d\u00eda!<\/p>\n<p>\u00a1Servido fr\u00edo!<\/p>\n<p><em><strong>Ingredientes<\/strong><\/em>: agua, az\u00facar, zumo de frutas concentrado, zumo de pera, aromas, colorantes<\/p>\n<p>Por 100ml<\/p>\n<p>Calor\u00edas: 42kcal<br \/>\nGrasa: 0g<br \/>\nCarbohidratos: 11g<br \/>\nAz\u00facar: 8,9g<br \/>\nProte\u00ednas: 0g<\/p>\n<p>Pa\u00eds de origen: Colombia<br \/>\nPeso neto: 237ml<\/p>\n","protected":false},"excerpt":{"rendered":"<p>El jugo de lulo es el fruto de un arbusto caribe\u00f1o (familia Solanaceae \u2013 Nombre bot\u00e1nico: Solanum quitoense), de grandes hojas verdes. \u00a1El n\u00e9ctar verde tenue natural tiene un incre\u00edble sabor a pi\u00f1a y fresa! Los latinos tambi\u00e9n la llaman &#8220;naranjilla&#8221;, o naranja peque\u00f1a. \u00a1Este jugo en particular nos llega desde Colombia y es una&#8230;<\/p>\n","protected":false},"featured_media":5362,"template":"","meta":[],"product_cat":[94,122,89],"product_tag":[],"class_list":{"0":"post-5376","1":"product","2":"type-product","3":"status-publish","4":"has-post-thumbnail","6":"product_cat-bebidas-es-2","7":"product_cat-refrescos-jugos","8":"product_cat-bebidas","10":"first","11":"instock","12":"taxable","13":"shipping-taxable","14":"purchasable","15":"product-type-simple"},"yoast_head":"<!-- This site is optimized with the Yoast SEO plugin v22.3 - https:\/\/yoast.com\/wordpress\/plugins\/seo\/ -->\n<title>Jugo de Lulo &#039;Hit Lulo&#039; (237ml) | La Vega<\/title>\n<meta name=\"description\" content=\"\u00a1El jugo de lulo, del fruto de un arbusto tropical del Caribe, es una de las bebidas m\u00e1s refrescantes que podr\u00e1s probar! \u00a1Nos llega desde Colombia!\" \/>\n<meta name=\"robots\" content=\"index, follow, max-snippet:-1, max-image-preview:large, max-video-preview:-1\" \/>\n<link rel=\"canonical\" href=\"https:\/\/lavega.gr\/es\/producto\/jugo-de-lulo-hit-237ml\/\" \/>\n<meta property=\"og:locale\" content=\"es_ES\" \/>\n<meta property=\"og:type\" content=\"article\" \/>\n<meta property=\"og:title\" content=\"Jugo de Lulo &#039;Hit Lulo&#039; (237ml) | La Vega\" \/>\n<meta property=\"og:description\" content=\"\u00a1El jugo de lulo, del fruto de un arbusto tropical del Caribe, es una de las bebidas m\u00e1s refrescantes que podr\u00e1s probar! \u00a1Nos llega desde Colombia!\" \/>\n<meta property=\"og:url\" content=\"https:\/\/lavega.gr\/es\/producto\/jugo-de-lulo-hit-237ml\/\" \/>\n<meta property=\"og:site_name\" content=\"La Vega\" \/>\n<meta property=\"article:modified_time\" content=\"2025-08-20T07:27:08+00:00\" \/>\n<meta property=\"og:image\" content=\"https:\/\/lavega.gr\/wp-content\/uploads\/2024\/07\/Hit-Lulo.png\" \/>\n\t<meta property=\"og:image:width\" content=\"1000\" \/>\n\t<meta property=\"og:image:height\" content=\"1000\" \/>\n\t<meta property=\"og:image:type\" content=\"image\/png\" \/>\n<meta name=\"twitter:card\" content=\"summary_large_image\" \/>\n<meta name=\"twitter:label1\" content=\"Tiempo de lectura\" \/>\n\t<meta name=\"twitter:data1\" content=\"1 minuto\" \/>\n<script type=\"application\/ld+json\" class=\"yoast-schema-graph\">{\"@context\":\"https:\/\/schema.org\",\"@graph\":[{\"@type\":\"WebPage\",\"@id\":\"https:\/\/lavega.gr\/es\/producto\/jugo-de-lulo-hit-237ml\/\",\"url\":\"https:\/\/lavega.gr\/es\/producto\/jugo-de-lulo-hit-237ml\/\",\"name\":\"Jugo de Lulo 'Hit Lulo' (237ml) | La Vega\",\"isPartOf\":{\"@id\":\"https:\/\/lavega.gr\/#website\"},\"primaryImageOfPage\":{\"@id\":\"https:\/\/lavega.gr\/es\/producto\/jugo-de-lulo-hit-237ml\/#primaryimage\"},\"image\":{\"@id\":\"https:\/\/lavega.gr\/es\/producto\/jugo-de-lulo-hit-237ml\/#primaryimage\"},\"thumbnailUrl\":\"https:\/\/lavega.gr\/wp-content\/uploads\/2024\/07\/Hit-Lulo.png\",\"datePublished\":\"2024-07-06T08:29:45+00:00\",\"dateModified\":\"2025-08-20T07:27:08+00:00\",\"description\":\"\u00a1El jugo de lulo, del fruto de un arbusto tropical del Caribe, es una de las bebidas m\u00e1s refrescantes que podr\u00e1s probar! \u00a1Nos llega desde Colombia!\",\"breadcrumb\":{\"@id\":\"https:\/\/lavega.gr\/es\/producto\/jugo-de-lulo-hit-237ml\/#breadcrumb\"},\"inLanguage\":\"es\",\"potentialAction\":[{\"@type\":\"ReadAction\",\"target\":[\"https:\/\/lavega.gr\/es\/producto\/jugo-de-lulo-hit-237ml\/\"]}]},{\"@type\":\"ImageObject\",\"inLanguage\":\"es\",\"@id\":\"https:\/\/lavega.gr\/es\/producto\/jugo-de-lulo-hit-237ml\/#primaryimage\",\"url\":\"https:\/\/lavega.gr\/wp-content\/uploads\/2024\/07\/Hit-Lulo.png\",\"contentUrl\":\"https:\/\/lavega.gr\/wp-content\/uploads\/2024\/07\/Hit-Lulo.png\",\"width\":1000,\"height\":1000},{\"@type\":\"BreadcrumbList\",\"@id\":\"https:\/\/lavega.gr\/es\/producto\/jugo-de-lulo-hit-237ml\/#breadcrumb\",\"itemListElement\":[{\"@type\":\"ListItem\",\"position\":1,\"name\":\"Home\",\"item\":\"https:\/\/lavega.gr\/es\/\"},{\"@type\":\"ListItem\",\"position\":2,\"name\":\"Productos\",\"item\":\"https:\/\/lavega.gr\/es\/tienda\/\"},{\"@type\":\"ListItem\",\"position\":3,\"name\":\"Jugo de Lulo &#8216;Hit Lulo&#8217; (237ml)\"}]},{\"@type\":\"WebSite\",\"@id\":\"https:\/\/lavega.gr\/#website\",\"url\":\"https:\/\/lavega.gr\/\",\"name\":\"La Vega\",\"description\":\"Productos Latinos\",\"potentialAction\":[{\"@type\":\"SearchAction\",\"target\":{\"@type\":\"EntryPoint\",\"urlTemplate\":\"https:\/\/lavega.gr\/?s={search_term_string}\"},\"query-input\":\"required name=search_term_string\"}],\"inLanguage\":\"es\"}]}<\/script>\n<!-- \/ Yoast SEO plugin. -->","yoast_head_json":{"title":"Jugo de Lulo 'Hit Lulo' (237ml) | La Vega","description":"\u00a1El jugo de lulo, del fruto de un arbusto tropical del Caribe, es una de las bebidas m\u00e1s refrescantes que podr\u00e1s probar! \u00a1Nos llega desde Colombia!","robots":{"index":"index","follow":"follow","max-snippet":"max-snippet:-1","max-image-preview":"max-image-preview:large","max-video-preview":"max-video-preview:-1"},"canonical":"https:\/\/lavega.gr\/es\/producto\/jugo-de-lulo-hit-237ml\/","og_locale":"es_ES","og_type":"article","og_title":"Jugo de Lulo 'Hit Lulo' (237ml) | La Vega","og_description":"\u00a1El jugo de lulo, del fruto de un arbusto tropical del Caribe, es una de las bebidas m\u00e1s refrescantes que podr\u00e1s probar! \u00a1Nos llega desde Colombia!","og_url":"https:\/\/lavega.gr\/es\/producto\/jugo-de-lulo-hit-237ml\/","og_site_name":"La Vega","article_modified_time":"2025-08-20T07:27:08+00:00","og_image":[{"width":1000,"height":1000,"url":"https:\/\/lavega.gr\/wp-content\/uploads\/2024\/07\/Hit-Lulo.png","type":"image\/png"}],"twitter_card":"summary_large_image","twitter_misc":{"Tiempo de lectura":"1 minuto"},"schema":{"@context":"https:\/\/schema.org","@graph":[{"@type":"WebPage","@id":"https:\/\/lavega.gr\/es\/producto\/jugo-de-lulo-hit-237ml\/","url":"https:\/\/lavega.gr\/es\/producto\/jugo-de-lulo-hit-237ml\/","name":"Jugo de Lulo 'Hit Lulo' (237ml) | La Vega","isPartOf":{"@id":"https:\/\/lavega.gr\/#website"},"primaryImageOfPage":{"@id":"https:\/\/lavega.gr\/es\/producto\/jugo-de-lulo-hit-237ml\/#primaryimage"},"image":{"@id":"https:\/\/lavega.gr\/es\/producto\/jugo-de-lulo-hit-237ml\/#primaryimage"},"thumbnailUrl":"https:\/\/lavega.gr\/wp-content\/uploads\/2024\/07\/Hit-Lulo.png","datePublished":"2024-07-06T08:29:45+00:00","dateModified":"2025-08-20T07:27:08+00:00","description":"\u00a1El jugo de lulo, del fruto de un arbusto tropical del Caribe, es una de las bebidas m\u00e1s refrescantes que podr\u00e1s probar! \u00a1Nos llega desde Colombia!","breadcrumb":{"@id":"https:\/\/lavega.gr\/es\/producto\/jugo-de-lulo-hit-237ml\/#breadcrumb"},"inLanguage":"es","potentialAction":[{"@type":"ReadAction","target":["https:\/\/lavega.gr\/es\/producto\/jugo-de-lulo-hit-237ml\/"]}]},{"@type":"ImageObject","inLanguage":"es","@id":"https:\/\/lavega.gr\/es\/producto\/jugo-de-lulo-hit-237ml\/#primaryimage","url":"https:\/\/lavega.gr\/wp-content\/uploads\/2024\/07\/Hit-Lulo.png","contentUrl":"https:\/\/lavega.gr\/wp-content\/uploads\/2024\/07\/Hit-Lulo.png","width":1000,"height":1000},{"@type":"BreadcrumbList","@id":"https:\/\/lavega.gr\/es\/producto\/jugo-de-lulo-hit-237ml\/#breadcrumb","itemListElement":[{"@type":"ListItem","position":1,"name":"Home","item":"https:\/\/lavega.gr\/es\/"},{"@type":"ListItem","position":2,"name":"Productos","item":"https:\/\/lavega.gr\/es\/tienda\/"},{"@type":"ListItem","position":3,"name":"Jugo de Lulo &#8216;Hit Lulo&#8217; (237ml)"}]},{"@type":"WebSite","@id":"https:\/\/lavega.gr\/#website","url":"https:\/\/lavega.gr\/","name":"La Vega","description":"Productos Latinos","potentialAction":[{"@type":"SearchAction","target":{"@type":"EntryPoint","urlTemplate":"https:\/\/lavega.gr\/?s={search_term_string}"},"query-input":"required name=search_term_string"}],"inLanguage":"es"}]}},"_links":{"self":[{"href":"https:\/\/lavega.gr\/es\/wp-json\/wp\/v2\/product\/5376","targetHints":{"allow":["GET"]}}],"collection":[{"href":"https:\/\/lavega.gr\/es\/wp-json\/wp\/v2\/product"}],"about":[{"href":"https:\/\/lavega.gr\/es\/wp-json\/wp\/v2\/types\/product"}],"wp:featuredmedia":[{"embeddable":true,"href":"https:\/\/lavega.gr\/es\/wp-json\/wp\/v2\/media\/5362"}],"wp:attachment":[{"href":"https:\/\/lavega.gr\/es\/wp-json\/wp\/v2\/media?parent=5376"}],"wp:term":[{"taxonomy":"product_cat","embeddable":true,"href":"https:\/\/lavega.gr\/es\/wp-json\/wp\/v2\/product_cat?post=5376"},{"taxonomy":"product_tag","embeddable":true,"href":"https:\/\/lavega.gr\/es\/wp-json\/wp\/v2\/product_tag?post=5376"}],"curies":[{"name":"wp","href":"https:\/\/api.w.org\/{rel}","templated":true}]}}