{"id":5374,"date":"2024-07-06T10:15:08","date_gmt":"2024-07-06T08:15:08","guid":{"rendered":"https:\/\/lavega.gr\/?post_type=product&#038;p=5374"},"modified":"2026-03-16T19:06:55","modified_gmt":"2026-03-16T17:06:55","slug":"jalapenos-la-costena-220g","status":"publish","type":"product","link":"https:\/\/lavega.gr\/es\/producto\/jalapenos-la-costena-220g\/","title":{"rendered":"Jalapenos La Costena (220g)"},"content":{"rendered":"<p>Chiles jalape\u00f1os verdes enteros, \u00a1los chiles m\u00e1s conocidos de M\u00e9xico para adornar y cocinar en casi todos los platos!<\/p>\n<p>\u00a1Ideal para tacos y carnes en general!<\/p>\n<p><em><strong>Ingredientes<\/strong><\/em>: chiles jalape\u00f1os (42%), agua, zanahoria, cebolla, sal, aceite vegetal (soja), mezcla de especias, ajo<\/p>\n<p>Por 100 gramos<\/p>\n<p>Calor\u00edas: 29kcal<br \/>\nGrasa: 1g<br \/>\nCarbohidratos: 4g<br \/>\nFibra: 2g<\/p>\n<p>Pa\u00eds de origen: M\u00e9xico<br \/>\nPeso neto: 220g<\/p>\n","protected":false},"excerpt":{"rendered":"<p>Chiles jalape\u00f1os verdes enteros, \u00a1los chiles m\u00e1s conocidos de M\u00e9xico para adornar y cocinar en casi todos los platos! \u00a1Ideal para tacos y carnes en general! Ingredientes: chiles jalape\u00f1os (42%), agua, zanahoria, cebolla, sal, aceite vegetal (soja), mezcla de especias, ajo Por 100 gramos Calor\u00edas: 29kcal Grasa: 1g Carbohidratos: 4g Fibra: 2g Pa\u00eds de origen:&#8230;<\/p>\n","protected":false},"featured_media":7040,"template":"","meta":[],"product_cat":[88,130],"product_tag":[],"class_list":{"0":"post-5374","1":"product","2":"type-product","3":"status-publish","4":"has-post-thumbnail","6":"product_cat-ingredientes-autenticos","7":"product_cat-especias-salsas","9":"first","10":"instock","11":"taxable","12":"shipping-taxable","13":"purchasable","14":"product-type-simple"},"yoast_head":"<!-- This site is optimized with the Yoast SEO plugin v22.3 - https:\/\/yoast.com\/wordpress\/plugins\/seo\/ -->\n<title>Jalapenos La Costena (220g) | La Vega<\/title>\n<meta name=\"description\" content=\"Chiles jalape\u00f1os verdes enteros, \u00a1los chiles m\u00e1s conocidos de M\u00e9xico para adornar y cocinar en casi todos los platos!\" \/>\n<meta name=\"robots\" content=\"index, follow, max-snippet:-1, max-image-preview:large, max-video-preview:-1\" \/>\n<link rel=\"canonical\" href=\"https:\/\/lavega.gr\/es\/producto\/jalapenos-la-costena-220g\/\" \/>\n<meta property=\"og:locale\" content=\"es_ES\" \/>\n<meta property=\"og:type\" content=\"article\" \/>\n<meta property=\"og:title\" content=\"Jalapenos La Costena (220g) | La Vega\" \/>\n<meta property=\"og:description\" content=\"Chiles jalape\u00f1os verdes enteros, \u00a1los chiles m\u00e1s conocidos de M\u00e9xico para adornar y cocinar en casi todos los platos!\" \/>\n<meta property=\"og:url\" content=\"https:\/\/lavega.gr\/es\/producto\/jalapenos-la-costena-220g\/\" \/>\n<meta property=\"og:site_name\" content=\"La Vega\" \/>\n<meta property=\"article:modified_time\" content=\"2026-03-16T17:06:55+00:00\" \/>\n<meta property=\"og:image\" content=\"https:\/\/lavega.gr\/wp-content\/uploads\/2024\/07\/Jalapenos-Enteros.png\" \/>\n\t<meta property=\"og:image:width\" content=\"1000\" \/>\n\t<meta property=\"og:image:height\" content=\"1000\" \/>\n\t<meta property=\"og:image:type\" content=\"image\/png\" \/>\n<meta name=\"twitter:card\" content=\"summary_large_image\" \/>\n<meta name=\"twitter:label1\" content=\"Tiempo de lectura\" \/>\n\t<meta name=\"twitter:data1\" content=\"1 minuto\" \/>\n<script type=\"application\/ld+json\" class=\"yoast-schema-graph\">{\"@context\":\"https:\/\/schema.org\",\"@graph\":[{\"@type\":\"WebPage\",\"@id\":\"https:\/\/lavega.gr\/es\/producto\/jalapenos-la-costena-220g\/\",\"url\":\"https:\/\/lavega.gr\/es\/producto\/jalapenos-la-costena-220g\/\",\"name\":\"Jalapenos La Costena (220g) | La Vega\",\"isPartOf\":{\"@id\":\"https:\/\/lavega.gr\/#website\"},\"primaryImageOfPage\":{\"@id\":\"https:\/\/lavega.gr\/es\/producto\/jalapenos-la-costena-220g\/#primaryimage\"},\"image\":{\"@id\":\"https:\/\/lavega.gr\/es\/producto\/jalapenos-la-costena-220g\/#primaryimage\"},\"thumbnailUrl\":\"https:\/\/lavega.gr\/wp-content\/uploads\/2024\/07\/1000013076.png\",\"datePublished\":\"2024-07-06T08:15:08+00:00\",\"dateModified\":\"2026-03-16T17:06:55+00:00\",\"description\":\"Chiles jalape\u00f1os verdes enteros, \u00a1los chiles m\u00e1s conocidos de M\u00e9xico para adornar y cocinar en casi todos los platos!\",\"breadcrumb\":{\"@id\":\"https:\/\/lavega.gr\/es\/producto\/jalapenos-la-costena-220g\/#breadcrumb\"},\"inLanguage\":\"es\",\"potentialAction\":[{\"@type\":\"ReadAction\",\"target\":[\"https:\/\/lavega.gr\/es\/producto\/jalapenos-la-costena-220g\/\"]}]},{\"@type\":\"ImageObject\",\"inLanguage\":\"es\",\"@id\":\"https:\/\/lavega.gr\/es\/producto\/jalapenos-la-costena-220g\/#primaryimage\",\"url\":\"https:\/\/lavega.gr\/wp-content\/uploads\/2024\/07\/1000013076.png\",\"contentUrl\":\"https:\/\/lavega.gr\/wp-content\/uploads\/2024\/07\/1000013076.png\",\"width\":1000,\"height\":1000},{\"@type\":\"BreadcrumbList\",\"@id\":\"https:\/\/lavega.gr\/es\/producto\/jalapenos-la-costena-220g\/#breadcrumb\",\"itemListElement\":[{\"@type\":\"ListItem\",\"position\":1,\"name\":\"Home\",\"item\":\"https:\/\/lavega.gr\/es\/\"},{\"@type\":\"ListItem\",\"position\":2,\"name\":\"Productos\",\"item\":\"https:\/\/lavega.gr\/es\/tienda\/\"},{\"@type\":\"ListItem\",\"position\":3,\"name\":\"Jalapenos La Costena (220g)\"}]},{\"@type\":\"WebSite\",\"@id\":\"https:\/\/lavega.gr\/#website\",\"url\":\"https:\/\/lavega.gr\/\",\"name\":\"La Vega\",\"description\":\"Productos Latinos\",\"potentialAction\":[{\"@type\":\"SearchAction\",\"target\":{\"@type\":\"EntryPoint\",\"urlTemplate\":\"https:\/\/lavega.gr\/?s={search_term_string}\"},\"query-input\":\"required name=search_term_string\"}],\"inLanguage\":\"es\"}]}<\/script>\n<!-- \/ Yoast SEO plugin. -->","yoast_head_json":{"title":"Jalapenos La Costena (220g) | La Vega","description":"Chiles jalape\u00f1os verdes enteros, \u00a1los chiles m\u00e1s conocidos de M\u00e9xico para adornar y cocinar en casi todos los platos!","robots":{"index":"index","follow":"follow","max-snippet":"max-snippet:-1","max-image-preview":"max-image-preview:large","max-video-preview":"max-video-preview:-1"},"canonical":"https:\/\/lavega.gr\/es\/producto\/jalapenos-la-costena-220g\/","og_locale":"es_ES","og_type":"article","og_title":"Jalapenos La Costena (220g) | La Vega","og_description":"Chiles jalape\u00f1os verdes enteros, \u00a1los chiles m\u00e1s conocidos de M\u00e9xico para adornar y cocinar en casi todos los platos!","og_url":"https:\/\/lavega.gr\/es\/producto\/jalapenos-la-costena-220g\/","og_site_name":"La Vega","article_modified_time":"2026-03-16T17:06:55+00:00","og_image":[{"width":1000,"height":1000,"url":"https:\/\/lavega.gr\/wp-content\/uploads\/2024\/07\/Jalapenos-Enteros.png","type":"image\/png"}],"twitter_card":"summary_large_image","twitter_misc":{"Tiempo de lectura":"1 minuto"},"schema":{"@context":"https:\/\/schema.org","@graph":[{"@type":"WebPage","@id":"https:\/\/lavega.gr\/es\/producto\/jalapenos-la-costena-220g\/","url":"https:\/\/lavega.gr\/es\/producto\/jalapenos-la-costena-220g\/","name":"Jalapenos La Costena (220g) | La Vega","isPartOf":{"@id":"https:\/\/lavega.gr\/#website"},"primaryImageOfPage":{"@id":"https:\/\/lavega.gr\/es\/producto\/jalapenos-la-costena-220g\/#primaryimage"},"image":{"@id":"https:\/\/lavega.gr\/es\/producto\/jalapenos-la-costena-220g\/#primaryimage"},"thumbnailUrl":"https:\/\/lavega.gr\/wp-content\/uploads\/2024\/07\/1000013076.png","datePublished":"2024-07-06T08:15:08+00:00","dateModified":"2026-03-16T17:06:55+00:00","description":"Chiles jalape\u00f1os verdes enteros, \u00a1los chiles m\u00e1s conocidos de M\u00e9xico para adornar y cocinar en casi todos los platos!","breadcrumb":{"@id":"https:\/\/lavega.gr\/es\/producto\/jalapenos-la-costena-220g\/#breadcrumb"},"inLanguage":"es","potentialAction":[{"@type":"ReadAction","target":["https:\/\/lavega.gr\/es\/producto\/jalapenos-la-costena-220g\/"]}]},{"@type":"ImageObject","inLanguage":"es","@id":"https:\/\/lavega.gr\/es\/producto\/jalapenos-la-costena-220g\/#primaryimage","url":"https:\/\/lavega.gr\/wp-content\/uploads\/2024\/07\/1000013076.png","contentUrl":"https:\/\/lavega.gr\/wp-content\/uploads\/2024\/07\/1000013076.png","width":1000,"height":1000},{"@type":"BreadcrumbList","@id":"https:\/\/lavega.gr\/es\/producto\/jalapenos-la-costena-220g\/#breadcrumb","itemListElement":[{"@type":"ListItem","position":1,"name":"Home","item":"https:\/\/lavega.gr\/es\/"},{"@type":"ListItem","position":2,"name":"Productos","item":"https:\/\/lavega.gr\/es\/tienda\/"},{"@type":"ListItem","position":3,"name":"Jalapenos La Costena (220g)"}]},{"@type":"WebSite","@id":"https:\/\/lavega.gr\/#website","url":"https:\/\/lavega.gr\/","name":"La Vega","description":"Productos Latinos","potentialAction":[{"@type":"SearchAction","target":{"@type":"EntryPoint","urlTemplate":"https:\/\/lavega.gr\/?s={search_term_string}"},"query-input":"required name=search_term_string"}],"inLanguage":"es"}]}},"_links":{"self":[{"href":"https:\/\/lavega.gr\/es\/wp-json\/wp\/v2\/product\/5374","targetHints":{"allow":["GET"]}}],"collection":[{"href":"https:\/\/lavega.gr\/es\/wp-json\/wp\/v2\/product"}],"about":[{"href":"https:\/\/lavega.gr\/es\/wp-json\/wp\/v2\/types\/product"}],"wp:featuredmedia":[{"embeddable":true,"href":"https:\/\/lavega.gr\/es\/wp-json\/wp\/v2\/media\/7040"}],"wp:attachment":[{"href":"https:\/\/lavega.gr\/es\/wp-json\/wp\/v2\/media?parent=5374"}],"wp:term":[{"taxonomy":"product_cat","embeddable":true,"href":"https:\/\/lavega.gr\/es\/wp-json\/wp\/v2\/product_cat?post=5374"},{"taxonomy":"product_tag","embeddable":true,"href":"https:\/\/lavega.gr\/es\/wp-json\/wp\/v2\/product_tag?post=5374"}],"curies":[{"name":"wp","href":"https:\/\/api.w.org\/{rel}","templated":true}]}}