{"id":5314,"date":"2024-06-22T11:49:27","date_gmt":"2024-06-22T09:49:27","guid":{"rendered":"https:\/\/lavega.gr\/?post_type=product&#038;p=5314"},"modified":"2026-04-23T16:27:35","modified_gmt":"2026-04-23T14:27:35","slug":"snack-de-yuca-coexito-28g","status":"publish","type":"product","link":"https:\/\/lavega.gr\/es\/producto\/snack-de-yuca-coexito-28g\/","title":{"rendered":"Snack de Yuca &#8216;Coexito&#8217; (28g)"},"content":{"rendered":"<p><strong>Qu\u00e9 son<\/strong>: Las Yukitas son el snack crujiente y salado definitivo (chips) elaborado con ra\u00edz de yuca 100%. Son la alternativa m\u00e1s sabrosa, ex\u00f3tica y saciante a las papas fritas cl\u00e1sicas del mercado. <\/p>\n<p><b data-path-to-node=\"17\" data-index-in-node=\"218\">Consejo de La Vega<\/b>: Sum\u00e9rgelos en una salsa de aguacate fr\u00eda (guacamole) o en tu mayonesa picante favorita. \u00a1Te garantizamos que no quedar\u00e1 ni una miga en el plato! <\/p>\n","protected":false},"excerpt":{"rendered":"<p>Qu\u00e9 son: Las Yukitas son el snack crujiente y salado definitivo (chips) elaborado con ra\u00edz de yuca 100%. Son la alternativa m\u00e1s sabrosa, ex\u00f3tica y saciante a las papas fritas cl\u00e1sicas del mercado. Consejo de La Vega: Sum\u00e9rgelos en una salsa de aguacate fr\u00eda (guacamole) o en tu mayonesa picante favorita. \u00a1Te garantizamos que no&#8230;<\/p>\n","protected":false},"featured_media":5193,"template":"","meta":[],"product_cat":[88,131,93],"product_tag":[],"class_list":{"0":"post-5314","1":"product","2":"type-product","3":"status-publish","4":"has-post-thumbnail","6":"product_cat-ingredientes-autenticos-cocinar","7":"product_cat-snacks-productos-salados","8":"product_cat-gluten-free-es","10":"first","11":"outofstock","12":"taxable","13":"shipping-taxable","14":"purchasable","15":"product-type-simple"},"yoast_head":"<!-- This site is optimized with the Yoast SEO plugin v22.3 - https:\/\/yoast.com\/wordpress\/plugins\/seo\/ -->\n<title>Snack de Yuca &#039;Coexito&#039; (28g) | La Vega<\/title>\n<meta name=\"description\" content=\"Las Yukitas son el snack crujiente y salado definitivo, elaborado con ra\u00edz de yuca 100%. Son la alternativa m\u00e1s deliciosa, ex\u00f3tica y saciante a las cl\u00e1sicas papas fritas del mercado.\" \/>\n<meta name=\"robots\" content=\"index, follow, max-snippet:-1, max-image-preview:large, max-video-preview:-1\" \/>\n<link rel=\"canonical\" href=\"https:\/\/lavega.gr\/es\/producto\/snack-de-yuca-coexito-28g\/\" \/>\n<meta property=\"og:locale\" content=\"es_ES\" \/>\n<meta property=\"og:type\" content=\"article\" \/>\n<meta property=\"og:title\" content=\"Snack de Yuca &#039;Coexito&#039; (28g) | La Vega\" \/>\n<meta property=\"og:description\" content=\"Las Yukitas son el snack crujiente y salado definitivo, elaborado con ra\u00edz de yuca 100%. Son la alternativa m\u00e1s deliciosa, ex\u00f3tica y saciante a las cl\u00e1sicas papas fritas del mercado.\" \/>\n<meta property=\"og:url\" content=\"https:\/\/lavega.gr\/es\/producto\/snack-de-yuca-coexito-28g\/\" \/>\n<meta property=\"og:site_name\" content=\"La Vega\" \/>\n<meta property=\"article:modified_time\" content=\"2026-04-23T14:27:35+00:00\" \/>\n<meta property=\"og:image\" content=\"https:\/\/lavega.gr\/wp-content\/uploads\/2024\/04\/YUKITAS-SNACK-BOLSA-28g.png\" \/>\n\t<meta property=\"og:image:width\" content=\"1000\" \/>\n\t<meta property=\"og:image:height\" content=\"1000\" \/>\n\t<meta property=\"og:image:type\" content=\"image\/png\" \/>\n<meta name=\"twitter:card\" content=\"summary_large_image\" \/>\n<meta name=\"twitter:label1\" content=\"Tiempo de lectura\" \/>\n\t<meta name=\"twitter:data1\" content=\"1 minuto\" \/>\n<script type=\"application\/ld+json\" class=\"yoast-schema-graph\">{\"@context\":\"https:\/\/schema.org\",\"@graph\":[{\"@type\":\"WebPage\",\"@id\":\"https:\/\/lavega.gr\/es\/producto\/snack-de-yuca-coexito-28g\/\",\"url\":\"https:\/\/lavega.gr\/es\/producto\/snack-de-yuca-coexito-28g\/\",\"name\":\"Snack de Yuca 'Coexito' (28g) | La Vega\",\"isPartOf\":{\"@id\":\"https:\/\/lavega.gr\/#website\"},\"primaryImageOfPage\":{\"@id\":\"https:\/\/lavega.gr\/es\/producto\/snack-de-yuca-coexito-28g\/#primaryimage\"},\"image\":{\"@id\":\"https:\/\/lavega.gr\/es\/producto\/snack-de-yuca-coexito-28g\/#primaryimage\"},\"thumbnailUrl\":\"https:\/\/lavega.gr\/wp-content\/uploads\/2024\/04\/YUKITAS-SNACK-BOLSA-28g.png\",\"datePublished\":\"2024-06-22T09:49:27+00:00\",\"dateModified\":\"2026-04-23T14:27:35+00:00\",\"description\":\"Las Yukitas son el snack crujiente y salado definitivo, elaborado con ra\u00edz de yuca 100%. Son la alternativa m\u00e1s deliciosa, ex\u00f3tica y saciante a las cl\u00e1sicas papas fritas del mercado.\",\"breadcrumb\":{\"@id\":\"https:\/\/lavega.gr\/es\/producto\/snack-de-yuca-coexito-28g\/#breadcrumb\"},\"inLanguage\":\"es\",\"potentialAction\":[{\"@type\":\"ReadAction\",\"target\":[\"https:\/\/lavega.gr\/es\/producto\/snack-de-yuca-coexito-28g\/\"]}]},{\"@type\":\"ImageObject\",\"inLanguage\":\"es\",\"@id\":\"https:\/\/lavega.gr\/es\/producto\/snack-de-yuca-coexito-28g\/#primaryimage\",\"url\":\"https:\/\/lavega.gr\/wp-content\/uploads\/2024\/04\/YUKITAS-SNACK-BOLSA-28g.png\",\"contentUrl\":\"https:\/\/lavega.gr\/wp-content\/uploads\/2024\/04\/YUKITAS-SNACK-BOLSA-28g.png\",\"width\":1000,\"height\":1000},{\"@type\":\"BreadcrumbList\",\"@id\":\"https:\/\/lavega.gr\/es\/producto\/snack-de-yuca-coexito-28g\/#breadcrumb\",\"itemListElement\":[{\"@type\":\"ListItem\",\"position\":1,\"name\":\"Home\",\"item\":\"https:\/\/lavega.gr\/es\/\"},{\"@type\":\"ListItem\",\"position\":2,\"name\":\"Productos\",\"item\":\"https:\/\/lavega.gr\/es\/tienda\/\"},{\"@type\":\"ListItem\",\"position\":3,\"name\":\"Snack de Yuca &#8216;Coexito&#8217; (28g)\"}]},{\"@type\":\"WebSite\",\"@id\":\"https:\/\/lavega.gr\/#website\",\"url\":\"https:\/\/lavega.gr\/\",\"name\":\"La Vega\",\"description\":\"Productos Latinos\",\"potentialAction\":[{\"@type\":\"SearchAction\",\"target\":{\"@type\":\"EntryPoint\",\"urlTemplate\":\"https:\/\/lavega.gr\/?s={search_term_string}\"},\"query-input\":\"required name=search_term_string\"}],\"inLanguage\":\"es\"}]}<\/script>\n<!-- \/ Yoast SEO plugin. -->","yoast_head_json":{"title":"Snack de Yuca 'Coexito' (28g) | La Vega","description":"Las Yukitas son el snack crujiente y salado definitivo, elaborado con ra\u00edz de yuca 100%. Son la alternativa m\u00e1s deliciosa, ex\u00f3tica y saciante a las cl\u00e1sicas papas fritas del mercado.","robots":{"index":"index","follow":"follow","max-snippet":"max-snippet:-1","max-image-preview":"max-image-preview:large","max-video-preview":"max-video-preview:-1"},"canonical":"https:\/\/lavega.gr\/es\/producto\/snack-de-yuca-coexito-28g\/","og_locale":"es_ES","og_type":"article","og_title":"Snack de Yuca 'Coexito' (28g) | La Vega","og_description":"Las Yukitas son el snack crujiente y salado definitivo, elaborado con ra\u00edz de yuca 100%. Son la alternativa m\u00e1s deliciosa, ex\u00f3tica y saciante a las cl\u00e1sicas papas fritas del mercado.","og_url":"https:\/\/lavega.gr\/es\/producto\/snack-de-yuca-coexito-28g\/","og_site_name":"La Vega","article_modified_time":"2026-04-23T14:27:35+00:00","og_image":[{"width":1000,"height":1000,"url":"https:\/\/lavega.gr\/wp-content\/uploads\/2024\/04\/YUKITAS-SNACK-BOLSA-28g.png","type":"image\/png"}],"twitter_card":"summary_large_image","twitter_misc":{"Tiempo de lectura":"1 minuto"},"schema":{"@context":"https:\/\/schema.org","@graph":[{"@type":"WebPage","@id":"https:\/\/lavega.gr\/es\/producto\/snack-de-yuca-coexito-28g\/","url":"https:\/\/lavega.gr\/es\/producto\/snack-de-yuca-coexito-28g\/","name":"Snack de Yuca 'Coexito' (28g) | La Vega","isPartOf":{"@id":"https:\/\/lavega.gr\/#website"},"primaryImageOfPage":{"@id":"https:\/\/lavega.gr\/es\/producto\/snack-de-yuca-coexito-28g\/#primaryimage"},"image":{"@id":"https:\/\/lavega.gr\/es\/producto\/snack-de-yuca-coexito-28g\/#primaryimage"},"thumbnailUrl":"https:\/\/lavega.gr\/wp-content\/uploads\/2024\/04\/YUKITAS-SNACK-BOLSA-28g.png","datePublished":"2024-06-22T09:49:27+00:00","dateModified":"2026-04-23T14:27:35+00:00","description":"Las Yukitas son el snack crujiente y salado definitivo, elaborado con ra\u00edz de yuca 100%. Son la alternativa m\u00e1s deliciosa, ex\u00f3tica y saciante a las cl\u00e1sicas papas fritas del mercado.","breadcrumb":{"@id":"https:\/\/lavega.gr\/es\/producto\/snack-de-yuca-coexito-28g\/#breadcrumb"},"inLanguage":"es","potentialAction":[{"@type":"ReadAction","target":["https:\/\/lavega.gr\/es\/producto\/snack-de-yuca-coexito-28g\/"]}]},{"@type":"ImageObject","inLanguage":"es","@id":"https:\/\/lavega.gr\/es\/producto\/snack-de-yuca-coexito-28g\/#primaryimage","url":"https:\/\/lavega.gr\/wp-content\/uploads\/2024\/04\/YUKITAS-SNACK-BOLSA-28g.png","contentUrl":"https:\/\/lavega.gr\/wp-content\/uploads\/2024\/04\/YUKITAS-SNACK-BOLSA-28g.png","width":1000,"height":1000},{"@type":"BreadcrumbList","@id":"https:\/\/lavega.gr\/es\/producto\/snack-de-yuca-coexito-28g\/#breadcrumb","itemListElement":[{"@type":"ListItem","position":1,"name":"Home","item":"https:\/\/lavega.gr\/es\/"},{"@type":"ListItem","position":2,"name":"Productos","item":"https:\/\/lavega.gr\/es\/tienda\/"},{"@type":"ListItem","position":3,"name":"Snack de Yuca &#8216;Coexito&#8217; (28g)"}]},{"@type":"WebSite","@id":"https:\/\/lavega.gr\/#website","url":"https:\/\/lavega.gr\/","name":"La Vega","description":"Productos Latinos","potentialAction":[{"@type":"SearchAction","target":{"@type":"EntryPoint","urlTemplate":"https:\/\/lavega.gr\/?s={search_term_string}"},"query-input":"required name=search_term_string"}],"inLanguage":"es"}]}},"_links":{"self":[{"href":"https:\/\/lavega.gr\/es\/wp-json\/wp\/v2\/product\/5314","targetHints":{"allow":["GET"]}}],"collection":[{"href":"https:\/\/lavega.gr\/es\/wp-json\/wp\/v2\/product"}],"about":[{"href":"https:\/\/lavega.gr\/es\/wp-json\/wp\/v2\/types\/product"}],"wp:featuredmedia":[{"embeddable":true,"href":"https:\/\/lavega.gr\/es\/wp-json\/wp\/v2\/media\/5193"}],"wp:attachment":[{"href":"https:\/\/lavega.gr\/es\/wp-json\/wp\/v2\/media?parent=5314"}],"wp:term":[{"taxonomy":"product_cat","embeddable":true,"href":"https:\/\/lavega.gr\/es\/wp-json\/wp\/v2\/product_cat?post=5314"},{"taxonomy":"product_tag","embeddable":true,"href":"https:\/\/lavega.gr\/es\/wp-json\/wp\/v2\/product_tag?post=5314"}],"curies":[{"name":"wp","href":"https:\/\/api.w.org\/{rel}","templated":true}]}}