{"id":5114,"date":"2024-04-19T11:16:01","date_gmt":"2024-04-19T09:16:01","guid":{"rendered":"https:\/\/lavega.gr\/?post_type=product&#038;p=5114"},"modified":"2026-04-23T16:29:25","modified_gmt":"2026-04-23T14:29:25","slug":"harina-de-maiz-maseca-1-8kg","status":"publish","type":"product","link":"https:\/\/lavega.gr\/es\/producto\/harina-de-maiz-maseca-1-8kg\/","title":{"rendered":"Harina de ma\u00edz &#8216;Maseca&#8217; (1,8 kg)"},"content":{"rendered":"<p data-path-to-node=\"17,0\"><b data-path-to-node=\"17,0\" data-index-in-node=\"0\">El coraz\u00f3n de M\u00e9xico en tu mesa!<\/b><\/p>\n<ul data-path-to-node=\"17,1\">\n<li>\n<p data-path-to-node=\"17,1,0,0\"><b data-path-to-node=\"17,1,0,0\" data-index-in-node=\"0\">Que es<\/b>: Harina de ma\u00edz blanco precocida n.\u00b0 1 para nixtamalizaci\u00f3n. Se diferencia de la harina de ma\u00edz nixtamalizada (PAN) porque se somete a un proceso especial con agua de cal, lo que le confiere el aut\u00e9ntico sabor mexicano. <\/p>\n<\/li>\n<li>\n<p data-path-to-node=\"17,1,1,0\"><b data-path-to-node=\"17,1,1,0\" data-index-in-node=\"0\">Consejo de La Vega<\/b>: La \u00fanica opci\u00f3n para preparar tus propias tortillas de ma\u00edz mexicanas aut\u00e9nticas (para tacos) en casa! Solo tienes que a\u00f1adir agua. <\/p>\n<\/li>\n<\/ul>\n","protected":false},"excerpt":{"rendered":"<p>El coraz\u00f3n de M\u00e9xico en tu mesa! Que es: Harina de ma\u00edz blanco precocida n.\u00b0 1 para nixtamalizaci\u00f3n. Se diferencia de la harina de ma\u00edz nixtamalizada (PAN) porque se somete a un proceso especial con agua de cal, lo que le confiere el aut\u00e9ntico sabor mexicano. Consejo de La Vega: La \u00fanica opci\u00f3n para preparar&#8230;<\/p>\n","protected":false},"featured_media":5116,"template":"","meta":[],"product_cat":[88,126,93],"product_tag":[],"class_list":{"0":"post-5114","1":"product","2":"type-product","3":"status-publish","4":"has-post-thumbnail","6":"product_cat-ingredientes-autenticos","7":"product_cat-harinas-masas","8":"product_cat-sin-gluten","10":"first","11":"outofstock","12":"taxable","13":"shipping-taxable","14":"purchasable","15":"product-type-simple"},"yoast_head":"<!-- This site is optimized with the Yoast SEO plugin v22.3 - https:\/\/yoast.com\/wordpress\/plugins\/seo\/ -->\n<title>Harina de ma\u00edz &#039;Maseca&#039; (1,8 kg) | La Vega<\/title>\n<meta name=\"description\" content=\"Harina de ma\u00edz blanco precocida n.\u00b0 1 para nixtamalizado. Se diferencia de la harina de ma\u00edz nixtamalizado (PAN) porque se somete a un proceso especial con agua de cal, lo que le confiere el aut\u00e9ntico sabor mexicano.\" \/>\n<meta name=\"robots\" content=\"index, follow, max-snippet:-1, max-image-preview:large, max-video-preview:-1\" \/>\n<link rel=\"canonical\" href=\"https:\/\/lavega.gr\/es\/producto\/harina-de-maiz-maseca-1-8kg\/\" \/>\n<meta property=\"og:locale\" content=\"es_ES\" \/>\n<meta property=\"og:type\" content=\"article\" \/>\n<meta property=\"og:title\" content=\"Harina de ma\u00edz &#039;Maseca&#039; (1,8 kg) | La Vega\" \/>\n<meta property=\"og:description\" content=\"Harina de ma\u00edz blanco precocida n.\u00b0 1 para nixtamalizado. Se diferencia de la harina de ma\u00edz nixtamalizado (PAN) porque se somete a un proceso especial con agua de cal, lo que le confiere el aut\u00e9ntico sabor mexicano.\" \/>\n<meta property=\"og:url\" content=\"https:\/\/lavega.gr\/es\/producto\/harina-de-maiz-maseca-1-8kg\/\" \/>\n<meta property=\"og:site_name\" content=\"La Vega\" \/>\n<meta property=\"article:modified_time\" content=\"2026-04-23T14:29:25+00:00\" \/>\n<meta property=\"og:image\" content=\"https:\/\/lavega.gr\/wp-content\/uploads\/2024\/04\/Harina-de-Maseca-1.8-kg.png\" \/>\n\t<meta property=\"og:image:width\" content=\"1000\" \/>\n\t<meta property=\"og:image:height\" content=\"1000\" \/>\n\t<meta property=\"og:image:type\" content=\"image\/png\" \/>\n<meta name=\"twitter:card\" content=\"summary_large_image\" \/>\n<meta name=\"twitter:label1\" content=\"Tiempo de lectura\" \/>\n\t<meta name=\"twitter:data1\" content=\"1 minuto\" \/>\n<script type=\"application\/ld+json\" class=\"yoast-schema-graph\">{\"@context\":\"https:\/\/schema.org\",\"@graph\":[{\"@type\":\"WebPage\",\"@id\":\"https:\/\/lavega.gr\/es\/producto\/harina-de-maiz-maseca-1-8kg\/\",\"url\":\"https:\/\/lavega.gr\/es\/producto\/harina-de-maiz-maseca-1-8kg\/\",\"name\":\"Harina de ma\u00edz 'Maseca' (1,8 kg) | La Vega\",\"isPartOf\":{\"@id\":\"https:\/\/lavega.gr\/#website\"},\"primaryImageOfPage\":{\"@id\":\"https:\/\/lavega.gr\/es\/producto\/harina-de-maiz-maseca-1-8kg\/#primaryimage\"},\"image\":{\"@id\":\"https:\/\/lavega.gr\/es\/producto\/harina-de-maiz-maseca-1-8kg\/#primaryimage\"},\"thumbnailUrl\":\"https:\/\/lavega.gr\/wp-content\/uploads\/2024\/04\/Harina-de-Maseca-1.8-kg.png\",\"datePublished\":\"2024-04-19T09:16:01+00:00\",\"dateModified\":\"2026-04-23T14:29:25+00:00\",\"description\":\"Harina de ma\u00edz blanco precocida n.\u00b0 1 para nixtamalizado. Se diferencia de la harina de ma\u00edz nixtamalizado (PAN) porque se somete a un proceso especial con agua de cal, lo que le confiere el aut\u00e9ntico sabor mexicano.\",\"breadcrumb\":{\"@id\":\"https:\/\/lavega.gr\/es\/producto\/harina-de-maiz-maseca-1-8kg\/#breadcrumb\"},\"inLanguage\":\"es\",\"potentialAction\":[{\"@type\":\"ReadAction\",\"target\":[\"https:\/\/lavega.gr\/es\/producto\/harina-de-maiz-maseca-1-8kg\/\"]}]},{\"@type\":\"ImageObject\",\"inLanguage\":\"es\",\"@id\":\"https:\/\/lavega.gr\/es\/producto\/harina-de-maiz-maseca-1-8kg\/#primaryimage\",\"url\":\"https:\/\/lavega.gr\/wp-content\/uploads\/2024\/04\/Harina-de-Maseca-1.8-kg.png\",\"contentUrl\":\"https:\/\/lavega.gr\/wp-content\/uploads\/2024\/04\/Harina-de-Maseca-1.8-kg.png\",\"width\":1000,\"height\":1000},{\"@type\":\"BreadcrumbList\",\"@id\":\"https:\/\/lavega.gr\/es\/producto\/harina-de-maiz-maseca-1-8kg\/#breadcrumb\",\"itemListElement\":[{\"@type\":\"ListItem\",\"position\":1,\"name\":\"Home\",\"item\":\"https:\/\/lavega.gr\/es\/\"},{\"@type\":\"ListItem\",\"position\":2,\"name\":\"Productos\",\"item\":\"https:\/\/lavega.gr\/es\/tienda\/\"},{\"@type\":\"ListItem\",\"position\":3,\"name\":\"Harina de ma\u00edz &#8216;Maseca&#8217; (1,8 kg)\"}]},{\"@type\":\"WebSite\",\"@id\":\"https:\/\/lavega.gr\/#website\",\"url\":\"https:\/\/lavega.gr\/\",\"name\":\"La Vega\",\"description\":\"Productos Latinos\",\"potentialAction\":[{\"@type\":\"SearchAction\",\"target\":{\"@type\":\"EntryPoint\",\"urlTemplate\":\"https:\/\/lavega.gr\/?s={search_term_string}\"},\"query-input\":\"required name=search_term_string\"}],\"inLanguage\":\"es\"}]}<\/script>\n<!-- \/ Yoast SEO plugin. -->","yoast_head_json":{"title":"Harina de ma\u00edz 'Maseca' (1,8 kg) | La Vega","description":"Harina de ma\u00edz blanco precocida n.\u00b0 1 para nixtamalizado. Se diferencia de la harina de ma\u00edz nixtamalizado (PAN) porque se somete a un proceso especial con agua de cal, lo que le confiere el aut\u00e9ntico sabor mexicano.","robots":{"index":"index","follow":"follow","max-snippet":"max-snippet:-1","max-image-preview":"max-image-preview:large","max-video-preview":"max-video-preview:-1"},"canonical":"https:\/\/lavega.gr\/es\/producto\/harina-de-maiz-maseca-1-8kg\/","og_locale":"es_ES","og_type":"article","og_title":"Harina de ma\u00edz 'Maseca' (1,8 kg) | La Vega","og_description":"Harina de ma\u00edz blanco precocida n.\u00b0 1 para nixtamalizado. Se diferencia de la harina de ma\u00edz nixtamalizado (PAN) porque se somete a un proceso especial con agua de cal, lo que le confiere el aut\u00e9ntico sabor mexicano.","og_url":"https:\/\/lavega.gr\/es\/producto\/harina-de-maiz-maseca-1-8kg\/","og_site_name":"La Vega","article_modified_time":"2026-04-23T14:29:25+00:00","og_image":[{"width":1000,"height":1000,"url":"https:\/\/lavega.gr\/wp-content\/uploads\/2024\/04\/Harina-de-Maseca-1.8-kg.png","type":"image\/png"}],"twitter_card":"summary_large_image","twitter_misc":{"Tiempo de lectura":"1 minuto"},"schema":{"@context":"https:\/\/schema.org","@graph":[{"@type":"WebPage","@id":"https:\/\/lavega.gr\/es\/producto\/harina-de-maiz-maseca-1-8kg\/","url":"https:\/\/lavega.gr\/es\/producto\/harina-de-maiz-maseca-1-8kg\/","name":"Harina de ma\u00edz 'Maseca' (1,8 kg) | La Vega","isPartOf":{"@id":"https:\/\/lavega.gr\/#website"},"primaryImageOfPage":{"@id":"https:\/\/lavega.gr\/es\/producto\/harina-de-maiz-maseca-1-8kg\/#primaryimage"},"image":{"@id":"https:\/\/lavega.gr\/es\/producto\/harina-de-maiz-maseca-1-8kg\/#primaryimage"},"thumbnailUrl":"https:\/\/lavega.gr\/wp-content\/uploads\/2024\/04\/Harina-de-Maseca-1.8-kg.png","datePublished":"2024-04-19T09:16:01+00:00","dateModified":"2026-04-23T14:29:25+00:00","description":"Harina de ma\u00edz blanco precocida n.\u00b0 1 para nixtamalizado. Se diferencia de la harina de ma\u00edz nixtamalizado (PAN) porque se somete a un proceso especial con agua de cal, lo que le confiere el aut\u00e9ntico sabor mexicano.","breadcrumb":{"@id":"https:\/\/lavega.gr\/es\/producto\/harina-de-maiz-maseca-1-8kg\/#breadcrumb"},"inLanguage":"es","potentialAction":[{"@type":"ReadAction","target":["https:\/\/lavega.gr\/es\/producto\/harina-de-maiz-maseca-1-8kg\/"]}]},{"@type":"ImageObject","inLanguage":"es","@id":"https:\/\/lavega.gr\/es\/producto\/harina-de-maiz-maseca-1-8kg\/#primaryimage","url":"https:\/\/lavega.gr\/wp-content\/uploads\/2024\/04\/Harina-de-Maseca-1.8-kg.png","contentUrl":"https:\/\/lavega.gr\/wp-content\/uploads\/2024\/04\/Harina-de-Maseca-1.8-kg.png","width":1000,"height":1000},{"@type":"BreadcrumbList","@id":"https:\/\/lavega.gr\/es\/producto\/harina-de-maiz-maseca-1-8kg\/#breadcrumb","itemListElement":[{"@type":"ListItem","position":1,"name":"Home","item":"https:\/\/lavega.gr\/es\/"},{"@type":"ListItem","position":2,"name":"Productos","item":"https:\/\/lavega.gr\/es\/tienda\/"},{"@type":"ListItem","position":3,"name":"Harina de ma\u00edz &#8216;Maseca&#8217; (1,8 kg)"}]},{"@type":"WebSite","@id":"https:\/\/lavega.gr\/#website","url":"https:\/\/lavega.gr\/","name":"La Vega","description":"Productos Latinos","potentialAction":[{"@type":"SearchAction","target":{"@type":"EntryPoint","urlTemplate":"https:\/\/lavega.gr\/?s={search_term_string}"},"query-input":"required name=search_term_string"}],"inLanguage":"es"}]}},"_links":{"self":[{"href":"https:\/\/lavega.gr\/es\/wp-json\/wp\/v2\/product\/5114","targetHints":{"allow":["GET"]}}],"collection":[{"href":"https:\/\/lavega.gr\/es\/wp-json\/wp\/v2\/product"}],"about":[{"href":"https:\/\/lavega.gr\/es\/wp-json\/wp\/v2\/types\/product"}],"wp:featuredmedia":[{"embeddable":true,"href":"https:\/\/lavega.gr\/es\/wp-json\/wp\/v2\/media\/5116"}],"wp:attachment":[{"href":"https:\/\/lavega.gr\/es\/wp-json\/wp\/v2\/media?parent=5114"}],"wp:term":[{"taxonomy":"product_cat","embeddable":true,"href":"https:\/\/lavega.gr\/es\/wp-json\/wp\/v2\/product_cat?post=5114"},{"taxonomy":"product_tag","embeddable":true,"href":"https:\/\/lavega.gr\/es\/wp-json\/wp\/v2\/product_tag?post=5114"}],"curies":[{"name":"wp","href":"https:\/\/api.w.org\/{rel}","templated":true}]}}