{"id":4810,"date":"2024-01-21T13:32:54","date_gmt":"2024-01-21T11:32:54","guid":{"rendered":"https:\/\/lavega.gr\/?post_type=product&#038;p=4810"},"modified":"2025-07-24T16:22:34","modified_gmt":"2025-07-24T14:22:34","slug":"flan-vainilla-universal-250g","status":"publish","type":"product","link":"https:\/\/lavega.gr\/es\/producto\/flan-vainilla-universal-250g\/","title":{"rendered":"Flan Vainilla &#8216;Universal&#8217; (250g)"},"content":{"rendered":"<p>El flan (Creme Caramel) es un postre tradicional Peruano, \u00a1pero hay muchas versiones!<\/p>\n<p>La receta tradicional peruana de flan o flan de tres leches, &#8216;Tres Leches&#8217;, es muy popular en su cocina local y su diferencia con las recetas correspondientes es que \u00a1est\u00e1 aromatizado con naranja!<\/p>\n<p>\u00a1Un postre f\u00e1cil, r\u00e1pido y delicioso! Sin Gluten!<\/p>\n<p>\u00a1\u00a1Disfrutar!!<\/p>\n<p>| <em>Ingredientes<\/em>: az\u00facar, gelificante (carragenano) E407, almid\u00f3n de ma\u00edz, sal, aroma artificial de vainilla, aromas artificiales (amarillo de tartrazina (E102) y (E110)<\/p>\n<p>Calor\u00edas: 125kcal<br \/>\nGrasa: 3,7 g<br \/>\nAz\u00facares: 20g<br \/>\nSal: 0,14g<br \/>\nCarbohidratos: 20g<br \/>\nProte\u00ednas: 3g<br \/>\nFibra: 0g<\/p>\n<p>Pa\u00eds de origen: Per\u00fa<br \/>\nPeso neto: 250g<\/p>\n<p><em> <\/em><\/p>\n<p>&nbsp;<\/p>\n<p><img decoding=\"async\" class=\"emoji\" role=\"img\" draggable=\"false\" src=\"https:\/\/s.w.org\/images\/core\/emoji\/14.0.0\/svg\/2714.svg\" alt=\"\u2714\ufe0f\"> Sin gluten (Gluten Free)<\/p>\n","protected":false},"excerpt":{"rendered":"<p>El flan (Creme Caramel) es un postre tradicional Peruano, \u00a1pero hay muchas versiones! La receta tradicional peruana de flan o flan de tres leches, &#8216;Tres Leches&#8217;, es muy popular en su cocina local y su diferencia con las recetas correspondientes es que \u00a1est\u00e1 aromatizado con naranja! \u00a1Un postre f\u00e1cil, r\u00e1pido y delicioso! Sin Gluten! \u00a1\u00a1Disfrutar!!&#8230;<\/p>\n","protected":false},"featured_media":4806,"template":"","meta":[],"product_cat":[93,127,88],"product_tag":[],"class_list":{"0":"post-4810","1":"product","2":"type-product","3":"status-publish","4":"has-post-thumbnail","6":"product_cat-gluten-free-es","7":"product_cat-dulces-mermeladas","8":"product_cat-alimentos","10":"first","11":"outofstock","12":"taxable","13":"shipping-taxable","14":"purchasable","15":"product-type-simple"},"yoast_head":"<!-- This site is optimized with the Yoast SEO plugin v22.3 - https:\/\/yoast.com\/wordpress\/plugins\/seo\/ -->\n<title>Flan Vainilla &#039;Universal&#039; (250g) | La Vega<\/title>\n<meta name=\"description\" content=\"Para la receta tradicional de flan Peruano con tres leches y sabor a naranja, \u00a1los famosos &#039;Tres Leches con naranja&#039;! Sin Gluten!\" \/>\n<meta name=\"robots\" content=\"index, follow, max-snippet:-1, max-image-preview:large, max-video-preview:-1\" \/>\n<link rel=\"canonical\" href=\"https:\/\/lavega.gr\/es\/producto\/flan-vainilla-universal-250g\/\" \/>\n<meta property=\"og:locale\" content=\"es_ES\" \/>\n<meta property=\"og:type\" content=\"article\" \/>\n<meta property=\"og:title\" content=\"Flan Vainilla &#039;Universal&#039; (250g) | La Vega\" \/>\n<meta property=\"og:description\" content=\"Para la receta tradicional de flan Peruano con tres leches y sabor a naranja, \u00a1los famosos &#039;Tres Leches con naranja&#039;! Sin Gluten!\" \/>\n<meta property=\"og:url\" content=\"https:\/\/lavega.gr\/es\/producto\/flan-vainilla-universal-250g\/\" \/>\n<meta property=\"og:site_name\" content=\"La Vega\" \/>\n<meta property=\"article:modified_time\" content=\"2025-07-24T14:22:34+00:00\" \/>\n<meta property=\"og:image\" content=\"https:\/\/lavega.gr\/wp-content\/uploads\/2024\/01\/Flan-vainilla-universal-250g.png\" \/>\n\t<meta property=\"og:image:width\" content=\"1000\" \/>\n\t<meta property=\"og:image:height\" content=\"1000\" \/>\n\t<meta property=\"og:image:type\" content=\"image\/png\" \/>\n<meta name=\"twitter:card\" content=\"summary_large_image\" \/>\n<meta name=\"twitter:label1\" content=\"Tiempo de lectura\" \/>\n\t<meta name=\"twitter:data1\" content=\"1 minuto\" \/>\n<script type=\"application\/ld+json\" class=\"yoast-schema-graph\">{\"@context\":\"https:\/\/schema.org\",\"@graph\":[{\"@type\":\"WebPage\",\"@id\":\"https:\/\/lavega.gr\/es\/producto\/flan-vainilla-universal-250g\/\",\"url\":\"https:\/\/lavega.gr\/es\/producto\/flan-vainilla-universal-250g\/\",\"name\":\"Flan Vainilla 'Universal' (250g) | La Vega\",\"isPartOf\":{\"@id\":\"https:\/\/lavega.gr\/#website\"},\"primaryImageOfPage\":{\"@id\":\"https:\/\/lavega.gr\/es\/producto\/flan-vainilla-universal-250g\/#primaryimage\"},\"image\":{\"@id\":\"https:\/\/lavega.gr\/es\/producto\/flan-vainilla-universal-250g\/#primaryimage\"},\"thumbnailUrl\":\"https:\/\/lavega.gr\/wp-content\/uploads\/2024\/01\/Flan-vainilla-universal-250g.png\",\"datePublished\":\"2024-01-21T11:32:54+00:00\",\"dateModified\":\"2025-07-24T14:22:34+00:00\",\"description\":\"Para la receta tradicional de flan Peruano con tres leches y sabor a naranja, \u00a1los famosos 'Tres Leches con naranja'! Sin Gluten!\",\"breadcrumb\":{\"@id\":\"https:\/\/lavega.gr\/es\/producto\/flan-vainilla-universal-250g\/#breadcrumb\"},\"inLanguage\":\"es\",\"potentialAction\":[{\"@type\":\"ReadAction\",\"target\":[\"https:\/\/lavega.gr\/es\/producto\/flan-vainilla-universal-250g\/\"]}]},{\"@type\":\"ImageObject\",\"inLanguage\":\"es\",\"@id\":\"https:\/\/lavega.gr\/es\/producto\/flan-vainilla-universal-250g\/#primaryimage\",\"url\":\"https:\/\/lavega.gr\/wp-content\/uploads\/2024\/01\/Flan-vainilla-universal-250g.png\",\"contentUrl\":\"https:\/\/lavega.gr\/wp-content\/uploads\/2024\/01\/Flan-vainilla-universal-250g.png\",\"width\":1000,\"height\":1000},{\"@type\":\"BreadcrumbList\",\"@id\":\"https:\/\/lavega.gr\/es\/producto\/flan-vainilla-universal-250g\/#breadcrumb\",\"itemListElement\":[{\"@type\":\"ListItem\",\"position\":1,\"name\":\"Home\",\"item\":\"https:\/\/lavega.gr\/es\/\"},{\"@type\":\"ListItem\",\"position\":2,\"name\":\"Productos\",\"item\":\"https:\/\/lavega.gr\/es\/tienda\/\"},{\"@type\":\"ListItem\",\"position\":3,\"name\":\"Flan Vainilla &#8216;Universal&#8217; (250g)\"}]},{\"@type\":\"WebSite\",\"@id\":\"https:\/\/lavega.gr\/#website\",\"url\":\"https:\/\/lavega.gr\/\",\"name\":\"La Vega\",\"description\":\"Productos Latinos\",\"potentialAction\":[{\"@type\":\"SearchAction\",\"target\":{\"@type\":\"EntryPoint\",\"urlTemplate\":\"https:\/\/lavega.gr\/?s={search_term_string}\"},\"query-input\":\"required name=search_term_string\"}],\"inLanguage\":\"es\"}]}<\/script>\n<!-- \/ Yoast SEO plugin. -->","yoast_head_json":{"title":"Flan Vainilla 'Universal' (250g) | La Vega","description":"Para la receta tradicional de flan Peruano con tres leches y sabor a naranja, \u00a1los famosos 'Tres Leches con naranja'! Sin Gluten!","robots":{"index":"index","follow":"follow","max-snippet":"max-snippet:-1","max-image-preview":"max-image-preview:large","max-video-preview":"max-video-preview:-1"},"canonical":"https:\/\/lavega.gr\/es\/producto\/flan-vainilla-universal-250g\/","og_locale":"es_ES","og_type":"article","og_title":"Flan Vainilla 'Universal' (250g) | La Vega","og_description":"Para la receta tradicional de flan Peruano con tres leches y sabor a naranja, \u00a1los famosos 'Tres Leches con naranja'! Sin Gluten!","og_url":"https:\/\/lavega.gr\/es\/producto\/flan-vainilla-universal-250g\/","og_site_name":"La Vega","article_modified_time":"2025-07-24T14:22:34+00:00","og_image":[{"width":1000,"height":1000,"url":"https:\/\/lavega.gr\/wp-content\/uploads\/2024\/01\/Flan-vainilla-universal-250g.png","type":"image\/png"}],"twitter_card":"summary_large_image","twitter_misc":{"Tiempo de lectura":"1 minuto"},"schema":{"@context":"https:\/\/schema.org","@graph":[{"@type":"WebPage","@id":"https:\/\/lavega.gr\/es\/producto\/flan-vainilla-universal-250g\/","url":"https:\/\/lavega.gr\/es\/producto\/flan-vainilla-universal-250g\/","name":"Flan Vainilla 'Universal' (250g) | La Vega","isPartOf":{"@id":"https:\/\/lavega.gr\/#website"},"primaryImageOfPage":{"@id":"https:\/\/lavega.gr\/es\/producto\/flan-vainilla-universal-250g\/#primaryimage"},"image":{"@id":"https:\/\/lavega.gr\/es\/producto\/flan-vainilla-universal-250g\/#primaryimage"},"thumbnailUrl":"https:\/\/lavega.gr\/wp-content\/uploads\/2024\/01\/Flan-vainilla-universal-250g.png","datePublished":"2024-01-21T11:32:54+00:00","dateModified":"2025-07-24T14:22:34+00:00","description":"Para la receta tradicional de flan Peruano con tres leches y sabor a naranja, \u00a1los famosos 'Tres Leches con naranja'! Sin Gluten!","breadcrumb":{"@id":"https:\/\/lavega.gr\/es\/producto\/flan-vainilla-universal-250g\/#breadcrumb"},"inLanguage":"es","potentialAction":[{"@type":"ReadAction","target":["https:\/\/lavega.gr\/es\/producto\/flan-vainilla-universal-250g\/"]}]},{"@type":"ImageObject","inLanguage":"es","@id":"https:\/\/lavega.gr\/es\/producto\/flan-vainilla-universal-250g\/#primaryimage","url":"https:\/\/lavega.gr\/wp-content\/uploads\/2024\/01\/Flan-vainilla-universal-250g.png","contentUrl":"https:\/\/lavega.gr\/wp-content\/uploads\/2024\/01\/Flan-vainilla-universal-250g.png","width":1000,"height":1000},{"@type":"BreadcrumbList","@id":"https:\/\/lavega.gr\/es\/producto\/flan-vainilla-universal-250g\/#breadcrumb","itemListElement":[{"@type":"ListItem","position":1,"name":"Home","item":"https:\/\/lavega.gr\/es\/"},{"@type":"ListItem","position":2,"name":"Productos","item":"https:\/\/lavega.gr\/es\/tienda\/"},{"@type":"ListItem","position":3,"name":"Flan Vainilla &#8216;Universal&#8217; (250g)"}]},{"@type":"WebSite","@id":"https:\/\/lavega.gr\/#website","url":"https:\/\/lavega.gr\/","name":"La Vega","description":"Productos Latinos","potentialAction":[{"@type":"SearchAction","target":{"@type":"EntryPoint","urlTemplate":"https:\/\/lavega.gr\/?s={search_term_string}"},"query-input":"required name=search_term_string"}],"inLanguage":"es"}]}},"_links":{"self":[{"href":"https:\/\/lavega.gr\/es\/wp-json\/wp\/v2\/product\/4810","targetHints":{"allow":["GET"]}}],"collection":[{"href":"https:\/\/lavega.gr\/es\/wp-json\/wp\/v2\/product"}],"about":[{"href":"https:\/\/lavega.gr\/es\/wp-json\/wp\/v2\/types\/product"}],"wp:featuredmedia":[{"embeddable":true,"href":"https:\/\/lavega.gr\/es\/wp-json\/wp\/v2\/media\/4806"}],"wp:attachment":[{"href":"https:\/\/lavega.gr\/es\/wp-json\/wp\/v2\/media?parent=4810"}],"wp:term":[{"taxonomy":"product_cat","embeddable":true,"href":"https:\/\/lavega.gr\/es\/wp-json\/wp\/v2\/product_cat?post=4810"},{"taxonomy":"product_tag","embeddable":true,"href":"https:\/\/lavega.gr\/es\/wp-json\/wp\/v2\/product_tag?post=4810"}],"curies":[{"name":"wp","href":"https:\/\/api.w.org\/{rel}","templated":true}]}}