{"id":4727,"date":"2024-01-09T14:41:51","date_gmt":"2024-01-09T12:41:51","guid":{"rendered":"https:\/\/lavega.gr\/?post_type=product&#038;p=4727"},"modified":"2026-05-11T14:20:43","modified_gmt":"2026-05-11T12:20:43","slug":"platanitos-tortolines-con-sal-85g","status":"publish","type":"product","link":"https:\/\/lavega.gr\/es\/producto\/platanitos-tortolines-con-sal-85g\/","title":{"rendered":"Chips de Platanitos Tortolines con sal (85g)"},"content":{"rendered":"<p><strong>Qu\u00e9 son<\/strong>: Las Tortolines Saladas son las aut\u00e9nticas y crujientes patatas fritas hechas con pl\u00e1tano verde fresco. Fritas a la perfecci\u00f3n y sazonadas con la cantidad justa de sal, son el snack salado nacional de Latinoam\u00e9rica.<\/p>\n<p><b data-path-to-node=\"24\" data-index-in-node=\"236\">Consejo de La Vega<\/b>: Olv\u00eddate de las cl\u00e1sicas papas fritas. Abre una bolsa junto a tu cerveza bien fr\u00eda o agr\u00e9galas al lado de tu plato en lugar de pan.<\/p>\n","protected":false},"excerpt":{"rendered":"<p>Qu\u00e9 son: Las Tortolines Saladas son las aut\u00e9nticas y crujientes patatas fritas hechas con pl\u00e1tano verde fresco. Fritas a la perfecci\u00f3n y sazonadas con la cantidad justa de sal, son el snack salado nacional de Latinoam\u00e9rica. Consejo de La Vega: Olv\u00eddate de las cl\u00e1sicas papas fritas. Abre una bolsa junto a tu cerveza bien fr\u00eda&#8230;<\/p>\n","protected":false},"featured_media":4729,"template":"","meta":[],"product_cat":[88],"product_tag":[],"class_list":{"0":"post-4727","1":"product","2":"type-product","3":"status-publish","4":"has-post-thumbnail","6":"product_cat-ingredientes-autenticos","8":"first","9":"instock","10":"taxable","11":"shipping-taxable","12":"purchasable","13":"product-type-simple"},"yoast_head":"<!-- This site is optimized with the Yoast SEO plugin v22.3 - https:\/\/yoast.com\/wordpress\/plugins\/seo\/ -->\n<title>Chips de Platanitos Tortolines con sal (85g) | La Vega<\/title>\n<meta name=\"description\" content=\"Los chips de pl\u00e1tano m\u00e1s codiciados de Latinoam\u00e9rica, conocidos como Platanitos, son un delicioso tentempi\u00e9 para disfrutar a cualquier hora del d\u00eda.\" \/>\n<meta name=\"robots\" content=\"index, follow, max-snippet:-1, max-image-preview:large, max-video-preview:-1\" \/>\n<link rel=\"canonical\" href=\"https:\/\/lavega.gr\/producto\/\u03c0\u03b1\u03c4\u03b1\u03c4\u03ac\u03ba\u03b9\u03b1-platanitos-tortolines-con-sal-85g\/\" \/>\n<meta property=\"og:locale\" content=\"es_ES\" \/>\n<meta property=\"og:type\" content=\"article\" \/>\n<meta property=\"og:title\" content=\"Chips de Platanitos Tortolines con sal (85g) | La Vega\" \/>\n<meta property=\"og:description\" content=\"Los chips de pl\u00e1tano m\u00e1s codiciados de Latinoam\u00e9rica, conocidos como Platanitos, son un delicioso tentempi\u00e9 para disfrutar a cualquier hora del d\u00eda.\" \/>\n<meta property=\"og:url\" content=\"https:\/\/lavega.gr\/producto\/\u03c0\u03b1\u03c4\u03b1\u03c4\u03ac\u03ba\u03b9\u03b1-platanitos-tortolines-con-sal-85g\/\" \/>\n<meta property=\"og:site_name\" content=\"La Vega\" \/>\n<meta property=\"article:modified_time\" content=\"2026-05-11T12:20:43+00:00\" \/>\n<meta property=\"og:image\" content=\"https:\/\/lavega.gr\/wp-content\/uploads\/2024\/01\/Platanitos-con-sal-tortolines-85g.png\" \/>\n\t<meta property=\"og:image:width\" content=\"1000\" \/>\n\t<meta property=\"og:image:height\" content=\"1000\" \/>\n\t<meta property=\"og:image:type\" content=\"image\/png\" \/>\n<meta name=\"twitter:card\" content=\"summary_large_image\" \/>\n<meta name=\"twitter:label1\" content=\"Tiempo de lectura\" \/>\n\t<meta name=\"twitter:data1\" content=\"1 minuto\" \/>\n<script type=\"application\/ld+json\" class=\"yoast-schema-graph\">{\"@context\":\"https:\/\/schema.org\",\"@graph\":[{\"@type\":\"WebPage\",\"@id\":\"https:\/\/lavega.gr\/producto\/%cf%80%ce%b1%cf%84%ce%b1%cf%84%ce%ac%ce%ba%ce%b9%ce%b1-platanitos-tortolines-con-sal-85g\/\",\"url\":\"https:\/\/lavega.gr\/producto\/%cf%80%ce%b1%cf%84%ce%b1%cf%84%ce%ac%ce%ba%ce%b9%ce%b1-platanitos-tortolines-con-sal-85g\/\",\"name\":\"Chips de Platanitos Tortolines con sal (85g) | La Vega\",\"isPartOf\":{\"@id\":\"https:\/\/lavega.gr\/#website\"},\"primaryImageOfPage\":{\"@id\":\"https:\/\/lavega.gr\/producto\/%cf%80%ce%b1%cf%84%ce%b1%cf%84%ce%ac%ce%ba%ce%b9%ce%b1-platanitos-tortolines-con-sal-85g\/#primaryimage\"},\"image\":{\"@id\":\"https:\/\/lavega.gr\/producto\/%cf%80%ce%b1%cf%84%ce%b1%cf%84%ce%ac%ce%ba%ce%b9%ce%b1-platanitos-tortolines-con-sal-85g\/#primaryimage\"},\"thumbnailUrl\":\"https:\/\/lavega.gr\/wp-content\/uploads\/2024\/01\/Platanitos-con-sal-tortolines-85g.png\",\"datePublished\":\"2024-01-09T12:41:51+00:00\",\"dateModified\":\"2026-05-11T12:20:43+00:00\",\"description\":\"Los chips de pl\u00e1tano m\u00e1s codiciados de Latinoam\u00e9rica, conocidos como Platanitos, son un delicioso tentempi\u00e9 para disfrutar a cualquier hora del d\u00eda.\",\"breadcrumb\":{\"@id\":\"https:\/\/lavega.gr\/producto\/%cf%80%ce%b1%cf%84%ce%b1%cf%84%ce%ac%ce%ba%ce%b9%ce%b1-platanitos-tortolines-con-sal-85g\/#breadcrumb\"},\"inLanguage\":\"es\",\"potentialAction\":[{\"@type\":\"ReadAction\",\"target\":[\"https:\/\/lavega.gr\/producto\/%cf%80%ce%b1%cf%84%ce%b1%cf%84%ce%ac%ce%ba%ce%b9%ce%b1-platanitos-tortolines-con-sal-85g\/\"]}]},{\"@type\":\"ImageObject\",\"inLanguage\":\"es\",\"@id\":\"https:\/\/lavega.gr\/producto\/%cf%80%ce%b1%cf%84%ce%b1%cf%84%ce%ac%ce%ba%ce%b9%ce%b1-platanitos-tortolines-con-sal-85g\/#primaryimage\",\"url\":\"https:\/\/lavega.gr\/wp-content\/uploads\/2024\/01\/Platanitos-con-sal-tortolines-85g.png\",\"contentUrl\":\"https:\/\/lavega.gr\/wp-content\/uploads\/2024\/01\/Platanitos-con-sal-tortolines-85g.png\",\"width\":1000,\"height\":1000},{\"@type\":\"BreadcrumbList\",\"@id\":\"https:\/\/lavega.gr\/producto\/%cf%80%ce%b1%cf%84%ce%b1%cf%84%ce%ac%ce%ba%ce%b9%ce%b1-platanitos-tortolines-con-sal-85g\/#breadcrumb\",\"itemListElement\":[{\"@type\":\"ListItem\",\"position\":1,\"name\":\"Home\",\"item\":\"https:\/\/lavega.gr\/es\/\"},{\"@type\":\"ListItem\",\"position\":2,\"name\":\"Productos\",\"item\":\"https:\/\/lavega.gr\/es\/tienda\/\"},{\"@type\":\"ListItem\",\"position\":3,\"name\":\"Chips de Platanitos Tortolines con sal (85g)\"}]},{\"@type\":\"WebSite\",\"@id\":\"https:\/\/lavega.gr\/#website\",\"url\":\"https:\/\/lavega.gr\/\",\"name\":\"La Vega\",\"description\":\"Productos Latinos\",\"potentialAction\":[{\"@type\":\"SearchAction\",\"target\":{\"@type\":\"EntryPoint\",\"urlTemplate\":\"https:\/\/lavega.gr\/?s={search_term_string}\"},\"query-input\":\"required name=search_term_string\"}],\"inLanguage\":\"es\"}]}<\/script>\n<!-- \/ Yoast SEO plugin. -->","yoast_head_json":{"title":"Chips de Platanitos Tortolines con sal (85g) | La Vega","description":"Los chips de pl\u00e1tano m\u00e1s codiciados de Latinoam\u00e9rica, conocidos como Platanitos, son un delicioso tentempi\u00e9 para disfrutar a cualquier hora del d\u00eda.","robots":{"index":"index","follow":"follow","max-snippet":"max-snippet:-1","max-image-preview":"max-image-preview:large","max-video-preview":"max-video-preview:-1"},"canonical":"https:\/\/lavega.gr\/producto\/\u03c0\u03b1\u03c4\u03b1\u03c4\u03ac\u03ba\u03b9\u03b1-platanitos-tortolines-con-sal-85g\/","og_locale":"es_ES","og_type":"article","og_title":"Chips de Platanitos Tortolines con sal (85g) | La Vega","og_description":"Los chips de pl\u00e1tano m\u00e1s codiciados de Latinoam\u00e9rica, conocidos como Platanitos, son un delicioso tentempi\u00e9 para disfrutar a cualquier hora del d\u00eda.","og_url":"https:\/\/lavega.gr\/producto\/\u03c0\u03b1\u03c4\u03b1\u03c4\u03ac\u03ba\u03b9\u03b1-platanitos-tortolines-con-sal-85g\/","og_site_name":"La Vega","article_modified_time":"2026-05-11T12:20:43+00:00","og_image":[{"width":1000,"height":1000,"url":"https:\/\/lavega.gr\/wp-content\/uploads\/2024\/01\/Platanitos-con-sal-tortolines-85g.png","type":"image\/png"}],"twitter_card":"summary_large_image","twitter_misc":{"Tiempo de lectura":"1 minuto"},"schema":{"@context":"https:\/\/schema.org","@graph":[{"@type":"WebPage","@id":"https:\/\/lavega.gr\/producto\/%cf%80%ce%b1%cf%84%ce%b1%cf%84%ce%ac%ce%ba%ce%b9%ce%b1-platanitos-tortolines-con-sal-85g\/","url":"https:\/\/lavega.gr\/producto\/%cf%80%ce%b1%cf%84%ce%b1%cf%84%ce%ac%ce%ba%ce%b9%ce%b1-platanitos-tortolines-con-sal-85g\/","name":"Chips de Platanitos Tortolines con sal (85g) | La Vega","isPartOf":{"@id":"https:\/\/lavega.gr\/#website"},"primaryImageOfPage":{"@id":"https:\/\/lavega.gr\/producto\/%cf%80%ce%b1%cf%84%ce%b1%cf%84%ce%ac%ce%ba%ce%b9%ce%b1-platanitos-tortolines-con-sal-85g\/#primaryimage"},"image":{"@id":"https:\/\/lavega.gr\/producto\/%cf%80%ce%b1%cf%84%ce%b1%cf%84%ce%ac%ce%ba%ce%b9%ce%b1-platanitos-tortolines-con-sal-85g\/#primaryimage"},"thumbnailUrl":"https:\/\/lavega.gr\/wp-content\/uploads\/2024\/01\/Platanitos-con-sal-tortolines-85g.png","datePublished":"2024-01-09T12:41:51+00:00","dateModified":"2026-05-11T12:20:43+00:00","description":"Los chips de pl\u00e1tano m\u00e1s codiciados de Latinoam\u00e9rica, conocidos como Platanitos, son un delicioso tentempi\u00e9 para disfrutar a cualquier hora del d\u00eda.","breadcrumb":{"@id":"https:\/\/lavega.gr\/producto\/%cf%80%ce%b1%cf%84%ce%b1%cf%84%ce%ac%ce%ba%ce%b9%ce%b1-platanitos-tortolines-con-sal-85g\/#breadcrumb"},"inLanguage":"es","potentialAction":[{"@type":"ReadAction","target":["https:\/\/lavega.gr\/producto\/%cf%80%ce%b1%cf%84%ce%b1%cf%84%ce%ac%ce%ba%ce%b9%ce%b1-platanitos-tortolines-con-sal-85g\/"]}]},{"@type":"ImageObject","inLanguage":"es","@id":"https:\/\/lavega.gr\/producto\/%cf%80%ce%b1%cf%84%ce%b1%cf%84%ce%ac%ce%ba%ce%b9%ce%b1-platanitos-tortolines-con-sal-85g\/#primaryimage","url":"https:\/\/lavega.gr\/wp-content\/uploads\/2024\/01\/Platanitos-con-sal-tortolines-85g.png","contentUrl":"https:\/\/lavega.gr\/wp-content\/uploads\/2024\/01\/Platanitos-con-sal-tortolines-85g.png","width":1000,"height":1000},{"@type":"BreadcrumbList","@id":"https:\/\/lavega.gr\/producto\/%cf%80%ce%b1%cf%84%ce%b1%cf%84%ce%ac%ce%ba%ce%b9%ce%b1-platanitos-tortolines-con-sal-85g\/#breadcrumb","itemListElement":[{"@type":"ListItem","position":1,"name":"Home","item":"https:\/\/lavega.gr\/es\/"},{"@type":"ListItem","position":2,"name":"Productos","item":"https:\/\/lavega.gr\/es\/tienda\/"},{"@type":"ListItem","position":3,"name":"Chips de Platanitos Tortolines con sal (85g)"}]},{"@type":"WebSite","@id":"https:\/\/lavega.gr\/#website","url":"https:\/\/lavega.gr\/","name":"La Vega","description":"Productos Latinos","potentialAction":[{"@type":"SearchAction","target":{"@type":"EntryPoint","urlTemplate":"https:\/\/lavega.gr\/?s={search_term_string}"},"query-input":"required name=search_term_string"}],"inLanguage":"es"}]}},"_links":{"self":[{"href":"https:\/\/lavega.gr\/es\/wp-json\/wp\/v2\/product\/4727","targetHints":{"allow":["GET"]}}],"collection":[{"href":"https:\/\/lavega.gr\/es\/wp-json\/wp\/v2\/product"}],"about":[{"href":"https:\/\/lavega.gr\/es\/wp-json\/wp\/v2\/types\/product"}],"wp:featuredmedia":[{"embeddable":true,"href":"https:\/\/lavega.gr\/es\/wp-json\/wp\/v2\/media\/4729"}],"wp:attachment":[{"href":"https:\/\/lavega.gr\/es\/wp-json\/wp\/v2\/media?parent=4727"}],"wp:term":[{"taxonomy":"product_cat","embeddable":true,"href":"https:\/\/lavega.gr\/es\/wp-json\/wp\/v2\/product_cat?post=4727"},{"taxonomy":"product_tag","embeddable":true,"href":"https:\/\/lavega.gr\/es\/wp-json\/wp\/v2\/product_tag?post=4727"}],"curies":[{"name":"wp","href":"https:\/\/api.w.org\/{rel}","templated":true}]}}