{"id":4551,"date":"2023-11-04T01:05:36","date_gmt":"2023-11-03T23:05:36","guid":{"rendered":"https:\/\/lavega.gr\/product\/galletas-ducales-noel-294g\/"},"modified":"2025-11-07T22:30:23","modified_gmt":"2025-11-07T20:30:23","slug":"galletas-ducales-noel-294g","status":"publish","type":"product","link":"https:\/\/lavega.gr\/es\/producto\/galletas-ducales-noel-294g\/","title":{"rendered":"Galletas &#8216;Ducales Noel&#8217; (294g)"},"content":{"rendered":"<p>\u00a1La combinaci\u00f3n perfecta de dulce y salado, crujiente y suave, ligera y deliciosa!<\/p>\n<p>\u00a1La tradicional presentaci\u00f3n presencial de Ducales trae toda la magia del toque secreto de Colombia que har\u00e1 de cada comida tuya un momento especial!<br \/>\nLas galletas <strong>Ducales Noel<\/strong> son perfectas para cualquier momento en familia, para acompa\u00f1ar deliciosos desayunos, para una tarde hambrienta, entre comidas o para llevar a la oficina.<\/p>\n<p>\u00a1Disfr\u00fatalos con una cucharada de mermelada de guayaba encima o prepara dulces caseros sencillos pero deliciosos con tu familia y amigos! \u00a1Tambi\u00e9n se sirven con caf\u00e9 o t\u00e9!<\/p>\n<p><em><strong>Ingredientes<\/strong><\/em>: harina de trigo (gluten), aceite de palma, az\u00facar, cebada, huevos, agua, sal, soja, leche en polvo<\/p>\n<p>Por 100 gramos<\/p>\n<p>Valor energ\u00e9tico: 474kcal<br \/>\nGrasa: 18g<br \/>\nCarbohidratos: 70g<br \/>\nFibra: 2,1g<br \/>\nProte\u00ednas: 8,1g<br \/>\nSal: 1,3g<\/p>\n<p>Pa\u00eds de origen: Colombia<br \/>\nPeso neto: 254g<\/p>\n","protected":false},"excerpt":{"rendered":"<p>\u00a1La combinaci\u00f3n perfecta de dulce y salado, crujiente y suave, ligera y deliciosa! \u00a1La tradicional presentaci\u00f3n presencial de Ducales trae toda la magia del toque secreto de Colombia que har\u00e1 de cada comida tuya un momento especial! Las galletas Ducales Noel son perfectas para cualquier momento en familia, para acompa\u00f1ar deliciosos desayunos, para una tarde&#8230;<\/p>\n","protected":false},"featured_media":4547,"template":"","meta":[],"product_cat":[131,88],"product_tag":[],"class_list":{"0":"post-4551","1":"product","2":"type-product","3":"status-publish","4":"has-post-thumbnail","6":"product_cat-snacks-productos-salados","7":"product_cat-alimentos","9":"first","10":"instock","11":"taxable","12":"shipping-taxable","13":"purchasable","14":"product-type-simple"},"yoast_head":"<!-- This site is optimized with the Yoast SEO plugin v22.3 - https:\/\/yoast.com\/wordpress\/plugins\/seo\/ -->\n<title>Galletas &#039;Ducales Noel&#039; (294g) | La Vega<\/title>\n<meta name=\"description\" content=\"\u00a1Salado y dulce! \u00a1Crujientes y suaves! \u00a1Adictivo y divertido! \u00a1Toda la magia del toque secreto de Colombia!\" \/>\n<meta name=\"robots\" content=\"index, follow, max-snippet:-1, max-image-preview:large, max-video-preview:-1\" \/>\n<link rel=\"canonical\" href=\"https:\/\/lavega.gr\/es\/producto\/galletas-ducales-noel-294g\/\" \/>\n<meta property=\"og:locale\" content=\"es_ES\" \/>\n<meta property=\"og:type\" content=\"article\" \/>\n<meta property=\"og:title\" content=\"Galletas &#039;Ducales Noel&#039; (294g) | La Vega\" \/>\n<meta property=\"og:description\" content=\"\u00a1Salado y dulce! \u00a1Crujientes y suaves! \u00a1Adictivo y divertido! \u00a1Toda la magia del toque secreto de Colombia!\" \/>\n<meta property=\"og:url\" content=\"https:\/\/lavega.gr\/es\/producto\/galletas-ducales-noel-294g\/\" \/>\n<meta property=\"og:site_name\" content=\"La Vega\" \/>\n<meta property=\"article:modified_time\" content=\"2025-11-07T20:30:23+00:00\" \/>\n<meta property=\"og:image\" content=\"https:\/\/lavega.gr\/wp-content\/uploads\/2023\/11\/GALLETAS-NOEL-DUCALES-CRACKERS-294g_-1.png\" \/>\n\t<meta property=\"og:image:width\" content=\"1000\" \/>\n\t<meta property=\"og:image:height\" content=\"1000\" \/>\n\t<meta property=\"og:image:type\" content=\"image\/png\" \/>\n<meta name=\"twitter:card\" content=\"summary_large_image\" \/>\n<meta name=\"twitter:label1\" content=\"Tiempo de lectura\" \/>\n\t<meta name=\"twitter:data1\" content=\"1 minuto\" \/>\n<script type=\"application\/ld+json\" class=\"yoast-schema-graph\">{\"@context\":\"https:\/\/schema.org\",\"@graph\":[{\"@type\":\"WebPage\",\"@id\":\"https:\/\/lavega.gr\/es\/producto\/galletas-ducales-noel-294g\/\",\"url\":\"https:\/\/lavega.gr\/es\/producto\/galletas-ducales-noel-294g\/\",\"name\":\"Galletas 'Ducales Noel' (294g) | La Vega\",\"isPartOf\":{\"@id\":\"https:\/\/lavega.gr\/#website\"},\"primaryImageOfPage\":{\"@id\":\"https:\/\/lavega.gr\/es\/producto\/galletas-ducales-noel-294g\/#primaryimage\"},\"image\":{\"@id\":\"https:\/\/lavega.gr\/es\/producto\/galletas-ducales-noel-294g\/#primaryimage\"},\"thumbnailUrl\":\"https:\/\/lavega.gr\/wp-content\/uploads\/2023\/11\/GALLETAS-NOEL-DUCALES-CRACKERS-294g_-1.png\",\"datePublished\":\"2023-11-03T23:05:36+00:00\",\"dateModified\":\"2025-11-07T20:30:23+00:00\",\"description\":\"\u00a1Salado y dulce! \u00a1Crujientes y suaves! \u00a1Adictivo y divertido! \u00a1Toda la magia del toque secreto de Colombia!\",\"breadcrumb\":{\"@id\":\"https:\/\/lavega.gr\/es\/producto\/galletas-ducales-noel-294g\/#breadcrumb\"},\"inLanguage\":\"es\",\"potentialAction\":[{\"@type\":\"ReadAction\",\"target\":[\"https:\/\/lavega.gr\/es\/producto\/galletas-ducales-noel-294g\/\"]}]},{\"@type\":\"ImageObject\",\"inLanguage\":\"es\",\"@id\":\"https:\/\/lavega.gr\/es\/producto\/galletas-ducales-noel-294g\/#primaryimage\",\"url\":\"https:\/\/lavega.gr\/wp-content\/uploads\/2023\/11\/GALLETAS-NOEL-DUCALES-CRACKERS-294g_-1.png\",\"contentUrl\":\"https:\/\/lavega.gr\/wp-content\/uploads\/2023\/11\/GALLETAS-NOEL-DUCALES-CRACKERS-294g_-1.png\",\"width\":1000,\"height\":1000},{\"@type\":\"BreadcrumbList\",\"@id\":\"https:\/\/lavega.gr\/es\/producto\/galletas-ducales-noel-294g\/#breadcrumb\",\"itemListElement\":[{\"@type\":\"ListItem\",\"position\":1,\"name\":\"Home\",\"item\":\"https:\/\/lavega.gr\/es\/\"},{\"@type\":\"ListItem\",\"position\":2,\"name\":\"Productos\",\"item\":\"https:\/\/lavega.gr\/es\/tienda\/\"},{\"@type\":\"ListItem\",\"position\":3,\"name\":\"Galletas &#8216;Ducales Noel&#8217; (294g)\"}]},{\"@type\":\"WebSite\",\"@id\":\"https:\/\/lavega.gr\/#website\",\"url\":\"https:\/\/lavega.gr\/\",\"name\":\"La Vega\",\"description\":\"Productos Latinos\",\"potentialAction\":[{\"@type\":\"SearchAction\",\"target\":{\"@type\":\"EntryPoint\",\"urlTemplate\":\"https:\/\/lavega.gr\/?s={search_term_string}\"},\"query-input\":\"required name=search_term_string\"}],\"inLanguage\":\"es\"}]}<\/script>\n<!-- \/ Yoast SEO plugin. -->","yoast_head_json":{"title":"Galletas 'Ducales Noel' (294g) | La Vega","description":"\u00a1Salado y dulce! \u00a1Crujientes y suaves! \u00a1Adictivo y divertido! \u00a1Toda la magia del toque secreto de Colombia!","robots":{"index":"index","follow":"follow","max-snippet":"max-snippet:-1","max-image-preview":"max-image-preview:large","max-video-preview":"max-video-preview:-1"},"canonical":"https:\/\/lavega.gr\/es\/producto\/galletas-ducales-noel-294g\/","og_locale":"es_ES","og_type":"article","og_title":"Galletas 'Ducales Noel' (294g) | La Vega","og_description":"\u00a1Salado y dulce! \u00a1Crujientes y suaves! \u00a1Adictivo y divertido! \u00a1Toda la magia del toque secreto de Colombia!","og_url":"https:\/\/lavega.gr\/es\/producto\/galletas-ducales-noel-294g\/","og_site_name":"La Vega","article_modified_time":"2025-11-07T20:30:23+00:00","og_image":[{"width":1000,"height":1000,"url":"https:\/\/lavega.gr\/wp-content\/uploads\/2023\/11\/GALLETAS-NOEL-DUCALES-CRACKERS-294g_-1.png","type":"image\/png"}],"twitter_card":"summary_large_image","twitter_misc":{"Tiempo de lectura":"1 minuto"},"schema":{"@context":"https:\/\/schema.org","@graph":[{"@type":"WebPage","@id":"https:\/\/lavega.gr\/es\/producto\/galletas-ducales-noel-294g\/","url":"https:\/\/lavega.gr\/es\/producto\/galletas-ducales-noel-294g\/","name":"Galletas 'Ducales Noel' (294g) | La Vega","isPartOf":{"@id":"https:\/\/lavega.gr\/#website"},"primaryImageOfPage":{"@id":"https:\/\/lavega.gr\/es\/producto\/galletas-ducales-noel-294g\/#primaryimage"},"image":{"@id":"https:\/\/lavega.gr\/es\/producto\/galletas-ducales-noel-294g\/#primaryimage"},"thumbnailUrl":"https:\/\/lavega.gr\/wp-content\/uploads\/2023\/11\/GALLETAS-NOEL-DUCALES-CRACKERS-294g_-1.png","datePublished":"2023-11-03T23:05:36+00:00","dateModified":"2025-11-07T20:30:23+00:00","description":"\u00a1Salado y dulce! \u00a1Crujientes y suaves! \u00a1Adictivo y divertido! \u00a1Toda la magia del toque secreto de Colombia!","breadcrumb":{"@id":"https:\/\/lavega.gr\/es\/producto\/galletas-ducales-noel-294g\/#breadcrumb"},"inLanguage":"es","potentialAction":[{"@type":"ReadAction","target":["https:\/\/lavega.gr\/es\/producto\/galletas-ducales-noel-294g\/"]}]},{"@type":"ImageObject","inLanguage":"es","@id":"https:\/\/lavega.gr\/es\/producto\/galletas-ducales-noel-294g\/#primaryimage","url":"https:\/\/lavega.gr\/wp-content\/uploads\/2023\/11\/GALLETAS-NOEL-DUCALES-CRACKERS-294g_-1.png","contentUrl":"https:\/\/lavega.gr\/wp-content\/uploads\/2023\/11\/GALLETAS-NOEL-DUCALES-CRACKERS-294g_-1.png","width":1000,"height":1000},{"@type":"BreadcrumbList","@id":"https:\/\/lavega.gr\/es\/producto\/galletas-ducales-noel-294g\/#breadcrumb","itemListElement":[{"@type":"ListItem","position":1,"name":"Home","item":"https:\/\/lavega.gr\/es\/"},{"@type":"ListItem","position":2,"name":"Productos","item":"https:\/\/lavega.gr\/es\/tienda\/"},{"@type":"ListItem","position":3,"name":"Galletas &#8216;Ducales Noel&#8217; (294g)"}]},{"@type":"WebSite","@id":"https:\/\/lavega.gr\/#website","url":"https:\/\/lavega.gr\/","name":"La Vega","description":"Productos Latinos","potentialAction":[{"@type":"SearchAction","target":{"@type":"EntryPoint","urlTemplate":"https:\/\/lavega.gr\/?s={search_term_string}"},"query-input":"required name=search_term_string"}],"inLanguage":"es"}]}},"_links":{"self":[{"href":"https:\/\/lavega.gr\/es\/wp-json\/wp\/v2\/product\/4551","targetHints":{"allow":["GET"]}}],"collection":[{"href":"https:\/\/lavega.gr\/es\/wp-json\/wp\/v2\/product"}],"about":[{"href":"https:\/\/lavega.gr\/es\/wp-json\/wp\/v2\/types\/product"}],"wp:featuredmedia":[{"embeddable":true,"href":"https:\/\/lavega.gr\/es\/wp-json\/wp\/v2\/media\/4547"}],"wp:attachment":[{"href":"https:\/\/lavega.gr\/es\/wp-json\/wp\/v2\/media?parent=4551"}],"wp:term":[{"taxonomy":"product_cat","embeddable":true,"href":"https:\/\/lavega.gr\/es\/wp-json\/wp\/v2\/product_cat?post=4551"},{"taxonomy":"product_tag","embeddable":true,"href":"https:\/\/lavega.gr\/es\/wp-json\/wp\/v2\/product_tag?post=4551"}],"curies":[{"name":"wp","href":"https:\/\/api.w.org\/{rel}","templated":true}]}}