{"id":4549,"date":"2023-11-04T00:58:13","date_gmt":"2023-11-03T22:58:13","guid":{"rendered":"https:\/\/lavega.gr\/product\/harina-fina-de-maiz-maizena-400g\/"},"modified":"2026-03-30T21:50:16","modified_gmt":"2026-03-30T19:50:16","slug":"harina-fina-de-maiz-maizena-400g","status":"publish","type":"product","link":"https:\/\/lavega.gr\/es\/producto\/harina-fina-de-maiz-maizena-400g\/","title":{"rendered":"Harina de ma\u00edz &#8216;Maizena&#8217; (250g)"},"content":{"rendered":"<p>\u00a1Durante m\u00e1s de 130 a\u00f1os en Am\u00e9rica Latina, <strong>Maizena \u00ae<\/strong> ha sido la marca de maicena n\u00famero uno en preferencias para hornear y cocinar!<\/p>\n<p>Incre\u00edblemente vers\u00e1til, ligero, de f\u00e1cil digesti\u00f3n, sin gluten y elaborado a base de ma\u00edz 100% natural. Es muy utilizado en salsas, cremas, sopas, papillas y compotas, con la funci\u00f3n de espesarlas.<\/p>\n<p>Tambi\u00e9n es un ingrediente en postres (por ejemplo, hace que el bizcocho sea m\u00e1s esponjoso) y masas (por ejemplo, para pizza, hace que quede m\u00e1s crujiente) que, por su sabor neutro, no tapa el sabor de la comida y da una textura suave y tersa y cohesi\u00f3n.<\/p>\n<p>Tambi\u00e9n se utiliza para preparar diversos platos tradicionales como Sequilhos Maizena\u00ae, para rebozar carnes, aves, pescados y \u00a1entre muchas otras preparaciones caseras!<\/p>\n<p>\u2714\ufe0f Sin Gluten (Gluten Free)<\/p>\n<p>Ideal para salsas y galletas<\/p>\n<p>Por 100 gramos<\/p>\n<p>Valor energ\u00e9tico: 355kcal<br \/>\nGrasa: &lt; 0,5 g<br \/>\nCarbohidratos: 86g<br \/>\nFibra: 1g<br \/>\nProte\u00ednas: &lt;0,5g<br \/>\nSal: &lt;0,01g<\/p>\n<p>Peso neto: 250g<\/p>\n","protected":false},"excerpt":{"rendered":"<p>\u00a1Durante m\u00e1s de 130 a\u00f1os en Am\u00e9rica Latina, Maizena \u00ae ha sido la marca de maicena n\u00famero uno en preferencias para hornear y cocinar! Incre\u00edblemente vers\u00e1til, ligero, de f\u00e1cil digesti\u00f3n, sin gluten y elaborado a base de ma\u00edz 100% natural. Es muy utilizado en salsas, cremas, sopas, papillas y compotas, con la funci\u00f3n de espesarlas&#8230;.<\/p>\n","protected":false},"featured_media":4543,"template":"","meta":[],"product_cat":[93,126,88],"product_tag":[],"class_list":{"0":"post-4549","1":"product","2":"type-product","3":"status-publish","4":"has-post-thumbnail","6":"product_cat-gluten-free-es","7":"product_cat-harinas","8":"product_cat-alimentos","10":"first","11":"outofstock","12":"taxable","13":"shipping-taxable","14":"purchasable","15":"product-type-simple"},"yoast_head":"<!-- This site is optimized with the Yoast SEO plugin v22.3 - https:\/\/yoast.com\/wordpress\/plugins\/seo\/ -->\n<title>Harina de ma\u00edz &#039;Maizena&#039; (250g) | La Vega<\/title>\n<meta name=\"description\" content=\"Maizena\u00ae es la marca n\u00famero uno de almid\u00f3n de ma\u00edz en Latinoam\u00e9rica para uso en reposter\u00eda y cocina \u00a1especialmente sin gluten!\" \/>\n<meta name=\"robots\" content=\"index, follow, max-snippet:-1, max-image-preview:large, max-video-preview:-1\" \/>\n<link rel=\"canonical\" href=\"https:\/\/lavega.gr\/es\/producto\/harina-fina-de-maiz-maizena-400g\/\" \/>\n<meta property=\"og:locale\" content=\"es_ES\" \/>\n<meta property=\"og:type\" content=\"article\" \/>\n<meta property=\"og:title\" content=\"Harina de ma\u00edz &#039;Maizena&#039; (250g) | La Vega\" \/>\n<meta property=\"og:description\" content=\"Maizena\u00ae es la marca n\u00famero uno de almid\u00f3n de ma\u00edz en Latinoam\u00e9rica para uso en reposter\u00eda y cocina \u00a1especialmente sin gluten!\" \/>\n<meta property=\"og:url\" content=\"https:\/\/lavega.gr\/es\/producto\/harina-fina-de-maiz-maizena-400g\/\" \/>\n<meta property=\"og:site_name\" content=\"La Vega\" \/>\n<meta property=\"article:modified_time\" content=\"2026-03-30T19:50:16+00:00\" \/>\n<meta property=\"og:image\" content=\"https:\/\/lavega.gr\/wp-content\/uploads\/2023\/11\/HARINA-MAIZENA-AMIDO-MAIS-400g_-1.png\" \/>\n\t<meta property=\"og:image:width\" content=\"1000\" \/>\n\t<meta property=\"og:image:height\" content=\"1000\" \/>\n\t<meta property=\"og:image:type\" content=\"image\/png\" \/>\n<meta name=\"twitter:card\" content=\"summary_large_image\" \/>\n<meta name=\"twitter:label1\" content=\"Tiempo de lectura\" \/>\n\t<meta name=\"twitter:data1\" content=\"1 minuto\" \/>\n<script type=\"application\/ld+json\" class=\"yoast-schema-graph\">{\"@context\":\"https:\/\/schema.org\",\"@graph\":[{\"@type\":\"WebPage\",\"@id\":\"https:\/\/lavega.gr\/es\/producto\/harina-fina-de-maiz-maizena-400g\/\",\"url\":\"https:\/\/lavega.gr\/es\/producto\/harina-fina-de-maiz-maizena-400g\/\",\"name\":\"Harina de ma\u00edz 'Maizena' (250g) | La Vega\",\"isPartOf\":{\"@id\":\"https:\/\/lavega.gr\/#website\"},\"primaryImageOfPage\":{\"@id\":\"https:\/\/lavega.gr\/es\/producto\/harina-fina-de-maiz-maizena-400g\/#primaryimage\"},\"image\":{\"@id\":\"https:\/\/lavega.gr\/es\/producto\/harina-fina-de-maiz-maizena-400g\/#primaryimage\"},\"thumbnailUrl\":\"https:\/\/lavega.gr\/wp-content\/uploads\/2023\/11\/HARINA-MAIZENA-AMIDO-MAIS-400g_-1.png\",\"datePublished\":\"2023-11-03T22:58:13+00:00\",\"dateModified\":\"2026-03-30T19:50:16+00:00\",\"description\":\"Maizena\u00ae es la marca n\u00famero uno de almid\u00f3n de ma\u00edz en Latinoam\u00e9rica para uso en reposter\u00eda y cocina \u00a1especialmente sin gluten!\",\"breadcrumb\":{\"@id\":\"https:\/\/lavega.gr\/es\/producto\/harina-fina-de-maiz-maizena-400g\/#breadcrumb\"},\"inLanguage\":\"es\",\"potentialAction\":[{\"@type\":\"ReadAction\",\"target\":[\"https:\/\/lavega.gr\/es\/producto\/harina-fina-de-maiz-maizena-400g\/\"]}]},{\"@type\":\"ImageObject\",\"inLanguage\":\"es\",\"@id\":\"https:\/\/lavega.gr\/es\/producto\/harina-fina-de-maiz-maizena-400g\/#primaryimage\",\"url\":\"https:\/\/lavega.gr\/wp-content\/uploads\/2023\/11\/HARINA-MAIZENA-AMIDO-MAIS-400g_-1.png\",\"contentUrl\":\"https:\/\/lavega.gr\/wp-content\/uploads\/2023\/11\/HARINA-MAIZENA-AMIDO-MAIS-400g_-1.png\",\"width\":1000,\"height\":1000},{\"@type\":\"BreadcrumbList\",\"@id\":\"https:\/\/lavega.gr\/es\/producto\/harina-fina-de-maiz-maizena-400g\/#breadcrumb\",\"itemListElement\":[{\"@type\":\"ListItem\",\"position\":1,\"name\":\"Home\",\"item\":\"https:\/\/lavega.gr\/es\/\"},{\"@type\":\"ListItem\",\"position\":2,\"name\":\"Productos\",\"item\":\"https:\/\/lavega.gr\/es\/tienda\/\"},{\"@type\":\"ListItem\",\"position\":3,\"name\":\"Harina de ma\u00edz &#8216;Maizena&#8217; (250g)\"}]},{\"@type\":\"WebSite\",\"@id\":\"https:\/\/lavega.gr\/#website\",\"url\":\"https:\/\/lavega.gr\/\",\"name\":\"La Vega\",\"description\":\"Productos Latinos\",\"potentialAction\":[{\"@type\":\"SearchAction\",\"target\":{\"@type\":\"EntryPoint\",\"urlTemplate\":\"https:\/\/lavega.gr\/?s={search_term_string}\"},\"query-input\":\"required name=search_term_string\"}],\"inLanguage\":\"es\"}]}<\/script>\n<!-- \/ Yoast SEO plugin. -->","yoast_head_json":{"title":"Harina de ma\u00edz 'Maizena' (250g) | La Vega","description":"Maizena\u00ae es la marca n\u00famero uno de almid\u00f3n de ma\u00edz en Latinoam\u00e9rica para uso en reposter\u00eda y cocina \u00a1especialmente sin gluten!","robots":{"index":"index","follow":"follow","max-snippet":"max-snippet:-1","max-image-preview":"max-image-preview:large","max-video-preview":"max-video-preview:-1"},"canonical":"https:\/\/lavega.gr\/es\/producto\/harina-fina-de-maiz-maizena-400g\/","og_locale":"es_ES","og_type":"article","og_title":"Harina de ma\u00edz 'Maizena' (250g) | La Vega","og_description":"Maizena\u00ae es la marca n\u00famero uno de almid\u00f3n de ma\u00edz en Latinoam\u00e9rica para uso en reposter\u00eda y cocina \u00a1especialmente sin gluten!","og_url":"https:\/\/lavega.gr\/es\/producto\/harina-fina-de-maiz-maizena-400g\/","og_site_name":"La Vega","article_modified_time":"2026-03-30T19:50:16+00:00","og_image":[{"width":1000,"height":1000,"url":"https:\/\/lavega.gr\/wp-content\/uploads\/2023\/11\/HARINA-MAIZENA-AMIDO-MAIS-400g_-1.png","type":"image\/png"}],"twitter_card":"summary_large_image","twitter_misc":{"Tiempo de lectura":"1 minuto"},"schema":{"@context":"https:\/\/schema.org","@graph":[{"@type":"WebPage","@id":"https:\/\/lavega.gr\/es\/producto\/harina-fina-de-maiz-maizena-400g\/","url":"https:\/\/lavega.gr\/es\/producto\/harina-fina-de-maiz-maizena-400g\/","name":"Harina de ma\u00edz 'Maizena' (250g) | La Vega","isPartOf":{"@id":"https:\/\/lavega.gr\/#website"},"primaryImageOfPage":{"@id":"https:\/\/lavega.gr\/es\/producto\/harina-fina-de-maiz-maizena-400g\/#primaryimage"},"image":{"@id":"https:\/\/lavega.gr\/es\/producto\/harina-fina-de-maiz-maizena-400g\/#primaryimage"},"thumbnailUrl":"https:\/\/lavega.gr\/wp-content\/uploads\/2023\/11\/HARINA-MAIZENA-AMIDO-MAIS-400g_-1.png","datePublished":"2023-11-03T22:58:13+00:00","dateModified":"2026-03-30T19:50:16+00:00","description":"Maizena\u00ae es la marca n\u00famero uno de almid\u00f3n de ma\u00edz en Latinoam\u00e9rica para uso en reposter\u00eda y cocina \u00a1especialmente sin gluten!","breadcrumb":{"@id":"https:\/\/lavega.gr\/es\/producto\/harina-fina-de-maiz-maizena-400g\/#breadcrumb"},"inLanguage":"es","potentialAction":[{"@type":"ReadAction","target":["https:\/\/lavega.gr\/es\/producto\/harina-fina-de-maiz-maizena-400g\/"]}]},{"@type":"ImageObject","inLanguage":"es","@id":"https:\/\/lavega.gr\/es\/producto\/harina-fina-de-maiz-maizena-400g\/#primaryimage","url":"https:\/\/lavega.gr\/wp-content\/uploads\/2023\/11\/HARINA-MAIZENA-AMIDO-MAIS-400g_-1.png","contentUrl":"https:\/\/lavega.gr\/wp-content\/uploads\/2023\/11\/HARINA-MAIZENA-AMIDO-MAIS-400g_-1.png","width":1000,"height":1000},{"@type":"BreadcrumbList","@id":"https:\/\/lavega.gr\/es\/producto\/harina-fina-de-maiz-maizena-400g\/#breadcrumb","itemListElement":[{"@type":"ListItem","position":1,"name":"Home","item":"https:\/\/lavega.gr\/es\/"},{"@type":"ListItem","position":2,"name":"Productos","item":"https:\/\/lavega.gr\/es\/tienda\/"},{"@type":"ListItem","position":3,"name":"Harina de ma\u00edz &#8216;Maizena&#8217; (250g)"}]},{"@type":"WebSite","@id":"https:\/\/lavega.gr\/#website","url":"https:\/\/lavega.gr\/","name":"La Vega","description":"Productos Latinos","potentialAction":[{"@type":"SearchAction","target":{"@type":"EntryPoint","urlTemplate":"https:\/\/lavega.gr\/?s={search_term_string}"},"query-input":"required name=search_term_string"}],"inLanguage":"es"}]}},"_links":{"self":[{"href":"https:\/\/lavega.gr\/es\/wp-json\/wp\/v2\/product\/4549","targetHints":{"allow":["GET"]}}],"collection":[{"href":"https:\/\/lavega.gr\/es\/wp-json\/wp\/v2\/product"}],"about":[{"href":"https:\/\/lavega.gr\/es\/wp-json\/wp\/v2\/types\/product"}],"wp:featuredmedia":[{"embeddable":true,"href":"https:\/\/lavega.gr\/es\/wp-json\/wp\/v2\/media\/4543"}],"wp:attachment":[{"href":"https:\/\/lavega.gr\/es\/wp-json\/wp\/v2\/media?parent=4549"}],"wp:term":[{"taxonomy":"product_cat","embeddable":true,"href":"https:\/\/lavega.gr\/es\/wp-json\/wp\/v2\/product_cat?post=4549"},{"taxonomy":"product_tag","embeddable":true,"href":"https:\/\/lavega.gr\/es\/wp-json\/wp\/v2\/product_tag?post=4549"}],"curies":[{"name":"wp","href":"https:\/\/api.w.org\/{rel}","templated":true}]}}