{"id":4162,"date":"2023-03-03T15:18:47","date_gmt":"2023-03-03T13:18:47","guid":{"rendered":"https:\/\/lavega.gr\/product\/jugo-de-guayaba-350ml\/"},"modified":"2026-04-23T11:12:09","modified_gmt":"2026-04-23T09:12:09","slug":"jugo-de-guayaba-350ml","status":"publish","type":"product","link":"https:\/\/lavega.gr\/es\/producto\/jugo-de-guayaba-350ml\/","title":{"rendered":"Jugo de Guayaba (350 ml) &#8216;Foco&#8217;"},"content":{"rendered":"<p><strong>La &#8220;Reina&#8221; de los sabores caribe\u00f1os! \ud83c\udf3a <\/strong><\/p>\n<p><strong>Que es<\/strong>: Jugo ex\u00f3tico de guayaba. Tiene un aroma embriagador y un equilibrio \u00fanico y delicado que te transporta directamente a las playas de Santo Domingo. <\/p>\n<p><strong>Modo de empleo:<\/strong> Disfr\u00fatalo bien fr\u00edo! Es una excelente y nutritiva alternativa para ofrecer a tus hijos o para refrescarte en las tardes calurosas. <\/p>\n<p><strong>Consejo de La Vega<\/strong>: Combina el jugo de guayaba con tu snack salado favorito (como los chips Platanitos) para lograr el contraste dulce-salado perfecto que tanto les gusta a los latinos!<\/p>\n","protected":false},"excerpt":{"rendered":"<p>La &#8220;Reina&#8221; de los sabores caribe\u00f1os! \ud83c\udf3a Que es: Jugo ex\u00f3tico de guayaba. Tiene un aroma embriagador y un equilibrio \u00fanico y delicado que te transporta directamente a las playas de Santo Domingo. Modo de empleo: Disfr\u00fatalo bien fr\u00edo! Es una excelente y nutritiva alternativa para ofrecer a tus hijos o para refrescarte en las&#8230;<\/p>\n","protected":false},"featured_media":6989,"template":"","meta":[],"product_cat":[122,89],"product_tag":[],"class_list":{"0":"post-4162","1":"product","2":"type-product","3":"status-publish","4":"has-post-thumbnail","6":"product_cat-refrescos-jugos","7":"product_cat-bebidas","9":"first","10":"instock","11":"taxable","12":"shipping-taxable","13":"purchasable","14":"product-type-simple"},"yoast_head":"<!-- This site is optimized with the Yoast SEO plugin v22.3 - https:\/\/yoast.com\/wordpress\/plugins\/seo\/ -->\n<title>Jugo de Guayaba (350 ml) &#039;Foco&#039; | La Vega<\/title>\n<meta name=\"description\" content=\"El jugo de guayaba es uno de los jugos tropicales m\u00e1s completos de la naturaleza. Incl\u00fayelo en tu dieta diaria y disfruta de sus beneficios.\" \/>\n<meta name=\"robots\" content=\"index, follow, max-snippet:-1, max-image-preview:large, max-video-preview:-1\" \/>\n<link rel=\"canonical\" href=\"https:\/\/lavega.gr\/es\/producto\/jugo-de-guayaba-350ml\/\" \/>\n<meta property=\"og:locale\" content=\"es_ES\" \/>\n<meta property=\"og:type\" content=\"article\" \/>\n<meta property=\"og:title\" content=\"Jugo de Guayaba (350 ml) &#039;Foco&#039; | La Vega\" \/>\n<meta property=\"og:description\" content=\"El jugo de guayaba es uno de los jugos tropicales m\u00e1s completos de la naturaleza. Incl\u00fayelo en tu dieta diaria y disfruta de sus beneficios.\" \/>\n<meta property=\"og:url\" content=\"https:\/\/lavega.gr\/es\/producto\/jugo-de-guayaba-350ml\/\" \/>\n<meta property=\"og:site_name\" content=\"La Vega\" \/>\n<meta property=\"article:modified_time\" content=\"2026-04-23T09:12:09+00:00\" \/>\n<meta property=\"og:image\" content=\"https:\/\/lavega.gr\/wp-content\/uploads\/2023\/03\/1776689244878-1.png\" \/>\n\t<meta property=\"og:image:width\" content=\"1000\" \/>\n\t<meta property=\"og:image:height\" content=\"1000\" \/>\n\t<meta property=\"og:image:type\" content=\"image\/png\" \/>\n<meta name=\"twitter:card\" content=\"summary_large_image\" \/>\n<script type=\"application\/ld+json\" class=\"yoast-schema-graph\">{\"@context\":\"https:\/\/schema.org\",\"@graph\":[{\"@type\":\"WebPage\",\"@id\":\"https:\/\/lavega.gr\/es\/producto\/jugo-de-guayaba-350ml\/\",\"url\":\"https:\/\/lavega.gr\/es\/producto\/jugo-de-guayaba-350ml\/\",\"name\":\"Jugo de Guayaba (350 ml) 'Foco' | La Vega\",\"isPartOf\":{\"@id\":\"https:\/\/lavega.gr\/#website\"},\"primaryImageOfPage\":{\"@id\":\"https:\/\/lavega.gr\/es\/producto\/jugo-de-guayaba-350ml\/#primaryimage\"},\"image\":{\"@id\":\"https:\/\/lavega.gr\/es\/producto\/jugo-de-guayaba-350ml\/#primaryimage\"},\"thumbnailUrl\":\"https:\/\/lavega.gr\/wp-content\/uploads\/2023\/03\/1776689244878-1.png\",\"datePublished\":\"2023-03-03T13:18:47+00:00\",\"dateModified\":\"2026-04-23T09:12:09+00:00\",\"description\":\"El jugo de guayaba es uno de los jugos tropicales m\u00e1s completos de la naturaleza. Incl\u00fayelo en tu dieta diaria y disfruta de sus beneficios.\",\"breadcrumb\":{\"@id\":\"https:\/\/lavega.gr\/es\/producto\/jugo-de-guayaba-350ml\/#breadcrumb\"},\"inLanguage\":\"es\",\"potentialAction\":[{\"@type\":\"ReadAction\",\"target\":[\"https:\/\/lavega.gr\/es\/producto\/jugo-de-guayaba-350ml\/\"]}]},{\"@type\":\"ImageObject\",\"inLanguage\":\"es\",\"@id\":\"https:\/\/lavega.gr\/es\/producto\/jugo-de-guayaba-350ml\/#primaryimage\",\"url\":\"https:\/\/lavega.gr\/wp-content\/uploads\/2023\/03\/1776689244878-1.png\",\"contentUrl\":\"https:\/\/lavega.gr\/wp-content\/uploads\/2023\/03\/1776689244878-1.png\",\"width\":1000,\"height\":1000},{\"@type\":\"BreadcrumbList\",\"@id\":\"https:\/\/lavega.gr\/es\/producto\/jugo-de-guayaba-350ml\/#breadcrumb\",\"itemListElement\":[{\"@type\":\"ListItem\",\"position\":1,\"name\":\"Home\",\"item\":\"https:\/\/lavega.gr\/es\/\"},{\"@type\":\"ListItem\",\"position\":2,\"name\":\"Productos\",\"item\":\"https:\/\/lavega.gr\/es\/tienda\/\"},{\"@type\":\"ListItem\",\"position\":3,\"name\":\"Jugo de Guayaba (350 ml) &#8216;Foco&#8217;\"}]},{\"@type\":\"WebSite\",\"@id\":\"https:\/\/lavega.gr\/#website\",\"url\":\"https:\/\/lavega.gr\/\",\"name\":\"La Vega\",\"description\":\"Productos Latinos\",\"potentialAction\":[{\"@type\":\"SearchAction\",\"target\":{\"@type\":\"EntryPoint\",\"urlTemplate\":\"https:\/\/lavega.gr\/?s={search_term_string}\"},\"query-input\":\"required name=search_term_string\"}],\"inLanguage\":\"es\"}]}<\/script>\n<!-- \/ Yoast SEO plugin. -->","yoast_head_json":{"title":"Jugo de Guayaba (350 ml) 'Foco' | La Vega","description":"El jugo de guayaba es uno de los jugos tropicales m\u00e1s completos de la naturaleza. Incl\u00fayelo en tu dieta diaria y disfruta de sus beneficios.","robots":{"index":"index","follow":"follow","max-snippet":"max-snippet:-1","max-image-preview":"max-image-preview:large","max-video-preview":"max-video-preview:-1"},"canonical":"https:\/\/lavega.gr\/es\/producto\/jugo-de-guayaba-350ml\/","og_locale":"es_ES","og_type":"article","og_title":"Jugo de Guayaba (350 ml) 'Foco' | La Vega","og_description":"El jugo de guayaba es uno de los jugos tropicales m\u00e1s completos de la naturaleza. Incl\u00fayelo en tu dieta diaria y disfruta de sus beneficios.","og_url":"https:\/\/lavega.gr\/es\/producto\/jugo-de-guayaba-350ml\/","og_site_name":"La Vega","article_modified_time":"2026-04-23T09:12:09+00:00","og_image":[{"width":1000,"height":1000,"url":"https:\/\/lavega.gr\/wp-content\/uploads\/2023\/03\/1776689244878-1.png","type":"image\/png"}],"twitter_card":"summary_large_image","schema":{"@context":"https:\/\/schema.org","@graph":[{"@type":"WebPage","@id":"https:\/\/lavega.gr\/es\/producto\/jugo-de-guayaba-350ml\/","url":"https:\/\/lavega.gr\/es\/producto\/jugo-de-guayaba-350ml\/","name":"Jugo de Guayaba (350 ml) 'Foco' | La Vega","isPartOf":{"@id":"https:\/\/lavega.gr\/#website"},"primaryImageOfPage":{"@id":"https:\/\/lavega.gr\/es\/producto\/jugo-de-guayaba-350ml\/#primaryimage"},"image":{"@id":"https:\/\/lavega.gr\/es\/producto\/jugo-de-guayaba-350ml\/#primaryimage"},"thumbnailUrl":"https:\/\/lavega.gr\/wp-content\/uploads\/2023\/03\/1776689244878-1.png","datePublished":"2023-03-03T13:18:47+00:00","dateModified":"2026-04-23T09:12:09+00:00","description":"El jugo de guayaba es uno de los jugos tropicales m\u00e1s completos de la naturaleza. Incl\u00fayelo en tu dieta diaria y disfruta de sus beneficios.","breadcrumb":{"@id":"https:\/\/lavega.gr\/es\/producto\/jugo-de-guayaba-350ml\/#breadcrumb"},"inLanguage":"es","potentialAction":[{"@type":"ReadAction","target":["https:\/\/lavega.gr\/es\/producto\/jugo-de-guayaba-350ml\/"]}]},{"@type":"ImageObject","inLanguage":"es","@id":"https:\/\/lavega.gr\/es\/producto\/jugo-de-guayaba-350ml\/#primaryimage","url":"https:\/\/lavega.gr\/wp-content\/uploads\/2023\/03\/1776689244878-1.png","contentUrl":"https:\/\/lavega.gr\/wp-content\/uploads\/2023\/03\/1776689244878-1.png","width":1000,"height":1000},{"@type":"BreadcrumbList","@id":"https:\/\/lavega.gr\/es\/producto\/jugo-de-guayaba-350ml\/#breadcrumb","itemListElement":[{"@type":"ListItem","position":1,"name":"Home","item":"https:\/\/lavega.gr\/es\/"},{"@type":"ListItem","position":2,"name":"Productos","item":"https:\/\/lavega.gr\/es\/tienda\/"},{"@type":"ListItem","position":3,"name":"Jugo de Guayaba (350 ml) &#8216;Foco&#8217;"}]},{"@type":"WebSite","@id":"https:\/\/lavega.gr\/#website","url":"https:\/\/lavega.gr\/","name":"La Vega","description":"Productos Latinos","potentialAction":[{"@type":"SearchAction","target":{"@type":"EntryPoint","urlTemplate":"https:\/\/lavega.gr\/?s={search_term_string}"},"query-input":"required name=search_term_string"}],"inLanguage":"es"}]}},"_links":{"self":[{"href":"https:\/\/lavega.gr\/es\/wp-json\/wp\/v2\/product\/4162","targetHints":{"allow":["GET"]}}],"collection":[{"href":"https:\/\/lavega.gr\/es\/wp-json\/wp\/v2\/product"}],"about":[{"href":"https:\/\/lavega.gr\/es\/wp-json\/wp\/v2\/types\/product"}],"wp:featuredmedia":[{"embeddable":true,"href":"https:\/\/lavega.gr\/es\/wp-json\/wp\/v2\/media\/6989"}],"wp:attachment":[{"href":"https:\/\/lavega.gr\/es\/wp-json\/wp\/v2\/media?parent=4162"}],"wp:term":[{"taxonomy":"product_cat","embeddable":true,"href":"https:\/\/lavega.gr\/es\/wp-json\/wp\/v2\/product_cat?post=4162"},{"taxonomy":"product_tag","embeddable":true,"href":"https:\/\/lavega.gr\/es\/wp-json\/wp\/v2\/product_tag?post=4162"}],"curies":[{"name":"wp","href":"https:\/\/api.w.org\/{rel}","templated":true}]}}