{"id":4161,"date":"2023-03-03T20:28:21","date_gmt":"2023-03-03T18:28:21","guid":{"rendered":"https:\/\/lavega.gr\/product\/pasta-de-aji-amarillo-215g\/"},"modified":"2026-01-21T02:55:36","modified_gmt":"2026-01-21T00:55:36","slug":"pasta-de-aji-amarillo-215g","status":"publish","type":"product","link":"https:\/\/lavega.gr\/es\/producto\/pasta-de-aji-amarillo-215g\/","title":{"rendered":"Pasta de Aji Amarillo (215g)"},"content":{"rendered":"<p>\u00a1Una aut\u00e9ntica pasta tradicional de chile amarillo! \u00a1Los aj\u00edes amarillos de los que proviene esta pasta son, sin duda, los m\u00e1s queridos en todo el Per\u00fa por su particular sabor afrutado!<\/p>\n<p>\u00a1Prepara tus papas fritas peruanas favoritas o tu ceviche favorito y dale un toque especial con esta pasta de chile que a todos les encantar\u00e1!<\/p>\n<p>Pru\u00e9balo, no te arrepentir\u00e1s.<\/p>\n<p><em><strong>Ingredientes<\/strong><\/em>: Aj\u00ed amarillo, sal, conservantes.<\/p>\n<p>Por 100 gramos<\/p>\n<p>Valor energ\u00e9tico: 217kcal<br \/>\nGrasa: 0,7 g<br \/>\nCarbohidratos: 8,4 g<br \/>\nProte\u00ednas: 0,9g<br \/>\nSal: 4,8g<\/p>\n<p>Pa\u00eds de origen: Per\u00fa<br \/>\nPeso neto: 215g<\/p>\n","protected":false},"excerpt":{"rendered":"<p>\u00a1Una aut\u00e9ntica pasta tradicional de chile amarillo! \u00a1Los aj\u00edes amarillos de los que proviene esta pasta son, sin duda, los m\u00e1s queridos en todo el Per\u00fa por su particular sabor afrutado! \u00a1Prepara tus papas fritas peruanas favoritas o tu ceviche favorito y dale un toque especial con esta pasta de chile que a todos les&#8230;<\/p>\n","protected":false},"featured_media":3885,"template":"","meta":[],"product_cat":[130,88],"product_tag":[],"class_list":{"0":"post-4161","1":"product","2":"type-product","3":"status-publish","4":"has-post-thumbnail","6":"product_cat-salsas-pastas","7":"product_cat-alimentos","9":"first","10":"outofstock","11":"taxable","12":"shipping-taxable","13":"purchasable","14":"product-type-simple"},"yoast_head":"<!-- This site is optimized with the Yoast SEO plugin v22.3 - https:\/\/yoast.com\/wordpress\/plugins\/seo\/ -->\n<title>Pasta de Aji Amarillo (215g) | La Vega<\/title>\n<meta name=\"description\" content=\"\u00a1Una aut\u00e9ntica pasta tradicional de chile amarillo! Eleva tus platillos con la pasta de chile que a todos les encantar\u00e1\" \/>\n<meta name=\"robots\" content=\"index, follow, max-snippet:-1, max-image-preview:large, max-video-preview:-1\" \/>\n<link rel=\"canonical\" href=\"https:\/\/lavega.gr\/es\/producto\/pasta-de-aji-amarillo-215g\/\" \/>\n<meta property=\"og:locale\" content=\"es_ES\" \/>\n<meta property=\"og:type\" content=\"article\" \/>\n<meta property=\"og:title\" content=\"Pasta de Aji Amarillo (215g) | La Vega\" \/>\n<meta property=\"og:description\" content=\"\u00a1Una aut\u00e9ntica pasta tradicional de chile amarillo! Eleva tus platillos con la pasta de chile que a todos les encantar\u00e1\" \/>\n<meta property=\"og:url\" content=\"https:\/\/lavega.gr\/es\/producto\/pasta-de-aji-amarillo-215g\/\" \/>\n<meta property=\"og:site_name\" content=\"La Vega\" \/>\n<meta property=\"article:modified_time\" content=\"2026-01-21T00:55:36+00:00\" \/>\n<meta property=\"og:image\" content=\"https:\/\/lavega.gr\/wp-content\/uploads\/2023\/03\/Pasta-Aji-Amarillo-215g.png\" \/>\n\t<meta property=\"og:image:width\" content=\"1000\" \/>\n\t<meta property=\"og:image:height\" content=\"1000\" \/>\n\t<meta property=\"og:image:type\" content=\"image\/png\" \/>\n<meta name=\"twitter:card\" content=\"summary_large_image\" \/>\n<meta name=\"twitter:label1\" content=\"Tiempo de lectura\" \/>\n\t<meta name=\"twitter:data1\" content=\"1 minuto\" \/>\n<script type=\"application\/ld+json\" class=\"yoast-schema-graph\">{\"@context\":\"https:\/\/schema.org\",\"@graph\":[{\"@type\":\"WebPage\",\"@id\":\"https:\/\/lavega.gr\/es\/producto\/pasta-de-aji-amarillo-215g\/\",\"url\":\"https:\/\/lavega.gr\/es\/producto\/pasta-de-aji-amarillo-215g\/\",\"name\":\"Pasta de Aji Amarillo (215g) | La Vega\",\"isPartOf\":{\"@id\":\"https:\/\/lavega.gr\/#website\"},\"primaryImageOfPage\":{\"@id\":\"https:\/\/lavega.gr\/es\/producto\/pasta-de-aji-amarillo-215g\/#primaryimage\"},\"image\":{\"@id\":\"https:\/\/lavega.gr\/es\/producto\/pasta-de-aji-amarillo-215g\/#primaryimage\"},\"thumbnailUrl\":\"https:\/\/lavega.gr\/wp-content\/uploads\/2023\/03\/Pasta-Aji-Amarillo-215g.png\",\"datePublished\":\"2023-03-03T18:28:21+00:00\",\"dateModified\":\"2026-01-21T00:55:36+00:00\",\"description\":\"\u00a1Una aut\u00e9ntica pasta tradicional de chile amarillo! Eleva tus platillos con la pasta de chile que a todos les encantar\u00e1\",\"breadcrumb\":{\"@id\":\"https:\/\/lavega.gr\/es\/producto\/pasta-de-aji-amarillo-215g\/#breadcrumb\"},\"inLanguage\":\"es\",\"potentialAction\":[{\"@type\":\"ReadAction\",\"target\":[\"https:\/\/lavega.gr\/es\/producto\/pasta-de-aji-amarillo-215g\/\"]}]},{\"@type\":\"ImageObject\",\"inLanguage\":\"es\",\"@id\":\"https:\/\/lavega.gr\/es\/producto\/pasta-de-aji-amarillo-215g\/#primaryimage\",\"url\":\"https:\/\/lavega.gr\/wp-content\/uploads\/2023\/03\/Pasta-Aji-Amarillo-215g.png\",\"contentUrl\":\"https:\/\/lavega.gr\/wp-content\/uploads\/2023\/03\/Pasta-Aji-Amarillo-215g.png\",\"width\":1000,\"height\":1000},{\"@type\":\"BreadcrumbList\",\"@id\":\"https:\/\/lavega.gr\/es\/producto\/pasta-de-aji-amarillo-215g\/#breadcrumb\",\"itemListElement\":[{\"@type\":\"ListItem\",\"position\":1,\"name\":\"Home\",\"item\":\"https:\/\/lavega.gr\/es\/\"},{\"@type\":\"ListItem\",\"position\":2,\"name\":\"Productos\",\"item\":\"https:\/\/lavega.gr\/es\/tienda\/\"},{\"@type\":\"ListItem\",\"position\":3,\"name\":\"Pasta de Aji Amarillo (215g)\"}]},{\"@type\":\"WebSite\",\"@id\":\"https:\/\/lavega.gr\/#website\",\"url\":\"https:\/\/lavega.gr\/\",\"name\":\"La Vega\",\"description\":\"Productos Latinos\",\"potentialAction\":[{\"@type\":\"SearchAction\",\"target\":{\"@type\":\"EntryPoint\",\"urlTemplate\":\"https:\/\/lavega.gr\/?s={search_term_string}\"},\"query-input\":\"required name=search_term_string\"}],\"inLanguage\":\"es\"}]}<\/script>\n<!-- \/ Yoast SEO plugin. -->","yoast_head_json":{"title":"Pasta de Aji Amarillo (215g) | La Vega","description":"\u00a1Una aut\u00e9ntica pasta tradicional de chile amarillo! Eleva tus platillos con la pasta de chile que a todos les encantar\u00e1","robots":{"index":"index","follow":"follow","max-snippet":"max-snippet:-1","max-image-preview":"max-image-preview:large","max-video-preview":"max-video-preview:-1"},"canonical":"https:\/\/lavega.gr\/es\/producto\/pasta-de-aji-amarillo-215g\/","og_locale":"es_ES","og_type":"article","og_title":"Pasta de Aji Amarillo (215g) | La Vega","og_description":"\u00a1Una aut\u00e9ntica pasta tradicional de chile amarillo! Eleva tus platillos con la pasta de chile que a todos les encantar\u00e1","og_url":"https:\/\/lavega.gr\/es\/producto\/pasta-de-aji-amarillo-215g\/","og_site_name":"La Vega","article_modified_time":"2026-01-21T00:55:36+00:00","og_image":[{"width":1000,"height":1000,"url":"https:\/\/lavega.gr\/wp-content\/uploads\/2023\/03\/Pasta-Aji-Amarillo-215g.png","type":"image\/png"}],"twitter_card":"summary_large_image","twitter_misc":{"Tiempo de lectura":"1 minuto"},"schema":{"@context":"https:\/\/schema.org","@graph":[{"@type":"WebPage","@id":"https:\/\/lavega.gr\/es\/producto\/pasta-de-aji-amarillo-215g\/","url":"https:\/\/lavega.gr\/es\/producto\/pasta-de-aji-amarillo-215g\/","name":"Pasta de Aji Amarillo (215g) | La Vega","isPartOf":{"@id":"https:\/\/lavega.gr\/#website"},"primaryImageOfPage":{"@id":"https:\/\/lavega.gr\/es\/producto\/pasta-de-aji-amarillo-215g\/#primaryimage"},"image":{"@id":"https:\/\/lavega.gr\/es\/producto\/pasta-de-aji-amarillo-215g\/#primaryimage"},"thumbnailUrl":"https:\/\/lavega.gr\/wp-content\/uploads\/2023\/03\/Pasta-Aji-Amarillo-215g.png","datePublished":"2023-03-03T18:28:21+00:00","dateModified":"2026-01-21T00:55:36+00:00","description":"\u00a1Una aut\u00e9ntica pasta tradicional de chile amarillo! Eleva tus platillos con la pasta de chile que a todos les encantar\u00e1","breadcrumb":{"@id":"https:\/\/lavega.gr\/es\/producto\/pasta-de-aji-amarillo-215g\/#breadcrumb"},"inLanguage":"es","potentialAction":[{"@type":"ReadAction","target":["https:\/\/lavega.gr\/es\/producto\/pasta-de-aji-amarillo-215g\/"]}]},{"@type":"ImageObject","inLanguage":"es","@id":"https:\/\/lavega.gr\/es\/producto\/pasta-de-aji-amarillo-215g\/#primaryimage","url":"https:\/\/lavega.gr\/wp-content\/uploads\/2023\/03\/Pasta-Aji-Amarillo-215g.png","contentUrl":"https:\/\/lavega.gr\/wp-content\/uploads\/2023\/03\/Pasta-Aji-Amarillo-215g.png","width":1000,"height":1000},{"@type":"BreadcrumbList","@id":"https:\/\/lavega.gr\/es\/producto\/pasta-de-aji-amarillo-215g\/#breadcrumb","itemListElement":[{"@type":"ListItem","position":1,"name":"Home","item":"https:\/\/lavega.gr\/es\/"},{"@type":"ListItem","position":2,"name":"Productos","item":"https:\/\/lavega.gr\/es\/tienda\/"},{"@type":"ListItem","position":3,"name":"Pasta de Aji Amarillo (215g)"}]},{"@type":"WebSite","@id":"https:\/\/lavega.gr\/#website","url":"https:\/\/lavega.gr\/","name":"La Vega","description":"Productos Latinos","potentialAction":[{"@type":"SearchAction","target":{"@type":"EntryPoint","urlTemplate":"https:\/\/lavega.gr\/?s={search_term_string}"},"query-input":"required name=search_term_string"}],"inLanguage":"es"}]}},"_links":{"self":[{"href":"https:\/\/lavega.gr\/es\/wp-json\/wp\/v2\/product\/4161","targetHints":{"allow":["GET"]}}],"collection":[{"href":"https:\/\/lavega.gr\/es\/wp-json\/wp\/v2\/product"}],"about":[{"href":"https:\/\/lavega.gr\/es\/wp-json\/wp\/v2\/types\/product"}],"wp:featuredmedia":[{"embeddable":true,"href":"https:\/\/lavega.gr\/es\/wp-json\/wp\/v2\/media\/3885"}],"wp:attachment":[{"href":"https:\/\/lavega.gr\/es\/wp-json\/wp\/v2\/media?parent=4161"}],"wp:term":[{"taxonomy":"product_cat","embeddable":true,"href":"https:\/\/lavega.gr\/es\/wp-json\/wp\/v2\/product_cat?post=4161"},{"taxonomy":"product_tag","embeddable":true,"href":"https:\/\/lavega.gr\/es\/wp-json\/wp\/v2\/product_tag?post=4161"}],"curies":[{"name":"wp","href":"https:\/\/api.w.org\/{rel}","templated":true}]}}