{"id":4160,"date":"2023-03-03T21:06:35","date_gmt":"2023-03-03T19:06:35","guid":{"rendered":"https:\/\/lavega.gr\/product\/bon-bon-bum-fresa-408g\/"},"modified":"2026-04-24T09:40:31","modified_gmt":"2026-04-24T07:40:31","slug":"bon-bon-bum-fresa-408g","status":"publish","type":"product","link":"https:\/\/lavega.gr\/es\/producto\/bon-bon-bum-fresa-408g\/","title":{"rendered":"Piruletas de fresa &#8216;Bon Bon Bum&#8217; (408 g)"},"content":{"rendered":"<p><strong>Qu\u00e9 es<\/strong>: Bon Bon Bum Fresa es la cl\u00e1sica paleta colombiana de siempre, con un intenso sabor a fresa. Con su forma inconfundible y su rico relleno de chicle en el centro, es el capricho dulce por excelencia para los ni\u00f1os (y para todos). <\/p>\n<p><b data-path-to-node=\"1\" data-index-in-node=\"263\">Consejo de La Vega<\/b>: Lleva siempre uno en tu bolso para esos momentos en los que necesitas energ\u00eda instant\u00e1nea y una dulce sonrisa!<\/p>\n","protected":false},"excerpt":{"rendered":"<p>Qu\u00e9 es: Bon Bon Bum Fresa es la cl\u00e1sica paleta colombiana de siempre, con un intenso sabor a fresa. Con su forma inconfundible y su rico relleno de chicle en el centro, es el capricho dulce por excelencia para los ni\u00f1os (y para todos). Consejo de La Vega: Lleva siempre uno en tu bolso para&#8230;<\/p>\n","protected":false},"featured_media":3875,"template":"","meta":[],"product_cat":[127],"product_tag":[],"class_list":{"0":"post-4160","1":"product","2":"type-product","3":"status-publish","4":"has-post-thumbnail","6":"product_cat-snacks-y-dulces-latinos","8":"first","9":"outofstock","10":"taxable","11":"shipping-taxable","12":"purchasable","13":"product-type-simple"},"yoast_head":"<!-- This site is optimized with the Yoast SEO plugin v22.3 - https:\/\/yoast.com\/wordpress\/plugins\/seo\/ -->\n<title>Piruletas de fresa &#039;Bon Bon Bum&#039; (408 g) | La Vega<\/title>\n<meta name=\"description\" content=\"Bon Bon Bum Fresa es la cl\u00e1sica paleta colombiana de siempre, con un intenso sabor a fresa. Con su forma caracter\u00edstica y su rico relleno de chicle en el centro, es el capricho dulce por excelencia para los ni\u00f1os (y para todos).\" \/>\n<meta name=\"robots\" content=\"index, follow, max-snippet:-1, max-image-preview:large, max-video-preview:-1\" \/>\n<link rel=\"canonical\" href=\"https:\/\/lavega.gr\/es\/producto\/bon-bon-bum-fresa-408g\/\" \/>\n<meta property=\"og:locale\" content=\"es_ES\" \/>\n<meta property=\"og:type\" content=\"article\" \/>\n<meta property=\"og:title\" content=\"Piruletas de fresa &#039;Bon Bon Bum&#039; (408 g) | La Vega\" \/>\n<meta property=\"og:description\" content=\"Bon Bon Bum Fresa es la cl\u00e1sica paleta colombiana de siempre, con un intenso sabor a fresa. Con su forma caracter\u00edstica y su rico relleno de chicle en el centro, es el capricho dulce por excelencia para los ni\u00f1os (y para todos).\" \/>\n<meta property=\"og:url\" content=\"https:\/\/lavega.gr\/es\/producto\/bon-bon-bum-fresa-408g\/\" \/>\n<meta property=\"og:site_name\" content=\"La Vega\" \/>\n<meta property=\"article:modified_time\" content=\"2026-04-24T07:40:31+00:00\" \/>\n<meta property=\"og:image\" content=\"https:\/\/lavega.gr\/wp-content\/uploads\/2023\/03\/Bon-Bon-Bum-Rojo-Fresa-408g.png\" \/>\n\t<meta property=\"og:image:width\" content=\"1000\" \/>\n\t<meta property=\"og:image:height\" content=\"1000\" \/>\n\t<meta property=\"og:image:type\" content=\"image\/png\" \/>\n<meta name=\"twitter:card\" content=\"summary_large_image\" \/>\n<script type=\"application\/ld+json\" class=\"yoast-schema-graph\">{\"@context\":\"https:\/\/schema.org\",\"@graph\":[{\"@type\":\"WebPage\",\"@id\":\"https:\/\/lavega.gr\/es\/producto\/bon-bon-bum-fresa-408g\/\",\"url\":\"https:\/\/lavega.gr\/es\/producto\/bon-bon-bum-fresa-408g\/\",\"name\":\"Piruletas de fresa 'Bon Bon Bum' (408 g) | La Vega\",\"isPartOf\":{\"@id\":\"https:\/\/lavega.gr\/#website\"},\"primaryImageOfPage\":{\"@id\":\"https:\/\/lavega.gr\/es\/producto\/bon-bon-bum-fresa-408g\/#primaryimage\"},\"image\":{\"@id\":\"https:\/\/lavega.gr\/es\/producto\/bon-bon-bum-fresa-408g\/#primaryimage\"},\"thumbnailUrl\":\"https:\/\/lavega.gr\/wp-content\/uploads\/2023\/03\/Bon-Bon-Bum-Rojo-Fresa-408g.png\",\"datePublished\":\"2023-03-03T19:06:35+00:00\",\"dateModified\":\"2026-04-24T07:40:31+00:00\",\"description\":\"Bon Bon Bum Fresa es la cl\u00e1sica paleta colombiana de siempre, con un intenso sabor a fresa. Con su forma caracter\u00edstica y su rico relleno de chicle en el centro, es el capricho dulce por excelencia para los ni\u00f1os (y para todos).\",\"breadcrumb\":{\"@id\":\"https:\/\/lavega.gr\/es\/producto\/bon-bon-bum-fresa-408g\/#breadcrumb\"},\"inLanguage\":\"es\",\"potentialAction\":[{\"@type\":\"ReadAction\",\"target\":[\"https:\/\/lavega.gr\/es\/producto\/bon-bon-bum-fresa-408g\/\"]}]},{\"@type\":\"ImageObject\",\"inLanguage\":\"es\",\"@id\":\"https:\/\/lavega.gr\/es\/producto\/bon-bon-bum-fresa-408g\/#primaryimage\",\"url\":\"https:\/\/lavega.gr\/wp-content\/uploads\/2023\/03\/Bon-Bon-Bum-Rojo-Fresa-408g.png\",\"contentUrl\":\"https:\/\/lavega.gr\/wp-content\/uploads\/2023\/03\/Bon-Bon-Bum-Rojo-Fresa-408g.png\",\"width\":1000,\"height\":1000},{\"@type\":\"BreadcrumbList\",\"@id\":\"https:\/\/lavega.gr\/es\/producto\/bon-bon-bum-fresa-408g\/#breadcrumb\",\"itemListElement\":[{\"@type\":\"ListItem\",\"position\":1,\"name\":\"Home\",\"item\":\"https:\/\/lavega.gr\/es\/\"},{\"@type\":\"ListItem\",\"position\":2,\"name\":\"Productos\",\"item\":\"https:\/\/lavega.gr\/es\/tienda\/\"},{\"@type\":\"ListItem\",\"position\":3,\"name\":\"Piruletas de fresa &#8216;Bon Bon Bum&#8217; (408 g)\"}]},{\"@type\":\"WebSite\",\"@id\":\"https:\/\/lavega.gr\/#website\",\"url\":\"https:\/\/lavega.gr\/\",\"name\":\"La Vega\",\"description\":\"Productos Latinos\",\"potentialAction\":[{\"@type\":\"SearchAction\",\"target\":{\"@type\":\"EntryPoint\",\"urlTemplate\":\"https:\/\/lavega.gr\/?s={search_term_string}\"},\"query-input\":\"required name=search_term_string\"}],\"inLanguage\":\"es\"}]}<\/script>\n<!-- \/ Yoast SEO plugin. -->","yoast_head_json":{"title":"Piruletas de fresa 'Bon Bon Bum' (408 g) | La Vega","description":"Bon Bon Bum Fresa es la cl\u00e1sica paleta colombiana de siempre, con un intenso sabor a fresa. Con su forma caracter\u00edstica y su rico relleno de chicle en el centro, es el capricho dulce por excelencia para los ni\u00f1os (y para todos).","robots":{"index":"index","follow":"follow","max-snippet":"max-snippet:-1","max-image-preview":"max-image-preview:large","max-video-preview":"max-video-preview:-1"},"canonical":"https:\/\/lavega.gr\/es\/producto\/bon-bon-bum-fresa-408g\/","og_locale":"es_ES","og_type":"article","og_title":"Piruletas de fresa 'Bon Bon Bum' (408 g) | La Vega","og_description":"Bon Bon Bum Fresa es la cl\u00e1sica paleta colombiana de siempre, con un intenso sabor a fresa. Con su forma caracter\u00edstica y su rico relleno de chicle en el centro, es el capricho dulce por excelencia para los ni\u00f1os (y para todos).","og_url":"https:\/\/lavega.gr\/es\/producto\/bon-bon-bum-fresa-408g\/","og_site_name":"La Vega","article_modified_time":"2026-04-24T07:40:31+00:00","og_image":[{"width":1000,"height":1000,"url":"https:\/\/lavega.gr\/wp-content\/uploads\/2023\/03\/Bon-Bon-Bum-Rojo-Fresa-408g.png","type":"image\/png"}],"twitter_card":"summary_large_image","schema":{"@context":"https:\/\/schema.org","@graph":[{"@type":"WebPage","@id":"https:\/\/lavega.gr\/es\/producto\/bon-bon-bum-fresa-408g\/","url":"https:\/\/lavega.gr\/es\/producto\/bon-bon-bum-fresa-408g\/","name":"Piruletas de fresa 'Bon Bon Bum' (408 g) | La Vega","isPartOf":{"@id":"https:\/\/lavega.gr\/#website"},"primaryImageOfPage":{"@id":"https:\/\/lavega.gr\/es\/producto\/bon-bon-bum-fresa-408g\/#primaryimage"},"image":{"@id":"https:\/\/lavega.gr\/es\/producto\/bon-bon-bum-fresa-408g\/#primaryimage"},"thumbnailUrl":"https:\/\/lavega.gr\/wp-content\/uploads\/2023\/03\/Bon-Bon-Bum-Rojo-Fresa-408g.png","datePublished":"2023-03-03T19:06:35+00:00","dateModified":"2026-04-24T07:40:31+00:00","description":"Bon Bon Bum Fresa es la cl\u00e1sica paleta colombiana de siempre, con un intenso sabor a fresa. Con su forma caracter\u00edstica y su rico relleno de chicle en el centro, es el capricho dulce por excelencia para los ni\u00f1os (y para todos).","breadcrumb":{"@id":"https:\/\/lavega.gr\/es\/producto\/bon-bon-bum-fresa-408g\/#breadcrumb"},"inLanguage":"es","potentialAction":[{"@type":"ReadAction","target":["https:\/\/lavega.gr\/es\/producto\/bon-bon-bum-fresa-408g\/"]}]},{"@type":"ImageObject","inLanguage":"es","@id":"https:\/\/lavega.gr\/es\/producto\/bon-bon-bum-fresa-408g\/#primaryimage","url":"https:\/\/lavega.gr\/wp-content\/uploads\/2023\/03\/Bon-Bon-Bum-Rojo-Fresa-408g.png","contentUrl":"https:\/\/lavega.gr\/wp-content\/uploads\/2023\/03\/Bon-Bon-Bum-Rojo-Fresa-408g.png","width":1000,"height":1000},{"@type":"BreadcrumbList","@id":"https:\/\/lavega.gr\/es\/producto\/bon-bon-bum-fresa-408g\/#breadcrumb","itemListElement":[{"@type":"ListItem","position":1,"name":"Home","item":"https:\/\/lavega.gr\/es\/"},{"@type":"ListItem","position":2,"name":"Productos","item":"https:\/\/lavega.gr\/es\/tienda\/"},{"@type":"ListItem","position":3,"name":"Piruletas de fresa &#8216;Bon Bon Bum&#8217; (408 g)"}]},{"@type":"WebSite","@id":"https:\/\/lavega.gr\/#website","url":"https:\/\/lavega.gr\/","name":"La Vega","description":"Productos Latinos","potentialAction":[{"@type":"SearchAction","target":{"@type":"EntryPoint","urlTemplate":"https:\/\/lavega.gr\/?s={search_term_string}"},"query-input":"required name=search_term_string"}],"inLanguage":"es"}]}},"_links":{"self":[{"href":"https:\/\/lavega.gr\/es\/wp-json\/wp\/v2\/product\/4160","targetHints":{"allow":["GET"]}}],"collection":[{"href":"https:\/\/lavega.gr\/es\/wp-json\/wp\/v2\/product"}],"about":[{"href":"https:\/\/lavega.gr\/es\/wp-json\/wp\/v2\/types\/product"}],"wp:featuredmedia":[{"embeddable":true,"href":"https:\/\/lavega.gr\/es\/wp-json\/wp\/v2\/media\/3875"}],"wp:attachment":[{"href":"https:\/\/lavega.gr\/es\/wp-json\/wp\/v2\/media?parent=4160"}],"wp:term":[{"taxonomy":"product_cat","embeddable":true,"href":"https:\/\/lavega.gr\/es\/wp-json\/wp\/v2\/product_cat?post=4160"},{"taxonomy":"product_tag","embeddable":true,"href":"https:\/\/lavega.gr\/es\/wp-json\/wp\/v2\/product_tag?post=4160"}],"curies":[{"name":"wp","href":"https:\/\/api.w.org\/{rel}","templated":true}]}}