{"id":4159,"date":"2023-03-03T21:29:37","date_gmt":"2023-03-03T19:29:37","guid":{"rendered":"https:\/\/lavega.gr\/product\/platanitos-maduritos-dulce-80g\/"},"modified":"2026-04-24T09:39:17","modified_gmt":"2026-04-24T07:39:17","slug":"platanitos-maduritos-dulce-80g","status":"publish","type":"product","link":"https:\/\/lavega.gr\/es\/producto\/platanitos-maduritos-dulce-80g\/","title":{"rendered":"Platanitos Maduritos Dulce (80g)"},"content":{"rendered":"<p><strong>Qu\u00e9 es<\/strong>: \u00a1Una experiencia de sabor \u00fanica! Estas patatas fritas est\u00e1n hechas de pl\u00e1tano maduro. Aqu\u00ed, la dulzura natural de la fruta se ha caramelizado ligeramente, creando un snack crujiente con el equilibrio perfecto entre dulce y salado.  <\/p>\n<p><b data-path-to-node=\"25\" data-index-in-node=\"247\">Consejo de La Vega<\/b>: Si te gustan los sabores intensos, prueba a a\u00f1adir unas gotas de salsa picante a los pl\u00e1tanos dulces. \u00a1La combinaci\u00f3n te encantar\u00e1! <\/p>\n","protected":false},"excerpt":{"rendered":"<p>Qu\u00e9 es: \u00a1Una experiencia de sabor \u00fanica! Estas patatas fritas est\u00e1n hechas de pl\u00e1tano maduro. Aqu\u00ed, la dulzura natural de la fruta se ha caramelizado ligeramente, creando un snack crujiente con el equilibrio perfecto entre dulce y salado. Consejo de La Vega: Si te gustan los sabores intensos, prueba a a\u00f1adir unas gotas de salsa&#8230;<\/p>\n","protected":false},"featured_media":3873,"template":"","meta":[],"product_cat":[88,131],"product_tag":[],"class_list":{"0":"post-4159","1":"product","2":"type-product","3":"status-publish","4":"has-post-thumbnail","6":"product_cat-ingredientes-autenticos-cocinar","7":"product_cat-snacks-productos-salados","9":"first","10":"outofstock","11":"taxable","12":"shipping-taxable","13":"purchasable","14":"product-type-simple"},"yoast_head":"<!-- This site is optimized with the Yoast SEO plugin v22.3 - https:\/\/yoast.com\/wordpress\/plugins\/seo\/ -->\n<title>Platanitos Maduritos Dulce (80g) | La Vega<\/title>\n<meta name=\"description\" content=\"Una experiencia de sabor \u00fanica! Estas patatas fritas est\u00e1n hechas de pl\u00e1tano maduro. Aqu\u00ed, la dulzura natural de la fruta se ha caramelizado ligeramente, creando un snack crujiente con el equilibrio perfecto entre dulce y salado.\" \/>\n<meta name=\"robots\" content=\"index, follow, max-snippet:-1, max-image-preview:large, max-video-preview:-1\" \/>\n<link rel=\"canonical\" href=\"https:\/\/lavega.gr\/es\/producto\/platanitos-maduritos-dulce-80g\/\" \/>\n<meta property=\"og:locale\" content=\"es_ES\" \/>\n<meta property=\"og:type\" content=\"article\" \/>\n<meta property=\"og:title\" content=\"Platanitos Maduritos Dulce (80g) | La Vega\" \/>\n<meta property=\"og:description\" content=\"Una experiencia de sabor \u00fanica! Estas patatas fritas est\u00e1n hechas de pl\u00e1tano maduro. Aqu\u00ed, la dulzura natural de la fruta se ha caramelizado ligeramente, creando un snack crujiente con el equilibrio perfecto entre dulce y salado.\" \/>\n<meta property=\"og:url\" content=\"https:\/\/lavega.gr\/es\/producto\/platanitos-maduritos-dulce-80g\/\" \/>\n<meta property=\"og:site_name\" content=\"La Vega\" \/>\n<meta property=\"article:modified_time\" content=\"2026-04-24T07:39:17+00:00\" \/>\n<meta property=\"og:image\" content=\"https:\/\/lavega.gr\/wp-content\/uploads\/2023\/03\/Platanitos-Maduritos-80g.png\" \/>\n\t<meta property=\"og:image:width\" content=\"1000\" \/>\n\t<meta property=\"og:image:height\" content=\"1000\" \/>\n\t<meta property=\"og:image:type\" content=\"image\/png\" \/>\n<meta name=\"twitter:card\" content=\"summary_large_image\" \/>\n<meta name=\"twitter:label1\" content=\"Tiempo de lectura\" \/>\n\t<meta name=\"twitter:data1\" content=\"1 minuto\" \/>\n<script type=\"application\/ld+json\" class=\"yoast-schema-graph\">{\"@context\":\"https:\/\/schema.org\",\"@graph\":[{\"@type\":\"WebPage\",\"@id\":\"https:\/\/lavega.gr\/es\/producto\/platanitos-maduritos-dulce-80g\/\",\"url\":\"https:\/\/lavega.gr\/es\/producto\/platanitos-maduritos-dulce-80g\/\",\"name\":\"Platanitos Maduritos Dulce (80g) | La Vega\",\"isPartOf\":{\"@id\":\"https:\/\/lavega.gr\/#website\"},\"primaryImageOfPage\":{\"@id\":\"https:\/\/lavega.gr\/es\/producto\/platanitos-maduritos-dulce-80g\/#primaryimage\"},\"image\":{\"@id\":\"https:\/\/lavega.gr\/es\/producto\/platanitos-maduritos-dulce-80g\/#primaryimage\"},\"thumbnailUrl\":\"https:\/\/lavega.gr\/wp-content\/uploads\/2023\/03\/Platanitos-Maduritos-80g.png\",\"datePublished\":\"2023-03-03T19:29:37+00:00\",\"dateModified\":\"2026-04-24T07:39:17+00:00\",\"description\":\"Una experiencia de sabor \u00fanica! Estas patatas fritas est\u00e1n hechas de pl\u00e1tano maduro. Aqu\u00ed, la dulzura natural de la fruta se ha caramelizado ligeramente, creando un snack crujiente con el equilibrio perfecto entre dulce y salado.\",\"breadcrumb\":{\"@id\":\"https:\/\/lavega.gr\/es\/producto\/platanitos-maduritos-dulce-80g\/#breadcrumb\"},\"inLanguage\":\"es\",\"potentialAction\":[{\"@type\":\"ReadAction\",\"target\":[\"https:\/\/lavega.gr\/es\/producto\/platanitos-maduritos-dulce-80g\/\"]}]},{\"@type\":\"ImageObject\",\"inLanguage\":\"es\",\"@id\":\"https:\/\/lavega.gr\/es\/producto\/platanitos-maduritos-dulce-80g\/#primaryimage\",\"url\":\"https:\/\/lavega.gr\/wp-content\/uploads\/2023\/03\/Platanitos-Maduritos-80g.png\",\"contentUrl\":\"https:\/\/lavega.gr\/wp-content\/uploads\/2023\/03\/Platanitos-Maduritos-80g.png\",\"width\":1000,\"height\":1000},{\"@type\":\"BreadcrumbList\",\"@id\":\"https:\/\/lavega.gr\/es\/producto\/platanitos-maduritos-dulce-80g\/#breadcrumb\",\"itemListElement\":[{\"@type\":\"ListItem\",\"position\":1,\"name\":\"Home\",\"item\":\"https:\/\/lavega.gr\/es\/\"},{\"@type\":\"ListItem\",\"position\":2,\"name\":\"Productos\",\"item\":\"https:\/\/lavega.gr\/es\/tienda\/\"},{\"@type\":\"ListItem\",\"position\":3,\"name\":\"Platanitos Maduritos Dulce (80g)\"}]},{\"@type\":\"WebSite\",\"@id\":\"https:\/\/lavega.gr\/#website\",\"url\":\"https:\/\/lavega.gr\/\",\"name\":\"La Vega\",\"description\":\"Productos Latinos\",\"potentialAction\":[{\"@type\":\"SearchAction\",\"target\":{\"@type\":\"EntryPoint\",\"urlTemplate\":\"https:\/\/lavega.gr\/?s={search_term_string}\"},\"query-input\":\"required name=search_term_string\"}],\"inLanguage\":\"es\"}]}<\/script>\n<!-- \/ Yoast SEO plugin. -->","yoast_head_json":{"title":"Platanitos Maduritos Dulce (80g) | La Vega","description":"Una experiencia de sabor \u00fanica! Estas patatas fritas est\u00e1n hechas de pl\u00e1tano maduro. Aqu\u00ed, la dulzura natural de la fruta se ha caramelizado ligeramente, creando un snack crujiente con el equilibrio perfecto entre dulce y salado.","robots":{"index":"index","follow":"follow","max-snippet":"max-snippet:-1","max-image-preview":"max-image-preview:large","max-video-preview":"max-video-preview:-1"},"canonical":"https:\/\/lavega.gr\/es\/producto\/platanitos-maduritos-dulce-80g\/","og_locale":"es_ES","og_type":"article","og_title":"Platanitos Maduritos Dulce (80g) | La Vega","og_description":"Una experiencia de sabor \u00fanica! Estas patatas fritas est\u00e1n hechas de pl\u00e1tano maduro. Aqu\u00ed, la dulzura natural de la fruta se ha caramelizado ligeramente, creando un snack crujiente con el equilibrio perfecto entre dulce y salado.","og_url":"https:\/\/lavega.gr\/es\/producto\/platanitos-maduritos-dulce-80g\/","og_site_name":"La Vega","article_modified_time":"2026-04-24T07:39:17+00:00","og_image":[{"width":1000,"height":1000,"url":"https:\/\/lavega.gr\/wp-content\/uploads\/2023\/03\/Platanitos-Maduritos-80g.png","type":"image\/png"}],"twitter_card":"summary_large_image","twitter_misc":{"Tiempo de lectura":"1 minuto"},"schema":{"@context":"https:\/\/schema.org","@graph":[{"@type":"WebPage","@id":"https:\/\/lavega.gr\/es\/producto\/platanitos-maduritos-dulce-80g\/","url":"https:\/\/lavega.gr\/es\/producto\/platanitos-maduritos-dulce-80g\/","name":"Platanitos Maduritos Dulce (80g) | La Vega","isPartOf":{"@id":"https:\/\/lavega.gr\/#website"},"primaryImageOfPage":{"@id":"https:\/\/lavega.gr\/es\/producto\/platanitos-maduritos-dulce-80g\/#primaryimage"},"image":{"@id":"https:\/\/lavega.gr\/es\/producto\/platanitos-maduritos-dulce-80g\/#primaryimage"},"thumbnailUrl":"https:\/\/lavega.gr\/wp-content\/uploads\/2023\/03\/Platanitos-Maduritos-80g.png","datePublished":"2023-03-03T19:29:37+00:00","dateModified":"2026-04-24T07:39:17+00:00","description":"Una experiencia de sabor \u00fanica! Estas patatas fritas est\u00e1n hechas de pl\u00e1tano maduro. Aqu\u00ed, la dulzura natural de la fruta se ha caramelizado ligeramente, creando un snack crujiente con el equilibrio perfecto entre dulce y salado.","breadcrumb":{"@id":"https:\/\/lavega.gr\/es\/producto\/platanitos-maduritos-dulce-80g\/#breadcrumb"},"inLanguage":"es","potentialAction":[{"@type":"ReadAction","target":["https:\/\/lavega.gr\/es\/producto\/platanitos-maduritos-dulce-80g\/"]}]},{"@type":"ImageObject","inLanguage":"es","@id":"https:\/\/lavega.gr\/es\/producto\/platanitos-maduritos-dulce-80g\/#primaryimage","url":"https:\/\/lavega.gr\/wp-content\/uploads\/2023\/03\/Platanitos-Maduritos-80g.png","contentUrl":"https:\/\/lavega.gr\/wp-content\/uploads\/2023\/03\/Platanitos-Maduritos-80g.png","width":1000,"height":1000},{"@type":"BreadcrumbList","@id":"https:\/\/lavega.gr\/es\/producto\/platanitos-maduritos-dulce-80g\/#breadcrumb","itemListElement":[{"@type":"ListItem","position":1,"name":"Home","item":"https:\/\/lavega.gr\/es\/"},{"@type":"ListItem","position":2,"name":"Productos","item":"https:\/\/lavega.gr\/es\/tienda\/"},{"@type":"ListItem","position":3,"name":"Platanitos Maduritos Dulce (80g)"}]},{"@type":"WebSite","@id":"https:\/\/lavega.gr\/#website","url":"https:\/\/lavega.gr\/","name":"La Vega","description":"Productos Latinos","potentialAction":[{"@type":"SearchAction","target":{"@type":"EntryPoint","urlTemplate":"https:\/\/lavega.gr\/?s={search_term_string}"},"query-input":"required name=search_term_string"}],"inLanguage":"es"}]}},"_links":{"self":[{"href":"https:\/\/lavega.gr\/es\/wp-json\/wp\/v2\/product\/4159","targetHints":{"allow":["GET"]}}],"collection":[{"href":"https:\/\/lavega.gr\/es\/wp-json\/wp\/v2\/product"}],"about":[{"href":"https:\/\/lavega.gr\/es\/wp-json\/wp\/v2\/types\/product"}],"wp:featuredmedia":[{"embeddable":true,"href":"https:\/\/lavega.gr\/es\/wp-json\/wp\/v2\/media\/3873"}],"wp:attachment":[{"href":"https:\/\/lavega.gr\/es\/wp-json\/wp\/v2\/media?parent=4159"}],"wp:term":[{"taxonomy":"product_cat","embeddable":true,"href":"https:\/\/lavega.gr\/es\/wp-json\/wp\/v2\/product_cat?post=4159"},{"taxonomy":"product_tag","embeddable":true,"href":"https:\/\/lavega.gr\/es\/wp-json\/wp\/v2\/product_tag?post=4159"}],"curies":[{"name":"wp","href":"https:\/\/api.w.org\/{rel}","templated":true}]}}