{"id":4149,"date":"2022-12-22T17:58:30","date_gmt":"2022-12-22T15:58:30","guid":{"rendered":"https:\/\/lavega.gr\/product\/pasta-de-cilantro-215g\/"},"modified":"2026-04-24T10:17:12","modified_gmt":"2026-04-24T08:17:12","slug":"pasta-de-cilantro-215g","status":"publish","type":"product","link":"https:\/\/lavega.gr\/es\/producto\/pasta-de-cilantro-215g\/","title":{"rendered":"Pasta de Cilantro (215 g) &#8216;Coexito&#8217;"},"content":{"rendered":"<p><strong>El poder de la frescura!<br \/>\n<\/strong><br \/>\n<strong>Qu\u00e9 es:<\/strong> Pasta concentrada de cilantro fresco.<\/p>\n<p><strong>Consejo de La Vega:<\/strong> A\u00f1\u00e1dela al famoso Seco de Pollo o al arroz para un aroma intenso sin necesidad de picar hierbas.<\/p>\n","protected":false},"excerpt":{"rendered":"<p>El poder de la frescura! Qu\u00e9 es: Pasta concentrada de cilantro fresco. Consejo de La Vega: A\u00f1\u00e1dela al famoso Seco de Pollo o al arroz para un aroma intenso sin necesidad de picar hierbas.<\/p>\n","protected":false},"featured_media":3471,"template":"","meta":[],"product_cat":[88,130],"product_tag":[],"class_list":{"0":"post-4149","1":"product","2":"type-product","3":"status-publish","4":"has-post-thumbnail","6":"product_cat-ingredientes-autenticos","7":"product_cat-especias-salsas","9":"first","10":"instock","11":"taxable","12":"shipping-taxable","13":"purchasable","14":"product-type-simple"},"yoast_head":"<!-- This site is optimized with the Yoast SEO plugin v22.3 - https:\/\/yoast.com\/wordpress\/plugins\/seo\/ -->\n<title>Pasta de Cilantro (215 g) &#039;Coexito&#039; | La Vega<\/title>\n<meta name=\"description\" content=\"Pasta concentrada de cilantro fresco.\" \/>\n<meta name=\"robots\" content=\"index, follow, max-snippet:-1, max-image-preview:large, max-video-preview:-1\" \/>\n<link rel=\"canonical\" href=\"https:\/\/lavega.gr\/es\/producto\/pasta-de-cilantro-215g\/\" \/>\n<meta property=\"og:locale\" content=\"es_ES\" \/>\n<meta property=\"og:type\" content=\"article\" \/>\n<meta property=\"og:title\" content=\"Pasta de Cilantro (215 g) &#039;Coexito&#039; | La Vega\" \/>\n<meta property=\"og:description\" content=\"Pasta concentrada de cilantro fresco.\" \/>\n<meta property=\"og:url\" content=\"https:\/\/lavega.gr\/es\/producto\/pasta-de-cilantro-215g\/\" \/>\n<meta property=\"og:site_name\" content=\"La Vega\" \/>\n<meta property=\"article:modified_time\" content=\"2026-04-24T08:17:12+00:00\" \/>\n<meta property=\"og:image\" content=\"https:\/\/lavega.gr\/wp-content\/uploads\/2022\/12\/pasta-de-cilantro-frasco-215gr.png\" \/>\n\t<meta property=\"og:image:width\" content=\"1000\" \/>\n\t<meta property=\"og:image:height\" content=\"1000\" \/>\n\t<meta property=\"og:image:type\" content=\"image\/png\" \/>\n<meta name=\"twitter:card\" content=\"summary_large_image\" \/>\n<meta name=\"twitter:label1\" content=\"Tiempo de lectura\" \/>\n\t<meta name=\"twitter:data1\" content=\"1 minuto\" \/>\n<script type=\"application\/ld+json\" class=\"yoast-schema-graph\">{\"@context\":\"https:\/\/schema.org\",\"@graph\":[{\"@type\":\"WebPage\",\"@id\":\"https:\/\/lavega.gr\/es\/producto\/pasta-de-cilantro-215g\/\",\"url\":\"https:\/\/lavega.gr\/es\/producto\/pasta-de-cilantro-215g\/\",\"name\":\"Pasta de Cilantro (215 g) 'Coexito' | La Vega\",\"isPartOf\":{\"@id\":\"https:\/\/lavega.gr\/#website\"},\"primaryImageOfPage\":{\"@id\":\"https:\/\/lavega.gr\/es\/producto\/pasta-de-cilantro-215g\/#primaryimage\"},\"image\":{\"@id\":\"https:\/\/lavega.gr\/es\/producto\/pasta-de-cilantro-215g\/#primaryimage\"},\"thumbnailUrl\":\"https:\/\/lavega.gr\/wp-content\/uploads\/2022\/12\/pasta-de-cilantro-frasco-215gr.png\",\"datePublished\":\"2022-12-22T15:58:30+00:00\",\"dateModified\":\"2026-04-24T08:17:12+00:00\",\"description\":\"Pasta concentrada de cilantro fresco.\",\"breadcrumb\":{\"@id\":\"https:\/\/lavega.gr\/es\/producto\/pasta-de-cilantro-215g\/#breadcrumb\"},\"inLanguage\":\"es\",\"potentialAction\":[{\"@type\":\"ReadAction\",\"target\":[\"https:\/\/lavega.gr\/es\/producto\/pasta-de-cilantro-215g\/\"]}]},{\"@type\":\"ImageObject\",\"inLanguage\":\"es\",\"@id\":\"https:\/\/lavega.gr\/es\/producto\/pasta-de-cilantro-215g\/#primaryimage\",\"url\":\"https:\/\/lavega.gr\/wp-content\/uploads\/2022\/12\/pasta-de-cilantro-frasco-215gr.png\",\"contentUrl\":\"https:\/\/lavega.gr\/wp-content\/uploads\/2022\/12\/pasta-de-cilantro-frasco-215gr.png\",\"width\":1000,\"height\":1000},{\"@type\":\"BreadcrumbList\",\"@id\":\"https:\/\/lavega.gr\/es\/producto\/pasta-de-cilantro-215g\/#breadcrumb\",\"itemListElement\":[{\"@type\":\"ListItem\",\"position\":1,\"name\":\"Home\",\"item\":\"https:\/\/lavega.gr\/es\/\"},{\"@type\":\"ListItem\",\"position\":2,\"name\":\"Productos\",\"item\":\"https:\/\/lavega.gr\/es\/tienda\/\"},{\"@type\":\"ListItem\",\"position\":3,\"name\":\"Pasta de Cilantro (215 g) &#8216;Coexito&#8217;\"}]},{\"@type\":\"WebSite\",\"@id\":\"https:\/\/lavega.gr\/#website\",\"url\":\"https:\/\/lavega.gr\/\",\"name\":\"La Vega\",\"description\":\"Productos Latinos\",\"potentialAction\":[{\"@type\":\"SearchAction\",\"target\":{\"@type\":\"EntryPoint\",\"urlTemplate\":\"https:\/\/lavega.gr\/?s={search_term_string}\"},\"query-input\":\"required name=search_term_string\"}],\"inLanguage\":\"es\"}]}<\/script>\n<!-- \/ Yoast SEO plugin. -->","yoast_head_json":{"title":"Pasta de Cilantro (215 g) 'Coexito' | La Vega","description":"Pasta concentrada de cilantro fresco.","robots":{"index":"index","follow":"follow","max-snippet":"max-snippet:-1","max-image-preview":"max-image-preview:large","max-video-preview":"max-video-preview:-1"},"canonical":"https:\/\/lavega.gr\/es\/producto\/pasta-de-cilantro-215g\/","og_locale":"es_ES","og_type":"article","og_title":"Pasta de Cilantro (215 g) 'Coexito' | La Vega","og_description":"Pasta concentrada de cilantro fresco.","og_url":"https:\/\/lavega.gr\/es\/producto\/pasta-de-cilantro-215g\/","og_site_name":"La Vega","article_modified_time":"2026-04-24T08:17:12+00:00","og_image":[{"width":1000,"height":1000,"url":"https:\/\/lavega.gr\/wp-content\/uploads\/2022\/12\/pasta-de-cilantro-frasco-215gr.png","type":"image\/png"}],"twitter_card":"summary_large_image","twitter_misc":{"Tiempo de lectura":"1 minuto"},"schema":{"@context":"https:\/\/schema.org","@graph":[{"@type":"WebPage","@id":"https:\/\/lavega.gr\/es\/producto\/pasta-de-cilantro-215g\/","url":"https:\/\/lavega.gr\/es\/producto\/pasta-de-cilantro-215g\/","name":"Pasta de Cilantro (215 g) 'Coexito' | La Vega","isPartOf":{"@id":"https:\/\/lavega.gr\/#website"},"primaryImageOfPage":{"@id":"https:\/\/lavega.gr\/es\/producto\/pasta-de-cilantro-215g\/#primaryimage"},"image":{"@id":"https:\/\/lavega.gr\/es\/producto\/pasta-de-cilantro-215g\/#primaryimage"},"thumbnailUrl":"https:\/\/lavega.gr\/wp-content\/uploads\/2022\/12\/pasta-de-cilantro-frasco-215gr.png","datePublished":"2022-12-22T15:58:30+00:00","dateModified":"2026-04-24T08:17:12+00:00","description":"Pasta concentrada de cilantro fresco.","breadcrumb":{"@id":"https:\/\/lavega.gr\/es\/producto\/pasta-de-cilantro-215g\/#breadcrumb"},"inLanguage":"es","potentialAction":[{"@type":"ReadAction","target":["https:\/\/lavega.gr\/es\/producto\/pasta-de-cilantro-215g\/"]}]},{"@type":"ImageObject","inLanguage":"es","@id":"https:\/\/lavega.gr\/es\/producto\/pasta-de-cilantro-215g\/#primaryimage","url":"https:\/\/lavega.gr\/wp-content\/uploads\/2022\/12\/pasta-de-cilantro-frasco-215gr.png","contentUrl":"https:\/\/lavega.gr\/wp-content\/uploads\/2022\/12\/pasta-de-cilantro-frasco-215gr.png","width":1000,"height":1000},{"@type":"BreadcrumbList","@id":"https:\/\/lavega.gr\/es\/producto\/pasta-de-cilantro-215g\/#breadcrumb","itemListElement":[{"@type":"ListItem","position":1,"name":"Home","item":"https:\/\/lavega.gr\/es\/"},{"@type":"ListItem","position":2,"name":"Productos","item":"https:\/\/lavega.gr\/es\/tienda\/"},{"@type":"ListItem","position":3,"name":"Pasta de Cilantro (215 g) &#8216;Coexito&#8217;"}]},{"@type":"WebSite","@id":"https:\/\/lavega.gr\/#website","url":"https:\/\/lavega.gr\/","name":"La Vega","description":"Productos Latinos","potentialAction":[{"@type":"SearchAction","target":{"@type":"EntryPoint","urlTemplate":"https:\/\/lavega.gr\/?s={search_term_string}"},"query-input":"required name=search_term_string"}],"inLanguage":"es"}]}},"_links":{"self":[{"href":"https:\/\/lavega.gr\/es\/wp-json\/wp\/v2\/product\/4149","targetHints":{"allow":["GET"]}}],"collection":[{"href":"https:\/\/lavega.gr\/es\/wp-json\/wp\/v2\/product"}],"about":[{"href":"https:\/\/lavega.gr\/es\/wp-json\/wp\/v2\/types\/product"}],"wp:featuredmedia":[{"embeddable":true,"href":"https:\/\/lavega.gr\/es\/wp-json\/wp\/v2\/media\/3471"}],"wp:attachment":[{"href":"https:\/\/lavega.gr\/es\/wp-json\/wp\/v2\/media?parent=4149"}],"wp:term":[{"taxonomy":"product_cat","embeddable":true,"href":"https:\/\/lavega.gr\/es\/wp-json\/wp\/v2\/product_cat?post=4149"},{"taxonomy":"product_tag","embeddable":true,"href":"https:\/\/lavega.gr\/es\/wp-json\/wp\/v2\/product_tag?post=4149"}],"curies":[{"name":"wp","href":"https:\/\/api.w.org\/{rel}","templated":true}]}}