{"id":4147,"date":"2022-12-28T11:34:34","date_gmt":"2022-12-28T09:34:34","guid":{"rendered":"https:\/\/lavega.gr\/product\/dulce-de-leche-450g\/"},"modified":"2026-04-01T00:53:31","modified_gmt":"2026-03-31T22:53:31","slug":"dulce-de-leche-450g","status":"publish","type":"product","link":"https:\/\/lavega.gr\/es\/producto\/dulce-de-leche-450g\/","title":{"rendered":"&#8216;Dulce de Leche Coexito&#8217; (450g)"},"content":{"rendered":"<p>\u00a1El dulce de leche m\u00e1s famoso de Latinoam\u00e9rica, ha llegado para llevar tus recetas al siguiente nivel!<\/p>\n<p>Un estilo tradicional de caramelo a base de leche para untar. El Dulce de Leche es 100% natural, sin colorantes, bajo en calor\u00edas y sin gluten<\/p>\n<p>Para helados o crepes, dip para churros, relleno para reposter\u00eda, ingrediente en tartas, para untar en tostadas o simplemente para comer con cuchara!!!<\/p>\n<p>\u00a1No es de extra\u00f1ar que los lugare\u00f1os llamen al Dulce de Leche la pasta para untar sin nueces m\u00e1s saludable que se puede usar en todo!<\/p>\n<p>&nbsp;<\/p>\n<p>Ingredientes: leche entera, az\u00facar, glucosa, aroma de vainilla<\/p>\n<p>\u2714\ufe0f Sin Gluten (Gluten Free)<\/p>\n","protected":false},"excerpt":{"rendered":"<p>\u00a1El dulce de leche m\u00e1s famoso de Latinoam\u00e9rica, ha llegado para llevar tus recetas al siguiente nivel! Un estilo tradicional de caramelo a base de leche para untar. El Dulce de Leche es 100% natural, sin colorantes, bajo en calor\u00edas y sin gluten Para helados o crepes, dip para churros, relleno para reposter\u00eda, ingrediente en&#8230;<\/p>\n","protected":false},"featured_media":3485,"template":"","meta":[],"product_cat":[93,127,88],"product_tag":[],"class_list":{"0":"post-4147","1":"product","2":"type-product","3":"status-publish","4":"has-post-thumbnail","6":"product_cat-gluten-free-es","7":"product_cat-dulces-mermeladas","8":"product_cat-alimentos","10":"first","11":"outofstock","12":"taxable","13":"shipping-taxable","14":"purchasable","15":"product-type-simple"},"yoast_head":"<!-- This site is optimized with the Yoast SEO plugin v22.3 - https:\/\/yoast.com\/wordpress\/plugins\/seo\/ -->\n<title>&#039;Dulce de Leche Coexito&#039; (450g) | La Vega<\/title>\n<meta name=\"description\" content=\"\u00a1Un tradicional caramelo para untar a base de leche! El Dulce de Leche es 100% natural, sin colorantes, bajo en calor\u00edas y sin gluten\" \/>\n<meta name=\"robots\" content=\"index, follow, max-snippet:-1, max-image-preview:large, max-video-preview:-1\" \/>\n<link rel=\"canonical\" href=\"https:\/\/lavega.gr\/producto\/dulce-de-leche-450g\/\" \/>\n<meta property=\"og:locale\" content=\"es_ES\" \/>\n<meta property=\"og:type\" content=\"article\" \/>\n<meta property=\"og:title\" content=\"&#039;Dulce de Leche Coexito&#039; (450g) | La Vega\" \/>\n<meta property=\"og:description\" content=\"\u00a1Un tradicional caramelo para untar a base de leche! El Dulce de Leche es 100% natural, sin colorantes, bajo en calor\u00edas y sin gluten\" \/>\n<meta property=\"og:url\" content=\"https:\/\/lavega.gr\/producto\/dulce-de-leche-450g\/\" \/>\n<meta property=\"og:site_name\" content=\"La Vega\" \/>\n<meta property=\"article:modified_time\" content=\"2026-03-31T22:53:31+00:00\" \/>\n<meta property=\"og:image\" content=\"https:\/\/lavega.gr\/wp-content\/uploads\/2022\/12\/dulce-de-leche-450gr.png\" \/>\n\t<meta property=\"og:image:width\" content=\"1000\" \/>\n\t<meta property=\"og:image:height\" content=\"1000\" \/>\n\t<meta property=\"og:image:type\" content=\"image\/png\" \/>\n<meta name=\"twitter:card\" content=\"summary_large_image\" \/>\n<meta name=\"twitter:label1\" content=\"Tiempo de lectura\" \/>\n\t<meta name=\"twitter:data1\" content=\"1 minuto\" \/>\n<script type=\"application\/ld+json\" class=\"yoast-schema-graph\">{\"@context\":\"https:\/\/schema.org\",\"@graph\":[{\"@type\":\"WebPage\",\"@id\":\"https:\/\/lavega.gr\/producto\/dulce-de-leche-450g\/\",\"url\":\"https:\/\/lavega.gr\/producto\/dulce-de-leche-450g\/\",\"name\":\"'Dulce de Leche Coexito' (450g) | La Vega\",\"isPartOf\":{\"@id\":\"https:\/\/lavega.gr\/#website\"},\"primaryImageOfPage\":{\"@id\":\"https:\/\/lavega.gr\/producto\/dulce-de-leche-450g\/#primaryimage\"},\"image\":{\"@id\":\"https:\/\/lavega.gr\/producto\/dulce-de-leche-450g\/#primaryimage\"},\"thumbnailUrl\":\"https:\/\/lavega.gr\/wp-content\/uploads\/2022\/12\/dulce-de-leche-450gr.png\",\"datePublished\":\"2022-12-28T09:34:34+00:00\",\"dateModified\":\"2026-03-31T22:53:31+00:00\",\"description\":\"\u00a1Un tradicional caramelo para untar a base de leche! El Dulce de Leche es 100% natural, sin colorantes, bajo en calor\u00edas y sin gluten\",\"breadcrumb\":{\"@id\":\"https:\/\/lavega.gr\/producto\/dulce-de-leche-450g\/#breadcrumb\"},\"inLanguage\":\"es\",\"potentialAction\":[{\"@type\":\"ReadAction\",\"target\":[\"https:\/\/lavega.gr\/producto\/dulce-de-leche-450g\/\"]}]},{\"@type\":\"ImageObject\",\"inLanguage\":\"es\",\"@id\":\"https:\/\/lavega.gr\/producto\/dulce-de-leche-450g\/#primaryimage\",\"url\":\"https:\/\/lavega.gr\/wp-content\/uploads\/2022\/12\/dulce-de-leche-450gr.png\",\"contentUrl\":\"https:\/\/lavega.gr\/wp-content\/uploads\/2022\/12\/dulce-de-leche-450gr.png\",\"width\":1000,\"height\":1000},{\"@type\":\"BreadcrumbList\",\"@id\":\"https:\/\/lavega.gr\/producto\/dulce-de-leche-450g\/#breadcrumb\",\"itemListElement\":[{\"@type\":\"ListItem\",\"position\":1,\"name\":\"Home\",\"item\":\"https:\/\/lavega.gr\/es\/\"},{\"@type\":\"ListItem\",\"position\":2,\"name\":\"Productos\",\"item\":\"https:\/\/lavega.gr\/es\/tienda\/\"},{\"@type\":\"ListItem\",\"position\":3,\"name\":\"&#8216;Dulce de Leche Coexito&#8217; (450g)\"}]},{\"@type\":\"WebSite\",\"@id\":\"https:\/\/lavega.gr\/#website\",\"url\":\"https:\/\/lavega.gr\/\",\"name\":\"La Vega\",\"description\":\"Productos Latinos\",\"potentialAction\":[{\"@type\":\"SearchAction\",\"target\":{\"@type\":\"EntryPoint\",\"urlTemplate\":\"https:\/\/lavega.gr\/?s={search_term_string}\"},\"query-input\":\"required name=search_term_string\"}],\"inLanguage\":\"es\"}]}<\/script>\n<!-- \/ Yoast SEO plugin. -->","yoast_head_json":{"title":"'Dulce de Leche Coexito' (450g) | La Vega","description":"\u00a1Un tradicional caramelo para untar a base de leche! El Dulce de Leche es 100% natural, sin colorantes, bajo en calor\u00edas y sin gluten","robots":{"index":"index","follow":"follow","max-snippet":"max-snippet:-1","max-image-preview":"max-image-preview:large","max-video-preview":"max-video-preview:-1"},"canonical":"https:\/\/lavega.gr\/producto\/dulce-de-leche-450g\/","og_locale":"es_ES","og_type":"article","og_title":"'Dulce de Leche Coexito' (450g) | La Vega","og_description":"\u00a1Un tradicional caramelo para untar a base de leche! El Dulce de Leche es 100% natural, sin colorantes, bajo en calor\u00edas y sin gluten","og_url":"https:\/\/lavega.gr\/producto\/dulce-de-leche-450g\/","og_site_name":"La Vega","article_modified_time":"2026-03-31T22:53:31+00:00","og_image":[{"width":1000,"height":1000,"url":"https:\/\/lavega.gr\/wp-content\/uploads\/2022\/12\/dulce-de-leche-450gr.png","type":"image\/png"}],"twitter_card":"summary_large_image","twitter_misc":{"Tiempo de lectura":"1 minuto"},"schema":{"@context":"https:\/\/schema.org","@graph":[{"@type":"WebPage","@id":"https:\/\/lavega.gr\/producto\/dulce-de-leche-450g\/","url":"https:\/\/lavega.gr\/producto\/dulce-de-leche-450g\/","name":"'Dulce de Leche Coexito' (450g) | La Vega","isPartOf":{"@id":"https:\/\/lavega.gr\/#website"},"primaryImageOfPage":{"@id":"https:\/\/lavega.gr\/producto\/dulce-de-leche-450g\/#primaryimage"},"image":{"@id":"https:\/\/lavega.gr\/producto\/dulce-de-leche-450g\/#primaryimage"},"thumbnailUrl":"https:\/\/lavega.gr\/wp-content\/uploads\/2022\/12\/dulce-de-leche-450gr.png","datePublished":"2022-12-28T09:34:34+00:00","dateModified":"2026-03-31T22:53:31+00:00","description":"\u00a1Un tradicional caramelo para untar a base de leche! El Dulce de Leche es 100% natural, sin colorantes, bajo en calor\u00edas y sin gluten","breadcrumb":{"@id":"https:\/\/lavega.gr\/producto\/dulce-de-leche-450g\/#breadcrumb"},"inLanguage":"es","potentialAction":[{"@type":"ReadAction","target":["https:\/\/lavega.gr\/producto\/dulce-de-leche-450g\/"]}]},{"@type":"ImageObject","inLanguage":"es","@id":"https:\/\/lavega.gr\/producto\/dulce-de-leche-450g\/#primaryimage","url":"https:\/\/lavega.gr\/wp-content\/uploads\/2022\/12\/dulce-de-leche-450gr.png","contentUrl":"https:\/\/lavega.gr\/wp-content\/uploads\/2022\/12\/dulce-de-leche-450gr.png","width":1000,"height":1000},{"@type":"BreadcrumbList","@id":"https:\/\/lavega.gr\/producto\/dulce-de-leche-450g\/#breadcrumb","itemListElement":[{"@type":"ListItem","position":1,"name":"Home","item":"https:\/\/lavega.gr\/es\/"},{"@type":"ListItem","position":2,"name":"Productos","item":"https:\/\/lavega.gr\/es\/tienda\/"},{"@type":"ListItem","position":3,"name":"&#8216;Dulce de Leche Coexito&#8217; (450g)"}]},{"@type":"WebSite","@id":"https:\/\/lavega.gr\/#website","url":"https:\/\/lavega.gr\/","name":"La Vega","description":"Productos Latinos","potentialAction":[{"@type":"SearchAction","target":{"@type":"EntryPoint","urlTemplate":"https:\/\/lavega.gr\/?s={search_term_string}"},"query-input":"required name=search_term_string"}],"inLanguage":"es"}]}},"_links":{"self":[{"href":"https:\/\/lavega.gr\/es\/wp-json\/wp\/v2\/product\/4147","targetHints":{"allow":["GET"]}}],"collection":[{"href":"https:\/\/lavega.gr\/es\/wp-json\/wp\/v2\/product"}],"about":[{"href":"https:\/\/lavega.gr\/es\/wp-json\/wp\/v2\/types\/product"}],"wp:featuredmedia":[{"embeddable":true,"href":"https:\/\/lavega.gr\/es\/wp-json\/wp\/v2\/media\/3485"}],"wp:attachment":[{"href":"https:\/\/lavega.gr\/es\/wp-json\/wp\/v2\/media?parent=4147"}],"wp:term":[{"taxonomy":"product_cat","embeddable":true,"href":"https:\/\/lavega.gr\/es\/wp-json\/wp\/v2\/product_cat?post=4147"},{"taxonomy":"product_tag","embeddable":true,"href":"https:\/\/lavega.gr\/es\/wp-json\/wp\/v2\/product_tag?post=4147"}],"curies":[{"name":"wp","href":"https:\/\/api.w.org\/{rel}","templated":true}]}}