{"id":4144,"date":"2022-12-29T09:44:39","date_gmt":"2022-12-29T07:44:39","guid":{"rendered":"https:\/\/lavega.gr\/product\/tosti-arepas-juana-de-origen\/"},"modified":"2025-04-16T11:50:15","modified_gmt":"2025-04-16T09:50:15","slug":"tosti-arepas-juana-de-origen-25kg","status":"publish","type":"product","link":"https:\/\/lavega.gr\/es\/producto\/tosti-arepas-juana-de-origen-25kg\/","title":{"rendered":"Arepiera &#8216;Juana De Or\u00edgenes&#8217;"},"content":{"rendered":"<p>TOSTI Arepas Juana De Origen es el aparato que ahora falta en cualquier cocina venezolana!<\/p>\n<p>Si tienes una tostadora en casa, puedes tener unas arepas listas para comer en solo 10 minutos, \u00a1sin necesidad de horno!<\/p>\n<p>\u00a1Las Tosti Arepas originales, inventadas en 1997 por el brasile\u00f1o Fernando Rizkalla, entonces presidente de la marca Oster en Venezuela!<\/p>\n<p>Antes de su creaci\u00f3n, las arepas solo se pod\u00edan preparar de la manera com\u00fan, \u00a1pero Fernando logr\u00f3 adaptar las sandwicheras o waffleras a una con la capacidad de cocinar arepas!<\/p>\n","protected":false},"excerpt":{"rendered":"<p>TOSTI Arepas Juana De Origen es el aparato que ahora falta en cualquier cocina venezolana! Si tienes una tostadora en casa, puedes tener unas arepas listas para comer en solo 10 minutos, \u00a1sin necesidad de horno! \u00a1Las Tosti Arepas originales, inventadas en 1997 por el brasile\u00f1o Fernando Rizkalla, entonces presidente de la marca Oster en&#8230;<\/p>\n","protected":false},"featured_media":3501,"template":"","meta":[],"product_cat":[87],"product_tag":[],"class_list":{"0":"post-4144","1":"product","2":"type-product","3":"status-publish","4":"has-post-thumbnail","6":"product_cat-combos-y-regalos","8":"first","9":"outofstock","10":"taxable","11":"shipping-taxable","12":"purchasable","13":"product-type-simple"},"yoast_head":"<!-- This site is optimized with the Yoast SEO plugin v22.3 - https:\/\/yoast.com\/wordpress\/plugins\/seo\/ -->\n<title>Arepiera &#039;Juana De Or\u00edgenes&#039; | La Vega<\/title>\n<meta name=\"description\" content=\"\u00a1Es el aparato que no falta en ninguna cocina venezolana! \u00a1Puedes tener unas arepas listas para comer en tan solo 10 minutos!\" \/>\n<meta name=\"robots\" content=\"index, follow, max-snippet:-1, max-image-preview:large, max-video-preview:-1\" \/>\n<link rel=\"canonical\" href=\"https:\/\/lavega.gr\/es\/producto\/tosti-arepas-juana-de-origen-25kg\/\" \/>\n<meta property=\"og:locale\" content=\"es_ES\" \/>\n<meta property=\"og:type\" content=\"article\" \/>\n<meta property=\"og:title\" content=\"Arepiera &#039;Juana De Or\u00edgenes&#039; | La Vega\" \/>\n<meta property=\"og:description\" content=\"\u00a1Es el aparato que no falta en ninguna cocina venezolana! \u00a1Puedes tener unas arepas listas para comer en tan solo 10 minutos!\" \/>\n<meta property=\"og:url\" content=\"https:\/\/lavega.gr\/es\/producto\/tosti-arepas-juana-de-origen-25kg\/\" \/>\n<meta property=\"og:site_name\" content=\"La Vega\" \/>\n<meta property=\"article:modified_time\" content=\"2025-04-16T09:50:15+00:00\" \/>\n<meta property=\"og:image\" content=\"https:\/\/lavega.gr\/wp-content\/uploads\/2022\/12\/tosti-juana-de-origen-25kg.png\" \/>\n\t<meta property=\"og:image:width\" content=\"1000\" \/>\n\t<meta property=\"og:image:height\" content=\"1000\" \/>\n\t<meta property=\"og:image:type\" content=\"image\/png\" \/>\n<meta name=\"twitter:card\" content=\"summary_large_image\" \/>\n<script type=\"application\/ld+json\" class=\"yoast-schema-graph\">{\"@context\":\"https:\/\/schema.org\",\"@graph\":[{\"@type\":\"WebPage\",\"@id\":\"https:\/\/lavega.gr\/es\/producto\/tosti-arepas-juana-de-origen-25kg\/\",\"url\":\"https:\/\/lavega.gr\/es\/producto\/tosti-arepas-juana-de-origen-25kg\/\",\"name\":\"Arepiera 'Juana De Or\u00edgenes' | La Vega\",\"isPartOf\":{\"@id\":\"https:\/\/lavega.gr\/#website\"},\"primaryImageOfPage\":{\"@id\":\"https:\/\/lavega.gr\/es\/producto\/tosti-arepas-juana-de-origen-25kg\/#primaryimage\"},\"image\":{\"@id\":\"https:\/\/lavega.gr\/es\/producto\/tosti-arepas-juana-de-origen-25kg\/#primaryimage\"},\"thumbnailUrl\":\"https:\/\/lavega.gr\/wp-content\/uploads\/2022\/12\/tosti-juana-de-origen-25kg.png\",\"datePublished\":\"2022-12-29T07:44:39+00:00\",\"dateModified\":\"2025-04-16T09:50:15+00:00\",\"description\":\"\u00a1Es el aparato que no falta en ninguna cocina venezolana! \u00a1Puedes tener unas arepas listas para comer en tan solo 10 minutos!\",\"breadcrumb\":{\"@id\":\"https:\/\/lavega.gr\/es\/producto\/tosti-arepas-juana-de-origen-25kg\/#breadcrumb\"},\"inLanguage\":\"es\",\"potentialAction\":[{\"@type\":\"ReadAction\",\"target\":[\"https:\/\/lavega.gr\/es\/producto\/tosti-arepas-juana-de-origen-25kg\/\"]}]},{\"@type\":\"ImageObject\",\"inLanguage\":\"es\",\"@id\":\"https:\/\/lavega.gr\/es\/producto\/tosti-arepas-juana-de-origen-25kg\/#primaryimage\",\"url\":\"https:\/\/lavega.gr\/wp-content\/uploads\/2022\/12\/tosti-juana-de-origen-25kg.png\",\"contentUrl\":\"https:\/\/lavega.gr\/wp-content\/uploads\/2022\/12\/tosti-juana-de-origen-25kg.png\",\"width\":1000,\"height\":1000},{\"@type\":\"BreadcrumbList\",\"@id\":\"https:\/\/lavega.gr\/es\/producto\/tosti-arepas-juana-de-origen-25kg\/#breadcrumb\",\"itemListElement\":[{\"@type\":\"ListItem\",\"position\":1,\"name\":\"Home\",\"item\":\"https:\/\/lavega.gr\/es\/\"},{\"@type\":\"ListItem\",\"position\":2,\"name\":\"Productos\",\"item\":\"https:\/\/lavega.gr\/es\/tienda\/\"},{\"@type\":\"ListItem\",\"position\":3,\"name\":\"Arepiera &#8216;Juana De Or\u00edgenes&#8217;\"}]},{\"@type\":\"WebSite\",\"@id\":\"https:\/\/lavega.gr\/#website\",\"url\":\"https:\/\/lavega.gr\/\",\"name\":\"La Vega\",\"description\":\"Productos Latinos\",\"potentialAction\":[{\"@type\":\"SearchAction\",\"target\":{\"@type\":\"EntryPoint\",\"urlTemplate\":\"https:\/\/lavega.gr\/?s={search_term_string}\"},\"query-input\":\"required name=search_term_string\"}],\"inLanguage\":\"es\"}]}<\/script>\n<!-- \/ Yoast SEO plugin. -->","yoast_head_json":{"title":"Arepiera 'Juana De Or\u00edgenes' | La Vega","description":"\u00a1Es el aparato que no falta en ninguna cocina venezolana! \u00a1Puedes tener unas arepas listas para comer en tan solo 10 minutos!","robots":{"index":"index","follow":"follow","max-snippet":"max-snippet:-1","max-image-preview":"max-image-preview:large","max-video-preview":"max-video-preview:-1"},"canonical":"https:\/\/lavega.gr\/es\/producto\/tosti-arepas-juana-de-origen-25kg\/","og_locale":"es_ES","og_type":"article","og_title":"Arepiera 'Juana De Or\u00edgenes' | La Vega","og_description":"\u00a1Es el aparato que no falta en ninguna cocina venezolana! \u00a1Puedes tener unas arepas listas para comer en tan solo 10 minutos!","og_url":"https:\/\/lavega.gr\/es\/producto\/tosti-arepas-juana-de-origen-25kg\/","og_site_name":"La Vega","article_modified_time":"2025-04-16T09:50:15+00:00","og_image":[{"width":1000,"height":1000,"url":"https:\/\/lavega.gr\/wp-content\/uploads\/2022\/12\/tosti-juana-de-origen-25kg.png","type":"image\/png"}],"twitter_card":"summary_large_image","schema":{"@context":"https:\/\/schema.org","@graph":[{"@type":"WebPage","@id":"https:\/\/lavega.gr\/es\/producto\/tosti-arepas-juana-de-origen-25kg\/","url":"https:\/\/lavega.gr\/es\/producto\/tosti-arepas-juana-de-origen-25kg\/","name":"Arepiera 'Juana De Or\u00edgenes' | La Vega","isPartOf":{"@id":"https:\/\/lavega.gr\/#website"},"primaryImageOfPage":{"@id":"https:\/\/lavega.gr\/es\/producto\/tosti-arepas-juana-de-origen-25kg\/#primaryimage"},"image":{"@id":"https:\/\/lavega.gr\/es\/producto\/tosti-arepas-juana-de-origen-25kg\/#primaryimage"},"thumbnailUrl":"https:\/\/lavega.gr\/wp-content\/uploads\/2022\/12\/tosti-juana-de-origen-25kg.png","datePublished":"2022-12-29T07:44:39+00:00","dateModified":"2025-04-16T09:50:15+00:00","description":"\u00a1Es el aparato que no falta en ninguna cocina venezolana! \u00a1Puedes tener unas arepas listas para comer en tan solo 10 minutos!","breadcrumb":{"@id":"https:\/\/lavega.gr\/es\/producto\/tosti-arepas-juana-de-origen-25kg\/#breadcrumb"},"inLanguage":"es","potentialAction":[{"@type":"ReadAction","target":["https:\/\/lavega.gr\/es\/producto\/tosti-arepas-juana-de-origen-25kg\/"]}]},{"@type":"ImageObject","inLanguage":"es","@id":"https:\/\/lavega.gr\/es\/producto\/tosti-arepas-juana-de-origen-25kg\/#primaryimage","url":"https:\/\/lavega.gr\/wp-content\/uploads\/2022\/12\/tosti-juana-de-origen-25kg.png","contentUrl":"https:\/\/lavega.gr\/wp-content\/uploads\/2022\/12\/tosti-juana-de-origen-25kg.png","width":1000,"height":1000},{"@type":"BreadcrumbList","@id":"https:\/\/lavega.gr\/es\/producto\/tosti-arepas-juana-de-origen-25kg\/#breadcrumb","itemListElement":[{"@type":"ListItem","position":1,"name":"Home","item":"https:\/\/lavega.gr\/es\/"},{"@type":"ListItem","position":2,"name":"Productos","item":"https:\/\/lavega.gr\/es\/tienda\/"},{"@type":"ListItem","position":3,"name":"Arepiera &#8216;Juana De Or\u00edgenes&#8217;"}]},{"@type":"WebSite","@id":"https:\/\/lavega.gr\/#website","url":"https:\/\/lavega.gr\/","name":"La Vega","description":"Productos Latinos","potentialAction":[{"@type":"SearchAction","target":{"@type":"EntryPoint","urlTemplate":"https:\/\/lavega.gr\/?s={search_term_string}"},"query-input":"required name=search_term_string"}],"inLanguage":"es"}]}},"_links":{"self":[{"href":"https:\/\/lavega.gr\/es\/wp-json\/wp\/v2\/product\/4144","targetHints":{"allow":["GET"]}}],"collection":[{"href":"https:\/\/lavega.gr\/es\/wp-json\/wp\/v2\/product"}],"about":[{"href":"https:\/\/lavega.gr\/es\/wp-json\/wp\/v2\/types\/product"}],"wp:featuredmedia":[{"embeddable":true,"href":"https:\/\/lavega.gr\/es\/wp-json\/wp\/v2\/media\/3501"}],"wp:attachment":[{"href":"https:\/\/lavega.gr\/es\/wp-json\/wp\/v2\/media?parent=4144"}],"wp:term":[{"taxonomy":"product_cat","embeddable":true,"href":"https:\/\/lavega.gr\/es\/wp-json\/wp\/v2\/product_cat?post=4144"},{"taxonomy":"product_tag","embeddable":true,"href":"https:\/\/lavega.gr\/es\/wp-json\/wp\/v2\/product_tag?post=4144"}],"curies":[{"name":"wp","href":"https:\/\/api.w.org\/{rel}","templated":true}]}}