{"id":4142,"date":"2022-12-29T19:01:04","date_gmt":"2022-12-29T17:01:04","guid":{"rendered":"https:\/\/lavega.gr\/product\/maiz-morado-400g\/"},"modified":"2025-07-25T11:36:50","modified_gmt":"2025-07-25T09:36:50","slug":"maiz-morado-400g","status":"publish","type":"product","link":"https:\/\/lavega.gr\/es\/producto\/maiz-morado-400g\/","title":{"rendered":"Maiz Morado (400g)"},"content":{"rendered":"<p>El ma\u00edz morado de Per\u00fa es un superalimento que se destaca por su color, sabor y propiedades, \u00a1siendo descrito como una \u201cpotencia nutricional\u201d por su alto contenido en fenoles y antocianinas!<\/p>\n<p>\u00a1Este tipo de ma\u00edz crece en los Andes, principalmente en Per\u00fa, y sus mazorcas se cosechan solo despu\u00e9s de que est\u00e1n completamente secas en la planta!<\/p>\n<p>Es 100% natural y aporta numerosos beneficios para la salud, previniendo enfermedades cardiovasculares (hipertensi\u00f3n arterial), colesterol, combatiendo la diabetes y destacando principalmente su actividad antioxidante<\/p>\n<p><em><strong>Ingredientes<\/strong><\/em>: Ma\u00edz morado seleccionado 100% natural<\/p>\n<p>Por 100 gramos<\/p>\n<p>Valor energ\u00e9tico: 360kcal<br \/>\nGrasa: 3,5 g<br \/>\nCarbohidratos: 76g<br \/>\nProte\u00ednas: 7g<br \/>\nSal: 0g<\/p>\n<p>Pa\u00eds de origen: Per\u00fa<br \/>\nPeso neto: 400g<\/p>\n","protected":false},"excerpt":{"rendered":"<p>El ma\u00edz morado de Per\u00fa es un superalimento que se destaca por su color, sabor y propiedades, \u00a1siendo descrito como una \u201cpotencia nutricional\u201d por su alto contenido en fenoles y antocianinas! \u00a1Este tipo de ma\u00edz crece en los Andes, principalmente en Per\u00fa, y sus mazorcas se cosechan solo despu\u00e9s de que est\u00e1n completamente secas en&#8230;<\/p>\n","protected":false},"featured_media":3505,"template":"","meta":[],"product_cat":[129,88],"product_tag":[],"class_list":{"0":"post-4142","1":"product","2":"type-product","3":"status-publish","4":"has-post-thumbnail","6":"product_cat-legumbres-y-especialidades","7":"product_cat-alimentos","9":"first","10":"instock","11":"taxable","12":"shipping-taxable","13":"purchasable","14":"product-type-simple"},"yoast_head":"<!-- This site is optimized with the Yoast SEO plugin v22.3 - https:\/\/yoast.com\/wordpress\/plugins\/seo\/ -->\n<title>Maiz Morado (400g) | La Vega<\/title>\n<meta name=\"description\" content=\"\u00a1El ma\u00edz morado de Per\u00fa es 100% natural! \u00a1Es un superalimento \u00fanico que proporciona numerosos beneficios para la salud!\" \/>\n<meta name=\"robots\" content=\"index, follow, max-snippet:-1, max-image-preview:large, max-video-preview:-1\" \/>\n<link rel=\"canonical\" href=\"https:\/\/lavega.gr\/es\/producto\/maiz-morado-400g\/\" \/>\n<meta property=\"og:locale\" content=\"es_ES\" \/>\n<meta property=\"og:type\" content=\"article\" \/>\n<meta property=\"og:title\" content=\"Maiz Morado (400g) | La Vega\" \/>\n<meta property=\"og:description\" content=\"\u00a1El ma\u00edz morado de Per\u00fa es 100% natural! \u00a1Es un superalimento \u00fanico que proporciona numerosos beneficios para la salud!\" \/>\n<meta property=\"og:url\" content=\"https:\/\/lavega.gr\/es\/producto\/maiz-morado-400g\/\" \/>\n<meta property=\"og:site_name\" content=\"La Vega\" \/>\n<meta property=\"article:modified_time\" content=\"2025-07-25T09:36:50+00:00\" \/>\n<meta property=\"og:image\" content=\"https:\/\/lavega.gr\/wp-content\/uploads\/2022\/12\/Maiz-Morado-e1672332645408.png\" \/>\n\t<meta property=\"og:image:width\" content=\"1000\" \/>\n\t<meta property=\"og:image:height\" content=\"667\" \/>\n\t<meta property=\"og:image:type\" content=\"image\/png\" \/>\n<meta name=\"twitter:card\" content=\"summary_large_image\" \/>\n<meta name=\"twitter:label1\" content=\"Tiempo de lectura\" \/>\n\t<meta name=\"twitter:data1\" content=\"1 minuto\" \/>\n<script type=\"application\/ld+json\" class=\"yoast-schema-graph\">{\"@context\":\"https:\/\/schema.org\",\"@graph\":[{\"@type\":\"WebPage\",\"@id\":\"https:\/\/lavega.gr\/es\/producto\/maiz-morado-400g\/\",\"url\":\"https:\/\/lavega.gr\/es\/producto\/maiz-morado-400g\/\",\"name\":\"Maiz Morado (400g) | La Vega\",\"isPartOf\":{\"@id\":\"https:\/\/lavega.gr\/#website\"},\"primaryImageOfPage\":{\"@id\":\"https:\/\/lavega.gr\/es\/producto\/maiz-morado-400g\/#primaryimage\"},\"image\":{\"@id\":\"https:\/\/lavega.gr\/es\/producto\/maiz-morado-400g\/#primaryimage\"},\"thumbnailUrl\":\"https:\/\/lavega.gr\/wp-content\/uploads\/2022\/12\/Maiz-Morado-e1672332645408.png\",\"datePublished\":\"2022-12-29T17:01:04+00:00\",\"dateModified\":\"2025-07-25T09:36:50+00:00\",\"description\":\"\u00a1El ma\u00edz morado de Per\u00fa es 100% natural! \u00a1Es un superalimento \u00fanico que proporciona numerosos beneficios para la salud!\",\"breadcrumb\":{\"@id\":\"https:\/\/lavega.gr\/es\/producto\/maiz-morado-400g\/#breadcrumb\"},\"inLanguage\":\"es\",\"potentialAction\":[{\"@type\":\"ReadAction\",\"target\":[\"https:\/\/lavega.gr\/es\/producto\/maiz-morado-400g\/\"]}]},{\"@type\":\"ImageObject\",\"inLanguage\":\"es\",\"@id\":\"https:\/\/lavega.gr\/es\/producto\/maiz-morado-400g\/#primaryimage\",\"url\":\"https:\/\/lavega.gr\/wp-content\/uploads\/2022\/12\/Maiz-Morado-e1672332645408.png\",\"contentUrl\":\"https:\/\/lavega.gr\/wp-content\/uploads\/2022\/12\/Maiz-Morado-e1672332645408.png\",\"width\":1000,\"height\":667},{\"@type\":\"BreadcrumbList\",\"@id\":\"https:\/\/lavega.gr\/es\/producto\/maiz-morado-400g\/#breadcrumb\",\"itemListElement\":[{\"@type\":\"ListItem\",\"position\":1,\"name\":\"Home\",\"item\":\"https:\/\/lavega.gr\/es\/\"},{\"@type\":\"ListItem\",\"position\":2,\"name\":\"Productos\",\"item\":\"https:\/\/lavega.gr\/es\/tienda\/\"},{\"@type\":\"ListItem\",\"position\":3,\"name\":\"Maiz Morado (400g)\"}]},{\"@type\":\"WebSite\",\"@id\":\"https:\/\/lavega.gr\/#website\",\"url\":\"https:\/\/lavega.gr\/\",\"name\":\"La Vega\",\"description\":\"Productos Latinos\",\"potentialAction\":[{\"@type\":\"SearchAction\",\"target\":{\"@type\":\"EntryPoint\",\"urlTemplate\":\"https:\/\/lavega.gr\/?s={search_term_string}\"},\"query-input\":\"required name=search_term_string\"}],\"inLanguage\":\"es\"}]}<\/script>\n<!-- \/ Yoast SEO plugin. -->","yoast_head_json":{"title":"Maiz Morado (400g) | La Vega","description":"\u00a1El ma\u00edz morado de Per\u00fa es 100% natural! \u00a1Es un superalimento \u00fanico que proporciona numerosos beneficios para la salud!","robots":{"index":"index","follow":"follow","max-snippet":"max-snippet:-1","max-image-preview":"max-image-preview:large","max-video-preview":"max-video-preview:-1"},"canonical":"https:\/\/lavega.gr\/es\/producto\/maiz-morado-400g\/","og_locale":"es_ES","og_type":"article","og_title":"Maiz Morado (400g) | La Vega","og_description":"\u00a1El ma\u00edz morado de Per\u00fa es 100% natural! \u00a1Es un superalimento \u00fanico que proporciona numerosos beneficios para la salud!","og_url":"https:\/\/lavega.gr\/es\/producto\/maiz-morado-400g\/","og_site_name":"La Vega","article_modified_time":"2025-07-25T09:36:50+00:00","og_image":[{"width":1000,"height":667,"url":"https:\/\/lavega.gr\/wp-content\/uploads\/2022\/12\/Maiz-Morado-e1672332645408.png","type":"image\/png"}],"twitter_card":"summary_large_image","twitter_misc":{"Tiempo de lectura":"1 minuto"},"schema":{"@context":"https:\/\/schema.org","@graph":[{"@type":"WebPage","@id":"https:\/\/lavega.gr\/es\/producto\/maiz-morado-400g\/","url":"https:\/\/lavega.gr\/es\/producto\/maiz-morado-400g\/","name":"Maiz Morado (400g) | La Vega","isPartOf":{"@id":"https:\/\/lavega.gr\/#website"},"primaryImageOfPage":{"@id":"https:\/\/lavega.gr\/es\/producto\/maiz-morado-400g\/#primaryimage"},"image":{"@id":"https:\/\/lavega.gr\/es\/producto\/maiz-morado-400g\/#primaryimage"},"thumbnailUrl":"https:\/\/lavega.gr\/wp-content\/uploads\/2022\/12\/Maiz-Morado-e1672332645408.png","datePublished":"2022-12-29T17:01:04+00:00","dateModified":"2025-07-25T09:36:50+00:00","description":"\u00a1El ma\u00edz morado de Per\u00fa es 100% natural! \u00a1Es un superalimento \u00fanico que proporciona numerosos beneficios para la salud!","breadcrumb":{"@id":"https:\/\/lavega.gr\/es\/producto\/maiz-morado-400g\/#breadcrumb"},"inLanguage":"es","potentialAction":[{"@type":"ReadAction","target":["https:\/\/lavega.gr\/es\/producto\/maiz-morado-400g\/"]}]},{"@type":"ImageObject","inLanguage":"es","@id":"https:\/\/lavega.gr\/es\/producto\/maiz-morado-400g\/#primaryimage","url":"https:\/\/lavega.gr\/wp-content\/uploads\/2022\/12\/Maiz-Morado-e1672332645408.png","contentUrl":"https:\/\/lavega.gr\/wp-content\/uploads\/2022\/12\/Maiz-Morado-e1672332645408.png","width":1000,"height":667},{"@type":"BreadcrumbList","@id":"https:\/\/lavega.gr\/es\/producto\/maiz-morado-400g\/#breadcrumb","itemListElement":[{"@type":"ListItem","position":1,"name":"Home","item":"https:\/\/lavega.gr\/es\/"},{"@type":"ListItem","position":2,"name":"Productos","item":"https:\/\/lavega.gr\/es\/tienda\/"},{"@type":"ListItem","position":3,"name":"Maiz Morado (400g)"}]},{"@type":"WebSite","@id":"https:\/\/lavega.gr\/#website","url":"https:\/\/lavega.gr\/","name":"La Vega","description":"Productos Latinos","potentialAction":[{"@type":"SearchAction","target":{"@type":"EntryPoint","urlTemplate":"https:\/\/lavega.gr\/?s={search_term_string}"},"query-input":"required name=search_term_string"}],"inLanguage":"es"}]}},"_links":{"self":[{"href":"https:\/\/lavega.gr\/es\/wp-json\/wp\/v2\/product\/4142","targetHints":{"allow":["GET"]}}],"collection":[{"href":"https:\/\/lavega.gr\/es\/wp-json\/wp\/v2\/product"}],"about":[{"href":"https:\/\/lavega.gr\/es\/wp-json\/wp\/v2\/types\/product"}],"wp:featuredmedia":[{"embeddable":true,"href":"https:\/\/lavega.gr\/es\/wp-json\/wp\/v2\/media\/3505"}],"wp:attachment":[{"href":"https:\/\/lavega.gr\/es\/wp-json\/wp\/v2\/media?parent=4142"}],"wp:term":[{"taxonomy":"product_cat","embeddable":true,"href":"https:\/\/lavega.gr\/es\/wp-json\/wp\/v2\/product_cat?post=4142"},{"taxonomy":"product_tag","embeddable":true,"href":"https:\/\/lavega.gr\/es\/wp-json\/wp\/v2\/product_tag?post=4142"}],"curies":[{"name":"wp","href":"https:\/\/api.w.org\/{rel}","templated":true}]}}