{"id":4140,"date":"2022-12-31T19:25:52","date_gmt":"2022-12-31T17:25:52","guid":{"rendered":"https:\/\/lavega.gr\/product\/pandebono-400g\/"},"modified":"2026-01-20T16:32:53","modified_gmt":"2026-01-20T14:32:53","slug":"pandebono-400g","status":"publish","type":"product","link":"https:\/\/lavega.gr\/es\/producto\/pandebono-400g\/","title":{"rendered":"Pandebono (400g)"},"content":{"rendered":"<p>\u00a1El pandebono es una mezcla t\u00edpica de la regi\u00f3n del Valle del Cauca de Colombia y m\u00e1s all\u00e1!<\/p>\n<p>Aunque se llama pan, en realidad no lo es, tiene forma redonda, \u00a1aunque el tradicional tiene forma de tira. En su elaboraci\u00f3n no se utiliza harina de trigo, sino f\u00e9cula de ma\u00edz, junto con f\u00e9cula de yuca fermentada, queso y huevo, \u00a1que luego de amasados forman peque\u00f1as porciones!<\/p>\n<p>\u00a1Se utiliza para acompa\u00f1ar desayunos, meriendas o cualquier momento del d\u00eda!<\/p>\n<p><em><strong>Ingredientes<\/strong><\/em>: Harina de ma\u00edz, almid\u00f3n de yuca, az\u00facar, sal<\/p>\n<p>Por 100 gramos<\/p>\n<p>Valor energ\u00e9tico: 423kcal<br \/>\nGrasa: 13g<br \/>\nCarbohidratos: 76g<br \/>\nFibra: 0g<br \/>\nProte\u00ednas: 0,6g<br \/>\nSal: 2,49g<\/p>\n<p>Pa\u00eds de origen: Colombia<br \/>\nPeso neto: 400g<\/p>\n","protected":false},"excerpt":{"rendered":"<p>\u00a1El pandebono es una mezcla t\u00edpica de la regi\u00f3n del Valle del Cauca de Colombia y m\u00e1s all\u00e1! Aunque se llama pan, en realidad no lo es, tiene forma redonda, \u00a1aunque el tradicional tiene forma de tira. En su elaboraci\u00f3n no se utiliza harina de trigo, sino f\u00e9cula de ma\u00edz, junto con f\u00e9cula de yuca&#8230;<\/p>\n","protected":false},"featured_media":3516,"template":"","meta":[],"product_cat":[126,88],"product_tag":[],"class_list":{"0":"post-4140","1":"product","2":"type-product","3":"status-publish","4":"has-post-thumbnail","6":"product_cat-harinas","7":"product_cat-alimentos","9":"first","10":"outofstock","11":"taxable","12":"shipping-taxable","13":"purchasable","14":"product-type-simple"},"yoast_head":"<!-- This site is optimized with the Yoast SEO plugin v22.3 - https:\/\/yoast.com\/wordpress\/plugins\/seo\/ -->\n<title>Pandebono (400g) | La Vega<\/title>\n<meta name=\"description\" content=\"\u00a1El pandebono es una mezcla t\u00edpica de la regi\u00f3n del Valle del Cauca de Colombia y m\u00e1s all\u00e1! \u00a1Disfr\u00fatalos en cualquier momento del d\u00eda!\" \/>\n<meta name=\"robots\" content=\"index, follow, max-snippet:-1, max-image-preview:large, max-video-preview:-1\" \/>\n<link rel=\"canonical\" href=\"https:\/\/lavega.gr\/es\/producto\/pandebono-400g\/\" \/>\n<meta property=\"og:locale\" content=\"es_ES\" \/>\n<meta property=\"og:type\" content=\"article\" \/>\n<meta property=\"og:title\" content=\"Pandebono (400g) | La Vega\" \/>\n<meta property=\"og:description\" content=\"\u00a1El pandebono es una mezcla t\u00edpica de la regi\u00f3n del Valle del Cauca de Colombia y m\u00e1s all\u00e1! \u00a1Disfr\u00fatalos en cualquier momento del d\u00eda!\" \/>\n<meta property=\"og:url\" content=\"https:\/\/lavega.gr\/es\/producto\/pandebono-400g\/\" \/>\n<meta property=\"og:site_name\" content=\"La Vega\" \/>\n<meta property=\"article:modified_time\" content=\"2026-01-20T14:32:53+00:00\" \/>\n<meta property=\"og:image\" content=\"https:\/\/lavega.gr\/wp-content\/uploads\/2022\/12\/Pandebono-400gr_.png\" \/>\n\t<meta property=\"og:image:width\" content=\"1000\" \/>\n\t<meta property=\"og:image:height\" content=\"1000\" \/>\n\t<meta property=\"og:image:type\" content=\"image\/png\" \/>\n<meta name=\"twitter:card\" content=\"summary_large_image\" \/>\n<meta name=\"twitter:label1\" content=\"Tiempo de lectura\" \/>\n\t<meta name=\"twitter:data1\" content=\"1 minuto\" \/>\n<script type=\"application\/ld+json\" class=\"yoast-schema-graph\">{\"@context\":\"https:\/\/schema.org\",\"@graph\":[{\"@type\":\"WebPage\",\"@id\":\"https:\/\/lavega.gr\/es\/producto\/pandebono-400g\/\",\"url\":\"https:\/\/lavega.gr\/es\/producto\/pandebono-400g\/\",\"name\":\"Pandebono (400g) | La Vega\",\"isPartOf\":{\"@id\":\"https:\/\/lavega.gr\/#website\"},\"primaryImageOfPage\":{\"@id\":\"https:\/\/lavega.gr\/es\/producto\/pandebono-400g\/#primaryimage\"},\"image\":{\"@id\":\"https:\/\/lavega.gr\/es\/producto\/pandebono-400g\/#primaryimage\"},\"thumbnailUrl\":\"https:\/\/lavega.gr\/wp-content\/uploads\/2022\/12\/Pandebono-400gr_.png\",\"datePublished\":\"2022-12-31T17:25:52+00:00\",\"dateModified\":\"2026-01-20T14:32:53+00:00\",\"description\":\"\u00a1El pandebono es una mezcla t\u00edpica de la regi\u00f3n del Valle del Cauca de Colombia y m\u00e1s all\u00e1! \u00a1Disfr\u00fatalos en cualquier momento del d\u00eda!\",\"breadcrumb\":{\"@id\":\"https:\/\/lavega.gr\/es\/producto\/pandebono-400g\/#breadcrumb\"},\"inLanguage\":\"es\",\"potentialAction\":[{\"@type\":\"ReadAction\",\"target\":[\"https:\/\/lavega.gr\/es\/producto\/pandebono-400g\/\"]}]},{\"@type\":\"ImageObject\",\"inLanguage\":\"es\",\"@id\":\"https:\/\/lavega.gr\/es\/producto\/pandebono-400g\/#primaryimage\",\"url\":\"https:\/\/lavega.gr\/wp-content\/uploads\/2022\/12\/Pandebono-400gr_.png\",\"contentUrl\":\"https:\/\/lavega.gr\/wp-content\/uploads\/2022\/12\/Pandebono-400gr_.png\",\"width\":1000,\"height\":1000},{\"@type\":\"BreadcrumbList\",\"@id\":\"https:\/\/lavega.gr\/es\/producto\/pandebono-400g\/#breadcrumb\",\"itemListElement\":[{\"@type\":\"ListItem\",\"position\":1,\"name\":\"Home\",\"item\":\"https:\/\/lavega.gr\/es\/\"},{\"@type\":\"ListItem\",\"position\":2,\"name\":\"Productos\",\"item\":\"https:\/\/lavega.gr\/es\/tienda\/\"},{\"@type\":\"ListItem\",\"position\":3,\"name\":\"Pandebono (400g)\"}]},{\"@type\":\"WebSite\",\"@id\":\"https:\/\/lavega.gr\/#website\",\"url\":\"https:\/\/lavega.gr\/\",\"name\":\"La Vega\",\"description\":\"Productos Latinos\",\"potentialAction\":[{\"@type\":\"SearchAction\",\"target\":{\"@type\":\"EntryPoint\",\"urlTemplate\":\"https:\/\/lavega.gr\/?s={search_term_string}\"},\"query-input\":\"required name=search_term_string\"}],\"inLanguage\":\"es\"}]}<\/script>\n<!-- \/ Yoast SEO plugin. -->","yoast_head_json":{"title":"Pandebono (400g) | La Vega","description":"\u00a1El pandebono es una mezcla t\u00edpica de la regi\u00f3n del Valle del Cauca de Colombia y m\u00e1s all\u00e1! \u00a1Disfr\u00fatalos en cualquier momento del d\u00eda!","robots":{"index":"index","follow":"follow","max-snippet":"max-snippet:-1","max-image-preview":"max-image-preview:large","max-video-preview":"max-video-preview:-1"},"canonical":"https:\/\/lavega.gr\/es\/producto\/pandebono-400g\/","og_locale":"es_ES","og_type":"article","og_title":"Pandebono (400g) | La Vega","og_description":"\u00a1El pandebono es una mezcla t\u00edpica de la regi\u00f3n del Valle del Cauca de Colombia y m\u00e1s all\u00e1! \u00a1Disfr\u00fatalos en cualquier momento del d\u00eda!","og_url":"https:\/\/lavega.gr\/es\/producto\/pandebono-400g\/","og_site_name":"La Vega","article_modified_time":"2026-01-20T14:32:53+00:00","og_image":[{"width":1000,"height":1000,"url":"https:\/\/lavega.gr\/wp-content\/uploads\/2022\/12\/Pandebono-400gr_.png","type":"image\/png"}],"twitter_card":"summary_large_image","twitter_misc":{"Tiempo de lectura":"1 minuto"},"schema":{"@context":"https:\/\/schema.org","@graph":[{"@type":"WebPage","@id":"https:\/\/lavega.gr\/es\/producto\/pandebono-400g\/","url":"https:\/\/lavega.gr\/es\/producto\/pandebono-400g\/","name":"Pandebono (400g) | La Vega","isPartOf":{"@id":"https:\/\/lavega.gr\/#website"},"primaryImageOfPage":{"@id":"https:\/\/lavega.gr\/es\/producto\/pandebono-400g\/#primaryimage"},"image":{"@id":"https:\/\/lavega.gr\/es\/producto\/pandebono-400g\/#primaryimage"},"thumbnailUrl":"https:\/\/lavega.gr\/wp-content\/uploads\/2022\/12\/Pandebono-400gr_.png","datePublished":"2022-12-31T17:25:52+00:00","dateModified":"2026-01-20T14:32:53+00:00","description":"\u00a1El pandebono es una mezcla t\u00edpica de la regi\u00f3n del Valle del Cauca de Colombia y m\u00e1s all\u00e1! \u00a1Disfr\u00fatalos en cualquier momento del d\u00eda!","breadcrumb":{"@id":"https:\/\/lavega.gr\/es\/producto\/pandebono-400g\/#breadcrumb"},"inLanguage":"es","potentialAction":[{"@type":"ReadAction","target":["https:\/\/lavega.gr\/es\/producto\/pandebono-400g\/"]}]},{"@type":"ImageObject","inLanguage":"es","@id":"https:\/\/lavega.gr\/es\/producto\/pandebono-400g\/#primaryimage","url":"https:\/\/lavega.gr\/wp-content\/uploads\/2022\/12\/Pandebono-400gr_.png","contentUrl":"https:\/\/lavega.gr\/wp-content\/uploads\/2022\/12\/Pandebono-400gr_.png","width":1000,"height":1000},{"@type":"BreadcrumbList","@id":"https:\/\/lavega.gr\/es\/producto\/pandebono-400g\/#breadcrumb","itemListElement":[{"@type":"ListItem","position":1,"name":"Home","item":"https:\/\/lavega.gr\/es\/"},{"@type":"ListItem","position":2,"name":"Productos","item":"https:\/\/lavega.gr\/es\/tienda\/"},{"@type":"ListItem","position":3,"name":"Pandebono (400g)"}]},{"@type":"WebSite","@id":"https:\/\/lavega.gr\/#website","url":"https:\/\/lavega.gr\/","name":"La Vega","description":"Productos Latinos","potentialAction":[{"@type":"SearchAction","target":{"@type":"EntryPoint","urlTemplate":"https:\/\/lavega.gr\/?s={search_term_string}"},"query-input":"required name=search_term_string"}],"inLanguage":"es"}]}},"_links":{"self":[{"href":"https:\/\/lavega.gr\/es\/wp-json\/wp\/v2\/product\/4140","targetHints":{"allow":["GET"]}}],"collection":[{"href":"https:\/\/lavega.gr\/es\/wp-json\/wp\/v2\/product"}],"about":[{"href":"https:\/\/lavega.gr\/es\/wp-json\/wp\/v2\/types\/product"}],"wp:featuredmedia":[{"embeddable":true,"href":"https:\/\/lavega.gr\/es\/wp-json\/wp\/v2\/media\/3516"}],"wp:attachment":[{"href":"https:\/\/lavega.gr\/es\/wp-json\/wp\/v2\/media?parent=4140"}],"wp:term":[{"taxonomy":"product_cat","embeddable":true,"href":"https:\/\/lavega.gr\/es\/wp-json\/wp\/v2\/product_cat?post=4140"},{"taxonomy":"product_tag","embeddable":true,"href":"https:\/\/lavega.gr\/es\/wp-json\/wp\/v2\/product_tag?post=4140"}],"curies":[{"name":"wp","href":"https:\/\/api.w.org\/{rel}","templated":true}]}}