{"id":4139,"date":"2023-01-04T14:50:17","date_gmt":"2023-01-04T12:50:17","guid":{"rendered":"https:\/\/lavega.gr\/product\/chipotles-adobados-la-costena-220g\/"},"modified":"2026-04-22T16:04:12","modified_gmt":"2026-04-22T14:04:12","slug":"chipotles-adobados-220g","status":"publish","type":"product","link":"https:\/\/lavega.gr\/es\/producto\/chipotles-adobados-220g\/","title":{"rendered":"Chipotles &#8216;La Costena&#8217; (220g)"},"content":{"rendered":"<p><strong>El alma ahumada de M\u00e9xico! \ud83c\udf36\ufe0f <\/strong><\/p>\n<p><strong>Qu\u00e9 es: <\/strong>Chiles jalape\u00f1os secados y ahumados de forma tradicional. El resultado es una salsa con un sabor ahumado profundo y una intensidad moderadamente picante. <\/p>\n<p><strong>Por qu\u00e9 la necesitas:<\/strong> Aporta a cualquier alimento (desde carne hasta legumbres) una incre\u00edble dimensi\u00f3n &#8220;ahumada&#8221; que ninguna otra salsa puede igualar.<\/p>\n<p><strong>Consejo de La Vega:<\/strong> mezcla un poco de Chipotle con mayonesa para hacer tu propia Chipotle Mayo para hamburguesas o tacos. Atenci\u00f3n: \u00a1Te pedir\u00e1n la receta! <\/p>\n","protected":false},"excerpt":{"rendered":"<p>El alma ahumada de M\u00e9xico! \ud83c\udf36\ufe0f Qu\u00e9 es: Chiles jalape\u00f1os secados y ahumados de forma tradicional. El resultado es una salsa con un sabor ahumado profundo y una intensidad moderadamente picante. Por qu\u00e9 la necesitas: Aporta a cualquier alimento (desde carne hasta legumbres) una incre\u00edble dimensi\u00f3n &#8220;ahumada&#8221; que ninguna otra salsa puede igualar. Consejo de&#8230;<\/p>\n","protected":false},"featured_media":7038,"template":"","meta":[],"product_cat":[128,88],"product_tag":[],"class_list":{"0":"post-4139","1":"product","2":"type-product","3":"status-publish","4":"has-post-thumbnail","6":"product_cat-especias-condimentos","7":"product_cat-alimentos","9":"first","10":"instock","11":"taxable","12":"shipping-taxable","13":"purchasable","14":"product-type-simple"},"yoast_head":"<!-- This site is optimized with the Yoast SEO plugin v22.3 - https:\/\/yoast.com\/wordpress\/plugins\/seo\/ -->\n<title>Chipotles &#039;La Costena&#039; (220g) | La Vega<\/title>\n<meta name=\"description\" content=\"Qu\u00e9 es: Chiles jalape\u00f1os secados y ahumados de forma tradicional. El resultado es una salsa con un sabor ahumado profundo y una intensidad moderadamente picante.\" \/>\n<meta name=\"robots\" content=\"index, follow, max-snippet:-1, max-image-preview:large, max-video-preview:-1\" \/>\n<link rel=\"canonical\" href=\"https:\/\/lavega.gr\/es\/producto\/chipotles-adobados-220g\/\" \/>\n<meta property=\"og:locale\" content=\"es_ES\" \/>\n<meta property=\"og:type\" content=\"article\" \/>\n<meta property=\"og:title\" content=\"Chipotles &#039;La Costena&#039; (220g) | La Vega\" \/>\n<meta property=\"og:description\" content=\"Qu\u00e9 es: Chiles jalape\u00f1os secados y ahumados de forma tradicional. El resultado es una salsa con un sabor ahumado profundo y una intensidad moderadamente picante.\" \/>\n<meta property=\"og:url\" content=\"https:\/\/lavega.gr\/es\/producto\/chipotles-adobados-220g\/\" \/>\n<meta property=\"og:site_name\" content=\"La Vega\" \/>\n<meta property=\"article:modified_time\" content=\"2026-04-22T14:04:12+00:00\" \/>\n<meta property=\"og:image\" content=\"https:\/\/lavega.gr\/wp-content\/uploads\/2023\/01\/1000013077.png\" \/>\n\t<meta property=\"og:image:width\" content=\"1000\" \/>\n\t<meta property=\"og:image:height\" content=\"1000\" \/>\n\t<meta property=\"og:image:type\" content=\"image\/png\" \/>\n<meta name=\"twitter:card\" content=\"summary_large_image\" \/>\n<script type=\"application\/ld+json\" class=\"yoast-schema-graph\">{\"@context\":\"https:\/\/schema.org\",\"@graph\":[{\"@type\":\"WebPage\",\"@id\":\"https:\/\/lavega.gr\/es\/producto\/chipotles-adobados-220g\/\",\"url\":\"https:\/\/lavega.gr\/es\/producto\/chipotles-adobados-220g\/\",\"name\":\"Chipotles 'La Costena' (220g) | La Vega\",\"isPartOf\":{\"@id\":\"https:\/\/lavega.gr\/#website\"},\"primaryImageOfPage\":{\"@id\":\"https:\/\/lavega.gr\/es\/producto\/chipotles-adobados-220g\/#primaryimage\"},\"image\":{\"@id\":\"https:\/\/lavega.gr\/es\/producto\/chipotles-adobados-220g\/#primaryimage\"},\"thumbnailUrl\":\"https:\/\/lavega.gr\/wp-content\/uploads\/2023\/01\/1000013077.png\",\"datePublished\":\"2023-01-04T12:50:17+00:00\",\"dateModified\":\"2026-04-22T14:04:12+00:00\",\"description\":\"Qu\u00e9 es: Chiles jalape\u00f1os secados y ahumados de forma tradicional. El resultado es una salsa con un sabor ahumado profundo y una intensidad moderadamente picante.\",\"breadcrumb\":{\"@id\":\"https:\/\/lavega.gr\/es\/producto\/chipotles-adobados-220g\/#breadcrumb\"},\"inLanguage\":\"es\",\"potentialAction\":[{\"@type\":\"ReadAction\",\"target\":[\"https:\/\/lavega.gr\/es\/producto\/chipotles-adobados-220g\/\"]}]},{\"@type\":\"ImageObject\",\"inLanguage\":\"es\",\"@id\":\"https:\/\/lavega.gr\/es\/producto\/chipotles-adobados-220g\/#primaryimage\",\"url\":\"https:\/\/lavega.gr\/wp-content\/uploads\/2023\/01\/1000013077.png\",\"contentUrl\":\"https:\/\/lavega.gr\/wp-content\/uploads\/2023\/01\/1000013077.png\",\"width\":1000,\"height\":1000},{\"@type\":\"BreadcrumbList\",\"@id\":\"https:\/\/lavega.gr\/es\/producto\/chipotles-adobados-220g\/#breadcrumb\",\"itemListElement\":[{\"@type\":\"ListItem\",\"position\":1,\"name\":\"Home\",\"item\":\"https:\/\/lavega.gr\/es\/\"},{\"@type\":\"ListItem\",\"position\":2,\"name\":\"Productos\",\"item\":\"https:\/\/lavega.gr\/es\/tienda\/\"},{\"@type\":\"ListItem\",\"position\":3,\"name\":\"Chipotles &#8216;La Costena&#8217; (220g)\"}]},{\"@type\":\"WebSite\",\"@id\":\"https:\/\/lavega.gr\/#website\",\"url\":\"https:\/\/lavega.gr\/\",\"name\":\"La Vega\",\"description\":\"Productos Latinos\",\"potentialAction\":[{\"@type\":\"SearchAction\",\"target\":{\"@type\":\"EntryPoint\",\"urlTemplate\":\"https:\/\/lavega.gr\/?s={search_term_string}\"},\"query-input\":\"required name=search_term_string\"}],\"inLanguage\":\"es\"}]}<\/script>\n<!-- \/ Yoast SEO plugin. -->","yoast_head_json":{"title":"Chipotles 'La Costena' (220g) | La Vega","description":"Qu\u00e9 es: Chiles jalape\u00f1os secados y ahumados de forma tradicional. El resultado es una salsa con un sabor ahumado profundo y una intensidad moderadamente picante.","robots":{"index":"index","follow":"follow","max-snippet":"max-snippet:-1","max-image-preview":"max-image-preview:large","max-video-preview":"max-video-preview:-1"},"canonical":"https:\/\/lavega.gr\/es\/producto\/chipotles-adobados-220g\/","og_locale":"es_ES","og_type":"article","og_title":"Chipotles 'La Costena' (220g) | La Vega","og_description":"Qu\u00e9 es: Chiles jalape\u00f1os secados y ahumados de forma tradicional. El resultado es una salsa con un sabor ahumado profundo y una intensidad moderadamente picante.","og_url":"https:\/\/lavega.gr\/es\/producto\/chipotles-adobados-220g\/","og_site_name":"La Vega","article_modified_time":"2026-04-22T14:04:12+00:00","og_image":[{"width":1000,"height":1000,"url":"https:\/\/lavega.gr\/wp-content\/uploads\/2023\/01\/1000013077.png","type":"image\/png"}],"twitter_card":"summary_large_image","schema":{"@context":"https:\/\/schema.org","@graph":[{"@type":"WebPage","@id":"https:\/\/lavega.gr\/es\/producto\/chipotles-adobados-220g\/","url":"https:\/\/lavega.gr\/es\/producto\/chipotles-adobados-220g\/","name":"Chipotles 'La Costena' (220g) | La Vega","isPartOf":{"@id":"https:\/\/lavega.gr\/#website"},"primaryImageOfPage":{"@id":"https:\/\/lavega.gr\/es\/producto\/chipotles-adobados-220g\/#primaryimage"},"image":{"@id":"https:\/\/lavega.gr\/es\/producto\/chipotles-adobados-220g\/#primaryimage"},"thumbnailUrl":"https:\/\/lavega.gr\/wp-content\/uploads\/2023\/01\/1000013077.png","datePublished":"2023-01-04T12:50:17+00:00","dateModified":"2026-04-22T14:04:12+00:00","description":"Qu\u00e9 es: Chiles jalape\u00f1os secados y ahumados de forma tradicional. El resultado es una salsa con un sabor ahumado profundo y una intensidad moderadamente picante.","breadcrumb":{"@id":"https:\/\/lavega.gr\/es\/producto\/chipotles-adobados-220g\/#breadcrumb"},"inLanguage":"es","potentialAction":[{"@type":"ReadAction","target":["https:\/\/lavega.gr\/es\/producto\/chipotles-adobados-220g\/"]}]},{"@type":"ImageObject","inLanguage":"es","@id":"https:\/\/lavega.gr\/es\/producto\/chipotles-adobados-220g\/#primaryimage","url":"https:\/\/lavega.gr\/wp-content\/uploads\/2023\/01\/1000013077.png","contentUrl":"https:\/\/lavega.gr\/wp-content\/uploads\/2023\/01\/1000013077.png","width":1000,"height":1000},{"@type":"BreadcrumbList","@id":"https:\/\/lavega.gr\/es\/producto\/chipotles-adobados-220g\/#breadcrumb","itemListElement":[{"@type":"ListItem","position":1,"name":"Home","item":"https:\/\/lavega.gr\/es\/"},{"@type":"ListItem","position":2,"name":"Productos","item":"https:\/\/lavega.gr\/es\/tienda\/"},{"@type":"ListItem","position":3,"name":"Chipotles &#8216;La Costena&#8217; (220g)"}]},{"@type":"WebSite","@id":"https:\/\/lavega.gr\/#website","url":"https:\/\/lavega.gr\/","name":"La Vega","description":"Productos Latinos","potentialAction":[{"@type":"SearchAction","target":{"@type":"EntryPoint","urlTemplate":"https:\/\/lavega.gr\/?s={search_term_string}"},"query-input":"required name=search_term_string"}],"inLanguage":"es"}]}},"_links":{"self":[{"href":"https:\/\/lavega.gr\/es\/wp-json\/wp\/v2\/product\/4139","targetHints":{"allow":["GET"]}}],"collection":[{"href":"https:\/\/lavega.gr\/es\/wp-json\/wp\/v2\/product"}],"about":[{"href":"https:\/\/lavega.gr\/es\/wp-json\/wp\/v2\/types\/product"}],"wp:featuredmedia":[{"embeddable":true,"href":"https:\/\/lavega.gr\/es\/wp-json\/wp\/v2\/media\/7038"}],"wp:attachment":[{"href":"https:\/\/lavega.gr\/es\/wp-json\/wp\/v2\/media?parent=4139"}],"wp:term":[{"taxonomy":"product_cat","embeddable":true,"href":"https:\/\/lavega.gr\/es\/wp-json\/wp\/v2\/product_cat?post=4139"},{"taxonomy":"product_tag","embeddable":true,"href":"https:\/\/lavega.gr\/es\/wp-json\/wp\/v2\/product_tag?post=4139"}],"curies":[{"name":"wp","href":"https:\/\/api.w.org\/{rel}","templated":true}]}}