{"id":4138,"date":"2023-01-04T16:44:39","date_gmt":"2023-01-04T14:44:39","guid":{"rendered":"https:\/\/lavega.gr\/product\/chocolate-corona-tradicional-250g\/"},"modified":"2026-04-24T09:48:38","modified_gmt":"2026-04-24T07:48:38","slug":"chocolate-corona-tradicional-250g","status":"publish","type":"product","link":"https:\/\/lavega.gr\/es\/producto\/chocolate-corona-tradicional-250g\/","title":{"rendered":"Chocolate Corona Tradicional (250g)"},"content":{"rendered":"<p><strong>Qu\u00e9 es<\/strong>: Corona es el chocolate para beber tradicional colombiano en barras. \u00a1No se come crudo! Est\u00e1 hecho espec\u00edficamente para derretirse en agua o leche caliente, creando una bebida de cacao aut\u00e9ntica, arom\u00e1tica y espesa.  <\/p>\n<p><b data-path-to-node=\"27\" data-index-in-node=\"240\">Consejo de La Vega<\/b>: \u00a1Derr\u00edtelo en leche caliente y m\u00e9zclalo en\u00e9rgicamente con una batidora de huevos (o molinillo) hasta que se forme una espuma rica y deliciosa en la parte superior!<\/p>\n","protected":false},"excerpt":{"rendered":"<p>Qu\u00e9 es: Corona es el chocolate para beber tradicional colombiano en barras. \u00a1No se come crudo! Est\u00e1 hecho espec\u00edficamente para derretirse en agua o leche caliente, creando una bebida de cacao aut\u00e9ntica, arom\u00e1tica y espesa. Consejo de La Vega: \u00a1Derr\u00edtelo en leche caliente y m\u00e9zclalo en\u00e9rgicamente con una batidora de huevos (o molinillo) hasta que&#8230;<\/p>\n","protected":false},"featured_media":3520,"template":"","meta":[],"product_cat":[89],"product_tag":[],"class_list":{"0":"post-4138","1":"product","2":"type-product","3":"status-publish","4":"has-post-thumbnail","6":"product_cat-bebidas-tropicales-y-cafe","8":"first","9":"outofstock","10":"taxable","11":"shipping-taxable","12":"purchasable","13":"product-type-simple"},"yoast_head":"<!-- This site is optimized with the Yoast SEO plugin v22.3 - https:\/\/yoast.com\/wordpress\/plugins\/seo\/ -->\n<title>Chocolate Corona Tradicional (250g) | La Vega<\/title>\n<meta name=\"description\" content=\"Corona es el chocolate para beber tradicional colombiano en barras. \u00a1No se come crudo! Est\u00e1 hecho espec\u00edficamente para derretirse en agua o leche caliente, creando as\u00ed la bebida de cacao m\u00e1s aut\u00e9ntica, arom\u00e1tica y espesa.\" \/>\n<meta name=\"robots\" content=\"index, follow, max-snippet:-1, max-image-preview:large, max-video-preview:-1\" \/>\n<link rel=\"canonical\" href=\"https:\/\/lavega.gr\/es\/producto\/chocolate-corona-tradicional-250g\/\" \/>\n<meta property=\"og:locale\" content=\"es_ES\" \/>\n<meta property=\"og:type\" content=\"article\" \/>\n<meta property=\"og:title\" content=\"Chocolate Corona Tradicional (250g) | La Vega\" \/>\n<meta property=\"og:description\" content=\"Corona es el chocolate para beber tradicional colombiano en barras. \u00a1No se come crudo! Est\u00e1 hecho espec\u00edficamente para derretirse en agua o leche caliente, creando as\u00ed la bebida de cacao m\u00e1s aut\u00e9ntica, arom\u00e1tica y espesa.\" \/>\n<meta property=\"og:url\" content=\"https:\/\/lavega.gr\/es\/producto\/chocolate-corona-tradicional-250g\/\" \/>\n<meta property=\"og:site_name\" content=\"La Vega\" \/>\n<meta property=\"article:modified_time\" content=\"2026-04-24T07:48:38+00:00\" \/>\n<meta property=\"og:image\" content=\"https:\/\/lavega.gr\/wp-content\/uploads\/2022\/12\/Chocolate-Corona-250gr.png\" \/>\n\t<meta property=\"og:image:width\" content=\"1000\" \/>\n\t<meta property=\"og:image:height\" content=\"1000\" \/>\n\t<meta property=\"og:image:type\" content=\"image\/png\" \/>\n<meta name=\"twitter:card\" content=\"summary_large_image\" \/>\n<script type=\"application\/ld+json\" class=\"yoast-schema-graph\">{\"@context\":\"https:\/\/schema.org\",\"@graph\":[{\"@type\":\"WebPage\",\"@id\":\"https:\/\/lavega.gr\/es\/producto\/chocolate-corona-tradicional-250g\/\",\"url\":\"https:\/\/lavega.gr\/es\/producto\/chocolate-corona-tradicional-250g\/\",\"name\":\"Chocolate Corona Tradicional (250g) | La Vega\",\"isPartOf\":{\"@id\":\"https:\/\/lavega.gr\/#website\"},\"primaryImageOfPage\":{\"@id\":\"https:\/\/lavega.gr\/es\/producto\/chocolate-corona-tradicional-250g\/#primaryimage\"},\"image\":{\"@id\":\"https:\/\/lavega.gr\/es\/producto\/chocolate-corona-tradicional-250g\/#primaryimage\"},\"thumbnailUrl\":\"https:\/\/lavega.gr\/wp-content\/uploads\/2022\/12\/Chocolate-Corona-250gr.png\",\"datePublished\":\"2023-01-04T14:44:39+00:00\",\"dateModified\":\"2026-04-24T07:48:38+00:00\",\"description\":\"Corona es el chocolate para beber tradicional colombiano en barras. \u00a1No se come crudo! Est\u00e1 hecho espec\u00edficamente para derretirse en agua o leche caliente, creando as\u00ed la bebida de cacao m\u00e1s aut\u00e9ntica, arom\u00e1tica y espesa.\",\"breadcrumb\":{\"@id\":\"https:\/\/lavega.gr\/es\/producto\/chocolate-corona-tradicional-250g\/#breadcrumb\"},\"inLanguage\":\"es\",\"potentialAction\":[{\"@type\":\"ReadAction\",\"target\":[\"https:\/\/lavega.gr\/es\/producto\/chocolate-corona-tradicional-250g\/\"]}]},{\"@type\":\"ImageObject\",\"inLanguage\":\"es\",\"@id\":\"https:\/\/lavega.gr\/es\/producto\/chocolate-corona-tradicional-250g\/#primaryimage\",\"url\":\"https:\/\/lavega.gr\/wp-content\/uploads\/2022\/12\/Chocolate-Corona-250gr.png\",\"contentUrl\":\"https:\/\/lavega.gr\/wp-content\/uploads\/2022\/12\/Chocolate-Corona-250gr.png\",\"width\":1000,\"height\":1000},{\"@type\":\"BreadcrumbList\",\"@id\":\"https:\/\/lavega.gr\/es\/producto\/chocolate-corona-tradicional-250g\/#breadcrumb\",\"itemListElement\":[{\"@type\":\"ListItem\",\"position\":1,\"name\":\"Home\",\"item\":\"https:\/\/lavega.gr\/es\/\"},{\"@type\":\"ListItem\",\"position\":2,\"name\":\"Productos\",\"item\":\"https:\/\/lavega.gr\/es\/tienda\/\"},{\"@type\":\"ListItem\",\"position\":3,\"name\":\"Chocolate Corona Tradicional (250g)\"}]},{\"@type\":\"WebSite\",\"@id\":\"https:\/\/lavega.gr\/#website\",\"url\":\"https:\/\/lavega.gr\/\",\"name\":\"La Vega\",\"description\":\"Productos Latinos\",\"potentialAction\":[{\"@type\":\"SearchAction\",\"target\":{\"@type\":\"EntryPoint\",\"urlTemplate\":\"https:\/\/lavega.gr\/?s={search_term_string}\"},\"query-input\":\"required name=search_term_string\"}],\"inLanguage\":\"es\"}]}<\/script>\n<!-- \/ Yoast SEO plugin. -->","yoast_head_json":{"title":"Chocolate Corona Tradicional (250g) | La Vega","description":"Corona es el chocolate para beber tradicional colombiano en barras. \u00a1No se come crudo! Est\u00e1 hecho espec\u00edficamente para derretirse en agua o leche caliente, creando as\u00ed la bebida de cacao m\u00e1s aut\u00e9ntica, arom\u00e1tica y espesa.","robots":{"index":"index","follow":"follow","max-snippet":"max-snippet:-1","max-image-preview":"max-image-preview:large","max-video-preview":"max-video-preview:-1"},"canonical":"https:\/\/lavega.gr\/es\/producto\/chocolate-corona-tradicional-250g\/","og_locale":"es_ES","og_type":"article","og_title":"Chocolate Corona Tradicional (250g) | La Vega","og_description":"Corona es el chocolate para beber tradicional colombiano en barras. \u00a1No se come crudo! Est\u00e1 hecho espec\u00edficamente para derretirse en agua o leche caliente, creando as\u00ed la bebida de cacao m\u00e1s aut\u00e9ntica, arom\u00e1tica y espesa.","og_url":"https:\/\/lavega.gr\/es\/producto\/chocolate-corona-tradicional-250g\/","og_site_name":"La Vega","article_modified_time":"2026-04-24T07:48:38+00:00","og_image":[{"width":1000,"height":1000,"url":"https:\/\/lavega.gr\/wp-content\/uploads\/2022\/12\/Chocolate-Corona-250gr.png","type":"image\/png"}],"twitter_card":"summary_large_image","schema":{"@context":"https:\/\/schema.org","@graph":[{"@type":"WebPage","@id":"https:\/\/lavega.gr\/es\/producto\/chocolate-corona-tradicional-250g\/","url":"https:\/\/lavega.gr\/es\/producto\/chocolate-corona-tradicional-250g\/","name":"Chocolate Corona Tradicional (250g) | La Vega","isPartOf":{"@id":"https:\/\/lavega.gr\/#website"},"primaryImageOfPage":{"@id":"https:\/\/lavega.gr\/es\/producto\/chocolate-corona-tradicional-250g\/#primaryimage"},"image":{"@id":"https:\/\/lavega.gr\/es\/producto\/chocolate-corona-tradicional-250g\/#primaryimage"},"thumbnailUrl":"https:\/\/lavega.gr\/wp-content\/uploads\/2022\/12\/Chocolate-Corona-250gr.png","datePublished":"2023-01-04T14:44:39+00:00","dateModified":"2026-04-24T07:48:38+00:00","description":"Corona es el chocolate para beber tradicional colombiano en barras. \u00a1No se come crudo! Est\u00e1 hecho espec\u00edficamente para derretirse en agua o leche caliente, creando as\u00ed la bebida de cacao m\u00e1s aut\u00e9ntica, arom\u00e1tica y espesa.","breadcrumb":{"@id":"https:\/\/lavega.gr\/es\/producto\/chocolate-corona-tradicional-250g\/#breadcrumb"},"inLanguage":"es","potentialAction":[{"@type":"ReadAction","target":["https:\/\/lavega.gr\/es\/producto\/chocolate-corona-tradicional-250g\/"]}]},{"@type":"ImageObject","inLanguage":"es","@id":"https:\/\/lavega.gr\/es\/producto\/chocolate-corona-tradicional-250g\/#primaryimage","url":"https:\/\/lavega.gr\/wp-content\/uploads\/2022\/12\/Chocolate-Corona-250gr.png","contentUrl":"https:\/\/lavega.gr\/wp-content\/uploads\/2022\/12\/Chocolate-Corona-250gr.png","width":1000,"height":1000},{"@type":"BreadcrumbList","@id":"https:\/\/lavega.gr\/es\/producto\/chocolate-corona-tradicional-250g\/#breadcrumb","itemListElement":[{"@type":"ListItem","position":1,"name":"Home","item":"https:\/\/lavega.gr\/es\/"},{"@type":"ListItem","position":2,"name":"Productos","item":"https:\/\/lavega.gr\/es\/tienda\/"},{"@type":"ListItem","position":3,"name":"Chocolate Corona Tradicional (250g)"}]},{"@type":"WebSite","@id":"https:\/\/lavega.gr\/#website","url":"https:\/\/lavega.gr\/","name":"La Vega","description":"Productos Latinos","potentialAction":[{"@type":"SearchAction","target":{"@type":"EntryPoint","urlTemplate":"https:\/\/lavega.gr\/?s={search_term_string}"},"query-input":"required name=search_term_string"}],"inLanguage":"es"}]}},"_links":{"self":[{"href":"https:\/\/lavega.gr\/es\/wp-json\/wp\/v2\/product\/4138","targetHints":{"allow":["GET"]}}],"collection":[{"href":"https:\/\/lavega.gr\/es\/wp-json\/wp\/v2\/product"}],"about":[{"href":"https:\/\/lavega.gr\/es\/wp-json\/wp\/v2\/types\/product"}],"wp:featuredmedia":[{"embeddable":true,"href":"https:\/\/lavega.gr\/es\/wp-json\/wp\/v2\/media\/3520"}],"wp:attachment":[{"href":"https:\/\/lavega.gr\/es\/wp-json\/wp\/v2\/media?parent=4138"}],"wp:term":[{"taxonomy":"product_cat","embeddable":true,"href":"https:\/\/lavega.gr\/es\/wp-json\/wp\/v2\/product_cat?post=4138"},{"taxonomy":"product_tag","embeddable":true,"href":"https:\/\/lavega.gr\/es\/wp-json\/wp\/v2\/product_tag?post=4138"}],"curies":[{"name":"wp","href":"https:\/\/api.w.org\/{rel}","templated":true}]}}