{"id":4132,"date":"2022-12-20T20:26:14","date_gmt":"2022-12-20T18:26:14","guid":{"rendered":"https:\/\/lavega.gr\/product\/oblea-de-coco-cocosette-50g\/"},"modified":"2026-04-24T11:56:06","modified_gmt":"2026-04-24T09:56:06","slug":"cocosette-50g","status":"publish","type":"product","link":"https:\/\/lavega.gr\/es\/producto\/cocosette-50g\/","title":{"rendered":"Cocosette (46g)"},"content":{"rendered":"<p><strong>El &#8220;Amor&#8221; de Venezuela! \ud83e\udd65 <\/strong><\/p>\n<p><strong>Que es<\/strong>: Una legendaria y crujiente oblea rellena de la crema de coco m\u00e1s suave y arom\u00e1tica. El sabor del Caribe en un envase. <\/p>\n<p><strong>Como disfrutarlo<\/strong>: Ideal para ese momento del d\u00eda en el que necesitas desesperadamente algo dulce y tropical, sin que te d\u00e9 hambre.<\/p>\n<p><strong>Consejo de La Vega<\/strong>: No te lo comas sin m\u00e1s! Sum\u00e9rgelo en leche tibia o chocolate caliente, o desmen\u00fazalo sobre un taz\u00f3n de helado de vainilla. <\/p>\n","protected":false},"excerpt":{"rendered":"<p>El &#8220;Amor&#8221; de Venezuela! \ud83e\udd65 Que es: Una legendaria y crujiente oblea rellena de la crema de coco m\u00e1s suave y arom\u00e1tica. El sabor del Caribe en un envase. Como disfrutarlo: Ideal para ese momento del d\u00eda en el que necesitas desesperadamente algo dulce y tropical, sin que te d\u00e9 hambre. Consejo de La Vega:&#8230;<\/p>\n","protected":false},"featured_media":7107,"template":"","meta":[],"product_cat":[127],"product_tag":[],"class_list":{"0":"post-4132","1":"product","2":"type-product","3":"status-publish","4":"has-post-thumbnail","6":"product_cat-snacks-y-dulces-latinos","8":"first","9":"instock","10":"taxable","11":"shipping-taxable","12":"purchasable","13":"product-type-simple"},"yoast_head":"<!-- This site is optimized with the Yoast SEO plugin v22.3 - https:\/\/yoast.com\/wordpress\/plugins\/seo\/ -->\n<title>Cocosette (46g) | La Vega<\/title>\n<meta name=\"description\" content=\"\u039c\u03b9\u03b1 \u03b8\u03c1\u03c5\u03bb\u03b9\u03ba\u03ae, \u03c4\u03c1\u03b1\u03b3\u03b1\u03bd\u03ae \u03b3\u03ba\u03bf\u03c6\u03c1\u03ad\u03c4\u03b1 \u03b3\u03b5\u03bc\u03b9\u03c3\u03c4\u03ae \u03bc\u03b5 \u03c4\u03b7\u03bd \u03c0\u03b9\u03bf \u03b1\u03c6\u03c1\u03ac\u03c4\u03b7 \u03ba\u03b1\u03b9 \u03bc\u03c5\u03c1\u03c9\u03b4\u03ac\u03c4\u03b7 \u03ba\u03c1\u03ad\u03bc\u03b1 \u03b1\u03bb\u03b7\u03b8\u03b9\u03bd\u03ae\u03c2 \u03ba\u03b1\u03c1\u03cd\u03b4\u03b1\u03c2. \u0397 \u03b3\u03b5\u03cd\u03c3\u03b7 \u03c4\u03b7\u03c2 \u039a\u03b1\u03c1\u03b1\u03ca\u03b2\u03b9\u03ba\u03ae\u03c2 \u03c3\u03b5 \u03ad\u03bd\u03b1 \u03c0\u03b1\u03ba\u03ad\u03c4\u03bf.\" \/>\n<meta name=\"robots\" content=\"index, follow, max-snippet:-1, max-image-preview:large, max-video-preview:-1\" \/>\n<link rel=\"canonical\" href=\"https:\/\/lavega.gr\/es\/producto\/cocosette-50g\/\" \/>\n<meta property=\"og:locale\" content=\"es_ES\" \/>\n<meta property=\"og:type\" content=\"article\" \/>\n<meta property=\"og:title\" content=\"Cocosette (46g) | La Vega\" \/>\n<meta property=\"og:description\" content=\"\u039c\u03b9\u03b1 \u03b8\u03c1\u03c5\u03bb\u03b9\u03ba\u03ae, \u03c4\u03c1\u03b1\u03b3\u03b1\u03bd\u03ae \u03b3\u03ba\u03bf\u03c6\u03c1\u03ad\u03c4\u03b1 \u03b3\u03b5\u03bc\u03b9\u03c3\u03c4\u03ae \u03bc\u03b5 \u03c4\u03b7\u03bd \u03c0\u03b9\u03bf \u03b1\u03c6\u03c1\u03ac\u03c4\u03b7 \u03ba\u03b1\u03b9 \u03bc\u03c5\u03c1\u03c9\u03b4\u03ac\u03c4\u03b7 \u03ba\u03c1\u03ad\u03bc\u03b1 \u03b1\u03bb\u03b7\u03b8\u03b9\u03bd\u03ae\u03c2 \u03ba\u03b1\u03c1\u03cd\u03b4\u03b1\u03c2. \u0397 \u03b3\u03b5\u03cd\u03c3\u03b7 \u03c4\u03b7\u03c2 \u039a\u03b1\u03c1\u03b1\u03ca\u03b2\u03b9\u03ba\u03ae\u03c2 \u03c3\u03b5 \u03ad\u03bd\u03b1 \u03c0\u03b1\u03ba\u03ad\u03c4\u03bf.\" \/>\n<meta property=\"og:url\" content=\"https:\/\/lavega.gr\/es\/producto\/cocosette-50g\/\" \/>\n<meta property=\"og:site_name\" content=\"La Vega\" \/>\n<meta property=\"article:modified_time\" content=\"2026-04-24T09:56:06+00:00\" \/>\n<meta property=\"og:image\" content=\"https:\/\/lavega.gr\/wp-content\/uploads\/2022\/12\/1000013090.png\" \/>\n\t<meta property=\"og:image:width\" content=\"1000\" \/>\n\t<meta property=\"og:image:height\" content=\"1000\" \/>\n\t<meta property=\"og:image:type\" content=\"image\/png\" \/>\n<meta name=\"twitter:card\" content=\"summary_large_image\" \/>\n<script type=\"application\/ld+json\" class=\"yoast-schema-graph\">{\"@context\":\"https:\/\/schema.org\",\"@graph\":[{\"@type\":\"WebPage\",\"@id\":\"https:\/\/lavega.gr\/es\/producto\/cocosette-50g\/\",\"url\":\"https:\/\/lavega.gr\/es\/producto\/cocosette-50g\/\",\"name\":\"Cocosette (46g) | La Vega\",\"isPartOf\":{\"@id\":\"https:\/\/lavega.gr\/#website\"},\"primaryImageOfPage\":{\"@id\":\"https:\/\/lavega.gr\/es\/producto\/cocosette-50g\/#primaryimage\"},\"image\":{\"@id\":\"https:\/\/lavega.gr\/es\/producto\/cocosette-50g\/#primaryimage\"},\"thumbnailUrl\":\"https:\/\/lavega.gr\/wp-content\/uploads\/2022\/12\/1000013090.png\",\"datePublished\":\"2022-12-20T18:26:14+00:00\",\"dateModified\":\"2026-04-24T09:56:06+00:00\",\"description\":\"\u039c\u03b9\u03b1 \u03b8\u03c1\u03c5\u03bb\u03b9\u03ba\u03ae, \u03c4\u03c1\u03b1\u03b3\u03b1\u03bd\u03ae \u03b3\u03ba\u03bf\u03c6\u03c1\u03ad\u03c4\u03b1 \u03b3\u03b5\u03bc\u03b9\u03c3\u03c4\u03ae \u03bc\u03b5 \u03c4\u03b7\u03bd \u03c0\u03b9\u03bf \u03b1\u03c6\u03c1\u03ac\u03c4\u03b7 \u03ba\u03b1\u03b9 \u03bc\u03c5\u03c1\u03c9\u03b4\u03ac\u03c4\u03b7 \u03ba\u03c1\u03ad\u03bc\u03b1 \u03b1\u03bb\u03b7\u03b8\u03b9\u03bd\u03ae\u03c2 \u03ba\u03b1\u03c1\u03cd\u03b4\u03b1\u03c2. \u0397 \u03b3\u03b5\u03cd\u03c3\u03b7 \u03c4\u03b7\u03c2 \u039a\u03b1\u03c1\u03b1\u03ca\u03b2\u03b9\u03ba\u03ae\u03c2 \u03c3\u03b5 \u03ad\u03bd\u03b1 \u03c0\u03b1\u03ba\u03ad\u03c4\u03bf.\",\"breadcrumb\":{\"@id\":\"https:\/\/lavega.gr\/es\/producto\/cocosette-50g\/#breadcrumb\"},\"inLanguage\":\"es\",\"potentialAction\":[{\"@type\":\"ReadAction\",\"target\":[\"https:\/\/lavega.gr\/es\/producto\/cocosette-50g\/\"]}]},{\"@type\":\"ImageObject\",\"inLanguage\":\"es\",\"@id\":\"https:\/\/lavega.gr\/es\/producto\/cocosette-50g\/#primaryimage\",\"url\":\"https:\/\/lavega.gr\/wp-content\/uploads\/2022\/12\/1000013090.png\",\"contentUrl\":\"https:\/\/lavega.gr\/wp-content\/uploads\/2022\/12\/1000013090.png\",\"width\":1000,\"height\":1000},{\"@type\":\"BreadcrumbList\",\"@id\":\"https:\/\/lavega.gr\/es\/producto\/cocosette-50g\/#breadcrumb\",\"itemListElement\":[{\"@type\":\"ListItem\",\"position\":1,\"name\":\"Home\",\"item\":\"https:\/\/lavega.gr\/es\/\"},{\"@type\":\"ListItem\",\"position\":2,\"name\":\"Productos\",\"item\":\"https:\/\/lavega.gr\/es\/tienda\/\"},{\"@type\":\"ListItem\",\"position\":3,\"name\":\"Cocosette (46g)\"}]},{\"@type\":\"WebSite\",\"@id\":\"https:\/\/lavega.gr\/#website\",\"url\":\"https:\/\/lavega.gr\/\",\"name\":\"La Vega\",\"description\":\"Productos Latinos\",\"potentialAction\":[{\"@type\":\"SearchAction\",\"target\":{\"@type\":\"EntryPoint\",\"urlTemplate\":\"https:\/\/lavega.gr\/?s={search_term_string}\"},\"query-input\":\"required name=search_term_string\"}],\"inLanguage\":\"es\"}]}<\/script>\n<!-- \/ Yoast SEO plugin. -->","yoast_head_json":{"title":"Cocosette (46g) | La Vega","description":"\u039c\u03b9\u03b1 \u03b8\u03c1\u03c5\u03bb\u03b9\u03ba\u03ae, \u03c4\u03c1\u03b1\u03b3\u03b1\u03bd\u03ae \u03b3\u03ba\u03bf\u03c6\u03c1\u03ad\u03c4\u03b1 \u03b3\u03b5\u03bc\u03b9\u03c3\u03c4\u03ae \u03bc\u03b5 \u03c4\u03b7\u03bd \u03c0\u03b9\u03bf \u03b1\u03c6\u03c1\u03ac\u03c4\u03b7 \u03ba\u03b1\u03b9 \u03bc\u03c5\u03c1\u03c9\u03b4\u03ac\u03c4\u03b7 \u03ba\u03c1\u03ad\u03bc\u03b1 \u03b1\u03bb\u03b7\u03b8\u03b9\u03bd\u03ae\u03c2 \u03ba\u03b1\u03c1\u03cd\u03b4\u03b1\u03c2. \u0397 \u03b3\u03b5\u03cd\u03c3\u03b7 \u03c4\u03b7\u03c2 \u039a\u03b1\u03c1\u03b1\u03ca\u03b2\u03b9\u03ba\u03ae\u03c2 \u03c3\u03b5 \u03ad\u03bd\u03b1 \u03c0\u03b1\u03ba\u03ad\u03c4\u03bf.","robots":{"index":"index","follow":"follow","max-snippet":"max-snippet:-1","max-image-preview":"max-image-preview:large","max-video-preview":"max-video-preview:-1"},"canonical":"https:\/\/lavega.gr\/es\/producto\/cocosette-50g\/","og_locale":"es_ES","og_type":"article","og_title":"Cocosette (46g) | La Vega","og_description":"\u039c\u03b9\u03b1 \u03b8\u03c1\u03c5\u03bb\u03b9\u03ba\u03ae, \u03c4\u03c1\u03b1\u03b3\u03b1\u03bd\u03ae \u03b3\u03ba\u03bf\u03c6\u03c1\u03ad\u03c4\u03b1 \u03b3\u03b5\u03bc\u03b9\u03c3\u03c4\u03ae \u03bc\u03b5 \u03c4\u03b7\u03bd \u03c0\u03b9\u03bf \u03b1\u03c6\u03c1\u03ac\u03c4\u03b7 \u03ba\u03b1\u03b9 \u03bc\u03c5\u03c1\u03c9\u03b4\u03ac\u03c4\u03b7 \u03ba\u03c1\u03ad\u03bc\u03b1 \u03b1\u03bb\u03b7\u03b8\u03b9\u03bd\u03ae\u03c2 \u03ba\u03b1\u03c1\u03cd\u03b4\u03b1\u03c2. \u0397 \u03b3\u03b5\u03cd\u03c3\u03b7 \u03c4\u03b7\u03c2 \u039a\u03b1\u03c1\u03b1\u03ca\u03b2\u03b9\u03ba\u03ae\u03c2 \u03c3\u03b5 \u03ad\u03bd\u03b1 \u03c0\u03b1\u03ba\u03ad\u03c4\u03bf.","og_url":"https:\/\/lavega.gr\/es\/producto\/cocosette-50g\/","og_site_name":"La Vega","article_modified_time":"2026-04-24T09:56:06+00:00","og_image":[{"width":1000,"height":1000,"url":"https:\/\/lavega.gr\/wp-content\/uploads\/2022\/12\/1000013090.png","type":"image\/png"}],"twitter_card":"summary_large_image","schema":{"@context":"https:\/\/schema.org","@graph":[{"@type":"WebPage","@id":"https:\/\/lavega.gr\/es\/producto\/cocosette-50g\/","url":"https:\/\/lavega.gr\/es\/producto\/cocosette-50g\/","name":"Cocosette (46g) | La Vega","isPartOf":{"@id":"https:\/\/lavega.gr\/#website"},"primaryImageOfPage":{"@id":"https:\/\/lavega.gr\/es\/producto\/cocosette-50g\/#primaryimage"},"image":{"@id":"https:\/\/lavega.gr\/es\/producto\/cocosette-50g\/#primaryimage"},"thumbnailUrl":"https:\/\/lavega.gr\/wp-content\/uploads\/2022\/12\/1000013090.png","datePublished":"2022-12-20T18:26:14+00:00","dateModified":"2026-04-24T09:56:06+00:00","description":"\u039c\u03b9\u03b1 \u03b8\u03c1\u03c5\u03bb\u03b9\u03ba\u03ae, \u03c4\u03c1\u03b1\u03b3\u03b1\u03bd\u03ae \u03b3\u03ba\u03bf\u03c6\u03c1\u03ad\u03c4\u03b1 \u03b3\u03b5\u03bc\u03b9\u03c3\u03c4\u03ae \u03bc\u03b5 \u03c4\u03b7\u03bd \u03c0\u03b9\u03bf \u03b1\u03c6\u03c1\u03ac\u03c4\u03b7 \u03ba\u03b1\u03b9 \u03bc\u03c5\u03c1\u03c9\u03b4\u03ac\u03c4\u03b7 \u03ba\u03c1\u03ad\u03bc\u03b1 \u03b1\u03bb\u03b7\u03b8\u03b9\u03bd\u03ae\u03c2 \u03ba\u03b1\u03c1\u03cd\u03b4\u03b1\u03c2. \u0397 \u03b3\u03b5\u03cd\u03c3\u03b7 \u03c4\u03b7\u03c2 \u039a\u03b1\u03c1\u03b1\u03ca\u03b2\u03b9\u03ba\u03ae\u03c2 \u03c3\u03b5 \u03ad\u03bd\u03b1 \u03c0\u03b1\u03ba\u03ad\u03c4\u03bf.","breadcrumb":{"@id":"https:\/\/lavega.gr\/es\/producto\/cocosette-50g\/#breadcrumb"},"inLanguage":"es","potentialAction":[{"@type":"ReadAction","target":["https:\/\/lavega.gr\/es\/producto\/cocosette-50g\/"]}]},{"@type":"ImageObject","inLanguage":"es","@id":"https:\/\/lavega.gr\/es\/producto\/cocosette-50g\/#primaryimage","url":"https:\/\/lavega.gr\/wp-content\/uploads\/2022\/12\/1000013090.png","contentUrl":"https:\/\/lavega.gr\/wp-content\/uploads\/2022\/12\/1000013090.png","width":1000,"height":1000},{"@type":"BreadcrumbList","@id":"https:\/\/lavega.gr\/es\/producto\/cocosette-50g\/#breadcrumb","itemListElement":[{"@type":"ListItem","position":1,"name":"Home","item":"https:\/\/lavega.gr\/es\/"},{"@type":"ListItem","position":2,"name":"Productos","item":"https:\/\/lavega.gr\/es\/tienda\/"},{"@type":"ListItem","position":3,"name":"Cocosette (46g)"}]},{"@type":"WebSite","@id":"https:\/\/lavega.gr\/#website","url":"https:\/\/lavega.gr\/","name":"La Vega","description":"Productos Latinos","potentialAction":[{"@type":"SearchAction","target":{"@type":"EntryPoint","urlTemplate":"https:\/\/lavega.gr\/?s={search_term_string}"},"query-input":"required name=search_term_string"}],"inLanguage":"es"}]}},"_links":{"self":[{"href":"https:\/\/lavega.gr\/es\/wp-json\/wp\/v2\/product\/4132","targetHints":{"allow":["GET"]}}],"collection":[{"href":"https:\/\/lavega.gr\/es\/wp-json\/wp\/v2\/product"}],"about":[{"href":"https:\/\/lavega.gr\/es\/wp-json\/wp\/v2\/types\/product"}],"wp:featuredmedia":[{"embeddable":true,"href":"https:\/\/lavega.gr\/es\/wp-json\/wp\/v2\/media\/7107"}],"wp:attachment":[{"href":"https:\/\/lavega.gr\/es\/wp-json\/wp\/v2\/media?parent=4132"}],"wp:term":[{"taxonomy":"product_cat","embeddable":true,"href":"https:\/\/lavega.gr\/es\/wp-json\/wp\/v2\/product_cat?post=4132"},{"taxonomy":"product_tag","embeddable":true,"href":"https:\/\/lavega.gr\/es\/wp-json\/wp\/v2\/product_tag?post=4132"}],"curies":[{"name":"wp","href":"https:\/\/api.w.org\/{rel}","templated":true}]}}