{"id":4086,"date":"2022-12-16T16:25:48","date_gmt":"2022-12-16T14:25:48","guid":{"rendered":"https:\/\/lavega.gr\/product\/harina-pan-blanca-1kg\/"},"modified":"2026-04-01T00:53:31","modified_gmt":"2026-03-31T22:53:31","slug":"harina-pan-blanca-1kg","status":"publish","type":"product","link":"https:\/\/lavega.gr\/es\/producto\/harina-pan-blanca-1kg\/","title":{"rendered":"Harina Pan Blanca (1kg)"},"content":{"rendered":"<p>La Harina Pan Blanca es la primera y m\u00e1s grande marca de ma\u00edz en Am\u00e9rica Latina!<\/p>\n<p>Se utiliza para hacer la masa de harina de ma\u00edz, tambi\u00e9n conocida como \u201cmasa de arepa\u201d, que se utiliza para hacer platos venezolanos como arepas, hallacas, empanadas y bollos pelones. Tambi\u00e9n se utiliza en la preparaci\u00f3n de muchos platos colombianos y venezolanos<\/p>\n<p>Esta harina de ma\u00edz 100% se encuentra com\u00fanmente en variedades (ma\u00edz blanco y amarillo), no contiene aditivos y \u00a1es libre de gluten!<\/p>\n<p>&nbsp;<\/p>\n<p><em>Ingredientes: 100% harina de ma\u00edz blanco, puede contener soya<\/em><\/p>\n<p>\u2714\ufe0f Sin Gluten (Gluten Free)<\/p>\n","protected":false},"excerpt":{"rendered":"<p>La Harina Pan Blanca es la primera y m\u00e1s grande marca de ma\u00edz en Am\u00e9rica Latina! Se utiliza para hacer la masa de harina de ma\u00edz, tambi\u00e9n conocida como \u201cmasa de arepa\u201d, que se utiliza para hacer platos venezolanos como arepas, hallacas, empanadas y bollos pelones. Tambi\u00e9n se utiliza en la preparaci\u00f3n de muchos platos&#8230;<\/p>\n","protected":false},"featured_media":4306,"template":"","meta":[],"product_cat":[93,126,88],"product_tag":[],"class_list":{"0":"post-4086","1":"product","2":"type-product","3":"status-publish","4":"has-post-thumbnail","6":"product_cat-gluten-free-es","7":"product_cat-harinas","8":"product_cat-alimentos","10":"first","11":"instock","12":"taxable","13":"shipping-taxable","14":"purchasable","15":"product-type-simple"},"yoast_head":"<!-- This site is optimized with the Yoast SEO plugin v22.3 - https:\/\/yoast.com\/wordpress\/plugins\/seo\/ -->\n<title>Harina Pan Blanca (1kg) | La Vega<\/title>\n<meta name=\"description\" content=\"La Harina Pan Blanca es la primera y m\u00e1s grande marca de ma\u00edz en Am\u00e9rica Latina! Esta harina de ma\u00edz 100% se encuentra com\u00fanmente en variedades (ma\u00edz blanco y amarillo), no contiene aditivos y \u00a1es libre de gluten!\" \/>\n<meta name=\"robots\" content=\"index, follow, max-snippet:-1, max-image-preview:large, max-video-preview:-1\" \/>\n<link rel=\"canonical\" href=\"https:\/\/lavega.gr\/es\/producto\/harina-pan-blanca-1kg\/\" \/>\n<meta property=\"og:locale\" content=\"es_ES\" \/>\n<meta property=\"og:type\" content=\"article\" \/>\n<meta property=\"og:title\" content=\"Harina Pan Blanca (1kg) | La Vega\" \/>\n<meta property=\"og:description\" content=\"La Harina Pan Blanca es la primera y m\u00e1s grande marca de ma\u00edz en Am\u00e9rica Latina! Esta harina de ma\u00edz 100% se encuentra com\u00fanmente en variedades (ma\u00edz blanco y amarillo), no contiene aditivos y \u00a1es libre de gluten!\" \/>\n<meta property=\"og:url\" content=\"https:\/\/lavega.gr\/es\/producto\/harina-pan-blanca-1kg\/\" \/>\n<meta property=\"og:site_name\" content=\"La Vega\" \/>\n<meta property=\"article:modified_time\" content=\"2026-03-31T22:53:31+00:00\" \/>\n<meta property=\"og:image\" content=\"https:\/\/lavega.gr\/wp-content\/uploads\/2022\/12\/Harina_Pan_Blanca_1kg_2.png\" \/>\n\t<meta property=\"og:image:width\" content=\"1000\" \/>\n\t<meta property=\"og:image:height\" content=\"1000\" \/>\n\t<meta property=\"og:image:type\" content=\"image\/png\" \/>\n<meta name=\"twitter:card\" content=\"summary_large_image\" \/>\n<meta name=\"twitter:label1\" content=\"Tiempo de lectura\" \/>\n\t<meta name=\"twitter:data1\" content=\"1 minuto\" \/>\n<script type=\"application\/ld+json\" class=\"yoast-schema-graph\">{\"@context\":\"https:\/\/schema.org\",\"@graph\":[{\"@type\":\"WebPage\",\"@id\":\"https:\/\/lavega.gr\/es\/producto\/harina-pan-blanca-1kg\/\",\"url\":\"https:\/\/lavega.gr\/es\/producto\/harina-pan-blanca-1kg\/\",\"name\":\"Harina Pan Blanca (1kg) | La Vega\",\"isPartOf\":{\"@id\":\"https:\/\/lavega.gr\/#website\"},\"primaryImageOfPage\":{\"@id\":\"https:\/\/lavega.gr\/es\/producto\/harina-pan-blanca-1kg\/#primaryimage\"},\"image\":{\"@id\":\"https:\/\/lavega.gr\/es\/producto\/harina-pan-blanca-1kg\/#primaryimage\"},\"thumbnailUrl\":\"https:\/\/lavega.gr\/wp-content\/uploads\/2022\/12\/Harina_Pan_Blanca_1kg_2.png\",\"datePublished\":\"2022-12-16T14:25:48+00:00\",\"dateModified\":\"2026-03-31T22:53:31+00:00\",\"description\":\"La Harina Pan Blanca es la primera y m\u00e1s grande marca de ma\u00edz en Am\u00e9rica Latina! Esta harina de ma\u00edz 100% se encuentra com\u00fanmente en variedades (ma\u00edz blanco y amarillo), no contiene aditivos y \u00a1es libre de gluten!\",\"breadcrumb\":{\"@id\":\"https:\/\/lavega.gr\/es\/producto\/harina-pan-blanca-1kg\/#breadcrumb\"},\"inLanguage\":\"es\",\"potentialAction\":[{\"@type\":\"ReadAction\",\"target\":[\"https:\/\/lavega.gr\/es\/producto\/harina-pan-blanca-1kg\/\"]}]},{\"@type\":\"ImageObject\",\"inLanguage\":\"es\",\"@id\":\"https:\/\/lavega.gr\/es\/producto\/harina-pan-blanca-1kg\/#primaryimage\",\"url\":\"https:\/\/lavega.gr\/wp-content\/uploads\/2022\/12\/Harina_Pan_Blanca_1kg_2.png\",\"contentUrl\":\"https:\/\/lavega.gr\/wp-content\/uploads\/2022\/12\/Harina_Pan_Blanca_1kg_2.png\",\"width\":1000,\"height\":1000},{\"@type\":\"BreadcrumbList\",\"@id\":\"https:\/\/lavega.gr\/es\/producto\/harina-pan-blanca-1kg\/#breadcrumb\",\"itemListElement\":[{\"@type\":\"ListItem\",\"position\":1,\"name\":\"Home\",\"item\":\"https:\/\/lavega.gr\/es\/\"},{\"@type\":\"ListItem\",\"position\":2,\"name\":\"Productos\",\"item\":\"https:\/\/lavega.gr\/es\/tienda\/\"},{\"@type\":\"ListItem\",\"position\":3,\"name\":\"Harina Pan Blanca (1kg)\"}]},{\"@type\":\"WebSite\",\"@id\":\"https:\/\/lavega.gr\/#website\",\"url\":\"https:\/\/lavega.gr\/\",\"name\":\"La Vega\",\"description\":\"Productos Latinos\",\"potentialAction\":[{\"@type\":\"SearchAction\",\"target\":{\"@type\":\"EntryPoint\",\"urlTemplate\":\"https:\/\/lavega.gr\/?s={search_term_string}\"},\"query-input\":\"required name=search_term_string\"}],\"inLanguage\":\"es\"}]}<\/script>\n<!-- \/ Yoast SEO plugin. -->","yoast_head_json":{"title":"Harina Pan Blanca (1kg) | La Vega","description":"La Harina Pan Blanca es la primera y m\u00e1s grande marca de ma\u00edz en Am\u00e9rica Latina! Esta harina de ma\u00edz 100% se encuentra com\u00fanmente en variedades (ma\u00edz blanco y amarillo), no contiene aditivos y \u00a1es libre de gluten!","robots":{"index":"index","follow":"follow","max-snippet":"max-snippet:-1","max-image-preview":"max-image-preview:large","max-video-preview":"max-video-preview:-1"},"canonical":"https:\/\/lavega.gr\/es\/producto\/harina-pan-blanca-1kg\/","og_locale":"es_ES","og_type":"article","og_title":"Harina Pan Blanca (1kg) | La Vega","og_description":"La Harina Pan Blanca es la primera y m\u00e1s grande marca de ma\u00edz en Am\u00e9rica Latina! Esta harina de ma\u00edz 100% se encuentra com\u00fanmente en variedades (ma\u00edz blanco y amarillo), no contiene aditivos y \u00a1es libre de gluten!","og_url":"https:\/\/lavega.gr\/es\/producto\/harina-pan-blanca-1kg\/","og_site_name":"La Vega","article_modified_time":"2026-03-31T22:53:31+00:00","og_image":[{"width":1000,"height":1000,"url":"https:\/\/lavega.gr\/wp-content\/uploads\/2022\/12\/Harina_Pan_Blanca_1kg_2.png","type":"image\/png"}],"twitter_card":"summary_large_image","twitter_misc":{"Tiempo de lectura":"1 minuto"},"schema":{"@context":"https:\/\/schema.org","@graph":[{"@type":"WebPage","@id":"https:\/\/lavega.gr\/es\/producto\/harina-pan-blanca-1kg\/","url":"https:\/\/lavega.gr\/es\/producto\/harina-pan-blanca-1kg\/","name":"Harina Pan Blanca (1kg) | La Vega","isPartOf":{"@id":"https:\/\/lavega.gr\/#website"},"primaryImageOfPage":{"@id":"https:\/\/lavega.gr\/es\/producto\/harina-pan-blanca-1kg\/#primaryimage"},"image":{"@id":"https:\/\/lavega.gr\/es\/producto\/harina-pan-blanca-1kg\/#primaryimage"},"thumbnailUrl":"https:\/\/lavega.gr\/wp-content\/uploads\/2022\/12\/Harina_Pan_Blanca_1kg_2.png","datePublished":"2022-12-16T14:25:48+00:00","dateModified":"2026-03-31T22:53:31+00:00","description":"La Harina Pan Blanca es la primera y m\u00e1s grande marca de ma\u00edz en Am\u00e9rica Latina! Esta harina de ma\u00edz 100% se encuentra com\u00fanmente en variedades (ma\u00edz blanco y amarillo), no contiene aditivos y \u00a1es libre de gluten!","breadcrumb":{"@id":"https:\/\/lavega.gr\/es\/producto\/harina-pan-blanca-1kg\/#breadcrumb"},"inLanguage":"es","potentialAction":[{"@type":"ReadAction","target":["https:\/\/lavega.gr\/es\/producto\/harina-pan-blanca-1kg\/"]}]},{"@type":"ImageObject","inLanguage":"es","@id":"https:\/\/lavega.gr\/es\/producto\/harina-pan-blanca-1kg\/#primaryimage","url":"https:\/\/lavega.gr\/wp-content\/uploads\/2022\/12\/Harina_Pan_Blanca_1kg_2.png","contentUrl":"https:\/\/lavega.gr\/wp-content\/uploads\/2022\/12\/Harina_Pan_Blanca_1kg_2.png","width":1000,"height":1000},{"@type":"BreadcrumbList","@id":"https:\/\/lavega.gr\/es\/producto\/harina-pan-blanca-1kg\/#breadcrumb","itemListElement":[{"@type":"ListItem","position":1,"name":"Home","item":"https:\/\/lavega.gr\/es\/"},{"@type":"ListItem","position":2,"name":"Productos","item":"https:\/\/lavega.gr\/es\/tienda\/"},{"@type":"ListItem","position":3,"name":"Harina Pan Blanca (1kg)"}]},{"@type":"WebSite","@id":"https:\/\/lavega.gr\/#website","url":"https:\/\/lavega.gr\/","name":"La Vega","description":"Productos Latinos","potentialAction":[{"@type":"SearchAction","target":{"@type":"EntryPoint","urlTemplate":"https:\/\/lavega.gr\/?s={search_term_string}"},"query-input":"required name=search_term_string"}],"inLanguage":"es"}]}},"_links":{"self":[{"href":"https:\/\/lavega.gr\/es\/wp-json\/wp\/v2\/product\/4086","targetHints":{"allow":["GET"]}}],"collection":[{"href":"https:\/\/lavega.gr\/es\/wp-json\/wp\/v2\/product"}],"about":[{"href":"https:\/\/lavega.gr\/es\/wp-json\/wp\/v2\/types\/product"}],"wp:featuredmedia":[{"embeddable":true,"href":"https:\/\/lavega.gr\/es\/wp-json\/wp\/v2\/media\/4306"}],"wp:attachment":[{"href":"https:\/\/lavega.gr\/es\/wp-json\/wp\/v2\/media?parent=4086"}],"wp:term":[{"taxonomy":"product_cat","embeddable":true,"href":"https:\/\/lavega.gr\/es\/wp-json\/wp\/v2\/product_cat?post=4086"},{"taxonomy":"product_tag","embeddable":true,"href":"https:\/\/lavega.gr\/es\/wp-json\/wp\/v2\/product_tag?post=4086"}],"curies":[{"name":"wp","href":"https:\/\/api.w.org\/{rel}","templated":true}]}}