{"id":4085,"date":"2022-12-16T16:34:29","date_gmt":"2022-12-16T14:34:29","guid":{"rendered":"https:\/\/lavega.gr\/product\/harina-pan-amarilla-1kg\/"},"modified":"2026-04-22T16:14:31","modified_gmt":"2026-04-22T14:14:31","slug":"harina-pan-amarilla-1kg","status":"publish","type":"product","link":"https:\/\/lavega.gr\/es\/producto\/harina-pan-amarilla-1kg\/","title":{"rendered":"Harina Pan Amarilla&#8217; (1kg)"},"content":{"rendered":"<p><strong>Textura extra crujiente, efecto dorado! \ud83e\udd5f<\/strong><\/p>\n<p>Qu\u00e9 es: El \u201chermano peque\u00f1o\u201d del PAN blanco, pero con ma\u00edz amarillo. Esto le da un precioso y c\u00e1lido color dorado y una nota de sabor ligeramente m\u00e1s &#8220;tostada&#8221; y dulce. Por supuesto, esto tambi\u00e9n es 100% libre de gluten.<\/p>\n<p><strong>Por qu\u00e9 elegirla:<\/strong> si bien es excelente para arepas, \u00a1la harina amarilla es la &#8220;<strong>reina de las empanadas&#8221;<\/strong>! Su textura ayuda a que la masa quede incre\u00edblemente crujiente al fre\u00edrla.<\/p>\n<p><strong>Consejo de La Vega<\/strong>: Si quieres hacer empanadas latinoamericanas (las famosas empanadas rellenas) que se &#8220;rompen&#8221; con cada bocado, esta es la harina que debes poner en tu canasta.<\/p>\n<p><\/p>\n<p>\u2714\ufe0f Sin Gluten (Gluten Free)<\/p>\n","protected":false},"excerpt":{"rendered":"<p>Textura extra crujiente, efecto dorado! \ud83e\udd5f Qu\u00e9 es: El \u201chermano peque\u00f1o\u201d del PAN blanco, pero con ma\u00edz amarillo. Esto le da un precioso y c\u00e1lido color dorado y una nota de sabor ligeramente m\u00e1s &#8220;tostada&#8221; y dulce. Por supuesto, esto tambi\u00e9n es 100% libre de gluten. Por qu\u00e9 elegirla: si bien es excelente para arepas,&#8230;<\/p>\n","protected":false},"featured_media":4308,"template":"","meta":[],"product_cat":[93,126,88],"product_tag":[],"class_list":{"0":"post-4085","1":"product","2":"type-product","3":"status-publish","4":"has-post-thumbnail","6":"product_cat-gluten-free-es","7":"product_cat-harinas","8":"product_cat-alimentos","10":"first","11":"instock","12":"taxable","13":"shipping-taxable","14":"purchasable","15":"product-type-simple"},"yoast_head":"<!-- This site is optimized with the Yoast SEO plugin v22.3 - https:\/\/yoast.com\/wordpress\/plugins\/seo\/ -->\n<title>Harina Pan Amarilla&#039; (1kg) | La Vega<\/title>\n<meta name=\"description\" content=\"Qu\u00e9 es: El &quot;hermano peque\u00f1o&quot; del PAN. blanco, pero con ma\u00edz amarillo. Esto le da un precioso y c\u00e1lido color dorado y una nota de sabor ligeramente m\u00e1s &quot;tostada&quot; y dulce. Por supuesto, esto tambi\u00e9n es 100% libre de gluten.\" \/>\n<meta name=\"robots\" content=\"index, follow, max-snippet:-1, max-image-preview:large, max-video-preview:-1\" \/>\n<link rel=\"canonical\" href=\"https:\/\/lavega.gr\/es\/producto\/harina-pan-amarilla-1kg\/\" \/>\n<meta property=\"og:locale\" content=\"es_ES\" \/>\n<meta property=\"og:type\" content=\"article\" \/>\n<meta property=\"og:title\" content=\"Harina Pan Amarilla&#039; (1kg) | La Vega\" \/>\n<meta property=\"og:description\" content=\"Qu\u00e9 es: El &quot;hermano peque\u00f1o&quot; del PAN. blanco, pero con ma\u00edz amarillo. Esto le da un precioso y c\u00e1lido color dorado y una nota de sabor ligeramente m\u00e1s &quot;tostada&quot; y dulce. Por supuesto, esto tambi\u00e9n es 100% libre de gluten.\" \/>\n<meta property=\"og:url\" content=\"https:\/\/lavega.gr\/es\/producto\/harina-pan-amarilla-1kg\/\" \/>\n<meta property=\"og:site_name\" content=\"La Vega\" \/>\n<meta property=\"article:modified_time\" content=\"2026-04-22T14:14:31+00:00\" \/>\n<meta property=\"og:image\" content=\"https:\/\/lavega.gr\/wp-content\/uploads\/2022\/12\/Harina_Pan_Amarilla_1kg-2.png\" \/>\n\t<meta property=\"og:image:width\" content=\"1000\" \/>\n\t<meta property=\"og:image:height\" content=\"1000\" \/>\n\t<meta property=\"og:image:type\" content=\"image\/png\" \/>\n<meta name=\"twitter:card\" content=\"summary_large_image\" \/>\n<meta name=\"twitter:label1\" content=\"Tiempo de lectura\" \/>\n\t<meta name=\"twitter:data1\" content=\"1 minuto\" \/>\n<script type=\"application\/ld+json\" class=\"yoast-schema-graph\">{\"@context\":\"https:\/\/schema.org\",\"@graph\":[{\"@type\":\"WebPage\",\"@id\":\"https:\/\/lavega.gr\/es\/producto\/harina-pan-amarilla-1kg\/\",\"url\":\"https:\/\/lavega.gr\/es\/producto\/harina-pan-amarilla-1kg\/\",\"name\":\"Harina Pan Amarilla' (1kg) | La Vega\",\"isPartOf\":{\"@id\":\"https:\/\/lavega.gr\/#website\"},\"primaryImageOfPage\":{\"@id\":\"https:\/\/lavega.gr\/es\/producto\/harina-pan-amarilla-1kg\/#primaryimage\"},\"image\":{\"@id\":\"https:\/\/lavega.gr\/es\/producto\/harina-pan-amarilla-1kg\/#primaryimage\"},\"thumbnailUrl\":\"https:\/\/lavega.gr\/wp-content\/uploads\/2022\/12\/Harina_Pan_Amarilla_1kg-2.png\",\"datePublished\":\"2022-12-16T14:34:29+00:00\",\"dateModified\":\"2026-04-22T14:14:31+00:00\",\"description\":\"Qu\u00e9 es: El \\\"hermano peque\u00f1o\\\" del PAN. blanco, pero con ma\u00edz amarillo. Esto le da un precioso y c\u00e1lido color dorado y una nota de sabor ligeramente m\u00e1s \\\"tostada\\\" y dulce. Por supuesto, esto tambi\u00e9n es 100% libre de gluten.\",\"breadcrumb\":{\"@id\":\"https:\/\/lavega.gr\/es\/producto\/harina-pan-amarilla-1kg\/#breadcrumb\"},\"inLanguage\":\"es\",\"potentialAction\":[{\"@type\":\"ReadAction\",\"target\":[\"https:\/\/lavega.gr\/es\/producto\/harina-pan-amarilla-1kg\/\"]}]},{\"@type\":\"ImageObject\",\"inLanguage\":\"es\",\"@id\":\"https:\/\/lavega.gr\/es\/producto\/harina-pan-amarilla-1kg\/#primaryimage\",\"url\":\"https:\/\/lavega.gr\/wp-content\/uploads\/2022\/12\/Harina_Pan_Amarilla_1kg-2.png\",\"contentUrl\":\"https:\/\/lavega.gr\/wp-content\/uploads\/2022\/12\/Harina_Pan_Amarilla_1kg-2.png\",\"width\":1000,\"height\":1000},{\"@type\":\"BreadcrumbList\",\"@id\":\"https:\/\/lavega.gr\/es\/producto\/harina-pan-amarilla-1kg\/#breadcrumb\",\"itemListElement\":[{\"@type\":\"ListItem\",\"position\":1,\"name\":\"Home\",\"item\":\"https:\/\/lavega.gr\/es\/\"},{\"@type\":\"ListItem\",\"position\":2,\"name\":\"Productos\",\"item\":\"https:\/\/lavega.gr\/es\/tienda\/\"},{\"@type\":\"ListItem\",\"position\":3,\"name\":\"Harina Pan Amarilla&#8217; (1kg)\"}]},{\"@type\":\"WebSite\",\"@id\":\"https:\/\/lavega.gr\/#website\",\"url\":\"https:\/\/lavega.gr\/\",\"name\":\"La Vega\",\"description\":\"Productos Latinos\",\"potentialAction\":[{\"@type\":\"SearchAction\",\"target\":{\"@type\":\"EntryPoint\",\"urlTemplate\":\"https:\/\/lavega.gr\/?s={search_term_string}\"},\"query-input\":\"required name=search_term_string\"}],\"inLanguage\":\"es\"}]}<\/script>\n<!-- \/ Yoast SEO plugin. -->","yoast_head_json":{"title":"Harina Pan Amarilla' (1kg) | La Vega","description":"Qu\u00e9 es: El \"hermano peque\u00f1o\" del PAN. blanco, pero con ma\u00edz amarillo. Esto le da un precioso y c\u00e1lido color dorado y una nota de sabor ligeramente m\u00e1s \"tostada\" y dulce. Por supuesto, esto tambi\u00e9n es 100% libre de gluten.","robots":{"index":"index","follow":"follow","max-snippet":"max-snippet:-1","max-image-preview":"max-image-preview:large","max-video-preview":"max-video-preview:-1"},"canonical":"https:\/\/lavega.gr\/es\/producto\/harina-pan-amarilla-1kg\/","og_locale":"es_ES","og_type":"article","og_title":"Harina Pan Amarilla' (1kg) | La Vega","og_description":"Qu\u00e9 es: El \"hermano peque\u00f1o\" del PAN. blanco, pero con ma\u00edz amarillo. Esto le da un precioso y c\u00e1lido color dorado y una nota de sabor ligeramente m\u00e1s \"tostada\" y dulce. Por supuesto, esto tambi\u00e9n es 100% libre de gluten.","og_url":"https:\/\/lavega.gr\/es\/producto\/harina-pan-amarilla-1kg\/","og_site_name":"La Vega","article_modified_time":"2026-04-22T14:14:31+00:00","og_image":[{"width":1000,"height":1000,"url":"https:\/\/lavega.gr\/wp-content\/uploads\/2022\/12\/Harina_Pan_Amarilla_1kg-2.png","type":"image\/png"}],"twitter_card":"summary_large_image","twitter_misc":{"Tiempo de lectura":"1 minuto"},"schema":{"@context":"https:\/\/schema.org","@graph":[{"@type":"WebPage","@id":"https:\/\/lavega.gr\/es\/producto\/harina-pan-amarilla-1kg\/","url":"https:\/\/lavega.gr\/es\/producto\/harina-pan-amarilla-1kg\/","name":"Harina Pan Amarilla' (1kg) | La Vega","isPartOf":{"@id":"https:\/\/lavega.gr\/#website"},"primaryImageOfPage":{"@id":"https:\/\/lavega.gr\/es\/producto\/harina-pan-amarilla-1kg\/#primaryimage"},"image":{"@id":"https:\/\/lavega.gr\/es\/producto\/harina-pan-amarilla-1kg\/#primaryimage"},"thumbnailUrl":"https:\/\/lavega.gr\/wp-content\/uploads\/2022\/12\/Harina_Pan_Amarilla_1kg-2.png","datePublished":"2022-12-16T14:34:29+00:00","dateModified":"2026-04-22T14:14:31+00:00","description":"Qu\u00e9 es: El \"hermano peque\u00f1o\" del PAN. blanco, pero con ma\u00edz amarillo. Esto le da un precioso y c\u00e1lido color dorado y una nota de sabor ligeramente m\u00e1s \"tostada\" y dulce. Por supuesto, esto tambi\u00e9n es 100% libre de gluten.","breadcrumb":{"@id":"https:\/\/lavega.gr\/es\/producto\/harina-pan-amarilla-1kg\/#breadcrumb"},"inLanguage":"es","potentialAction":[{"@type":"ReadAction","target":["https:\/\/lavega.gr\/es\/producto\/harina-pan-amarilla-1kg\/"]}]},{"@type":"ImageObject","inLanguage":"es","@id":"https:\/\/lavega.gr\/es\/producto\/harina-pan-amarilla-1kg\/#primaryimage","url":"https:\/\/lavega.gr\/wp-content\/uploads\/2022\/12\/Harina_Pan_Amarilla_1kg-2.png","contentUrl":"https:\/\/lavega.gr\/wp-content\/uploads\/2022\/12\/Harina_Pan_Amarilla_1kg-2.png","width":1000,"height":1000},{"@type":"BreadcrumbList","@id":"https:\/\/lavega.gr\/es\/producto\/harina-pan-amarilla-1kg\/#breadcrumb","itemListElement":[{"@type":"ListItem","position":1,"name":"Home","item":"https:\/\/lavega.gr\/es\/"},{"@type":"ListItem","position":2,"name":"Productos","item":"https:\/\/lavega.gr\/es\/tienda\/"},{"@type":"ListItem","position":3,"name":"Harina Pan Amarilla&#8217; (1kg)"}]},{"@type":"WebSite","@id":"https:\/\/lavega.gr\/#website","url":"https:\/\/lavega.gr\/","name":"La Vega","description":"Productos Latinos","potentialAction":[{"@type":"SearchAction","target":{"@type":"EntryPoint","urlTemplate":"https:\/\/lavega.gr\/?s={search_term_string}"},"query-input":"required name=search_term_string"}],"inLanguage":"es"}]}},"_links":{"self":[{"href":"https:\/\/lavega.gr\/es\/wp-json\/wp\/v2\/product\/4085","targetHints":{"allow":["GET"]}}],"collection":[{"href":"https:\/\/lavega.gr\/es\/wp-json\/wp\/v2\/product"}],"about":[{"href":"https:\/\/lavega.gr\/es\/wp-json\/wp\/v2\/types\/product"}],"wp:featuredmedia":[{"embeddable":true,"href":"https:\/\/lavega.gr\/es\/wp-json\/wp\/v2\/media\/4308"}],"wp:attachment":[{"href":"https:\/\/lavega.gr\/es\/wp-json\/wp\/v2\/media?parent=4085"}],"wp:term":[{"taxonomy":"product_cat","embeddable":true,"href":"https:\/\/lavega.gr\/es\/wp-json\/wp\/v2\/product_cat?post=4085"},{"taxonomy":"product_tag","embeddable":true,"href":"https:\/\/lavega.gr\/es\/wp-json\/wp\/v2\/product_tag?post=4085"}],"curies":[{"name":"wp","href":"https:\/\/api.w.org\/{rel}","templated":true}]}}