{"id":4083,"date":"2022-12-20T15:46:36","date_gmt":"2022-12-20T13:46:36","guid":{"rendered":"https:\/\/lavega.gr\/product\/chocolate-embajador-260g\/"},"modified":"2025-07-25T12:28:20","modified_gmt":"2025-07-25T10:28:20","slug":"chocolate-embajador-10%cf%84%ce%bc%cf%87-260g","status":"publish","type":"product","link":"https:\/\/lavega.gr\/es\/producto\/chocolate-embajador-10%cf%84%ce%bc%cf%87-260g\/","title":{"rendered":"Chocolate Embajador (260g)"},"content":{"rendered":"<p>Chocolate embajador- \u00a1El chocolate m\u00e1s famoso de Rep\u00fablica Dominicana est\u00e1 aqu\u00ed para que lo disfrutes!<\/p>\n<p>Chocolate Embajador apareci\u00f3 alrededor de 1954 y es la marca preferida en Santo Domingo en la categor\u00eda de chocolate de mesa.<\/p>\n<p>\u00a1Ideal tambi\u00e9n para dulces!<\/p>\n<p>No es solo una bebida de chocolate, representa la tradici\u00f3n de los dominicanos. \u00a1Es una delicia que se transmite de generaci\u00f3n en generaci\u00f3n y no falta en ning\u00fan hogar!<\/p>\n<p><em><strong>Ingredientes<\/strong><\/em>: Az\u00facar, chocolate negro, grasa vegetal (manteca de cacao), lecitina de soja, sal, vainilla<\/p>\n<p>Por 100 gramos<\/p>\n<p>Calor\u00edas: 460kcal<br \/>\nGrasas: 18 g de las cuales saturadas 10 g<br \/>\nHidratos de carbono: 72g de los cuales 63g son az\u00facares<br \/>\nProte\u00ednas: 5g<br \/>\nSal: 0,1g<\/p>\n<p>Pa\u00eds de origen: Rep\u00fablica Dominicana<br \/>\nPeso neto: 260g (10 comprimidos)<\/p>\n","protected":false},"excerpt":{"rendered":"<p>Chocolate embajador- \u00a1El chocolate m\u00e1s famoso de Rep\u00fablica Dominicana est\u00e1 aqu\u00ed para que lo disfrutes! Chocolate Embajador apareci\u00f3 alrededor de 1954 y es la marca preferida en Santo Domingo en la categor\u00eda de chocolate de mesa. \u00a1Ideal tambi\u00e9n para dulces! No es solo una bebida de chocolate, representa la tradici\u00f3n de los dominicanos. \u00a1Es una&#8230;<\/p>\n","protected":false},"featured_media":5087,"template":"","meta":[],"product_cat":[94,132,89],"product_tag":[],"class_list":{"0":"post-4083","1":"product","2":"type-product","3":"status-publish","4":"has-post-thumbnail","6":"product_cat-bebidas-es-2","7":"product_cat-bebidas-algo","8":"product_cat-bebidas","10":"first","11":"outofstock","12":"taxable","13":"shipping-taxable","14":"purchasable","15":"product-type-simple"},"yoast_head":"<!-- This site is optimized with the Yoast SEO plugin v22.3 - https:\/\/yoast.com\/wordpress\/plugins\/seo\/ -->\n<title>Chocolate Embajador (260g) | La Vega<\/title>\n<meta name=\"description\" content=\"Chocolate embajador- \u00a1El chocolate m\u00e1s famoso de Rep\u00fablica Dominicana est\u00e1 aqu\u00ed para que lo disfrutes!\" \/>\n<meta name=\"robots\" content=\"index, follow, max-snippet:-1, max-image-preview:large, max-video-preview:-1\" \/>\n<link rel=\"canonical\" href=\"https:\/\/lavega.gr\/es\/producto\/chocolate-embajador-10\u03c4\u03bc\u03c7-260g\/\" \/>\n<meta property=\"og:locale\" content=\"es_ES\" \/>\n<meta property=\"og:type\" content=\"article\" \/>\n<meta property=\"og:title\" content=\"Chocolate Embajador (260g) | La Vega\" \/>\n<meta property=\"og:description\" content=\"Chocolate embajador- \u00a1El chocolate m\u00e1s famoso de Rep\u00fablica Dominicana est\u00e1 aqu\u00ed para que lo disfrutes!\" \/>\n<meta property=\"og:url\" content=\"https:\/\/lavega.gr\/es\/producto\/chocolate-embajador-10\u03c4\u03bc\u03c7-260g\/\" \/>\n<meta property=\"og:site_name\" content=\"La Vega\" \/>\n<meta property=\"article:modified_time\" content=\"2025-07-25T10:28:20+00:00\" \/>\n<meta property=\"og:image\" content=\"https:\/\/lavega.gr\/wp-content\/uploads\/2022\/12\/Chocolate-embajador2.png\" \/>\n\t<meta property=\"og:image:width\" content=\"1000\" \/>\n\t<meta property=\"og:image:height\" content=\"1000\" \/>\n\t<meta property=\"og:image:type\" content=\"image\/png\" \/>\n<meta name=\"twitter:card\" content=\"summary_large_image\" \/>\n<meta name=\"twitter:label1\" content=\"Tiempo de lectura\" \/>\n\t<meta name=\"twitter:data1\" content=\"1 minuto\" \/>\n<script type=\"application\/ld+json\" class=\"yoast-schema-graph\">{\"@context\":\"https:\/\/schema.org\",\"@graph\":[{\"@type\":\"WebPage\",\"@id\":\"https:\/\/lavega.gr\/es\/producto\/chocolate-embajador-10%cf%84%ce%bc%cf%87-260g\/\",\"url\":\"https:\/\/lavega.gr\/es\/producto\/chocolate-embajador-10%cf%84%ce%bc%cf%87-260g\/\",\"name\":\"Chocolate Embajador (260g) | La Vega\",\"isPartOf\":{\"@id\":\"https:\/\/lavega.gr\/#website\"},\"primaryImageOfPage\":{\"@id\":\"https:\/\/lavega.gr\/es\/producto\/chocolate-embajador-10%cf%84%ce%bc%cf%87-260g\/#primaryimage\"},\"image\":{\"@id\":\"https:\/\/lavega.gr\/es\/producto\/chocolate-embajador-10%cf%84%ce%bc%cf%87-260g\/#primaryimage\"},\"thumbnailUrl\":\"https:\/\/lavega.gr\/wp-content\/uploads\/2022\/12\/Chocolate-embajador2.png\",\"datePublished\":\"2022-12-20T13:46:36+00:00\",\"dateModified\":\"2025-07-25T10:28:20+00:00\",\"description\":\"Chocolate embajador- \u00a1El chocolate m\u00e1s famoso de Rep\u00fablica Dominicana est\u00e1 aqu\u00ed para que lo disfrutes!\",\"breadcrumb\":{\"@id\":\"https:\/\/lavega.gr\/es\/producto\/chocolate-embajador-10%cf%84%ce%bc%cf%87-260g\/#breadcrumb\"},\"inLanguage\":\"es\",\"potentialAction\":[{\"@type\":\"ReadAction\",\"target\":[\"https:\/\/lavega.gr\/es\/producto\/chocolate-embajador-10%cf%84%ce%bc%cf%87-260g\/\"]}]},{\"@type\":\"ImageObject\",\"inLanguage\":\"es\",\"@id\":\"https:\/\/lavega.gr\/es\/producto\/chocolate-embajador-10%cf%84%ce%bc%cf%87-260g\/#primaryimage\",\"url\":\"https:\/\/lavega.gr\/wp-content\/uploads\/2022\/12\/Chocolate-embajador2.png\",\"contentUrl\":\"https:\/\/lavega.gr\/wp-content\/uploads\/2022\/12\/Chocolate-embajador2.png\",\"width\":1000,\"height\":1000},{\"@type\":\"BreadcrumbList\",\"@id\":\"https:\/\/lavega.gr\/es\/producto\/chocolate-embajador-10%cf%84%ce%bc%cf%87-260g\/#breadcrumb\",\"itemListElement\":[{\"@type\":\"ListItem\",\"position\":1,\"name\":\"Home\",\"item\":\"https:\/\/lavega.gr\/es\/\"},{\"@type\":\"ListItem\",\"position\":2,\"name\":\"Productos\",\"item\":\"https:\/\/lavega.gr\/es\/tienda\/\"},{\"@type\":\"ListItem\",\"position\":3,\"name\":\"Chocolate Embajador (260g)\"}]},{\"@type\":\"WebSite\",\"@id\":\"https:\/\/lavega.gr\/#website\",\"url\":\"https:\/\/lavega.gr\/\",\"name\":\"La Vega\",\"description\":\"Productos Latinos\",\"potentialAction\":[{\"@type\":\"SearchAction\",\"target\":{\"@type\":\"EntryPoint\",\"urlTemplate\":\"https:\/\/lavega.gr\/?s={search_term_string}\"},\"query-input\":\"required name=search_term_string\"}],\"inLanguage\":\"es\"}]}<\/script>\n<!-- \/ Yoast SEO plugin. -->","yoast_head_json":{"title":"Chocolate Embajador (260g) | La Vega","description":"Chocolate embajador- \u00a1El chocolate m\u00e1s famoso de Rep\u00fablica Dominicana est\u00e1 aqu\u00ed para que lo disfrutes!","robots":{"index":"index","follow":"follow","max-snippet":"max-snippet:-1","max-image-preview":"max-image-preview:large","max-video-preview":"max-video-preview:-1"},"canonical":"https:\/\/lavega.gr\/es\/producto\/chocolate-embajador-10\u03c4\u03bc\u03c7-260g\/","og_locale":"es_ES","og_type":"article","og_title":"Chocolate Embajador (260g) | La Vega","og_description":"Chocolate embajador- \u00a1El chocolate m\u00e1s famoso de Rep\u00fablica Dominicana est\u00e1 aqu\u00ed para que lo disfrutes!","og_url":"https:\/\/lavega.gr\/es\/producto\/chocolate-embajador-10\u03c4\u03bc\u03c7-260g\/","og_site_name":"La Vega","article_modified_time":"2025-07-25T10:28:20+00:00","og_image":[{"width":1000,"height":1000,"url":"https:\/\/lavega.gr\/wp-content\/uploads\/2022\/12\/Chocolate-embajador2.png","type":"image\/png"}],"twitter_card":"summary_large_image","twitter_misc":{"Tiempo de lectura":"1 minuto"},"schema":{"@context":"https:\/\/schema.org","@graph":[{"@type":"WebPage","@id":"https:\/\/lavega.gr\/es\/producto\/chocolate-embajador-10%cf%84%ce%bc%cf%87-260g\/","url":"https:\/\/lavega.gr\/es\/producto\/chocolate-embajador-10%cf%84%ce%bc%cf%87-260g\/","name":"Chocolate Embajador (260g) | La Vega","isPartOf":{"@id":"https:\/\/lavega.gr\/#website"},"primaryImageOfPage":{"@id":"https:\/\/lavega.gr\/es\/producto\/chocolate-embajador-10%cf%84%ce%bc%cf%87-260g\/#primaryimage"},"image":{"@id":"https:\/\/lavega.gr\/es\/producto\/chocolate-embajador-10%cf%84%ce%bc%cf%87-260g\/#primaryimage"},"thumbnailUrl":"https:\/\/lavega.gr\/wp-content\/uploads\/2022\/12\/Chocolate-embajador2.png","datePublished":"2022-12-20T13:46:36+00:00","dateModified":"2025-07-25T10:28:20+00:00","description":"Chocolate embajador- \u00a1El chocolate m\u00e1s famoso de Rep\u00fablica Dominicana est\u00e1 aqu\u00ed para que lo disfrutes!","breadcrumb":{"@id":"https:\/\/lavega.gr\/es\/producto\/chocolate-embajador-10%cf%84%ce%bc%cf%87-260g\/#breadcrumb"},"inLanguage":"es","potentialAction":[{"@type":"ReadAction","target":["https:\/\/lavega.gr\/es\/producto\/chocolate-embajador-10%cf%84%ce%bc%cf%87-260g\/"]}]},{"@type":"ImageObject","inLanguage":"es","@id":"https:\/\/lavega.gr\/es\/producto\/chocolate-embajador-10%cf%84%ce%bc%cf%87-260g\/#primaryimage","url":"https:\/\/lavega.gr\/wp-content\/uploads\/2022\/12\/Chocolate-embajador2.png","contentUrl":"https:\/\/lavega.gr\/wp-content\/uploads\/2022\/12\/Chocolate-embajador2.png","width":1000,"height":1000},{"@type":"BreadcrumbList","@id":"https:\/\/lavega.gr\/es\/producto\/chocolate-embajador-10%cf%84%ce%bc%cf%87-260g\/#breadcrumb","itemListElement":[{"@type":"ListItem","position":1,"name":"Home","item":"https:\/\/lavega.gr\/es\/"},{"@type":"ListItem","position":2,"name":"Productos","item":"https:\/\/lavega.gr\/es\/tienda\/"},{"@type":"ListItem","position":3,"name":"Chocolate Embajador (260g)"}]},{"@type":"WebSite","@id":"https:\/\/lavega.gr\/#website","url":"https:\/\/lavega.gr\/","name":"La Vega","description":"Productos Latinos","potentialAction":[{"@type":"SearchAction","target":{"@type":"EntryPoint","urlTemplate":"https:\/\/lavega.gr\/?s={search_term_string}"},"query-input":"required name=search_term_string"}],"inLanguage":"es"}]}},"_links":{"self":[{"href":"https:\/\/lavega.gr\/es\/wp-json\/wp\/v2\/product\/4083","targetHints":{"allow":["GET"]}}],"collection":[{"href":"https:\/\/lavega.gr\/es\/wp-json\/wp\/v2\/product"}],"about":[{"href":"https:\/\/lavega.gr\/es\/wp-json\/wp\/v2\/types\/product"}],"wp:featuredmedia":[{"embeddable":true,"href":"https:\/\/lavega.gr\/es\/wp-json\/wp\/v2\/media\/5087"}],"wp:attachment":[{"href":"https:\/\/lavega.gr\/es\/wp-json\/wp\/v2\/media?parent=4083"}],"wp:term":[{"taxonomy":"product_cat","embeddable":true,"href":"https:\/\/lavega.gr\/es\/wp-json\/wp\/v2\/product_cat?post=4083"},{"taxonomy":"product_tag","embeddable":true,"href":"https:\/\/lavega.gr\/es\/wp-json\/wp\/v2\/product_tag?post=4083"}],"curies":[{"name":"wp","href":"https:\/\/api.w.org\/{rel}","templated":true}]}}