{"id":4079,"date":"2022-12-20T17:09:27","date_gmt":"2022-12-20T15:09:27","guid":{"rendered":"https:\/\/lavega.gr\/product\/jugo-de-tamarindo-350ml\/"},"modified":"2026-04-24T10:27:27","modified_gmt":"2026-04-24T08:27:27","slug":"jugo-de-tamarindo-350ml","status":"publish","type":"product","link":"https:\/\/lavega.gr\/es\/producto\/jugo-de-tamarindo-350ml\/","title":{"rendered":"Jugo de Tamarindo (350ml) &#8216;Foco&#8217;"},"content":{"rendered":"<p><strong>La aut\u00e9ntica frescura ex\u00f3tica! \ud83d\udfe4 <\/strong><\/p>\n<p><strong>Que es<\/strong>: Jugo tradicional de la fruta del tamarindo. Una experiencia de sabor refrescante con un car\u00e1cter agridulce intenso y un caracter\u00edstico color oscuro. <\/p>\n<p><strong>Como usarlo<\/strong>: Es el acompa\u00f1amiento perfecto para comidas copiosas, grasosas o picantes (como carnes a la parrilla o tacos), ya que su acidez natural &#8220;limpia&#8221; el paladar despu\u00e9s de cada bocado.<\/p>\n<p><strong>Consejo de La Vega<\/strong>: S\u00edrvelo en un vaso alto con mucho hielo. \u00a1Es la versi\u00f3n tropical de la limonada cl\u00e1sica! <\/p>\n","protected":false},"excerpt":{"rendered":"<p>La aut\u00e9ntica frescura ex\u00f3tica! \ud83d\udfe4 Que es: Jugo tradicional de la fruta del tamarindo. Una experiencia de sabor refrescante con un car\u00e1cter agridulce intenso y un caracter\u00edstico color oscuro. Como usarlo: Es el acompa\u00f1amiento perfecto para comidas copiosas, grasosas o picantes (como carnes a la parrilla o tacos), ya que su acidez natural &#8220;limpia&#8221; el&#8230;<\/p>\n","protected":false},"featured_media":4316,"template":"","meta":[],"product_cat":[89],"product_tag":[],"class_list":{"0":"post-4079","1":"product","2":"type-product","3":"status-publish","4":"has-post-thumbnail","6":"product_cat-bebidas-tropicales-y-cafe","8":"first","9":"instock","10":"taxable","11":"shipping-taxable","12":"purchasable","13":"product-type-simple"},"yoast_head":"<!-- This site is optimized with the Yoast SEO plugin v22.3 - https:\/\/yoast.com\/wordpress\/plugins\/seo\/ -->\n<title>Jugo de Tamarindo (350ml) &#039;Foco&#039; | La Vega<\/title>\n<meta name=\"description\" content=\"Jugo tradicional de tamarindo. Una experiencia de sabor refrescante con un car\u00e1cter intenso, agridulce y un caracter\u00edstico color oscuro.\" \/>\n<meta name=\"robots\" content=\"index, follow, max-snippet:-1, max-image-preview:large, max-video-preview:-1\" \/>\n<link rel=\"canonical\" href=\"https:\/\/lavega.gr\/es\/producto\/jugo-de-tamarindo-350ml\/\" \/>\n<meta property=\"og:locale\" content=\"es_ES\" \/>\n<meta property=\"og:type\" content=\"article\" \/>\n<meta property=\"og:title\" content=\"Jugo de Tamarindo (350ml) &#039;Foco&#039; | La Vega\" \/>\n<meta property=\"og:description\" content=\"Jugo tradicional de tamarindo. Una experiencia de sabor refrescante con un car\u00e1cter intenso, agridulce y un caracter\u00edstico color oscuro.\" \/>\n<meta property=\"og:url\" content=\"https:\/\/lavega.gr\/es\/producto\/jugo-de-tamarindo-350ml\/\" \/>\n<meta property=\"og:site_name\" content=\"La Vega\" \/>\n<meta property=\"article:modified_time\" content=\"2026-04-24T08:27:27+00:00\" \/>\n<meta property=\"og:image\" content=\"https:\/\/lavega.gr\/wp-content\/uploads\/2022\/12\/Jugo-de-tamarindo-350ml.png\" \/>\n\t<meta property=\"og:image:width\" content=\"1000\" \/>\n\t<meta property=\"og:image:height\" content=\"1000\" \/>\n\t<meta property=\"og:image:type\" content=\"image\/png\" \/>\n<meta name=\"twitter:card\" content=\"summary_large_image\" \/>\n<meta name=\"twitter:label1\" content=\"Tiempo de lectura\" \/>\n\t<meta name=\"twitter:data1\" content=\"1 minuto\" \/>\n<script type=\"application\/ld+json\" class=\"yoast-schema-graph\">{\"@context\":\"https:\/\/schema.org\",\"@graph\":[{\"@type\":\"WebPage\",\"@id\":\"https:\/\/lavega.gr\/es\/producto\/jugo-de-tamarindo-350ml\/\",\"url\":\"https:\/\/lavega.gr\/es\/producto\/jugo-de-tamarindo-350ml\/\",\"name\":\"Jugo de Tamarindo (350ml) 'Foco' | La Vega\",\"isPartOf\":{\"@id\":\"https:\/\/lavega.gr\/#website\"},\"primaryImageOfPage\":{\"@id\":\"https:\/\/lavega.gr\/es\/producto\/jugo-de-tamarindo-350ml\/#primaryimage\"},\"image\":{\"@id\":\"https:\/\/lavega.gr\/es\/producto\/jugo-de-tamarindo-350ml\/#primaryimage\"},\"thumbnailUrl\":\"https:\/\/lavega.gr\/wp-content\/uploads\/2022\/12\/Jugo-de-tamarindo-350ml.png\",\"datePublished\":\"2022-12-20T15:09:27+00:00\",\"dateModified\":\"2026-04-24T08:27:27+00:00\",\"description\":\"Jugo tradicional de tamarindo. Una experiencia de sabor refrescante con un car\u00e1cter intenso, agridulce y un caracter\u00edstico color oscuro.\",\"breadcrumb\":{\"@id\":\"https:\/\/lavega.gr\/es\/producto\/jugo-de-tamarindo-350ml\/#breadcrumb\"},\"inLanguage\":\"es\",\"potentialAction\":[{\"@type\":\"ReadAction\",\"target\":[\"https:\/\/lavega.gr\/es\/producto\/jugo-de-tamarindo-350ml\/\"]}]},{\"@type\":\"ImageObject\",\"inLanguage\":\"es\",\"@id\":\"https:\/\/lavega.gr\/es\/producto\/jugo-de-tamarindo-350ml\/#primaryimage\",\"url\":\"https:\/\/lavega.gr\/wp-content\/uploads\/2022\/12\/Jugo-de-tamarindo-350ml.png\",\"contentUrl\":\"https:\/\/lavega.gr\/wp-content\/uploads\/2022\/12\/Jugo-de-tamarindo-350ml.png\",\"width\":1000,\"height\":1000},{\"@type\":\"BreadcrumbList\",\"@id\":\"https:\/\/lavega.gr\/es\/producto\/jugo-de-tamarindo-350ml\/#breadcrumb\",\"itemListElement\":[{\"@type\":\"ListItem\",\"position\":1,\"name\":\"Home\",\"item\":\"https:\/\/lavega.gr\/es\/\"},{\"@type\":\"ListItem\",\"position\":2,\"name\":\"Productos\",\"item\":\"https:\/\/lavega.gr\/es\/tienda\/\"},{\"@type\":\"ListItem\",\"position\":3,\"name\":\"Jugo de Tamarindo (350ml) &#8216;Foco&#8217;\"}]},{\"@type\":\"WebSite\",\"@id\":\"https:\/\/lavega.gr\/#website\",\"url\":\"https:\/\/lavega.gr\/\",\"name\":\"La Vega\",\"description\":\"Productos Latinos\",\"potentialAction\":[{\"@type\":\"SearchAction\",\"target\":{\"@type\":\"EntryPoint\",\"urlTemplate\":\"https:\/\/lavega.gr\/?s={search_term_string}\"},\"query-input\":\"required name=search_term_string\"}],\"inLanguage\":\"es\"}]}<\/script>\n<!-- \/ Yoast SEO plugin. -->","yoast_head_json":{"title":"Jugo de Tamarindo (350ml) 'Foco' | La Vega","description":"Jugo tradicional de tamarindo. Una experiencia de sabor refrescante con un car\u00e1cter intenso, agridulce y un caracter\u00edstico color oscuro.","robots":{"index":"index","follow":"follow","max-snippet":"max-snippet:-1","max-image-preview":"max-image-preview:large","max-video-preview":"max-video-preview:-1"},"canonical":"https:\/\/lavega.gr\/es\/producto\/jugo-de-tamarindo-350ml\/","og_locale":"es_ES","og_type":"article","og_title":"Jugo de Tamarindo (350ml) 'Foco' | La Vega","og_description":"Jugo tradicional de tamarindo. Una experiencia de sabor refrescante con un car\u00e1cter intenso, agridulce y un caracter\u00edstico color oscuro.","og_url":"https:\/\/lavega.gr\/es\/producto\/jugo-de-tamarindo-350ml\/","og_site_name":"La Vega","article_modified_time":"2026-04-24T08:27:27+00:00","og_image":[{"width":1000,"height":1000,"url":"https:\/\/lavega.gr\/wp-content\/uploads\/2022\/12\/Jugo-de-tamarindo-350ml.png","type":"image\/png"}],"twitter_card":"summary_large_image","twitter_misc":{"Tiempo de lectura":"1 minuto"},"schema":{"@context":"https:\/\/schema.org","@graph":[{"@type":"WebPage","@id":"https:\/\/lavega.gr\/es\/producto\/jugo-de-tamarindo-350ml\/","url":"https:\/\/lavega.gr\/es\/producto\/jugo-de-tamarindo-350ml\/","name":"Jugo de Tamarindo (350ml) 'Foco' | La Vega","isPartOf":{"@id":"https:\/\/lavega.gr\/#website"},"primaryImageOfPage":{"@id":"https:\/\/lavega.gr\/es\/producto\/jugo-de-tamarindo-350ml\/#primaryimage"},"image":{"@id":"https:\/\/lavega.gr\/es\/producto\/jugo-de-tamarindo-350ml\/#primaryimage"},"thumbnailUrl":"https:\/\/lavega.gr\/wp-content\/uploads\/2022\/12\/Jugo-de-tamarindo-350ml.png","datePublished":"2022-12-20T15:09:27+00:00","dateModified":"2026-04-24T08:27:27+00:00","description":"Jugo tradicional de tamarindo. Una experiencia de sabor refrescante con un car\u00e1cter intenso, agridulce y un caracter\u00edstico color oscuro.","breadcrumb":{"@id":"https:\/\/lavega.gr\/es\/producto\/jugo-de-tamarindo-350ml\/#breadcrumb"},"inLanguage":"es","potentialAction":[{"@type":"ReadAction","target":["https:\/\/lavega.gr\/es\/producto\/jugo-de-tamarindo-350ml\/"]}]},{"@type":"ImageObject","inLanguage":"es","@id":"https:\/\/lavega.gr\/es\/producto\/jugo-de-tamarindo-350ml\/#primaryimage","url":"https:\/\/lavega.gr\/wp-content\/uploads\/2022\/12\/Jugo-de-tamarindo-350ml.png","contentUrl":"https:\/\/lavega.gr\/wp-content\/uploads\/2022\/12\/Jugo-de-tamarindo-350ml.png","width":1000,"height":1000},{"@type":"BreadcrumbList","@id":"https:\/\/lavega.gr\/es\/producto\/jugo-de-tamarindo-350ml\/#breadcrumb","itemListElement":[{"@type":"ListItem","position":1,"name":"Home","item":"https:\/\/lavega.gr\/es\/"},{"@type":"ListItem","position":2,"name":"Productos","item":"https:\/\/lavega.gr\/es\/tienda\/"},{"@type":"ListItem","position":3,"name":"Jugo de Tamarindo (350ml) &#8216;Foco&#8217;"}]},{"@type":"WebSite","@id":"https:\/\/lavega.gr\/#website","url":"https:\/\/lavega.gr\/","name":"La Vega","description":"Productos Latinos","potentialAction":[{"@type":"SearchAction","target":{"@type":"EntryPoint","urlTemplate":"https:\/\/lavega.gr\/?s={search_term_string}"},"query-input":"required name=search_term_string"}],"inLanguage":"es"}]}},"_links":{"self":[{"href":"https:\/\/lavega.gr\/es\/wp-json\/wp\/v2\/product\/4079","targetHints":{"allow":["GET"]}}],"collection":[{"href":"https:\/\/lavega.gr\/es\/wp-json\/wp\/v2\/product"}],"about":[{"href":"https:\/\/lavega.gr\/es\/wp-json\/wp\/v2\/types\/product"}],"wp:featuredmedia":[{"embeddable":true,"href":"https:\/\/lavega.gr\/es\/wp-json\/wp\/v2\/media\/4316"}],"wp:attachment":[{"href":"https:\/\/lavega.gr\/es\/wp-json\/wp\/v2\/media?parent=4079"}],"wp:term":[{"taxonomy":"product_cat","embeddable":true,"href":"https:\/\/lavega.gr\/es\/wp-json\/wp\/v2\/product_cat?post=4079"},{"taxonomy":"product_tag","embeddable":true,"href":"https:\/\/lavega.gr\/es\/wp-json\/wp\/v2\/product_tag?post=4079"}],"curies":[{"name":"wp","href":"https:\/\/api.w.org\/{rel}","templated":true}]}}